{"id":1003,"date":"2021-03-05T20:50:17","date_gmt":"2021-03-05T19:50:17","guid":{"rendered":"http:\/\/image-bible.ch\/?page_id=1003"},"modified":"2022-07-03T17:32:08","modified_gmt":"2022-07-03T15:32:08","slug":"c17-1-la-bible-des-pauvres","status":"publish","type":"page","link":"http:\/\/image-bible.ch\/?page_id=1003","title":{"rendered":"C18.1 \/ La Bible des pauvres"},"content":{"rendered":"<p style=\"text-align: center;\"><span style=\"font-family: 'comic sans ms', sans-serif; font-size: 14pt;\">C18.1<\/span><span style=\"font-family: 'comic sans ms', sans-serif; font-size: 14pt;\"> &#8211; Parabole : le riche et Lazare \/ La Bible des pauvres<\/span><\/p>\n<p>Comme d\u00e9j\u00e0 signal\u00e9 dans la Bible des pauvre il n&rsquo;y a pas de paraboles, seulement les r\u00e9cits de la vie de J\u00e9sus.<br \/>\nNous pr\u00e9sentons ici le vitrail du riche et lazare<\/p>\n<p><a href=\"http:\/\/image-bible.ch\/wp-content\/uploads\/Parabole-riche-et-Lazare-Sens.pdf\">Parabole riche et Lazare &#8211; Sens pdf<\/a><\/p>\n<p><a href=\"http:\/\/image-bible.ch\/wp-content\/uploads\/Parabole-riche-et-Lazare-Sens.docx\">Parabole riche et Lazare &#8211; Sens<\/a><\/p>\n<p>&nbsp;<\/p>\n","protected":false},"excerpt":{"rendered":"<p>C18.1 &#8211; Parabole : le riche et Lazare \/ La Bible des pauvres Comme d\u00e9j\u00e0 signal\u00e9 dans la Bible des pauvre il n&rsquo;y a pas de paraboles, seulement les r\u00e9cits de la vie de J\u00e9sus. Nous pr\u00e9sentons ici le vitrail<\/p>\n","protected":false},"author":1,"featured_media":0,"parent":113,"menu_order":1,"comment_status":"closed","ping_status":"closed","template":"","meta":{"footnotes":""},"_links":{"self":[{"href":"http:\/\/image-bible.ch\/index.php?rest_route=\/wp\/v2\/pages\/1003"}],"collection":[{"href":"http:\/\/image-bible.ch\/index.php?rest_route=\/wp\/v2\/pages"}],"about":[{"href":"http:\/\/image-bible.ch\/index.php?rest_route=\/wp\/v2\/types\/page"}],"author":[{"embeddable":true,"href":"http:\/\/image-bible.ch\/index.php?rest_route=\/wp\/v2\/users\/1"}],"replies":[{"embeddable":true,"href":"http:\/\/image-bible.ch\/index.php?rest_route=%2Fwp%2Fv2%2Fcomments&post=1003"}],"version-history":[{"count":5,"href":"http:\/\/image-bible.ch\/index.php?rest_route=\/wp\/v2\/pages\/1003\/revisions"}],"predecessor-version":[{"id":6958,"href":"http:\/\/image-bible.ch\/index.php?rest_route=\/wp\/v2\/pages\/1003\/revisions\/6958"}],"up":[{"embeddable":true,"href":"http:\/\/image-bible.ch\/index.php?rest_route=\/wp\/v2\/pages\/113"}],"wp:attachment":[{"href":"http:\/\/image-bible.ch\/index.php?rest_route=%2Fwp%2Fv2%2Fmedia&parent=1003"}],"curies":[{"name":"wp","href":"https:\/\/api.w.org\/{rel}","templated":true}]}}