{"id":1076,"date":"2021-03-06T18:11:06","date_gmt":"2021-03-06T17:11:06","guid":{"rendered":"http:\/\/image-bible.ch\/?page_id=1076"},"modified":"2024-11-06T18:29:05","modified_gmt":"2024-11-06T17:29:05","slug":"c19-3-bible-nouveau-testament","status":"publish","type":"page","link":"http:\/\/image-bible.ch\/?page_id=1076","title":{"rendered":"C19.3 \/ Bible Nouveau-Testament"},"content":{"rendered":"<p style=\"text-align: center;\"><span style=\"font-family: 'comic sans ms', sans-serif; font-size: 14pt;\">C19.2<\/span><span style=\"font-family: 'comic sans ms', sans-serif; font-size: 14pt;\"> &#8211; Le fils prodigue \/\u00a0 Bible Nouveau-Testament<\/span><\/p>\n<p><span style=\"color: #0000ff;\">Luc 15,1-32<\/span><\/p>\n<p><span style=\"color: #0000ff;\"><sup>1<\/sup><\/span> <strong>Les publicains<\/strong> et <strong>les p\u00e9cheurs<\/strong> venaient tous \u00e0 J\u00e9sus pour l\u2019\u00e9couter.<\/p>\n<p><span style=\"color: #0000ff;\"><sup>2<\/sup><\/span> Les <strong>pharisiens et les scribes<\/strong> r\u00e9criminaient contre lui : \u00ab Cet homme fait <span style=\"color: #ff0000;\">bon accueil aux p\u00e9cheurs<\/span>, et il mange avec eux ! \u00bb<\/p>\n<p><span style=\"color: #0000ff;\"><sup>3<\/sup><\/span> Alors <strong>J\u00e9sus<\/strong> leur dit cette <span style=\"color: #ff0000;\"><strong>parabole<\/strong> <\/span>:<\/p>\n<p><span style=\"color: #0000ff;\"><sup>11<\/sup><\/span> <strong>J\u00e9sus<\/strong> dit encore : \u00ab Un homme avait <strong>deux fils<\/strong>.<\/p>\n<p><span style=\"color: #0000ff;\"><sup>12<\/sup><\/span> Le plus <strong>jeune<\/strong> dit \u00e0 son p\u00e8re : \u201c<strong>P\u00e8re<\/strong>, donne-moi<span style=\"color: #ff0000;\"> <em>la part<\/em> de fortune<\/span> qui me revient.\u201d Et le p\u00e8re leur partagea ses biens (= l\u2019existence).<\/p>\n<p><span style=\"color: #0000ff;\"><sup>13<\/sup><\/span> <span style=\"color: #993300;\">Peu de jours apr\u00e8s<\/span>, le plus <strong>jeune<\/strong> rassembla tout (son avoir), et <em>partit<\/em> pour <span style=\"color: #008000;\">un pays lointain<\/span> o\u00f9 il <em><span style=\"color: #ff0000;\">dilapida sa fortune<\/span> (= l\u2019existence)<\/em> vivant sans cesse <span style=\"color: #ff0000;\"><em>en prodigue.<\/em><\/span><\/p>\n<p><span style=\"color: #0000ff;\"><sup>14<\/sup><\/span> Il avait tout d\u00e9pens\u00e9, quand une <span style=\"color: #ff0000;\">grande <em>famine<\/em><\/span> survint dans <span style=\"color: #008000;\">ce pays<\/span>, et il commen\u00e7a \u00e0 se trouver dans <span style=\"color: #ff0000;\"><strong>le besoin<\/strong><\/span>.<\/p>\n<p><span style=\"color: #0000ff;\"><sup>15<\/sup> <\/span>Il alla s\u2019engager aupr\u00e8s d\u2019un habitant de <span style=\"color: #008000;\">ce pays<\/span>, qui l\u2019envoya <span style=\"color: #008000;\">dans ses champs<\/span> <em>garder les porcs.<\/em><\/p>\n<p><span style=\"color: #0000ff;\"><sup>16<\/sup><\/span> Il aurait bien voulu se remplir le ventre avec les gousses que mangeaient les porcs, mais <em>personne ne lui donnait <span style=\"color: #ff0000;\"><strong>rien<\/strong><\/span><\/em><span style=\"color: #ff0000;\">.<\/span><\/p>\n<p><span style=\"color: #0000ff;\"><sup>17<\/sup><\/span> Alors<span style=\"color: #ff0000;\"> <strong>il rentra en lui-m\u00eame<\/strong><\/span> et se dit : \u201cCombien d\u2019ouvriers de mon p\u00e8re ont du pain en abondance, et moi, <em>ici, je <span style=\"color: #ff0000;\">meurs de <strong>faim<\/strong><\/span><\/em> !<\/p>\n<p><span style=\"color: #0000ff;\"><sup>18<\/sup><\/span> Je me l\u00e8verai, j\u2019irai vers <strong>mon p\u00e8re<\/strong>, et je lui dirai : <span style=\"color: #ff0000;\"><strong>P\u00e8re<\/strong>, <em>j\u2019ai p\u00e9ch\u00e9 contre le ciel et envers toi<\/em><\/span>.<\/p>\n<p><span style=\"color: #0000ff;\"><sup>19<\/sup><\/span> Je ne suis <em><span style=\"color: #ff0000;\">plus digne<\/span> d\u2019\u00eatre appel\u00e9 <span style=\"color: #ff0000;\"><strong>ton fils<\/strong><\/span><\/em>. Traite-moi comme <span style=\"color: #ff0000;\">l\u2019un de <em>tes ouvriers<\/em><\/span>.\u201d<\/p>\n<p><span style=\"color: #0000ff;\"><sup>20<\/sup><\/span> Il se leva et s\u2019en alla <strong>vers son p\u00e8re<\/strong>. Comme il \u00e9tait encore loin, <strong>son p\u00e8re<\/strong> l\u2019<span style=\"color: #ff0000;\"><em>aper\u00e7ut<\/em><\/span> et fut saisi de <span style=\"color: #ff0000;\"><em>compassion<\/em><\/span>; il <span style=\"color: #ff0000;\"><em>courut<\/em><\/span> se jeter \u00e0 son cou et le <span style=\"color: #ff0000;\"><strong>couvrit de baisers<\/strong><\/span>.<\/p>\n<p><span style=\"color: #0000ff;\"><sup>21<\/sup><\/span> <strong>Le fils<\/strong> lui dit : \u201c<span style=\"color: #ff0000;\"><strong>P\u00e8re<\/strong>, <strong>j\u2019ai p\u00e9ch\u00e9<\/strong> contre le ciel<\/span> et envers toi. Je ne suis plus digne d\u2019\u00eatre appel\u00e9 ton fils.\u201d<\/p>\n<p><span style=\"color: #0000ff;\"><sup>22<\/sup><\/span> Mais <strong>le p\u00e8re<\/strong> dit \u00e0 <strong>ses serviteurs<\/strong> : \u201c<em>Vite<\/em>, apportez <span style=\"color: #ff0000;\"><strong>le plus beau v\u00eatement<\/strong><\/span> pour l\u2019habiller, mettez-lui <span style=\"color: #ff0000;\"><strong>une bague <\/strong><\/span>au doigt et <span style=\"color: #ff0000;\"><strong>des sandales<\/strong> <\/span>aux pieds, <span style=\"color: #0000ff;\"><sup>23<\/sup><\/span> allez chercher <span style=\"color: #ff0000;\">le veau gras<\/span>, tuez-le,<span style=\"color: #ff0000;\"><strong> mangeons et festoyons<\/strong><\/span>, <span style=\"color: #0000ff;\"><sup>24<\/sup><\/span> car mon fils que voil\u00e0 <span style=\"color: #ff0000;\"><strong><em>\u00e9tait mort<\/em><\/strong><\/span>, et il est<span style=\"color: #ff0000;\"> <strong><em>revenu \u00e0 la vie<\/em><\/strong><\/span> ; il \u00e9tait <span style=\"color: #ff0000;\"><strong><em>perdu<\/em><\/strong><\/span>, et il est<span style=\"color: #ff0000;\"> <strong><em>retrouv\u00e9<\/em><\/strong><\/span>\u201d Et ils commenc\u00e8rent \u00e0 festoyer.<\/p>\n<p><span style=\"color: #0000ff;\"><sup>25<\/sup><\/span> Or <strong>le fils a\u00een\u00e9<\/strong> \u00e9tait <span style=\"color: #008000;\">aux champs<\/span>. <span style=\"color: #993300;\">Quand il revint<\/span> et fut pr\u00e8s de <span style=\"color: #008000;\">la maison<\/span>, il entendit <em>la musique et les danses<\/em>.<\/p>\n<p><span style=\"color: #0000ff;\"><sup>26<\/sup><\/span> Appelant un des <strong>serviteurs<\/strong>, il s\u2019informa de ce qui se passait.<\/p>\n<p><span style=\"color: #0000ff;\"><sup>27<\/sup><\/span> Celui-ci r\u00e9pondit : \u201cTon <em>fr\u00e8re est arriv\u00e9<\/em>, et ton p\u00e8re a tu\u00e9 le veau gras, parce qu\u2019il a retrouv\u00e9 <span style=\"color: #ff0000;\"><em>ton fr\u00e8re en bonne sant\u00e9<\/em><\/span>.\u201d<\/p>\n<p><span style=\"color: #0000ff;\"><sup>28<\/sup><\/span> Alors <strong>le fils a\u00een\u00e9<\/strong> se mit <span style=\"color: #ff0000;\"><strong><em>en col\u00e8re<\/em><\/strong><\/span>, et il refusait d\u2019entrer. Son <strong>p\u00e8re<\/strong> sortit le<span style=\"color: #ff0000;\"> <em>supplier<\/em><\/span>.<\/p>\n<p><span style=\"color: #0000ff;\"><sup>29<\/sup><\/span> Mais il r\u00e9pliqua \u00e0 son p\u00e8re : \u201cIl y a tant d\u2019ann\u00e9es que je suis \u00e0 ton service sans avoir<span style=\"color: #ff0000;\"> jamais <em>transgress\u00e9 tes ordres<\/em><\/span>, et jamais tu ne m\u2019as donn\u00e9 un chevreau pour festoyer avec mes amis.<\/p>\n<p><span style=\"color: #0000ff;\"><sup>30<\/sup><\/span> Mais, quand ton fils que voil\u00e0 est revenu apr\u00e8s avoir <span style=\"color: #ff0000;\"><em>d\u00e9vor\u00e9 ton bien<\/em><\/span> avec des prostitu\u00e9es, tu as fait tuer pour lui le veau gras !\u201d<\/p>\n<p><span style=\"color: #0000ff;\"><sup>31<\/sup><\/span> Le p\u00e8re r\u00e9pondit : \u201cToi, mon enfant,<span style=\"color: #ff0000;\"> <strong>tu es toujours avec moi<\/strong>, et <strong>tout ce qui est \u00e0 moi est \u00e0 toi<\/strong>.<\/span><\/p>\n<p><span style=\"color: #0000ff;\"><sup>32<\/sup><\/span> Il fallait festoyer et se r\u00e9jouir ; car ton fr\u00e8re que voil\u00e0 <span style=\"color: #ff0000;\"><strong>\u00e9tait mort<\/strong><\/span>, et il est <span style=\"color: #ff0000;\"><strong>revenu \u00e0 la vie<\/strong><\/span> ; il \u00e9tait <span style=\"color: #ff0000;\"><strong>perdu<\/strong><\/span>, et il est <span style=\"color: #ff0000;\"><strong>retrouv\u00e9<\/strong><\/span> !\u201d \u00bb<\/p>\n<p><span style=\"color: #993300;\"><strong>Vocabulaire :<\/strong><\/span><\/p>\n<p>&nbsp;<\/p>\n<p><strong><span style=\"color: #0000ff;\">Questions :<\/span><\/strong><\/p>\n<p>&nbsp;<\/p>\n<p><strong>Commentaire :<\/strong><\/p>\n<p>Un p\u00e8re, deux fils\u00a0: le noceur et le bosseur. L\u2019un et l\u2019autre ont une fausse image de leur p\u00e8re. Le noceur d\u00e9couvre qu\u2019il est attendu et reste toujours un fils, il est accueilli et rev\u00eatu de l\u2019habit du bapt\u00eame, de la bague de l\u2019alliance et des sandales de la dignit\u00e9 humaine. Il est f\u00eat\u00e9 comme un mort revenu \u00e0 la vie, car le p\u00e8re l\u2019aime pour ce qu\u2019il est son fils.<br \/>\nLe bosseur d\u00e9couvre qu\u2019il est toujours avec son p\u00e8re et que tout ce qui est au p\u00e8re est aussi \u00e0 lui, car le p\u00e8re donne tout \u00e0 chacun. Il n\u2019y a qu\u2019un seul h\u00e9ritage, la vie \u00e9ternelle.<br \/>\nAinsi se r\u00e9v\u00e8le le vrai visage de Dieu le P\u00e8re, plein de tendresse et de piti\u00e9, d\u2019amour et de compassion, qui ne juge pas, et qui accueille chacun d\u2019abord pour ce qu\u2019il est et non pour ce qu\u2019il fait. C\u2019est le visage que nous r\u00e9v\u00e8le J\u00e9sus-Christ.<\/p>\n<h3>Pr\u00e9sentation du tableau de Rembrandt<\/h3>\n<p><a href=\"http:\/\/image-bible.ch\/wp-content\/uploads\/Le-fils-prodigue-de-Rembrandt.pdf\">Le fils prodigue de Rembrandt<\/a><\/p>\n","protected":false},"excerpt":{"rendered":"<p>C19.2 &#8211; Le fils prodigue \/\u00a0 Bible Nouveau-Testament Luc 15,1-32 1 Les publicains et les p\u00e9cheurs venaient tous \u00e0 J\u00e9sus pour l\u2019\u00e9couter. 2 Les pharisiens et les scribes r\u00e9criminaient contre lui : \u00ab Cet homme fait bon accueil aux p\u00e9cheurs,<\/p>\n","protected":false},"author":1,"featured_media":0,"parent":109,"menu_order":3,"comment_status":"closed","ping_status":"closed","template":"","meta":{"footnotes":""},"_links":{"self":[{"href":"http:\/\/image-bible.ch\/index.php?rest_route=\/wp\/v2\/pages\/1076"}],"collection":[{"href":"http:\/\/image-bible.ch\/index.php?rest_route=\/wp\/v2\/pages"}],"about":[{"href":"http:\/\/image-bible.ch\/index.php?rest_route=\/wp\/v2\/types\/page"}],"author":[{"embeddable":true,"href":"http:\/\/image-bible.ch\/index.php?rest_route=\/wp\/v2\/users\/1"}],"replies":[{"embeddable":true,"href":"http:\/\/image-bible.ch\/index.php?rest_route=%2Fwp%2Fv2%2Fcomments&post=1076"}],"version-history":[{"count":7,"href":"http:\/\/image-bible.ch\/index.php?rest_route=\/wp\/v2\/pages\/1076\/revisions"}],"predecessor-version":[{"id":9035,"href":"http:\/\/image-bible.ch\/index.php?rest_route=\/wp\/v2\/pages\/1076\/revisions\/9035"}],"up":[{"embeddable":true,"href":"http:\/\/image-bible.ch\/index.php?rest_route=\/wp\/v2\/pages\/109"}],"wp:attachment":[{"href":"http:\/\/image-bible.ch\/index.php?rest_route=%2Fwp%2Fv2%2Fmedia&parent=1076"}],"curies":[{"name":"wp","href":"https:\/\/api.w.org\/{rel}","templated":true}]}}