{"id":1084,"date":"2021-03-06T18:12:51","date_gmt":"2021-03-06T17:12:51","guid":{"rendered":"http:\/\/image-bible.ch\/?page_id=1084"},"modified":"2024-11-06T18:47:09","modified_gmt":"2024-11-06T17:47:09","slug":"c19-7-fete-juive","status":"publish","type":"page","link":"http:\/\/image-bible.ch\/?page_id=1084","title":{"rendered":"C19.7 \/ F\u00eate juive"},"content":{"rendered":"<p style=\"text-align: center;\"><span style=\"font-family: 'comic sans ms', sans-serif; font-size: 14pt;\">C19.7<\/span><span style=\"font-family: 'comic sans ms', sans-serif; font-size: 14pt;\"> &#8211; Le fils prodigue \/ F\u00eate juive et chr\u00e9tienne<\/span><\/p>\n<p>Cette parabole est \u00e0 mettre en relation avec le sacrement du pardon et de la r\u00e9conciliation<\/p>\n","protected":false},"excerpt":{"rendered":"<p>C19.7 &#8211; Le fils prodigue \/ F\u00eate juive et chr\u00e9tienne Cette parabole est \u00e0 mettre en relation avec le sacrement du pardon et de la r\u00e9conciliation<\/p>\n","protected":false},"author":1,"featured_media":0,"parent":109,"menu_order":7,"comment_status":"closed","ping_status":"closed","template":"","meta":{"footnotes":""},"_links":{"self":[{"href":"http:\/\/image-bible.ch\/index.php?rest_route=\/wp\/v2\/pages\/1084"}],"collection":[{"href":"http:\/\/image-bible.ch\/index.php?rest_route=\/wp\/v2\/pages"}],"about":[{"href":"http:\/\/image-bible.ch\/index.php?rest_route=\/wp\/v2\/types\/page"}],"author":[{"embeddable":true,"href":"http:\/\/image-bible.ch\/index.php?rest_route=\/wp\/v2\/users\/1"}],"replies":[{"embeddable":true,"href":"http:\/\/image-bible.ch\/index.php?rest_route=%2Fwp%2Fv2%2Fcomments&post=1084"}],"version-history":[{"count":3,"href":"http:\/\/image-bible.ch\/index.php?rest_route=\/wp\/v2\/pages\/1084\/revisions"}],"predecessor-version":[{"id":9042,"href":"http:\/\/image-bible.ch\/index.php?rest_route=\/wp\/v2\/pages\/1084\/revisions\/9042"}],"up":[{"embeddable":true,"href":"http:\/\/image-bible.ch\/index.php?rest_route=\/wp\/v2\/pages\/109"}],"wp:attachment":[{"href":"http:\/\/image-bible.ch\/index.php?rest_route=%2Fwp%2Fv2%2Fmedia&parent=1084"}],"curies":[{"name":"wp","href":"https:\/\/api.w.org\/{rel}","templated":true}]}}