{"id":1088,"date":"2021-03-06T18:13:38","date_gmt":"2021-03-06T17:13:38","guid":{"rendered":"http:\/\/image-bible.ch\/?page_id=1088"},"modified":"2024-11-06T19:02:03","modified_gmt":"2024-11-06T18:02:03","slug":"c19-9-jeunes","status":"publish","type":"page","link":"http:\/\/image-bible.ch\/?page_id=1088","title":{"rendered":"C19.9 \/ Jeunes"},"content":{"rendered":"<p style=\"text-align: center;\"><span style=\"font-family: 'comic sans ms', sans-serif; font-size: 14pt;\">C19.9<\/span><span style=\"font-family: 'comic sans ms', sans-serif; font-size: 14pt;\"> &#8211; Le fils prodigue \/ Jeunes<\/span><\/p>\n<p>Pour les jeunes cette parabole est l&rsquo;occasion de r\u00e9fl\u00e9chir sur l&rsquo;image qu&rsquo;ils ont de leur parents : p\u00e8re &#8211; m\u00e8re et l&rsquo;image de Dieu le p\u00e8re-m\u00e8re.<\/p>\n<p>Plusieurs possibilit\u00e9 d&rsquo;animation :<\/p>\n<p>1\u00b0 P\u00e8re &#8211; M\u00e8re : \u00e0 choix<\/p>\n<ul>\n<li>choisir deux photos qui exprime comment je vois mon p\u00e8re \/ ma m\u00e8re<\/li>\n<li>choisir un animal, une plante, un arbre,&#8230; comment je vois mon p\u00e8re \/ ma m\u00e8re<\/li>\n<li>exprimer par 2 mots les qualit\u00e9s de mon p\u00e8re \/ de ma m\u00e8re<\/li>\n<\/ul>\n<p>2\u00b0 M\u00eame exercice pour Dieu le p\u00e8re<\/p>\n<p>3\u00b0 Confronter la photo, l&rsquo;animal &#8230;., la qualit\u00e9 exprim\u00e9e et la fa\u00e7on dont Dieu se r\u00e9v\u00e8le par J\u00e9sus-Christ ? Est-ce que elle correspond ?<\/p>\n<p>4\u00b0 D\u00e9couvrir la tableau de Rembrandt<\/p>\n","protected":false},"excerpt":{"rendered":"<p>C19.9 &#8211; Le fils prodigue \/ Jeunes Pour les jeunes cette parabole est l&rsquo;occasion de r\u00e9fl\u00e9chir sur l&rsquo;image qu&rsquo;ils ont de leur parents : p\u00e8re &#8211; m\u00e8re et l&rsquo;image de Dieu le p\u00e8re-m\u00e8re. Plusieurs possibilit\u00e9 d&rsquo;animation : 1\u00b0 P\u00e8re &#8211;<\/p>\n","protected":false},"author":1,"featured_media":0,"parent":109,"menu_order":9,"comment_status":"closed","ping_status":"closed","template":"","meta":{"footnotes":""},"_links":{"self":[{"href":"http:\/\/image-bible.ch\/index.php?rest_route=\/wp\/v2\/pages\/1088"}],"collection":[{"href":"http:\/\/image-bible.ch\/index.php?rest_route=\/wp\/v2\/pages"}],"about":[{"href":"http:\/\/image-bible.ch\/index.php?rest_route=\/wp\/v2\/types\/page"}],"author":[{"embeddable":true,"href":"http:\/\/image-bible.ch\/index.php?rest_route=\/wp\/v2\/users\/1"}],"replies":[{"embeddable":true,"href":"http:\/\/image-bible.ch\/index.php?rest_route=%2Fwp%2Fv2%2Fcomments&post=1088"}],"version-history":[{"count":4,"href":"http:\/\/image-bible.ch\/index.php?rest_route=\/wp\/v2\/pages\/1088\/revisions"}],"predecessor-version":[{"id":9082,"href":"http:\/\/image-bible.ch\/index.php?rest_route=\/wp\/v2\/pages\/1088\/revisions\/9082"}],"up":[{"embeddable":true,"href":"http:\/\/image-bible.ch\/index.php?rest_route=\/wp\/v2\/pages\/109"}],"wp:attachment":[{"href":"http:\/\/image-bible.ch\/index.php?rest_route=%2Fwp%2Fv2%2Fmedia&parent=1088"}],"curies":[{"name":"wp","href":"https:\/\/api.w.org\/{rel}","templated":true}]}}