{"id":1090,"date":"2021-03-06T18:14:10","date_gmt":"2021-03-06T17:14:10","guid":{"rendered":"http:\/\/image-bible.ch\/?page_id=1090"},"modified":"2024-11-06T19:09:28","modified_gmt":"2024-11-06T18:09:28","slug":"c19-10-divers-video-references","status":"publish","type":"page","link":"http:\/\/image-bible.ch\/?page_id=1090","title":{"rendered":"C19.10 \/ Divers Vid\u00e9o &#8211; R\u00e9f\u00e9rences"},"content":{"rendered":"<p style=\"text-align: center;\"><span style=\"font-family: 'comic sans ms', sans-serif; font-size: 14pt;\">C19.10<\/span><span style=\"font-family: 'comic sans ms', sans-serif; font-size: 14pt;\"> &#8211; Le fils prodigue \/ Divers Vid\u00e9o &#8211; R\u00e9f\u00e9rences<\/span><\/p>\n<p>Vid\u00e9o youtube sur le tableau de Rembrandt : <a href=\"https:\/\/www.youtube.com\/watch?v=DQwd1myRKvU\">Vid\u00e9o sur le tableau<\/a><\/p>\n<p><a href=\"https:\/\/vimeo.com\/53710821\">Commentaire davantage sur la parabole<\/a><\/p>\n","protected":false},"excerpt":{"rendered":"<p>C19.10 &#8211; Le fils prodigue \/ Divers Vid\u00e9o &#8211; R\u00e9f\u00e9rences Vid\u00e9o youtube sur le tableau de Rembrandt : Vid\u00e9o sur le tableau Commentaire davantage sur la parabole<\/p>\n","protected":false},"author":1,"featured_media":0,"parent":109,"menu_order":10,"comment_status":"closed","ping_status":"closed","template":"","meta":{"footnotes":""},"_links":{"self":[{"href":"http:\/\/image-bible.ch\/index.php?rest_route=\/wp\/v2\/pages\/1090"}],"collection":[{"href":"http:\/\/image-bible.ch\/index.php?rest_route=\/wp\/v2\/pages"}],"about":[{"href":"http:\/\/image-bible.ch\/index.php?rest_route=\/wp\/v2\/types\/page"}],"author":[{"embeddable":true,"href":"http:\/\/image-bible.ch\/index.php?rest_route=\/wp\/v2\/users\/1"}],"replies":[{"embeddable":true,"href":"http:\/\/image-bible.ch\/index.php?rest_route=%2Fwp%2Fv2%2Fcomments&post=1090"}],"version-history":[{"count":5,"href":"http:\/\/image-bible.ch\/index.php?rest_route=\/wp\/v2\/pages\/1090\/revisions"}],"predecessor-version":[{"id":9085,"href":"http:\/\/image-bible.ch\/index.php?rest_route=\/wp\/v2\/pages\/1090\/revisions\/9085"}],"up":[{"embeddable":true,"href":"http:\/\/image-bible.ch\/index.php?rest_route=\/wp\/v2\/pages\/109"}],"wp:attachment":[{"href":"http:\/\/image-bible.ch\/index.php?rest_route=%2Fwp%2Fv2%2Fmedia&parent=1090"}],"curies":[{"name":"wp","href":"https:\/\/api.w.org\/{rel}","templated":true}]}}