{"id":1101,"date":"2021-03-06T18:35:30","date_gmt":"2021-03-06T17:35:30","guid":{"rendered":"http:\/\/image-bible.ch\/?page_id=1101"},"modified":"2024-11-06T19:14:47","modified_gmt":"2024-11-06T18:14:47","slug":"c20-4-bible-ancien-testament","status":"publish","type":"page","link":"http:\/\/image-bible.ch\/?page_id=1101","title":{"rendered":"C20.4 \/ Bible &#8211; Ancien Testament"},"content":{"rendered":"<p style=\"text-align: center;\"><span style=\"font-family: 'comic sans ms', sans-serif; font-size: 14pt;\">C20.4<\/span><span style=\"font-family: 'comic sans ms', sans-serif; font-size: 14pt;\"> &#8211; Parabole du bon samaritain \/ Bible\u00a0 Ancien Testament<br \/>\n<\/span><\/p>\n<p style=\"text-align: justify;\">Nous avons deux s\u00e9ries de textes :<\/p>\n<p style=\"text-align: justify;\">A. Autour de la cr\u00e9ation et la transgression en lien avec les bandits qui laissent l&rsquo;homme \u00e0 moiti\u00e9 mort<\/p>\n<p style=\"text-align: justify;\">B. Autour de Mo\u00efse et la loi en lien avec le pr\u00eatre et le l\u00e9vite qui passent \u00e0 c\u00f4t\u00e9 de l&rsquo;homme \u00e0 moiti\u00e9 mort<\/p>\n<h2 style=\"text-align: justify;\">A. Ante legem\u00a0: avant la loi\u00a0: la cr\u00e9ation<\/h2>\n<p style=\"text-align: justify;\">La parabole est relue dans l\u2019ensemble de l\u2019histoire du salut, comme une reprise du plan d\u2019amour de Dieu annonc\u00e9 d\u00e8s <strong>la cr\u00e9ation.<\/strong> La lecture fait le lien avec le proto-\u00e9vangile (Gn 1 \u00e0 11)\u00a0: la cr\u00e9ation &#8211; l\u2019interdit &#8211; la chute. C\u2019est le <strong>sens anagogique<\/strong>, dans l\u2019ensemble de l\u2019histoire du salut<\/p>\n<p style=\"text-align: justify;\">(16) Ainsi <em>J\u00e9rusalem<\/em> la ville d\u2019o\u00f9 descend l\u2019homme symbolise le <em>paradis<\/em> des origines, duquel Adam et Eve, l\u2019homme a \u00e9t\u00e9 chass\u00e9.<\/p>\n<p style=\"text-align: justify;\">(13)Cette deuxi\u00e8me sc\u00e8ne de la parabole (les bandits qui d\u00e9pouillent l\u2019homme) symbolise le combat spirituel que l\u2019homme m\u00e8ne dans sa vie pour ob\u00e9ir au commandement de Dieu et parvenir au but de sa vie, la J\u00e9rusalem c\u00e9leste, le Paradis.<\/p>\n<table>\n<tbody>\n<tr>\n<td width=\"320\"><img loading=\"lazy\" decoding=\"async\" class=\"alignnone size-medium wp-image-5788\" src=\"http:\/\/image-bible.ch\/wp-content\/uploads\/2021\/06\/Vitrail-du-bon-samaritain-Sens-1-Adam-Eve-300x268.jpg\" alt=\"\" width=\"300\" height=\"268\" srcset=\"http:\/\/image-bible.ch\/wp-content\/uploads\/2021\/06\/Vitrail-du-bon-samaritain-Sens-1-Adam-Eve-300x268.jpg 300w, http:\/\/image-bible.ch\/wp-content\/uploads\/2021\/06\/Vitrail-du-bon-samaritain-Sens-1-Adam-Eve.jpg 769w\" sizes=\"(max-width: 300px) 100vw, 300px\" \/><\/td>\n<td width=\"307\"><img loading=\"lazy\" decoding=\"async\" class=\"alignnone size-medium wp-image-5789\" src=\"http:\/\/image-bible.ch\/wp-content\/uploads\/2021\/06\/Vitrail-du-bon-samaritain-Sens-2-Adam-Eve-amnge-le-fruit-300x279.jpg\" alt=\"\" width=\"300\" height=\"279\" srcset=\"http:\/\/image-bible.ch\/wp-content\/uploads\/2021\/06\/Vitrail-du-bon-samaritain-Sens-2-Adam-Eve-amnge-le-fruit-300x279.jpg 300w, http:\/\/image-bible.ch\/wp-content\/uploads\/2021\/06\/Vitrail-du-bon-samaritain-Sens-2-Adam-Eve-amnge-le-fruit.jpg 739w\" sizes=\"(max-width: 300px) 100vw, 300px\" \/><\/td>\n<\/tr>\n<tr>\n<td style=\"text-align: justify;\" width=\"320\">(14) L\u2019homme et la femme cr\u00e9\u00e9s \u00e0 l\u2019image et \u00e0 la ressemblance de Dieu sont plac\u00e9s par Dieu (repr\u00e9sent\u00e9 par le logos = le Christ) dans le paradis.<\/p>\n<p>Le Christ tient d\u2019une main Adam pour le mener dans l\u2019Eden et de l\u2019autre b\u00e9nit ou\/et d\u00e9signe l\u2019arbre \u00e0 trois branches\u00a0: repr\u00e9sentant l\u2019arbre de la connaissance du Bien et du Mal.<\/p>\n<p>Adam et Eve montrent avec leurs mains et leur doigt le jardin. C\u2019est la beaut\u00e9, la bont\u00e9 et la v\u00e9rit\u00e9 des origines. Dieu a cr\u00e9\u00e9 toutes choses belles et bonnes sur la terre comme au ciel.<\/p>\n<p>&nbsp;<\/td>\n<td style=\"text-align: justify;\" width=\"307\">(15) Adam et Eve mangent le fruit d\u00e9fendu s\u00e9duit par le serpent qui s\u2019est enroul\u00e9 autour d\u2019un des arbres. Ils se donnent la main, comme pour souligner que l\u2019on ne peut pas d\u00e9terminer qui des deux a commenc\u00e9.<\/p>\n<p>C\u2019est la transgression de l\u2019interdit\u00a0: \u00abTu peux manger les fruits de tous les arbres du jardin ; mais l\u2019arbre de la connaissance du bien et du mal, tu n\u2019en mangeras pas ; car, le jour o\u00f9 tu en mangeras, tu mourras.\u00bb (Gn 2,16-17). C\u2019est \u00e0 la fois un <strong>ordre<\/strong>\u00a0: \u00ab\u00a0tu peux manger les fruits\u00a0\u00bb, un <strong>interdit<\/strong>\u00a0: \u00ab\u00a0tu n\u2019en mangeras pas\u00a0\u00bb et une <strong>mise en garde<\/strong>\u00a0: \u00ab\u00a0tu mourras\u00a0\u00bb.<\/td>\n<\/tr>\n<\/tbody>\n<\/table>\n<p style=\"text-align: justify;\">Adam et Eve ont un magnifique visage lumineux, alors que le serpent se termine avec un visage peu avenant de femme. Ils sont repr\u00e9sent\u00e9s avec tous les d\u00e9tails de leur corps.<\/p>\n<p style=\"text-align: justify;\">Ensemble ils transgressent le commandement de Dieu, le premier repas est interdit\u00a0: un repas funeste\u00a0!<\/p>\n<table>\n<tbody>\n<tr>\n<td width=\"315\"><img loading=\"lazy\" decoding=\"async\" class=\"alignnone size-medium wp-image-5790\" src=\"http:\/\/image-bible.ch\/wp-content\/uploads\/2021\/06\/Vitrail-du-bon-samaritain-Sens-3-Adam-Eve-nu-300x286.jpg\" alt=\"\" width=\"300\" height=\"286\" srcset=\"http:\/\/image-bible.ch\/wp-content\/uploads\/2021\/06\/Vitrail-du-bon-samaritain-Sens-3-Adam-Eve-nu-300x286.jpg 300w, http:\/\/image-bible.ch\/wp-content\/uploads\/2021\/06\/Vitrail-du-bon-samaritain-Sens-3-Adam-Eve-nu.jpg 769w\" sizes=\"(max-width: 300px) 100vw, 300px\" \/><\/td>\n<td width=\"312\"><img loading=\"lazy\" decoding=\"async\" class=\"alignnone size-medium wp-image-5791\" src=\"http:\/\/image-bible.ch\/wp-content\/uploads\/2021\/06\/Vitrail-du-bon-samaritain-Sens-4-Adam-Eve-chasse-300x288.jpg\" alt=\"\" width=\"300\" height=\"288\" srcset=\"http:\/\/image-bible.ch\/wp-content\/uploads\/2021\/06\/Vitrail-du-bon-samaritain-Sens-4-Adam-Eve-chasse-300x288.jpg 300w, http:\/\/image-bible.ch\/wp-content\/uploads\/2021\/06\/Vitrail-du-bon-samaritain-Sens-4-Adam-Eve-chasse.jpg 763w\" sizes=\"(max-width: 300px) 100vw, 300px\" \/><\/td>\n<\/tr>\n<tr>\n<td style=\"text-align: justify;\" width=\"315\">(11) Adam et Eve, assis s\u2019\u00e9loignent de Dieu (dans le ciel s\u00e9par\u00e9 par une vo\u00fbte rouge \u2013 blanc \u2013 vert) car ils sont nus (signe du p\u00e9ch\u00e9) et se cachent avec des feuilles de vigne. Dieu (repr\u00e9sent\u00e9 par le Christ) prononce une sentence (repr\u00e9sent\u00e9 par le rouleau)\u00a0: l\u2019homme et la femme vont maintenant cultiver la terre et mettre au monde des enfants dans la peine et les douleurs.<\/td>\n<td style=\"text-align: justify;\" width=\"312\">(12) Un ange, tenant un glaive de feu, le glaive de la Parole (les commandements, l\u2019interdit), expulse l\u2019homme et la femme du Jardin (d\u2019apr\u00e8s Gn 3,24). La splendeur des six ailes lumineuses de l\u2019ange \u00e9voque la beaut\u00e9 d\u2019un paradis d\u00e9sormais perdu. Le regard triste et la t\u00eate tourn\u00e9e en arri\u00e8re d\u2019Adam et Eve dit d\u00e9j\u00e0 la plainte d\u2019une humanit\u00e9 bless\u00e9e.<\/td>\n<\/tr>\n<\/tbody>\n<\/table>\n<h2 style=\"text-align: justify;\">L\u2019homme repr\u00e9sente tout homme atteint par le p\u00e9ch\u00e9.<\/h2>\n<p style=\"text-align: justify;\">L\u2019homme de la parabole figure chacun de nous atteint par le p\u00e9ch\u00e9, qui nous d\u00e9figure, et qui alt\u00e8re notre ressemblance avec Dieu, nous terrasse et nous laisse \u00e0 moiti\u00e9 mort.<\/p>\n<p style=\"text-align: justify;\">Le p\u00e9ch\u00e9 qui nous atteint est \u00e0 la fois<\/p>\n<ul style=\"text-align: justify;\">\n<li>de notre propre responsabilit\u00e9\u00a0: nous empruntons un chemin dangereux comme celui de J\u00e9rusalem \u00e0 J\u00e9richo (tentation)<\/li>\n<li>de la responsabilit\u00e9 des autres\u00a0: l\u2019attaque des bandits,<\/li>\n<li>et \u00e9galement de l\u2019esprit du mal\u00a0: la tentation du serpent.<\/li>\n<\/ul>\n<p style=\"text-align: justify;\">Le chemin de J\u00e9rusalem \u00e0 J\u00e9richo est le chemin de toute notre vie\u00a0: nous venons de Dieu le P\u00e8re (J\u00e9rusalem = paradis), qui nous a aim\u00e9 le premier et nous donne la vie par l\u2019amour de nos parents. Et nous cheminons dans le monde jusqu\u2019\u00e0 go\u00fbter l\u2019absence de Dieu et son refus (J\u00e9richo). C\u2019est le chemin repr\u00e9sent\u00e9 <strong>en jaune<\/strong> du r\u00e9cit de la Gen\u00e8se.<\/p>\n<p style=\"text-align: justify;\"><img loading=\"lazy\" decoding=\"async\" class=\"alignnone size-medium wp-image-5792\" src=\"http:\/\/image-bible.ch\/wp-content\/uploads\/2021\/06\/Vitrail-du-bon-samaritain-Sens-Cheminement-A-300x275.jpg\" alt=\"\" width=\"300\" height=\"275\" srcset=\"http:\/\/image-bible.ch\/wp-content\/uploads\/2021\/06\/Vitrail-du-bon-samaritain-Sens-Cheminement-A-300x275.jpg 300w, http:\/\/image-bible.ch\/wp-content\/uploads\/2021\/06\/Vitrail-du-bon-samaritain-Sens-Cheminement-A.jpg 316w\" sizes=\"(max-width: 300px) 100vw, 300px\" \/><\/p>\n<p style=\"text-align: justify;\">Ce chemin <strong>forme un Z<\/strong> dans ce vitrail comme pour indiquer le retour en arri\u00e8re et la transgression entre le go\u00fbter du fruit d\u00e9fendu (15) et la sentence par Dieu (11). L\u2019homme et la femme regardent dans la m\u00eame direction que le Christ (14) puis se regardent l\u2019un l\u2019autre (15) en mangeant le fruit d\u00e9fendu, puis en arri\u00e8re en regardant la sentence (11) et \u00e9galement en regardant l\u2019ange qui les chasse du paradis (12).<\/p>\n<p style=\"text-align: justify;\"><img loading=\"lazy\" decoding=\"async\" class=\"alignnone size-medium wp-image-5793\" src=\"http:\/\/image-bible.ch\/wp-content\/uploads\/2021\/06\/Vitrail-du-bon-samaritain-Sens-5-Lhomme-les-bandits-la-lance-300x269.jpg\" alt=\"\" width=\"300\" height=\"269\" srcset=\"http:\/\/image-bible.ch\/wp-content\/uploads\/2021\/06\/Vitrail-du-bon-samaritain-Sens-5-Lhomme-les-bandits-la-lance-300x269.jpg 300w, http:\/\/image-bible.ch\/wp-content\/uploads\/2021\/06\/Vitrail-du-bon-samaritain-Sens-5-Lhomme-les-bandits-la-lance.jpg 573w\" sizes=\"(max-width: 300px) 100vw, 300px\" \/><\/p>\n<p style=\"text-align: justify;\">Et ce Z traverse la sc\u00e8ne centrale (de la parabole) soulign\u00e9e par une <strong>longue lance<\/strong> que tient un des 5 bandits. Ainsi le passage de la transgression \u00e0 la sentence est signifi\u00e9 par <strong>la lance<\/strong> qui terrasse l\u2019homme et le laisse \u00e0 moiti\u00e9 mort. Une bonne d\u00e9finition du p\u00e9ch\u00e9 mortel !<\/p>\n<p style=\"text-align: justify;\">Le but de la vie du Chr\u00e9tien est de remonter \u00e0 J\u00e9rusalem <em>en surmontant le combat du p\u00e9ch\u00e9, de la d\u00e9sob\u00e9issance<\/em>, en apprenant la v\u00e9ritable v\u00e9rit\u00e9 qui rend libre (Jn 8,31-32)\u00a0: \u00ab\u00a0Si vous demeurez fid\u00e8les \u00e0 ma parole, vous \u00eates vraiment mes disciples ; alors vous conna\u00eetrez la v\u00e9rit\u00e9, et la v\u00e9rit\u00e9 vous rendra libres. \u00bb<\/p>\n<h2>B. Sub legem\u00a0: Sous la loi\u00a0: Mo\u00efse<\/h2>\n<p style=\"text-align: justify;\">La parabole est relue avec l\u2019histoire de Mo\u00efse qui re\u00e7oit la loi, les 10 Paroles de la structuration du peuple Elu, les 10 commandements du peuple de Dieu.<\/p>\n<p style=\"text-align: justify;\">La troisi\u00e8me sc\u00e8ne de la parabole (8), le pr\u00eatre et le l\u00e9vite qui ne s\u2019arr\u00eatent pas \u00e0 la vue de l\u2019homme \u00e0 demi-mort (le Christ), est relue avec la figure de Mo\u00efse, la figure de la loi. Le pr\u00eatre repr\u00e9sente l\u2019ancienne Alliance, et le l\u00e9vite la loi, l\u2019une et l\u2019autre incapable de sauver l\u2019humanit\u00e9 d\u00e9figur\u00e9e par le p\u00e9ch\u00e9.<\/p>\n<table>\n<tbody>\n<tr>\n<td width=\"330\"><img loading=\"lazy\" decoding=\"async\" class=\"alignnone size-medium wp-image-5798\" src=\"http:\/\/image-bible.ch\/wp-content\/uploads\/2021\/06\/Vitrail-du-bon-samaritain-Sens-6-Moise-le-buisson-ardent-300x252.jpg\" alt=\"\" width=\"300\" height=\"252\" srcset=\"http:\/\/image-bible.ch\/wp-content\/uploads\/2021\/06\/Vitrail-du-bon-samaritain-Sens-6-Moise-le-buisson-ardent-300x252.jpg 300w, http:\/\/image-bible.ch\/wp-content\/uploads\/2021\/06\/Vitrail-du-bon-samaritain-Sens-6-Moise-le-buisson-ardent-768x646.jpg 768w, http:\/\/image-bible.ch\/wp-content\/uploads\/2021\/06\/Vitrail-du-bon-samaritain-Sens-6-Moise-le-buisson-ardent.jpg 775w\" sizes=\"(max-width: 300px) 100vw, 300px\" \/><\/td>\n<td width=\"311\"><img loading=\"lazy\" decoding=\"async\" class=\"alignnone wp-image-5799\" src=\"http:\/\/image-bible.ch\/wp-content\/uploads\/2021\/06\/Vitrail-du-bon-samaritain-Sens-7-Moise-Aaron-devant-Pharaon-300x271.jpg\" alt=\"\" width=\"285\" height=\"257\" srcset=\"http:\/\/image-bible.ch\/wp-content\/uploads\/2021\/06\/Vitrail-du-bon-samaritain-Sens-7-Moise-Aaron-devant-Pharaon-300x271.jpg 300w, http:\/\/image-bible.ch\/wp-content\/uploads\/2021\/06\/Vitrail-du-bon-samaritain-Sens-7-Moise-Aaron-devant-Pharaon.jpg 722w\" sizes=\"(max-width: 285px) 100vw, 285px\" \/><\/td>\n<\/tr>\n<tr>\n<td style=\"text-align: justify;\" width=\"330\"><strong>\u00a0<\/strong><\/p>\n<p>(7) Mo\u00efse le berger, \u00f4te ses sandales pour s\u2019approcher du buisson qui br\u00fble sans se consumer. C\u2019est la rencontre de Mo\u00efse avec Dieu, toujours repr\u00e9sent\u00e9 par le visage du Christ. Dans le feu du Buisson ardent, Dieu demande \u00e0 Mo\u00efse d\u2019aller trouver Pharaon pour qu\u2019il laisse sortir d\u2019Egypte le peuple h\u00e9breu dont il a vu la souffrance. (Ex 3,1-10)<\/p>\n<p>&nbsp;<\/td>\n<td style=\"text-align: justify;\" width=\"311\"><strong>\u00a0<\/strong><\/p>\n<p>(10) Mo\u00efse et son fr\u00e8re Aaron demandent \u00e0 Pharaon (couronn\u00e9) de laisser partir d\u2019Egypte le peuple de Dieu. Le conseiller-magicien de Pharaon, en bonnet pointu, est tout \u00e9tonn\u00e9 de voir le b\u00e2ton de Mo\u00efse se transformer en serpent puis redevenir b\u00e2ton, preuve que Mo\u00efse agit avec la force de Dieu pour ma\u00eetriser le serpent. (Ex 7,8-12)<\/td>\n<\/tr>\n<tr>\n<td width=\"330\"><img loading=\"lazy\" decoding=\"async\" class=\"alignnone size-medium wp-image-5800\" src=\"http:\/\/image-bible.ch\/wp-content\/uploads\/2021\/06\/Vitrail-du-bon-samaritain-Sens-8-Moise-Aaron-veau-dor-300x274.jpg\" alt=\"\" width=\"300\" height=\"274\" srcset=\"http:\/\/image-bible.ch\/wp-content\/uploads\/2021\/06\/Vitrail-du-bon-samaritain-Sens-8-Moise-Aaron-veau-dor-300x274.jpg 300w, http:\/\/image-bible.ch\/wp-content\/uploads\/2021\/06\/Vitrail-du-bon-samaritain-Sens-8-Moise-Aaron-veau-dor.jpg 761w\" sizes=\"(max-width: 300px) 100vw, 300px\" \/><\/td>\n<td width=\"311\"><img loading=\"lazy\" decoding=\"async\" class=\"alignnone size-medium wp-image-5801\" src=\"http:\/\/image-bible.ch\/wp-content\/uploads\/2021\/06\/Vitrail-du-bon-samaritain-Sens-9-Moise-serpent-dairain-300x285.jpg\" alt=\"\" width=\"300\" height=\"285\" srcset=\"http:\/\/image-bible.ch\/wp-content\/uploads\/2021\/06\/Vitrail-du-bon-samaritain-Sens-9-Moise-serpent-dairain-300x285.jpg 300w, http:\/\/image-bible.ch\/wp-content\/uploads\/2021\/06\/Vitrail-du-bon-samaritain-Sens-9-Moise-serpent-dairain.jpg 730w\" sizes=\"(max-width: 300px) 100vw, 300px\" \/><\/td>\n<\/tr>\n<tr>\n<td style=\"text-align: justify;\" width=\"330\">(6) Apr\u00e8s avoir travers\u00e9 la mer et au bout de 50 jours de marche dans le d\u00e9sert, Dieu parle \u00e0 Mo\u00efse sur le Sina\u00ef. Il lui donne 10 Paroles ou 10 \u00ab commandements \u00bb. Pendant ce temps les H\u00e9breux ont fait un \u00ab veau d\u2019or \u00bb devant lequel ils se prosternent. \u00c0 cette vue, Mo\u00efse se met en col\u00e8re et casse les 2 tables de pierre, sur lesquelles \u00e9taient \u00e9crites les 10 Paroles. (Ex 32,1-20)<\/td>\n<td style=\"text-align: justify;\" width=\"311\">(9) Au cours de leur longue marche dans le d\u00e9sert, les H\u00e9breux sont mordus par des serpents. Dieu dit \u00e0 Mo\u00efse (qui tient de nouvelles tables) de placer un serpent de bronze en haut d\u2019un poteau. Ceux qui avaient \u00e9t\u00e9 mordus par un serpent, levaient les yeux vers ce serpent de bronze et \u00e9taient gu\u00e9ris. Le serpent de bronze est repr\u00e9sent\u00e9 ici \u00e0 la mani\u00e8re du Moyen-\u00e2ge comme un dragon. (Nb 21,4-9)<\/td>\n<\/tr>\n<\/tbody>\n<\/table>\n<p>&nbsp;<\/p>\n<h3 style=\"text-align: justify;\">La double conversion<\/h3>\n<p style=\"text-align: justify;\">Le parcours en Z de cette lecture tropologique est un retournement horizontal et une rotation de 90\u00b0 comme une indication d\u2019une double conversion\u00a0: d\u00e9couverte de J\u00e9sus (conversion\u00a0: d\u00e9tournement du mal et orientation vers le Bien) puis conformation au Christ (retournement int\u00e9rieur) de tout l\u2019\u00eatre. C\u2019est comme la figure du passage de la loi \u00e0 l\u2019Esprit et de la justice \u00e0 la gr\u00e2ce. Pour le chr\u00e9tien la morale, l\u2019agir, la mani\u00e8re de se comporter est de se laisser habiter par la loi nouvelle de l\u2019amour en laissant l\u2019Esprit-Saint agir en nous et par nous. La vraie justice qui rend notre c\u0153ur ajust\u00e9 au c\u0153ur de Dieu est la gr\u00e2ce que Dieu nous donne \u00e0 travers le Christ mort et ressuscit\u00e9 pour nous.<\/p>\n<h4 style=\"text-align: justify;\">C\u2019est le chemin que pr\u00e9figure Mo\u00efse\u00a0:<\/h4>\n<ul style=\"text-align: justify;\">\n<li>Mo\u00efse d\u00e9couvrant Dieu \u00e0 travers un <strong>buisson ardent<\/strong>, pr\u00e9figure le Christ qui habite dans nos c\u0153urs br\u00fblant de son amour.<\/li>\n<li>Mo\u00efse allant trouver Pharaon et r\u00e9alisant un acte miraculeux (transformation du <strong>b\u00e2ton en serpent<\/strong> = figure du mal transform\u00e9 par Dieu en un bien plus grand) est la figure du Chr\u00e9tien qui accompli sa vocation en se laissant transformer de l\u2019int\u00e9rieur pour agir dans le Bien.<\/li>\n<li>Le choix entre le <strong>veau d\u2019or <\/strong>(figure de toutes les formes d\u2019idol\u00e2trie morale et religieuse) et les <strong>tables de la loi<\/strong> est la figure du chr\u00e9tien appel\u00e9 \u00e0 choisir entre l\u2019esprit du monde et l\u2019esprit de Dieu, entre les perversions du mal et la rectitude du Bien.<\/li>\n<li>Le <strong>serpent de bronze<\/strong> dress\u00e9 par Mo\u00efse qui gu\u00e9rit ceux qui l\u00e8vent les yeux vers lui, est la <em>figure de la croix<\/em> qui gu\u00e9rit tout homme qui l\u00e8ve les yeux vers le Christ mort et ressuscit\u00e9. Cf. Jean 3,13-15\u00a0: <em>\u00ab\u00a0Car nul n\u2019est mont\u00e9 au ciel sinon celui qui est descendu du ciel, le Fils de l\u2019homme. De m\u00eame que le serpent de bronze fut \u00e9lev\u00e9 par Mo\u00efse dans le d\u00e9sert, ainsi faut-il que le Fils de l\u2019homme soit \u00e9lev\u00e9, afin qu\u2019en lui tout homme qui croit ait la vie \u00e9ternelle.\u00a0\u00bb<\/em><\/li>\n<\/ul>\n<h3 style=\"text-align: justify;\">Entre vie spirituelle et loi humaine\u00a0: l\u2019homme dans sa dimension morale et verticale<\/h3>\n<p style=\"text-align: justify;\">L\u2019homme p\u00e8lerin est atteint par la morsure du p\u00e9ch\u00e9, qui le laisse \u00e0 moiti\u00e9 mort sur le chemin de la vie entre la c\u00e9l\u00e9bration de la loi (pr\u00eatre) et l\u2019interpr\u00e9tation officielle et autoris\u00e9e de celle-ci (l\u00e9giste).<\/p>\n<ol style=\"text-align: justify;\">\n<li>Mo\u00efse qui repr\u00e9sente chacun de nous fait une exp\u00e9rience spirituelle unique\u00a0: la rencontre de Dieu dans un buisson qui br\u00fble sans se consumer (Ex 3,1ss). A travers cette image l\u2019auteur de l\u2019Exode nous rapporte une exp\u00e9rience int\u00e9rieure. Mo\u00efse comme chacun de nous exp\u00e9rimente la pr\u00e9sence de Dieu dans son c\u0153ur comme un buisson ardent, un feu d\u2019amour qui ne s\u2019\u00e9teint jamais, mais qui n\u2019an\u00e9anti pas l\u2019homme dans son moi, sa personnalit\u00e9, son caract\u00e8re, mais au contraire le r\u00e9v\u00e8le \u00e0 lui-m\u00eame, en lui faisant d\u00e9couvrir sa vocation d\u2019homme et sa vocation personnelle et unique. Dieu n\u2019est plus repr\u00e9sent\u00e9 comme un ange (comme en Ex 3,2) mais comme le Christ, seule image, seul visage de Dieu, puisqu\u2019il est venu sur terre. Il tient dans une main le rouleau de la Parole et de l\u2019autre b\u00e9nit Mo\u00efse et \u00e0 travers lui chacun de nous. Mo\u00efse enl\u00e8ve ses sandales pour manifester que Dieu qui le rejoint dans son quotidien de berger, rend ce lieu saint\u00a0: l\u2019homme est une histoire sacr\u00e9e. Dieu rend saint, de sa saintet\u00e9, le travail et la vie de l\u2019homme.<\/li>\n<li>Mais l\u2019homme est tiraill\u00e9 entre l\u2019adoration du seul est vrai Dieu et le d\u00e9sespoir de la solitude qui le pousse \u00e0 se fabriquer des idoles, des faux-dieux. Pendant que Mo\u00efse re\u00e7oit les 10 paroles cr\u00e9atrices de la communaut\u00e9 (les 10 commandements) (Ex 20,1ss), le peuple impatient et se sentant abandonn\u00e9 se fabrique un veau d\u2019or avec ses propres bijoux (Ex 32,1). C\u2019est la tentation d\u2019avoir un dieu \u00e0 hauteur d\u2019homme, (ce que sera J\u00e9sus-Christ), c\u2019est le renversement de l\u2019image\u00a0: ce n\u2019est plus l\u2019homme qui est \u00e0 l\u2019image de Dieu, c\u2019est l\u2019homme qui se fabrique un dieu \u00e0 son image\u00a0: aplatissement de sa dimension transcendantale, n\u00e9gation de sa dimension spirituelle et verticale, l\u2019homme tombe dans l\u2019horizontalit\u00e9 du mat\u00e9rialisme et du nihilisme\u00a0: course \u00e0 la r\u00e9ussite, gagner toujours plus d\u2019argent, sexe, plaisir imm\u00e9diat\u00a0: tout, tout de suite, comme je veux, avec qui je veux.<\/li>\n<\/ol>\n<p style=\"text-align: justify;\">Tout l\u2019oppos\u00e9 du \u00ab\u00a0par lui, avec lui, en lui\u00a0\u00bb de la doxologie de la pri\u00e8re eucharistique. A l\u2019abandon et \u00e0 la d\u00e9pendance de Dieu, l\u2019homme troque une fallacieuse ind\u00e9pendance et libert\u00e9 qui ne peut que le conduire au d\u00e9sespoir ou \u00e0 la constante insatisfaction<a href=\"#_ftn1\" name=\"_ftnref1\">[1]<\/a>.<\/p>\n<p style=\"text-align: justify;\"><a href=\"#_ftnref1\" name=\"_ftn1\">[1]<\/a> Marie-Dominique Molini\u00e9, <em>Adoration ou d\u00e9sespoir : une cat\u00e9ch\u00e8se pour les jeunes&#8230; et les autres<\/em>, CLD,<\/p>\n<p style=\"text-align: justify;\"><a href=\"http:\/\/pere-molinie.com\/index_fr.php\">http:\/\/pere-molinie.com\/index_fr.php<\/a><\/p>\n","protected":false},"excerpt":{"rendered":"<p>C20.4 &#8211; Parabole du bon samaritain \/ Bible\u00a0 Ancien Testament Nous avons deux s\u00e9ries de textes : A. Autour de la cr\u00e9ation et la transgression en lien avec les bandits qui laissent l&rsquo;homme \u00e0 moiti\u00e9 mort B. Autour de Mo\u00efse<\/p>\n","protected":false},"author":1,"featured_media":0,"parent":109,"menu_order":4,"comment_status":"closed","ping_status":"closed","template":"","meta":{"footnotes":""},"_links":{"self":[{"href":"http:\/\/image-bible.ch\/index.php?rest_route=\/wp\/v2\/pages\/1101"}],"collection":[{"href":"http:\/\/image-bible.ch\/index.php?rest_route=\/wp\/v2\/pages"}],"about":[{"href":"http:\/\/image-bible.ch\/index.php?rest_route=\/wp\/v2\/types\/page"}],"author":[{"embeddable":true,"href":"http:\/\/image-bible.ch\/index.php?rest_route=\/wp\/v2\/users\/1"}],"replies":[{"embeddable":true,"href":"http:\/\/image-bible.ch\/index.php?rest_route=%2Fwp%2Fv2%2Fcomments&post=1101"}],"version-history":[{"count":10,"href":"http:\/\/image-bible.ch\/index.php?rest_route=\/wp\/v2\/pages\/1101\/revisions"}],"predecessor-version":[{"id":9087,"href":"http:\/\/image-bible.ch\/index.php?rest_route=\/wp\/v2\/pages\/1101\/revisions\/9087"}],"up":[{"embeddable":true,"href":"http:\/\/image-bible.ch\/index.php?rest_route=\/wp\/v2\/pages\/109"}],"wp:attachment":[{"href":"http:\/\/image-bible.ch\/index.php?rest_route=%2Fwp%2Fv2%2Fmedia&parent=1101"}],"curies":[{"name":"wp","href":"https:\/\/api.w.org\/{rel}","templated":true}]}}