{"id":1105,"date":"2021-03-06T18:36:44","date_gmt":"2021-03-06T17:36:44","guid":{"rendered":"http:\/\/image-bible.ch\/?page_id=1105"},"modified":"2024-11-08T13:19:19","modified_gmt":"2024-11-08T12:19:19","slug":"d36-6-icone","status":"publish","type":"page","link":"http:\/\/image-bible.ch\/?page_id=1105","title":{"rendered":"C20.6 \/ Ic\u00f4ne"},"content":{"rendered":"<p style=\"text-align: center;\"><span style=\"font-family: 'comic sans ms', sans-serif; font-size: 14pt;\">C20.1<\/span><span style=\"font-family: 'comic sans ms', sans-serif; font-size: 14pt;\"> &#8211; Parabole du bon samaritain \/ Ic\u00f4ne<\/span><\/p>\n<p><img loading=\"lazy\" decoding=\"async\" class=\"alignnone wp-image-5811\" src=\"http:\/\/image-bible.ch\/wp-content\/uploads\/2021\/06\/Icone-du-bon-samaritain-202x300.jpg\" alt=\"\" width=\"289\" height=\"429\" srcset=\"http:\/\/image-bible.ch\/wp-content\/uploads\/2021\/06\/Icone-du-bon-samaritain-202x300.jpg 202w, http:\/\/image-bible.ch\/wp-content\/uploads\/2021\/06\/Icone-du-bon-samaritain-688x1024.jpg 688w, http:\/\/image-bible.ch\/wp-content\/uploads\/2021\/06\/Icone-du-bon-samaritain.jpg 736w\" sizes=\"(max-width: 289px) 100vw, 289px\" \/><\/p>\n<p>Dans cette ic\u00f4ne J\u00e9sus s&rsquo;identifie avec le bon samaritain.<\/p>\n<p>Les bandits sont comme des diablotins.<\/p>\n<p>Vitrail du bon samaritain, Yoki, Ch\u00e2telard (Fribourg, suisse)<\/p>\n<div id='gallery-1' class='gallery galleryid-1105 gallery-columns-3 gallery-size-medium'><figure class='gallery-item'>\n\t\t\t<div class='gallery-icon portrait'>\n\t\t\t\t<a href='http:\/\/image-bible.ch\/?attachment_id=9088'><img loading=\"lazy\" decoding=\"async\" width=\"167\" height=\"300\" src=\"http:\/\/image-bible.ch\/wp-content\/uploads\/Bon-Samaritain-Riche-et-Lazare-Yoki-Chatelard-7-167x300.jpg\" class=\"attachment-medium size-medium\" alt=\"\" srcset=\"http:\/\/image-bible.ch\/wp-content\/uploads\/Bon-Samaritain-Riche-et-Lazare-Yoki-Chatelard-7-167x300.jpg 167w, http:\/\/image-bible.ch\/wp-content\/uploads\/Bon-Samaritain-Riche-et-Lazare-Yoki-Chatelard-7-571x1024.jpg 571w, http:\/\/image-bible.ch\/wp-content\/uploads\/Bon-Samaritain-Riche-et-Lazare-Yoki-Chatelard-7-768x1377.jpg 768w, http:\/\/image-bible.ch\/wp-content\/uploads\/Bon-Samaritain-Riche-et-Lazare-Yoki-Chatelard-7-856x1536.jpg 856w, http:\/\/image-bible.ch\/wp-content\/uploads\/Bon-Samaritain-Riche-et-Lazare-Yoki-Chatelard-7-1142x2048.jpg 1142w, http:\/\/image-bible.ch\/wp-content\/uploads\/Bon-Samaritain-Riche-et-Lazare-Yoki-Chatelard-7-scaled.jpg 1427w\" sizes=\"(max-width: 167px) 100vw, 167px\" \/><\/a>\n\t\t\t<\/div><\/figure><figure class='gallery-item'>\n\t\t\t<div class='gallery-icon landscape'>\n\t\t\t\t<a href='http:\/\/image-bible.ch\/?attachment_id=9089'><img loading=\"lazy\" decoding=\"async\" width=\"300\" height=\"199\" src=\"http:\/\/image-bible.ch\/wp-content\/uploads\/Bon-Samaritain-Riche-et-Lazare-Yoki-Chatelard-10-300x199.jpg\" class=\"attachment-medium size-medium\" alt=\"\" srcset=\"http:\/\/image-bible.ch\/wp-content\/uploads\/Bon-Samaritain-Riche-et-Lazare-Yoki-Chatelard-10-300x199.jpg 300w, http:\/\/image-bible.ch\/wp-content\/uploads\/Bon-Samaritain-Riche-et-Lazare-Yoki-Chatelard-10-1024x680.jpg 1024w, http:\/\/image-bible.ch\/wp-content\/uploads\/Bon-Samaritain-Riche-et-Lazare-Yoki-Chatelard-10-768x510.jpg 768w, http:\/\/image-bible.ch\/wp-content\/uploads\/Bon-Samaritain-Riche-et-Lazare-Yoki-Chatelard-10-1536x1020.jpg 1536w, http:\/\/image-bible.ch\/wp-content\/uploads\/Bon-Samaritain-Riche-et-Lazare-Yoki-Chatelard-10-2048x1360.jpg 2048w\" sizes=\"(max-width: 300px) 100vw, 300px\" \/><\/a>\n\t\t\t<\/div><\/figure><figure class='gallery-item'>\n\t\t\t<div class='gallery-icon landscape'>\n\t\t\t\t<a href='http:\/\/image-bible.ch\/?attachment_id=9090'><img loading=\"lazy\" decoding=\"async\" width=\"300\" height=\"199\" src=\"http:\/\/image-bible.ch\/wp-content\/uploads\/Bon-Samaritain-Riche-et-Lazare-Yoki-Chatelard-9-300x199.jpg\" class=\"attachment-medium size-medium\" alt=\"\" srcset=\"http:\/\/image-bible.ch\/wp-content\/uploads\/Bon-Samaritain-Riche-et-Lazare-Yoki-Chatelard-9-300x199.jpg 300w, http:\/\/image-bible.ch\/wp-content\/uploads\/Bon-Samaritain-Riche-et-Lazare-Yoki-Chatelard-9-1024x680.jpg 1024w, http:\/\/image-bible.ch\/wp-content\/uploads\/Bon-Samaritain-Riche-et-Lazare-Yoki-Chatelard-9-768x510.jpg 768w, http:\/\/image-bible.ch\/wp-content\/uploads\/Bon-Samaritain-Riche-et-Lazare-Yoki-Chatelard-9-1536x1020.jpg 1536w, http:\/\/image-bible.ch\/wp-content\/uploads\/Bon-Samaritain-Riche-et-Lazare-Yoki-Chatelard-9-2048x1360.jpg 2048w\" sizes=\"(max-width: 300px) 100vw, 300px\" \/><\/a>\n\t\t\t<\/div><\/figure><figure class='gallery-item'>\n\t\t\t<div class='gallery-icon portrait'>\n\t\t\t\t<a href='http:\/\/image-bible.ch\/?attachment_id=9096'><img loading=\"lazy\" decoding=\"async\" width=\"176\" height=\"300\" src=\"http:\/\/image-bible.ch\/wp-content\/uploads\/Bon-Samaritain-Riche-et-Lazare-Yoki-Chatelard-1-176x300.jpg\" class=\"attachment-medium size-medium\" alt=\"\" srcset=\"http:\/\/image-bible.ch\/wp-content\/uploads\/Bon-Samaritain-Riche-et-Lazare-Yoki-Chatelard-1-176x300.jpg 176w, http:\/\/image-bible.ch\/wp-content\/uploads\/Bon-Samaritain-Riche-et-Lazare-Yoki-Chatelard-1-601x1024.jpg 601w, http:\/\/image-bible.ch\/wp-content\/uploads\/Bon-Samaritain-Riche-et-Lazare-Yoki-Chatelard-1-768x1308.jpg 768w, http:\/\/image-bible.ch\/wp-content\/uploads\/Bon-Samaritain-Riche-et-Lazare-Yoki-Chatelard-1-902x1536.jpg 902w, http:\/\/image-bible.ch\/wp-content\/uploads\/Bon-Samaritain-Riche-et-Lazare-Yoki-Chatelard-1-1202x2048.jpg 1202w, http:\/\/image-bible.ch\/wp-content\/uploads\/Bon-Samaritain-Riche-et-Lazare-Yoki-Chatelard-1-scaled.jpg 1503w\" sizes=\"(max-width: 176px) 100vw, 176px\" \/><\/a>\n\t\t\t<\/div><\/figure>\n\t\t<\/div>\n\n","protected":false},"excerpt":{"rendered":"<p>C20.1 &#8211; Parabole du bon samaritain \/ Ic\u00f4ne Dans cette ic\u00f4ne J\u00e9sus s&rsquo;identifie avec le bon samaritain. Les bandits sont comme des diablotins. Vitrail du bon samaritain, Yoki, Ch\u00e2telard (Fribourg, suisse)<\/p>\n","protected":false},"author":1,"featured_media":0,"parent":109,"menu_order":6,"comment_status":"closed","ping_status":"closed","template":"","meta":{"footnotes":""},"_links":{"self":[{"href":"http:\/\/image-bible.ch\/index.php?rest_route=\/wp\/v2\/pages\/1105"}],"collection":[{"href":"http:\/\/image-bible.ch\/index.php?rest_route=\/wp\/v2\/pages"}],"about":[{"href":"http:\/\/image-bible.ch\/index.php?rest_route=\/wp\/v2\/types\/page"}],"author":[{"embeddable":true,"href":"http:\/\/image-bible.ch\/index.php?rest_route=\/wp\/v2\/users\/1"}],"replies":[{"embeddable":true,"href":"http:\/\/image-bible.ch\/index.php?rest_route=%2Fwp%2Fv2%2Fcomments&post=1105"}],"version-history":[{"count":8,"href":"http:\/\/image-bible.ch\/index.php?rest_route=\/wp\/v2\/pages\/1105\/revisions"}],"predecessor-version":[{"id":9099,"href":"http:\/\/image-bible.ch\/index.php?rest_route=\/wp\/v2\/pages\/1105\/revisions\/9099"}],"up":[{"embeddable":true,"href":"http:\/\/image-bible.ch\/index.php?rest_route=\/wp\/v2\/pages\/109"}],"wp:attachment":[{"href":"http:\/\/image-bible.ch\/index.php?rest_route=%2Fwp%2Fv2%2Fmedia&parent=1105"}],"curies":[{"name":"wp","href":"https:\/\/api.w.org\/{rel}","templated":true}]}}