{"id":1113,"date":"2021-03-06T18:38:17","date_gmt":"2021-03-06T17:38:17","guid":{"rendered":"http:\/\/image-bible.ch\/?page_id=1113"},"modified":"2024-04-19T17:12:40","modified_gmt":"2024-04-19T15:12:40","slug":"c20-10-divers-video-references","status":"publish","type":"page","link":"http:\/\/image-bible.ch\/?page_id=1113","title":{"rendered":"C20.10 \/ Divers Vid\u00e9o &#8211; R\u00e9f\u00e9rences"},"content":{"rendered":"<p style=\"text-align: center;\"><span style=\"font-family: 'comic sans ms', sans-serif; font-size: 14pt;\">C20.10<\/span><span style=\"font-family: 'comic sans ms', sans-serif; font-size: 14pt;\"> &#8211; Parabole du bon samaritain \/ Divers Vid\u00e9o &#8211; R\u00e9f\u00e9rences<\/span><\/p>\n<p>Un commentaire vid\u00e9o <a href=\"https:\/\/www.cath.ch\/cours-5-samaritain-lc-10-25-37-cours-de-developpement\/\">de la parabole<\/a><\/p>\n","protected":false},"excerpt":{"rendered":"<p>C20.10 &#8211; Parabole du bon samaritain \/ Divers Vid\u00e9o &#8211; R\u00e9f\u00e9rences Un commentaire vid\u00e9o de la parabole<\/p>\n","protected":false},"author":1,"featured_media":0,"parent":107,"menu_order":10,"comment_status":"closed","ping_status":"closed","template":"","meta":{"footnotes":""},"_links":{"self":[{"href":"http:\/\/image-bible.ch\/index.php?rest_route=\/wp\/v2\/pages\/1113"}],"collection":[{"href":"http:\/\/image-bible.ch\/index.php?rest_route=\/wp\/v2\/pages"}],"about":[{"href":"http:\/\/image-bible.ch\/index.php?rest_route=\/wp\/v2\/types\/page"}],"author":[{"embeddable":true,"href":"http:\/\/image-bible.ch\/index.php?rest_route=\/wp\/v2\/users\/1"}],"replies":[{"embeddable":true,"href":"http:\/\/image-bible.ch\/index.php?rest_route=%2Fwp%2Fv2%2Fcomments&post=1113"}],"version-history":[{"count":4,"href":"http:\/\/image-bible.ch\/index.php?rest_route=\/wp\/v2\/pages\/1113\/revisions"}],"predecessor-version":[{"id":7240,"href":"http:\/\/image-bible.ch\/index.php?rest_route=\/wp\/v2\/pages\/1113\/revisions\/7240"}],"up":[{"embeddable":true,"href":"http:\/\/image-bible.ch\/index.php?rest_route=\/wp\/v2\/pages\/107"}],"wp:attachment":[{"href":"http:\/\/image-bible.ch\/index.php?rest_route=%2Fwp%2Fv2%2Fmedia&parent=1113"}],"curies":[{"name":"wp","href":"https:\/\/api.w.org\/{rel}","templated":true}]}}