{"id":1146,"date":"2021-03-06T20:05:13","date_gmt":"2021-03-06T19:05:13","guid":{"rendered":"http:\/\/image-bible.ch\/?page_id=1146"},"modified":"2024-04-19T16:47:03","modified_gmt":"2024-04-19T14:47:03","slug":"c21-3-bible-nouveau-testament","status":"publish","type":"page","link":"http:\/\/image-bible.ch\/?page_id=1146","title":{"rendered":"C21.3 \/ Bible Nouveau-Testament"},"content":{"rendered":"<p style=\"text-align: center;\"><span style=\"font-family: 'comic sans ms', sans-serif; font-size: 14pt;\">C21.3<\/span><span style=\"font-family: 'comic sans ms', sans-serif; font-size: 14pt;\"> &#8211; Parabole de la semence de la Parole \/\u00a0 Bible\u00a0 Nouveau-Testament<\/span><\/p>\n<p><span style=\"color: #0000ff;\">Mt 13,1-10\u00a0; 18-23\u00a0:<\/span><\/p>\n<p><img loading=\"lazy\" decoding=\"async\" class=\"alignnone size-medium wp-image-6804\" src=\"http:\/\/image-bible.ch\/wp-content\/uploads\/17-Le-semeur-199x300.jpg\" alt=\"\" width=\"199\" height=\"300\" srcset=\"http:\/\/image-bible.ch\/wp-content\/uploads\/17-Le-semeur-199x300.jpg 199w, http:\/\/image-bible.ch\/wp-content\/uploads\/17-Le-semeur.jpg 319w\" sizes=\"(max-width: 199px) 100vw, 199px\" \/><\/p>\n<p><span style=\"color: #0000ff;\"><sup>1<\/sup><\/span><span style=\"color: #993300;\"> Ce jour-l\u00e0<\/span>, <strong>J\u00e9sus<\/strong> \u00e9tait sorti de<span style=\"color: #008000;\"> la maison<\/span>, et il \u00e9tait assis <span style=\"color: #008000;\">au bord de la mer<\/span>.<\/p>\n<p><span style=\"color: #0000ff;\"><sup>2<\/sup><\/span> Aupr\u00e8s de lui se rassembl\u00e8rent <strong>des foules<\/strong> si grandes qu\u2019il monta dans <span style=\"color: #008000;\">une barque<\/span> o\u00f9 il s\u2019assit\u00a0; toute la foule se tenait sur <span style=\"color: #008000;\">le rivage<\/span>.<\/p>\n<p><span style=\"color: #0000ff;\"><sup>3<\/sup><\/span> Il leur dit beaucoup de choses en <span style=\"color: #ff0000;\"><strong>paraboles<\/strong><\/span>\u00a0: \u00ab\u00a0Voici que <strong>le semeur<\/strong> sortit pour semer.<\/p>\n<p><span style=\"color: #0000ff;\"><sup>4<\/sup><\/span> Comme il semait, des grains sont tomb\u00e9s au <span style=\"color: #008000;\"><strong>bord du chemin<\/strong><\/span>, et <span style=\"color: #ff0000;\">les <em>oiseaux<\/em><\/span> sont venus tout <span style=\"color: #ff0000;\">manger<\/span>.<\/p>\n<p><span style=\"color: #0000ff;\"><sup>5<\/sup><\/span> D\u2019autres sont tomb\u00e9s sur <span style=\"color: #008000;\"><strong>le sol pierreux<\/strong><\/span>, o\u00f9 ils n\u2019avaient pas beaucoup de terre\u00a0; ils ont lev\u00e9 aussit\u00f4t, parce que la terre \u00e9tait peu profonde.<\/p>\n<p><span style=\"color: #0000ff;\"><sup>6<\/sup><\/span> Le soleil s\u2019\u00e9tant lev\u00e9, ils ont <em>br\u00fbl\u00e9<\/em> et, <em>faute de racines<\/em>, ils ont<span style=\"color: #ff0000;\"> s\u00e9ch\u00e9<\/span>.<\/p>\n<p><span style=\"color: #0000ff;\"><sup>7<\/sup><\/span> D\u2019autres sont tomb\u00e9s dans <span style=\"color: #008000;\"><strong>les ronces<\/strong><\/span>\u00a0; les ronces ont pouss\u00e9 et les ont <span style=\"color: #ff0000;\"><em>\u00e9touff\u00e9s<\/em><\/span>.<\/p>\n<p><span style=\"color: #0000ff;\"><sup>8<\/sup><\/span> D\u2019autres sont tomb\u00e9s dans <span style=\"color: #008000;\"><strong>la bonne terre<\/strong><\/span>, et ils ont donn\u00e9 <strong><span style=\"color: #ff0000;\"><em>du fruit<\/em> <\/span><\/strong>\u00e0 raison de cent, ou soixante, ou trente pour un.<\/p>\n<p><span style=\"color: #0000ff;\"><sup>9<\/sup><\/span> Celui qui a des oreilles, qu\u2019il entende\u00a0!\u00a0\u00bb<\/p>\n<p><span style=\"color: #0000ff;\"><sup>10<\/sup><\/span> Les disciples s\u2019approch\u00e8rent de J\u00e9sus et lui dirent\u00a0: \u00ab\u00a0Pourquoi leur parles-tu en paraboles\u00a0?\u00a0\u00bb \u2026<\/p>\n<p><span style=\"color: #0000ff;\"><sup>18<\/sup><\/span> Vous donc, \u00e9coutez ce que veut dire <strong><span style=\"color: #ff0000;\">la parabole du semeur<\/span><\/strong>.<\/p>\n<p><span style=\"color: #0000ff;\"><sup>19<\/sup><\/span> Quand quelqu\u2019un entend <strong><span style=\"color: #ff0000;\">la parole du Royaume<\/span><\/strong> sans la comprendre, <strong>le Mauvais<\/strong> survient et s\u2019empare de ce qui est <span style=\"color: #ff0000;\">sem\u00e9 dans son c\u0153ur<\/span>\u00a0: celui-l\u00e0, c\u2019est le terrain ensemenc\u00e9 <span style=\"color: #008000;\">au bord du chemin<\/span>.<\/p>\n<p><span style=\"color: #0000ff;\"><sup>20<\/sup><\/span> Celui qui a re\u00e7u la semence sur un <span style=\"color: #008000;\">sol pierreux<\/span>, c\u2019est celui qui entend la Parole et la re\u00e7oit aussit\u00f4t avec joie\u00a0;<\/p>\n<p><span style=\"color: #0000ff;\"><sup>21<\/sup><\/span> mais il n\u2019a <span style=\"color: #ff0000;\">pas de racines<\/span> en lui, il est l\u2019homme d\u2019un moment\u00a0: quand vient la <span style=\"color: #ff0000;\">d\u00e9tresse ou la pers\u00e9cution<\/span> \u00e0 cause de la Parole, il tr\u00e9buche aussit\u00f4t.<\/p>\n<p><span style=\"color: #0000ff;\"><sup>22<\/sup><\/span> Celui qui a re\u00e7u la semence <span style=\"color: #008000;\">dans les ronces<\/span>, c\u2019est celui qui entend la Parole\u00a0; mais <span style=\"color: #ff0000;\">le souci du monde et la s\u00e9duction de la richesse<\/span> \u00e9touffent la Parole, qui ne donne pas de fruit.<\/p>\n<p><span style=\"color: #0000ff;\"><sup>23<\/sup><\/span> Celui qui a re\u00e7u la semence <span style=\"color: #008000;\">dans la bonne terre<\/span>, c\u2019est celui qui entend la Parole et la comprend\u00a0:<span style=\"color: #ff0000;\"><strong> il porte du fruit<\/strong><\/span> \u00e0 raison de cent, ou soixante, ou trente pour un.\u00a0\u00bb<\/p>\n<h4><span style=\"color: #993300;\">Vocabulaire :<\/span><\/h4>\n<p><span style=\"color: #993300;\"><strong>parabole :<\/strong> comparaison. Une histoire de la vie humaine ou v\u00e9g\u00e9tale pour dire \/ r\u00e9v\u00e9ler quelque chose de l&rsquo;histoire de Dieu avec les hommes.<\/span><\/p>\n<p><span style=\"color: #993300;\"><strong>semence :<\/strong> semer la semence pour qu&rsquo;elle pousse et porte du fruit<\/span><\/p>\n<p><span style=\"color: #993300;\"><strong>s\u00e9ch\u00e9 :<\/strong> la semence s\u00e8che par manque d&rsquo;eau, de racine et trop de soleil<\/span><\/p>\n<p><span style=\"color: #993300;\"><strong>\u00e9touff\u00e9 :<\/strong> la semence meurt car elle est \u00e9touff\u00e9e<br \/>\n<\/span><\/p>\n<p><span style=\"color: #993300;\"><strong>fruits :<\/strong> la semence porte du fruits comme attendu<\/span><\/p>\n<p><span style=\"color: #993300;\"><strong>racine :<\/strong> la semence a besoin de racines pour grandir et porter du fruit<\/span><\/p>\n<p><span style=\"color: #993300;\"><strong>souci du monde :<\/strong> les inqui\u00e9tudes du quotidien, les int\u00e9r\u00eats mat\u00e9riels<\/span><\/p>\n<h4><span style=\"color: #0000ff;\">Questions :<\/span><\/h4>\n<p><span style=\"color: #0000ff;\">1\u00b0 Combien y-t-il d&rsquo;endroits diff\u00e9rents o\u00f9 tombe la semence ? Quel est le sens de ce chiffre ?<\/span><\/p>\n<p><span style=\"color: #0000ff;\">2\u00b0 Que repr\u00e9sente chacun de ces endroits selon l&rsquo;interpr\u00e9tation de J\u00e9sus ?<\/span><\/p>\n<p><span style=\"color: #0000ff;\">3\u00b0 Que faut-il pour que la semence de la Parole de Dieu porte du fruit ?<\/span><\/p>\n<h4>Commentaire :<\/h4>\n<p>Dans l\u2019\u00e9vangile de Matthieu, la parabole du semeur est la premi\u00e8re des sept du discours sur le Royaume de Dieu (Mt 13). Elle parle des diff\u00e9rentes vari\u00e9t\u00e9s de terre o\u00f9 tombe \u00e0 la vol\u00e9e la semence du semeur. Cette parabole explique pourquoi la m\u00eame semence de l\u2019\u00c9vangile produit des effets si diff\u00e9rents chez les gens qui la re\u00e7oivent, chacun selon ses dispositions. J\u00e9sus r\u00e9sume quatre types de personnes qui l\u2019accueillent. Ainsi, non seulement il transmet une connaissance pr\u00e9cieuse de ce que nous sommes, mais il nous interpelle et nous pousse \u00e0 examiner ce que nous pouvons faire pour que notre accueil de la Parole soit meilleur.<br \/>\nNotre c\u0153ur, comme du terreau, peut \u00eatre bon. Alors la Parole donne du fruit, beaucoup de fruit. Mais, il peut \u00eatre aussi dur, imperm\u00e9able. C\u2019est ce qui se passe quand nous \u00e9coutons la Parole, mais qu\u2019elle nous est indiff\u00e9rente\u00a0: ne nous touche pas, et n\u2019arrive pas \u00e0 p\u00e9n\u00e9trer dans nos c\u0153urs et interpeller nos vies.<br \/>\nEntre la bonne terre et la mauvaise, il y a aussi le terrain rocailleux, le c\u0153ur superficiel, qui accueille le Seigneur, veut bien prier, aimer, rendre t\u00e9moignage, mais ne pers\u00e9v\u00e8re pas et se fatigue. C\u2019est un c\u0153ur sans profondeur, o\u00f9 les cailloux de la paresse l\u2019emportent sur la bonne terre, o\u00f9 l\u2019amour n\u2019a pas de racine, il est inconstant et passager. Or celui qui n\u2019accueille le Seigneur que quand il en a besoin, ne donne pas de fruit.<br \/>\nPour finir, on a la semence qui tombe dans les ronces. Les vices, les mauvaises habitudes \u00e9touffent la pr\u00e9sence de Dieu. Ce sont surtout les idoles de la richesse mondaine, une vie v\u00e9cue uniquement pour soi-m\u00eame, pour les biens poss\u00e9d\u00e9s et pour le pouvoir. Si nous cultivons ces ronces-l\u00e0, nous \u00e9touffons la croissance de Dieu en nous.<\/p>\n<p>&nbsp;<\/p>\n<p>&nbsp;<\/p>\n","protected":false},"excerpt":{"rendered":"<p>C21.3 &#8211; Parabole de la semence de la Parole \/\u00a0 Bible\u00a0 Nouveau-Testament Mt 13,1-10\u00a0; 18-23\u00a0: 1 Ce jour-l\u00e0, J\u00e9sus \u00e9tait sorti de la maison, et il \u00e9tait assis au bord de la mer. 2 Aupr\u00e8s de lui se rassembl\u00e8rent des<\/p>\n","protected":false},"author":1,"featured_media":0,"parent":105,"menu_order":3,"comment_status":"closed","ping_status":"closed","template":"","meta":{"footnotes":""},"_links":{"self":[{"href":"http:\/\/image-bible.ch\/index.php?rest_route=\/wp\/v2\/pages\/1146"}],"collection":[{"href":"http:\/\/image-bible.ch\/index.php?rest_route=\/wp\/v2\/pages"}],"about":[{"href":"http:\/\/image-bible.ch\/index.php?rest_route=\/wp\/v2\/types\/page"}],"author":[{"embeddable":true,"href":"http:\/\/image-bible.ch\/index.php?rest_route=\/wp\/v2\/users\/1"}],"replies":[{"embeddable":true,"href":"http:\/\/image-bible.ch\/index.php?rest_route=%2Fwp%2Fv2%2Fcomments&post=1146"}],"version-history":[{"count":6,"href":"http:\/\/image-bible.ch\/index.php?rest_route=\/wp\/v2\/pages\/1146\/revisions"}],"predecessor-version":[{"id":7229,"href":"http:\/\/image-bible.ch\/index.php?rest_route=\/wp\/v2\/pages\/1146\/revisions\/7229"}],"up":[{"embeddable":true,"href":"http:\/\/image-bible.ch\/index.php?rest_route=\/wp\/v2\/pages\/105"}],"wp:attachment":[{"href":"http:\/\/image-bible.ch\/index.php?rest_route=%2Fwp%2Fv2%2Fmedia&parent=1146"}],"curies":[{"name":"wp","href":"https:\/\/api.w.org\/{rel}","templated":true}]}}