{"id":1150,"date":"2021-03-06T20:06:03","date_gmt":"2021-03-06T19:06:03","guid":{"rendered":"http:\/\/image-bible.ch\/?page_id=1150"},"modified":"2024-11-18T20:53:08","modified_gmt":"2024-11-18T19:53:08","slug":"c21-5-interpretation","status":"publish","type":"page","link":"http:\/\/image-bible.ch\/?page_id=1150","title":{"rendered":"C21.5 \/ Interpr\u00e9tation"},"content":{"rendered":"<p style=\"text-align: center;\"><span style=\"font-family: 'comic sans ms', sans-serif; font-size: 14pt;\">C21.5<\/span><span style=\"font-family: 'comic sans ms', sans-serif; font-size: 14pt;\"> &#8211; Parabole de la semence de la Parole \/ Interpr\u00e9tation<\/span><\/p>\n<p>De m\u00eame que la Loi n\u2019est pas dans les cieux, ni au-del\u00e0 des mers, mais dans ta bouche et dans ton c\u0153ur, ainsi la Parole de Dieu pour porter du fruit n\u2019est pas inatteignable, elle n\u2019est pas absente de nos vies et de notre bouche, au contraire elle est en nous, dans nos c\u0153urs, pour nous rejoindre, pour nous interpeller, nous transformer et porter du bon fruit.<\/p>\n<h3><strong>1. Deut\u00e9ronome 30,11-16 : la proximit\u00e9 de la Loi et le choix de la vie<\/strong><\/h3>\n<p>Dans ce passage, Mo\u00efse rappelle au peuple que la Loi de Dieu est accessible, proche, et non hors de leur port\u00e9e :<\/p>\n<ul>\n<li><strong>\u00ab Elle n\u2019est pas dans les cieux \u00bb<\/strong>, ni \u00ab au-del\u00e0 des mers \u00bb, mais elle est <strong>\u00ab dans ta bouche et dans ton c\u0153ur, pour que tu la mettes en pratique \u00bb<\/strong>.<\/li>\n<li>Le texte invite \u00e0 un choix radical entre la <strong>vie<\/strong> (ob\u00e9ir aux commandements et aimer Dieu) et la <strong>mort<\/strong> (se d\u00e9tourner de Lui).<\/li>\n<\/ul>\n<p>La cl\u00e9 de ce passage r\u00e9side dans la <strong>r\u00e9ceptivit\u00e9<\/strong> et la <strong>mise en pratique<\/strong> de la Parole de Dieu : elle est donn\u00e9e pour transformer la vie, mais cela exige une r\u00e9ponse libre et un engagement.<\/p>\n<ol>\n<li><strong>La proximit\u00e9 de la Parole :<\/strong>\n<ul>\n<li>Dans Deut\u00e9ronome, la Parole est \u00ab proche \u00bb, \u00ab dans le c\u0153ur et la bouche \u00bb. Elle n\u2019est pas abstraite, mais accessible \u00e0 tous.<\/li>\n<li>Dans la parabole, la semence (la Parole) est sem\u00e9e partout : sur les chemins, les pierres, les \u00e9pines, et la bonne terre. Cela refl\u00e8te la m\u00eame universalit\u00e9 et accessibilit\u00e9.<\/li>\n<\/ul>\n<\/li>\n<li><strong>La responsabilit\u00e9 individuelle :<\/strong>\n<ul>\n<li>Dans Deut\u00e9ronome, Mo\u00efse insiste sur le fait que chacun doit choisir entre la vie et la mort, la b\u00e9n\u00e9diction et la mal\u00e9diction.<\/li>\n<li>Dans la parabole, le fruit d\u00e9pend de la qualit\u00e9 du sol, qui symbolise la pr\u00e9paration et l\u2019ouverture du c\u0153ur. Ceux qui accueillent et mettent en pratique la Parole sont compar\u00e9s \u00e0 la \u00ab bonne terre \u00bb.<\/li>\n<\/ul>\n<\/li>\n<li><strong>L\u2019appel \u00e0 la fid\u00e9lit\u00e9 :<\/strong>\n<ul>\n<li>Dans Deut\u00e9ronome, aimer Dieu, \u00e9couter sa voix et s\u2019attacher \u00e0 lui conduit \u00e0 la vie et \u00e0 la b\u00e9n\u00e9diction.<\/li>\n<li>Dans la parabole, la \u00ab bonne terre \u00bb correspond \u00e0 ceux qui comprennent la Parole et la vivent pleinement, produisant ainsi une abondance (30, 60 ou 100 fois).<\/li>\n<\/ul>\n<\/li>\n<li><strong>Le fruit de la Parole :<\/strong>\n<ul>\n<li>Dans Deut\u00e9ronome, la vie et la b\u00e9n\u00e9diction d\u00e9coulent de l\u2019ob\u00e9issance \u00e0 la Loi.<\/li>\n<li>Dans la parabole, le fruit spirituel provient de la compr\u00e9hension et de la mise en \u0153uvre de la Parole dans la vie du croyant.<\/li>\n<\/ul>\n<\/li>\n<\/ol>\n<hr \/>\n<h3><strong>Conclusion : une Parole vivante et f\u00e9conde<\/strong><\/h3>\n<p>Le lien entre ces textes repose sur l&rsquo;id\u00e9e que la Parole de Dieu est un don pr\u00e9cieux, offert \u00e0 chacun pour transformer la vie. Dans <strong>Deut\u00e9ronome 30<\/strong>, Mo\u00efse appelle le peuple \u00e0 choisir la vie en vivant selon la Loi, tandis que la parabole du semeur montre que cette transformation d\u00e9pend de la mani\u00e8re dont la Parole est re\u00e7ue et cultiv\u00e9e dans le c\u0153ur. Ces deux passages convergent dans l\u2019appel \u00e0 une r\u00e9ponse fid\u00e8le, personnelle et f\u00e9conde \u00e0 Dieu.<\/p>\n<p>Abram a entendu la Parole de Dieu, il l\u2019a accueillie dans son c\u0153ur et elle a port\u00e9 du fruit : il s\u2019est mis en route en quittant son pays pour aller l\u00e0 o\u00f9 le Seigneur le conduit.<br \/>\nAinsi cette Parole est tomb\u00e9e dans un c\u0153ur ouvert et porte du fruit.<\/p>\n<p>Le lien entre <strong>Gen\u00e8se 12,1-7<\/strong> (l\u2019appel d\u2019Abram) et <strong>Matthieu 13,1-23<\/strong> (la parabole du semeur) se trouve dans les th\u00e8mes de <strong>l\u2019appel divin, la promesse, et la r\u00e9ponse humaine<\/strong>. Ces textes soulignent la mani\u00e8re dont Dieu s\u00e8me sa Parole et ses promesses, en appelant les hommes \u00e0 collaborer avec son dessein pour porter du fruit.<\/p>\n<ol>\n<li><strong>L\u2019appel divin comme semence :<\/strong>\n<ul>\n<li>En Gen\u00e8se 12, l\u2019appel d\u2019Abram est comme une semence que Dieu plante dans son c\u0153ur : un appel \u00e0 quitter son confort pour une promesse encore invisible.<\/li>\n<li>Dans Matthieu 13, la semence repr\u00e9sente la Parole de Dieu, qui contient une promesse de vie abondante si elle est re\u00e7ue dans un c\u0153ur ouvert et fid\u00e8le.<\/li>\n<\/ul>\n<\/li>\n<li><strong>La r\u00e9ponse humaine :<\/strong>\n<ul>\n<li>Abram r\u00e9pond avec foi et ob\u00e9issance, devenant ainsi une \u00ab bonne terre \u00bb o\u00f9 la promesse divine peut porter du fruit (la naissance d\u2019un peuple, Isra\u00ebl).<\/li>\n<li>La parabole met en lumi\u00e8re que seule la \u00ab bonne terre \u00bb \u2013 un c\u0153ur r\u00e9ceptif et pers\u00e9v\u00e9rant \u2013 permet \u00e0 la semence de produire un fruit durable.<\/li>\n<\/ul>\n<\/li>\n<li><strong>Le fruit de la fid\u00e9lit\u00e9 :<\/strong>\n<ul>\n<li>La promesse faite \u00e0 Abram est immense : il deviendra une b\u00e9n\u00e9diction pour toutes les nations. Cela pr\u00e9figure le fruit abondant produit par la \u00ab bonne terre \u00bb dans la parabole (30, 60, 100 fois).<\/li>\n<li>Dans les deux textes, la fid\u00e9lit\u00e9 \u00e0 l\u2019appel divin m\u00e8ne \u00e0 des b\u00e9n\u00e9dictions qui d\u00e9passent l\u2019individu pour toucher une multitude.<\/li>\n<\/ul>\n<\/li>\n<li><strong>Le chemin de la foi :<\/strong>\n<ul>\n<li>Abram quitte tout sans savoir o\u00f9 il va, d\u00e9montrant une foi qui accepte de grandir dans l\u2019inconnu. Cette foi est essentielle pour porter du fruit.<\/li>\n<li>La parabole souligne que ceux qui entendent la Parole doivent pers\u00e9v\u00e9rer face aux difficult\u00e9s (pierres, \u00e9pines, adversit\u00e9), \u00e0 l\u2019image d\u2019Abram qui affronte des \u00e9preuves pour voir la promesse s\u2019accomplir.<\/li>\n<\/ul>\n<\/li>\n<\/ol>\n<hr \/>\n<h3><strong>Conclusion<\/strong><\/h3>\n<p>Le lien entre Gen\u00e8se 12,1-7 et Matthieu 13,1-23 r\u00e9side dans le caract\u00e8re universel de l\u2019appel divin et dans l\u2019importance de la r\u00e9ponse humaine. Abram est un exemple de \u00ab bonne terre \u00bb qui accueille l\u2019appel de Dieu avec foi et pers\u00e9v\u00e9rance, devenant ainsi une b\u00e9n\u00e9diction pour les autres. La parabole du semeur rappelle \u00e0 chaque croyant que r\u00e9pondre fid\u00e8lement \u00e0 la Parole de Dieu peut produire un fruit abondant, non seulement pour eux-m\u00eames, mais aussi pour le monde entier.<\/p>\n","protected":false},"excerpt":{"rendered":"<p>C21.5 &#8211; Parabole de la semence de la Parole \/ Interpr\u00e9tation De m\u00eame que la Loi n\u2019est pas dans les cieux, ni au-del\u00e0 des mers, mais dans ta bouche et dans ton c\u0153ur, ainsi la Parole de Dieu pour porter<\/p>\n","protected":false},"author":1,"featured_media":0,"parent":105,"menu_order":5,"comment_status":"closed","ping_status":"closed","template":"","meta":{"footnotes":""},"_links":{"self":[{"href":"http:\/\/image-bible.ch\/index.php?rest_route=\/wp\/v2\/pages\/1150"}],"collection":[{"href":"http:\/\/image-bible.ch\/index.php?rest_route=\/wp\/v2\/pages"}],"about":[{"href":"http:\/\/image-bible.ch\/index.php?rest_route=\/wp\/v2\/types\/page"}],"author":[{"embeddable":true,"href":"http:\/\/image-bible.ch\/index.php?rest_route=\/wp\/v2\/users\/1"}],"replies":[{"embeddable":true,"href":"http:\/\/image-bible.ch\/index.php?rest_route=%2Fwp%2Fv2%2Fcomments&post=1150"}],"version-history":[{"count":5,"href":"http:\/\/image-bible.ch\/index.php?rest_route=\/wp\/v2\/pages\/1150\/revisions"}],"predecessor-version":[{"id":9508,"href":"http:\/\/image-bible.ch\/index.php?rest_route=\/wp\/v2\/pages\/1150\/revisions\/9508"}],"up":[{"embeddable":true,"href":"http:\/\/image-bible.ch\/index.php?rest_route=\/wp\/v2\/pages\/105"}],"wp:attachment":[{"href":"http:\/\/image-bible.ch\/index.php?rest_route=%2Fwp%2Fv2%2Fmedia&parent=1150"}],"curies":[{"name":"wp","href":"https:\/\/api.w.org\/{rel}","templated":true}]}}