{"id":1160,"date":"2021-03-06T20:08:11","date_gmt":"2021-03-06T19:08:11","guid":{"rendered":"http:\/\/image-bible.ch\/?page_id=1160"},"modified":"2021-03-28T20:38:23","modified_gmt":"2021-03-28T18:38:23","slug":"c21-10-divers-video-references","status":"publish","type":"page","link":"http:\/\/image-bible.ch\/?page_id=1160","title":{"rendered":"C21.10 \/ Divers Vid\u00e9o &#8211; R\u00e9f\u00e9rences"},"content":{"rendered":"<p style=\"text-align: center;\"><span style=\"font-family: 'comic sans ms', sans-serif; font-size: 14pt;\">C21.10<\/span><span style=\"font-family: 'comic sans ms', sans-serif; font-size: 14pt;\"> &#8211; Parabole de la semence de la Parole \/ Divers Vid\u00e9o &#8211; R\u00e9f\u00e9rences<\/span><\/p>\n<p>Texte<\/p>\n","protected":false},"excerpt":{"rendered":"<p>C21.10 &#8211; Parabole de la semence de la Parole \/ Divers Vid\u00e9o &#8211; R\u00e9f\u00e9rences Texte<\/p>\n","protected":false},"author":1,"featured_media":0,"parent":105,"menu_order":10,"comment_status":"closed","ping_status":"closed","template":"","meta":{"footnotes":""},"_links":{"self":[{"href":"http:\/\/image-bible.ch\/index.php?rest_route=\/wp\/v2\/pages\/1160"}],"collection":[{"href":"http:\/\/image-bible.ch\/index.php?rest_route=\/wp\/v2\/pages"}],"about":[{"href":"http:\/\/image-bible.ch\/index.php?rest_route=\/wp\/v2\/types\/page"}],"author":[{"embeddable":true,"href":"http:\/\/image-bible.ch\/index.php?rest_route=\/wp\/v2\/users\/1"}],"replies":[{"embeddable":true,"href":"http:\/\/image-bible.ch\/index.php?rest_route=%2Fwp%2Fv2%2Fcomments&post=1160"}],"version-history":[{"count":2,"href":"http:\/\/image-bible.ch\/index.php?rest_route=\/wp\/v2\/pages\/1160\/revisions"}],"predecessor-version":[{"id":3985,"href":"http:\/\/image-bible.ch\/index.php?rest_route=\/wp\/v2\/pages\/1160\/revisions\/3985"}],"up":[{"embeddable":true,"href":"http:\/\/image-bible.ch\/index.php?rest_route=\/wp\/v2\/pages\/105"}],"wp:attachment":[{"href":"http:\/\/image-bible.ch\/index.php?rest_route=%2Fwp%2Fv2%2Fmedia&parent=1160"}],"curies":[{"name":"wp","href":"https:\/\/api.w.org\/{rel}","templated":true}]}}