{"id":1201,"date":"2021-03-07T15:45:05","date_gmt":"2021-03-07T14:45:05","guid":{"rendered":"http:\/\/image-bible.ch\/?page_id=1201"},"modified":"2024-11-08T13:45:43","modified_gmt":"2024-11-08T12:45:43","slug":"c22-2-images","status":"publish","type":"page","link":"http:\/\/image-bible.ch\/?page_id=1201","title":{"rendered":"D22.2 \/ Images"},"content":{"rendered":"<p style=\"text-align: center;\"><span style=\"font-family: 'comic sans ms', sans-serif; font-size: 14pt;\">D22.2<\/span><span style=\"font-family: 'comic sans ms', sans-serif; font-size: 14pt;\"> &#8211; Gu\u00e9rison du paralytique \/ Images<\/span><\/p>\n<p><img loading=\"lazy\" decoding=\"async\" class=\"alignnone wp-image-6529\" src=\"http:\/\/image-bible.ch\/wp-content\/uploads\/Guerison-du-paralytique-a-la-piscine-Jn5-20-Mosaique-byzantine-Monreale-252x300.jpg\" alt=\"\" width=\"451\" height=\"537\" srcset=\"http:\/\/image-bible.ch\/wp-content\/uploads\/Guerison-du-paralytique-a-la-piscine-Jn5-20-Mosaique-byzantine-Monreale-252x300.jpg 252w, http:\/\/image-bible.ch\/wp-content\/uploads\/Guerison-du-paralytique-a-la-piscine-Jn5-20-Mosaique-byzantine-Monreale-859x1024.jpg 859w, http:\/\/image-bible.ch\/wp-content\/uploads\/Guerison-du-paralytique-a-la-piscine-Jn5-20-Mosaique-byzantine-Monreale-768x916.jpg 768w, http:\/\/image-bible.ch\/wp-content\/uploads\/Guerison-du-paralytique-a-la-piscine-Jn5-20-Mosaique-byzantine-Monreale-1288x1536.jpg 1288w, http:\/\/image-bible.ch\/wp-content\/uploads\/Guerison-du-paralytique-a-la-piscine-Jn5-20-Mosaique-byzantine-Monreale.jpg 1573w\" sizes=\"(max-width: 451px) 100vw, 451px\" \/><\/p>\n<p><em>Gu\u00e9rison du paralytique \u00e0 la piscine de Bethesda, mosa\u00efque byzantine,<\/em><\/p>\n<p><em>cath\u00e9drale de Monreale (Sicile)<\/em><\/p>\n<p><img loading=\"lazy\" decoding=\"async\" class=\"alignnone  wp-image-9125\" src=\"http:\/\/image-bible.ch\/wp-content\/uploads\/Guerison-dun-paralytique-a-Jerusalem-Eglise-Fedey-Leysin-300x171.jpg\" alt=\"\" width=\"486\" height=\"277\" srcset=\"http:\/\/image-bible.ch\/wp-content\/uploads\/Guerison-dun-paralytique-a-Jerusalem-Eglise-Fedey-Leysin-300x171.jpg 300w, http:\/\/image-bible.ch\/wp-content\/uploads\/Guerison-dun-paralytique-a-Jerusalem-Eglise-Fedey-Leysin-1024x583.jpg 1024w, http:\/\/image-bible.ch\/wp-content\/uploads\/Guerison-dun-paralytique-a-Jerusalem-Eglise-Fedey-Leysin-768x437.jpg 768w, http:\/\/image-bible.ch\/wp-content\/uploads\/Guerison-dun-paralytique-a-Jerusalem-Eglise-Fedey-Leysin-1536x875.jpg 1536w, http:\/\/image-bible.ch\/wp-content\/uploads\/Guerison-dun-paralytique-a-Jerusalem-Eglise-Fedey-Leysin-2048x1166.jpg 2048w\" sizes=\"(max-width: 486px) 100vw, 486px\" \/><\/p>\n<p><em>Gu\u00e9rison d&rsquo;un paralytique, \u00e9glise de Leysin (Vaud, suisse)<\/em><\/p>\n","protected":false},"excerpt":{"rendered":"<p>D22.2 &#8211; Gu\u00e9rison du paralytique \/ Images Gu\u00e9rison du paralytique \u00e0 la piscine de Bethesda, mosa\u00efque byzantine, cath\u00e9drale de Monreale (Sicile) Gu\u00e9rison d&rsquo;un paralytique, \u00e9glise de Leysin (Vaud, suisse)<\/p>\n","protected":false},"author":1,"featured_media":0,"parent":0,"menu_order":2,"comment_status":"closed","ping_status":"closed","template":"","meta":{"footnotes":""},"_links":{"self":[{"href":"http:\/\/image-bible.ch\/index.php?rest_route=\/wp\/v2\/pages\/1201"}],"collection":[{"href":"http:\/\/image-bible.ch\/index.php?rest_route=\/wp\/v2\/pages"}],"about":[{"href":"http:\/\/image-bible.ch\/index.php?rest_route=\/wp\/v2\/types\/page"}],"author":[{"embeddable":true,"href":"http:\/\/image-bible.ch\/index.php?rest_route=\/wp\/v2\/users\/1"}],"replies":[{"embeddable":true,"href":"http:\/\/image-bible.ch\/index.php?rest_route=%2Fwp%2Fv2%2Fcomments&post=1201"}],"version-history":[{"count":6,"href":"http:\/\/image-bible.ch\/index.php?rest_route=\/wp\/v2\/pages\/1201\/revisions"}],"predecessor-version":[{"id":9129,"href":"http:\/\/image-bible.ch\/index.php?rest_route=\/wp\/v2\/pages\/1201\/revisions\/9129"}],"wp:attachment":[{"href":"http:\/\/image-bible.ch\/index.php?rest_route=%2Fwp%2Fv2%2Fmedia&parent=1201"}],"curies":[{"name":"wp","href":"https:\/\/api.w.org\/{rel}","templated":true}]}}