{"id":1217,"date":"2021-03-07T15:48:22","date_gmt":"2021-03-07T14:48:22","guid":{"rendered":"http:\/\/image-bible.ch\/?page_id=1217"},"modified":"2021-03-29T16:19:18","modified_gmt":"2021-03-29T14:19:18","slug":"c22-10-divers-video-references","status":"publish","type":"page","link":"http:\/\/image-bible.ch\/?page_id=1217","title":{"rendered":"D22.10 \/ Divers Video &#8211; R\u00e9f\u00e9rences"},"content":{"rendered":"<p style=\"text-align: center;\"><span style=\"font-family: 'comic sans ms', sans-serif; font-size: 14pt;\">D22.10<\/span><span style=\"font-family: 'comic sans ms', sans-serif; font-size: 14pt;\"> &#8211; Gu\u00e9rison du paralytique \/ Divers Vid\u00e9o &#8211; R\u00e9f\u00e9rences<\/span><\/p>\r\n<p>Texte<\/p>\r\n\r\n<p>Texte<\/p>\r\n","protected":false},"excerpt":{"rendered":"<p>D22.10 &#8211; Gu\u00e9rison du paralytique \/ Divers Vid\u00e9o &#8211; R\u00e9f\u00e9rences Texte Texte<\/p>\n","protected":false},"author":1,"featured_media":0,"parent":0,"menu_order":10,"comment_status":"closed","ping_status":"closed","template":"","meta":{"footnotes":""},"_links":{"self":[{"href":"http:\/\/image-bible.ch\/index.php?rest_route=\/wp\/v2\/pages\/1217"}],"collection":[{"href":"http:\/\/image-bible.ch\/index.php?rest_route=\/wp\/v2\/pages"}],"about":[{"href":"http:\/\/image-bible.ch\/index.php?rest_route=\/wp\/v2\/types\/page"}],"author":[{"embeddable":true,"href":"http:\/\/image-bible.ch\/index.php?rest_route=\/wp\/v2\/users\/1"}],"replies":[{"embeddable":true,"href":"http:\/\/image-bible.ch\/index.php?rest_route=%2Fwp%2Fv2%2Fcomments&post=1217"}],"version-history":[{"count":4,"href":"http:\/\/image-bible.ch\/index.php?rest_route=\/wp\/v2\/pages\/1217\/revisions"}],"predecessor-version":[{"id":4004,"href":"http:\/\/image-bible.ch\/index.php?rest_route=\/wp\/v2\/pages\/1217\/revisions\/4004"}],"wp:attachment":[{"href":"http:\/\/image-bible.ch\/index.php?rest_route=%2Fwp%2Fv2%2Fmedia&parent=1217"}],"curies":[{"name":"wp","href":"https:\/\/api.w.org\/{rel}","templated":true}]}}