{"id":1235,"date":"2021-03-07T16:16:16","date_gmt":"2021-03-07T15:16:16","guid":{"rendered":"http:\/\/image-bible.ch\/?page_id=1235"},"modified":"2021-09-21T19:05:22","modified_gmt":"2021-09-21T17:05:22","slug":"c23-1-la-bible-des-pauvres","status":"publish","type":"page","link":"http:\/\/image-bible.ch\/?page_id=1235","title":{"rendered":"F34.1 \/ La Bible des pauvres"},"content":{"rendered":"<p style=\"text-align: center;\"><span style=\"font-family: 'comic sans ms', sans-serif; font-size: 14pt;\">F34.1<\/span><span style=\"font-family: 'comic sans ms', sans-serif; font-size: 14pt;\"> &#8211; Baiser de Judas &#8211; Arrestation de J\u00e9sus \/ La Bible des pauvres<\/span><\/p>\n<p><img loading=\"lazy\" decoding=\"async\" class=\"alignnone size-medium wp-image-5638\" src=\"http:\/\/image-bible.ch\/wp-content\/uploads\/2021\/05\/23.-Le-baiser-de-Judas-199x300.jpg\" alt=\"\" width=\"199\" height=\"300\" srcset=\"http:\/\/image-bible.ch\/wp-content\/uploads\/2021\/05\/23.-Le-baiser-de-Judas-199x300.jpg 199w, http:\/\/image-bible.ch\/wp-content\/uploads\/2021\/05\/23.-Le-baiser-de-Judas.jpg 658w\" sizes=\"(max-width: 199px) 100vw, 199px\" \/><\/p>\n<p><strong>Types :<\/strong> Joab tue Abner &#8211; Jonathan et Tryphon<\/p>\n<p><strong>Antitype :<\/strong> Par le baiser de Judas J\u00e9sus est trahi<\/p>\n<p>Dans le livre des Rois on lit : Joab vint vers Amasa en tra\u00eetre pour lui parler. Alors qu\u2019il parlait de mani\u00e8re trompeuse et insidieuse il le transper\u00e7a avec son glaive. Joab signifie Judas qui de mani\u00e8re insidieuse par un baiser livra le Christ aux m\u00e9chants juifs.<\/p>\n<p><i>2Sm 20,8-10 : \u00a0Derri\u00e8re Abisha\u00ef partirent en campagne Joab, les Ker\u00e9tiens, les Pel\u00e9riens et tous les preux; ils quitt\u00e8rent J\u00e9rusalem \u00e0 la poursuite de Sh\u00e9ba fils de Bikri.8.\u00a0Ils \u00e9taient pr\u00e8s de la grande pierre qui se trouve \u00e0 Gaba\u00f4n, quand Amasa arriva en face d&rsquo;eux. Or Joab \u00e9tait v\u00eatu de sa tenue militaire sur laquelle il avait ceint une \u00e9p\u00e9e attach\u00e9e \u00e0 ses reins dans son fourreau; celle-ci sortit et tomba.9.\u00a0Joab demanda \u00e0 Amasa : \u00ab Tu vas bien, mon fr\u00e8re ? \u00bb Et, de la main droite, il saisit la barbe d&rsquo;Amasa pour l&#8217;embrasser.10.\u00a0Amasa ne prit pas garde \u00e0 l&rsquo;\u00e9p\u00e9e que Joab avait en main, et celui-ci l&rsquo;en frappa au ventre et r\u00e9pandit ses entrailles \u00e0 terre. Il n&rsquo;eut pas \u00e0 lui donner un second coup et Amasa mourut, tandis que Joab et son fr\u00e8re Abisha\u00ef se lan\u00e7aient \u00e0 la poursuite de Sh\u00e9ba fils de Bikri.<\/i><\/p>\n<p><i>\u00a0<\/i>Dans le livre des Maccab\u00e9es on lit : Tryphon vint vers les hommes de Judas et d\u2019Isara\u00ebl en tra\u00eetre pour leur parler et ainsi les capturer. Ce Tryphon est une pr\u00e9figuration de Judas qui plein de ruse vint vers J\u00e9sus et de mani\u00e8re insidieuse le baisa et ainsi le livra aux juifs.<\/p>\n<p><i>1 Mac 12,42-52 : \u00a0Tryphon, voyant qu&rsquo;il \u00e9tait venu avec une arm\u00e9e nombreuse, se garda de mettre la main sur lui.43.\u00a0Il le re\u00e7ut m\u00eame avec honneur, le recommanda \u00e0 tous ses amis, lui fit des cadeaux et ordonna \u00e0 ses amis et \u00e0 ses troupes de lui ob\u00e9ir comme \u00e0 lui-m\u00eame.44.\u00a0Il dit \u00e0 Jonathan : \u00abPourquoi as-tu fatigu\u00e9 tout ce peuple alors qu&rsquo;il n&rsquo;y a pas entre nous menace de guerre?45.\u00a0Renvoie-les donc chez eux, choisis-toi quelques hommes pour t&rsquo;accompagner et viens avec moi \u00e0 Ptol\u00e9ma\u00efs. Je te livrerai cette ville ainsi que les autres forteresses, le reste des troupes et tous les fonctionnaires, puis, prenant le chemin du retour, je m&rsquo;en irai, car c&rsquo;est dans ce but que je suis venu ici.\u00bb46.\u00a0Lui faisant confiance, Jonathan agit suivant ses dires : il renvoya ses troupes, qui regagn\u00e8rent le pays de Juda.47.\u00a0Il garda avec lui 3.000 hommes dont il d\u00e9tacha 2.000 en Galil\u00e9e, et mille all\u00e8rent avec lui.48.\u00a0Lorsque Jonathan fut entr\u00e9 \u00e0 Ptol\u00e9ma\u00efs, les Ptol\u00e9ma\u00eftes ferm\u00e8rent les portes, se saisirent de sa personne et pass\u00e8rent tous ceux qui \u00e9taient entr\u00e9s avec lui au fil de l&rsquo;\u00e9p\u00e9e.49.\u00a0Tryphon envoya des troupes et de la cavalerie en Galil\u00e9e et dans la Grande Plaine pour exterminer tous les partisans de Jonathan.50.\u00a0Ceux-ci comprirent qu&rsquo;il avait \u00e9t\u00e9 pris et qu&rsquo;il \u00e9tait perdu comme ceux qui se trouvaient avec lui; ils s&rsquo;encourag\u00e8rent les uns les autres et march\u00e8rent en rangs serr\u00e9s, pr\u00eats au combat.51.\u00a0Ceux qui les poursuivaient, voyant qu&rsquo;ils luttaient pour leur vie, s&rsquo;en retourn\u00e8rent.52.\u00a0Ils arriv\u00e8rent tous sains et saufs au pays de Juda, pleur\u00e8rent Jonathan et ses compagnons et furent en proie \u00e0 une grande frayeur; tout Isra\u00ebl mena un grand deuil.<\/i><\/p>\n<p><strong>David : <\/strong><i>Ps 40,10 : M\u00eame l&rsquo;ami, qui avait ma confiance et partageait mon pain, m&rsquo;a frapp\u00e9 du talon.<br \/>\n<\/i><\/p>\n<p><strong>Isa\u00efe :<\/strong><i> Es 3,11 : Quel malheur, h\u00e9las, pour le m\u00e9chant d\u2019\u00eatre trait\u00e9 selon l\u2019\u0153uvre de ses mains ! \u00bb<br \/>\n<\/i><\/p>\n<p><strong>Salomon :<\/strong> <i>Pr 17,20 : Un esprit retors ne trouve pas le bonheur ; qui a la langue perfide tombe dans le malheur.<br \/>\n<\/i><\/p>\n<p><strong>J\u00e9r\u00e9mie :<\/strong><i> (Ps 27,3) : Ne me tra\u00eene pas chez les impies, chez les hommes criminels ; \u00e0 leurs voisins ils parlent de paix quand le mal est dans leur coeur.<\/i><\/p>\n","protected":false},"excerpt":{"rendered":"<p>F34.1 &#8211; Baiser de Judas &#8211; Arrestation de J\u00e9sus \/ La Bible des pauvres Types : Joab tue Abner &#8211; Jonathan et Tryphon Antitype : Par le baiser de Judas J\u00e9sus est trahi Dans le livre des Rois on lit<\/p>\n","protected":false},"author":1,"featured_media":0,"parent":0,"menu_order":0,"comment_status":"closed","ping_status":"closed","template":"","meta":{"footnotes":""},"_links":{"self":[{"href":"http:\/\/image-bible.ch\/index.php?rest_route=\/wp\/v2\/pages\/1235"}],"collection":[{"href":"http:\/\/image-bible.ch\/index.php?rest_route=\/wp\/v2\/pages"}],"about":[{"href":"http:\/\/image-bible.ch\/index.php?rest_route=\/wp\/v2\/types\/page"}],"author":[{"embeddable":true,"href":"http:\/\/image-bible.ch\/index.php?rest_route=\/wp\/v2\/users\/1"}],"replies":[{"embeddable":true,"href":"http:\/\/image-bible.ch\/index.php?rest_route=%2Fwp%2Fv2%2Fcomments&post=1235"}],"version-history":[{"count":7,"href":"http:\/\/image-bible.ch\/index.php?rest_route=\/wp\/v2\/pages\/1235\/revisions"}],"predecessor-version":[{"id":6258,"href":"http:\/\/image-bible.ch\/index.php?rest_route=\/wp\/v2\/pages\/1235\/revisions\/6258"}],"wp:attachment":[{"href":"http:\/\/image-bible.ch\/index.php?rest_route=%2Fwp%2Fv2%2Fmedia&parent=1235"}],"curies":[{"name":"wp","href":"https:\/\/api.w.org\/{rel}","templated":true}]}}