{"id":1242,"date":"2021-03-07T16:17:49","date_gmt":"2021-03-07T15:17:49","guid":{"rendered":"http:\/\/image-bible.ch\/?page_id=1242"},"modified":"2024-11-09T15:08:22","modified_gmt":"2024-11-09T14:08:22","slug":"c23-4-bible-ancien-testament","status":"publish","type":"page","link":"http:\/\/image-bible.ch\/?page_id=1242","title":{"rendered":"F34.4 \/ Bible Ancien-Testament"},"content":{"rendered":"<p style=\"text-align: center;\"><span style=\"font-family: 'comic sans ms', sans-serif; font-size: 14pt;\">F34.4<\/span><span style=\"font-family: 'comic sans ms', sans-serif; font-size: 14pt;\"> &#8211; Baiser de Judas &#8211; Arrestation de J\u00e9sus \/ Bible Ancien-Testament<\/span><\/p>\n<h3><strong>Joab tue Abner par surprise<br \/>\n<\/strong><\/h3>\n<h3><strong><img loading=\"lazy\" decoding=\"async\" class=\"alignnone size-medium wp-image-5634\" src=\"http:\/\/image-bible.ch\/wp-content\/uploads\/2021\/05\/23.-Le-baiser-de-Judas-B-Joab-tue-Amasa-188x300.jpg\" alt=\"\" width=\"188\" height=\"300\" srcset=\"http:\/\/image-bible.ch\/wp-content\/uploads\/2021\/05\/23.-Le-baiser-de-Judas-B-Joab-tue-Amasa-188x300.jpg 188w, http:\/\/image-bible.ch\/wp-content\/uploads\/2021\/05\/23.-Le-baiser-de-Judas-B-Joab-tue-Amasa.jpg 321w\" sizes=\"(max-width: 188px) 100vw, 188px\" \/><\/strong><\/h3>\n<p><span style=\"color: #0000ff;\">2Sm 20,8-10 :<\/span><\/p>\n<p><span style=\"color: #0000ff;\"><sup>8<\/sup><\/span> <strong>Joab<\/strong> et sa troupe se trouvaient <span style=\"color: #008000;\">pr\u00e8s de la Grande Pierre<\/span> qui est \u00e0 <span style=\"color: #008000;\">Gabaon<\/span>, quand <strong>Amasa<\/strong> arriva en face d\u2019eux. <strong>Joab<\/strong> \u00e9tait \u00e9quip\u00e9 de sa tenue et, par-dessus, d\u2019un <em>ceinturon<\/em> autour des reins, avec <em>une \u00e9p\u00e9e dans son fourreau<\/em>. Elle <em>tomba<\/em> tandis qu\u2019il s\u2019avan\u00e7ait.<\/p>\n<p><span style=\"color: #0000ff;\"><sup>9<\/sup><\/span> <strong>Joab<\/strong> dit \u00e0 <strong>Amasa<\/strong>\u00a0: \u00ab\u00a0Vas-tu bien, mon fr\u00e8re\u00a0?\u00a0\u00bb Et, de sa main droite, il saisit <strong>Amasa<\/strong> par <span style=\"color: #ff0000;\">la barb<\/span>e pour <span style=\"color: #ff0000;\"><strong>l\u2019embrasser.<\/strong><\/span><\/p>\n<p><span style=\"color: #0000ff;\"><sup>10<\/sup><\/span> Mais <strong>Amasa<\/strong> n\u2019avait pas fait attention \u00e0 <span style=\"color: #ff0000;\">l\u2019\u00e9p\u00e9e<\/span> que Joab avait <span style=\"color: #ff0000;\">reprise en main<\/span>. Celui-ci l\u2019en <span style=\"color: #ff0000;\">frappa au ventre<\/span>, et ses entrailles se r\u00e9pandirent \u00e0 terre. Il n\u2019eut pas \u00e0 s\u2019y prendre \u00e0 deux fois, et <strong>Amas<\/strong><span style=\"color: #ff0000;\"><strong><span style=\"color: #000000;\">a<\/span><\/strong> <strong>mourut<\/strong><\/span>. <strong>Joab<\/strong> et son fr\u00e8re <strong>Abisha\u00ef<\/strong> repartirent \u00e0 la poursuite de <strong>Sh\u00e9ba<\/strong>, fils de Bikri.<\/p>\n<p><span style=\"color: #993300;\"><strong>Vocabulaire :<\/strong><\/span><\/p>\n<p>&nbsp;<\/p>\n<p><strong><span style=\"color: #0000ff;\">Questions :<\/span><\/strong><\/p>\n<p>&nbsp;<\/p>\n<h4>Commentaire :<\/h4>\n<p>David envoie Amasa convoquer les hommes de Juda pour mater la r\u00e9volte de Sh\u00e9ba. Mais Amasa tarde. David envoie Abisha\u00ef et Joab. Il se retrouve devant son cousin Amasa \u00e0 Gabaon et le tue par tra\u00eetrise d\u2019un coup d\u2019\u00e9p\u00e9e dans le ventre, alors que celui-ci venait l\u2019embrasser. Joab prend ainsi la t\u00eate de la r\u00e9pression de la r\u00e9volte de Sh\u00e9ba et devient le chef de l\u2019arm\u00e9e d\u2019Isra\u00ebl.<\/p>\n<p>&nbsp;<\/p>\n<h3><strong>Jonathan et la tra\u00eetrise de Tryphon<\/strong><\/h3>\n<h3><img loading=\"lazy\" decoding=\"async\" class=\"alignnone size-medium wp-image-5635\" src=\"http:\/\/image-bible.ch\/wp-content\/uploads\/2021\/05\/23.-Le-baiser-de-Judas-B-Judas-maccabee-et-Tryphon-193x300.jpg\" alt=\"\" width=\"193\" height=\"300\" srcset=\"http:\/\/image-bible.ch\/wp-content\/uploads\/2021\/05\/23.-Le-baiser-de-Judas-B-Judas-maccabee-et-Tryphon-193x300.jpg 193w, http:\/\/image-bible.ch\/wp-content\/uploads\/2021\/05\/23.-Le-baiser-de-Judas-B-Judas-maccabee-et-Tryphon.jpg 332w\" sizes=\"(max-width: 193px) 100vw, 193px\" \/><\/h3>\n<p><span style=\"color: #0000ff;\">1Mac 12,42-52\u00a0:<\/span><\/p>\n<p><span style=\"color: #0000ff;\"><sup>41<\/sup><\/span> <strong>Jonathan<\/strong> sortit \u00e0 la rencontre de<strong> Tryphon<\/strong>, <em>g\u00e9n\u00e9ral du royaume s\u00e9leucide<\/em>, et marcha sur <span style=\"color: #008000;\">Bethsane<\/span> avec quarante mille hommes d\u2019\u00e9lite.<\/p>\n<p><span style=\"color: #0000ff;\"><sup>42<\/sup><\/span> Voyant qu\u2019il \u00e9tait accompagn\u00e9 d\u2019une <em>troupe nombreuse<\/em>, <strong>Tryphon<\/strong> n\u2019osa <em>pas porter la main sur lui.<\/em><\/p>\n<p><span style=\"color: #0000ff;\"><sup>43<\/sup><\/span> Au contraire, il<em> l\u2019accueillit<\/em> <em>avec honneur, le recommanda<\/em> \u00e0 tous ses amis, lui fit des cadeaux et ordonna \u00e0 ses amis et \u00e0 ses troupes d\u2019ob\u00e9ir \u00e0 Jonathan comme \u00e0 lui-m\u00eame.<\/p>\n<p><span style=\"color: #0000ff;\"><sup>44<\/sup><\/span> Il dit \u00e0 <strong>Jonathan<\/strong>\u00a0: \u00ab\u00a0Pourquoi as-tu impos\u00e9 cette fatigue \u00e0 tout ce peuple, alors qu\u2019aucune guerre ne nous menace\u00a0?<\/p>\n<p><span style=\"color: #0000ff;\"><sup>45<\/sup><\/span> <em>Renvoie-les<\/em> donc dans leurs foyers, choisis <em>quelques hommes<\/em> pour t\u2019<em>escorter<\/em> et viens avec moi \u00e0 <span style=\"color: #008000;\">Ptol\u00e9ma\u00efs<\/span>. Je te livrerai cette ville et les autres forteresses \u2026\u00bb<\/p>\n<p><span style=\"color: #0000ff;\"><sup>46<\/sup><\/span> <strong>Jonathan<\/strong> lui <span style=\"color: #ff0000;\">fit confiance<\/span> \u2026<span style=\"color: #0000ff;\"> <sup>47<\/sup><\/span> Il ne garda avec lui \u2026 que mille hommes, qui l\u2019accompagn\u00e8rent.<\/p>\n<p><span style=\"color: #0000ff;\"><sup>48<\/sup><\/span> Mais d\u00e8s que Jonathan fut entr\u00e9 dans <span style=\"color: #008000;\">Ptol\u00e9ma\u00efs<\/span>, les habitants <em>ferm\u00e8rent les portes<\/em>, se saisirent de lui et<span style=\"color: #ff0000;\"> tu\u00e8rent<\/span> par l\u2019\u00e9p\u00e9e <strong>Jonathan<\/strong> et tous ceux qui \u00e9taient entr\u00e9s avec lui. <span style=\"color: #0000ff;\"><sup>49<\/sup><\/span> <strong>Tryphon<\/strong> envoya des troupes et des cavaliers en Galil\u00e9e et dans la Grande Plaine pour faire p\u00e9rir tous les hommes de Jonathan.<\/p>\n<p><span style=\"color: #993300;\"><strong>Vocabulaire :<\/strong><\/span><\/p>\n<p>&nbsp;<\/p>\n<p><span style=\"color: #0000ff;\"><strong>Questions :<\/strong><\/span><\/p>\n<p>&nbsp;<\/p>\n<h4>Commentaire :<\/h4>\n<p>Jonathan est le dirigeant de la dynastie hasmon\u00e9enne \u00e0 la suite de Judas Maccab\u00e9e de 161 \u00e0 143 av. J.-C.. Il est le fils de Mattathias et le fr\u00e8re de Judas Maccab\u00e9e, figures de la r\u00e9bellion des Hasmon\u00e9ens contre Antiochos IV \u00c9piphane de l&rsquo;Empire s\u00e9leucide.<\/p>\n<p>Jonathan est tu\u00e9 par Tryphon qui lui fait croire son accueil et sa bienveillance, mais l\u2019enferme dans Ptol\u00e9ma\u00efs.<\/p>\n<p>&nbsp;<\/p>\n<p><img loading=\"lazy\" decoding=\"async\" class=\"alignnone wp-image-5637\" src=\"http:\/\/image-bible.ch\/wp-content\/uploads\/2021\/05\/23.-Le-baiser-de-Judas-D-300x224.jpg\" alt=\"\" width=\"340\" height=\"254\" srcset=\"http:\/\/image-bible.ch\/wp-content\/uploads\/2021\/05\/23.-Le-baiser-de-Judas-D-300x224.jpg 300w, http:\/\/image-bible.ch\/wp-content\/uploads\/2021\/05\/23.-Le-baiser-de-Judas-D.jpg 636w\" sizes=\"(max-width: 340px) 100vw, 340px\" \/><\/p>\n<p><strong>David : <\/strong><i>Ps 40,10 : M\u00eame l&rsquo;ami, qui avait ma confiance et partageait mon pain, m&rsquo;a frapp\u00e9 du talon.<br \/>\n<\/i><\/p>\n<p><strong>Isa\u00efe :<\/strong><i> Es 3,11 : Quel malheur, h\u00e9las, pour le m\u00e9chant d\u2019\u00eatre trait\u00e9 selon l\u2019\u0153uvre de ses mains ! \u00bb<br \/>\n<\/i><\/p>\n<p><strong>Salomon :<\/strong> <i>Pr 17,20 : Un esprit retors ne trouve pas le bonheur ; qui a la langue perfide tombe dans le malheur.<br \/>\n<\/i><\/p>\n<p><strong>J\u00e9r\u00e9mie :<\/strong><i> (Ps 27,3) : Ne me tra\u00eene pas chez les impies, chez les hommes criminels ; \u00e0 leurs voisins ils parlent de paix quand le mal est dans leur coeur.<\/i><\/p>\n<p>&nbsp;<\/p>\n","protected":false},"excerpt":{"rendered":"<p>F34.4 &#8211; Baiser de Judas &#8211; Arrestation de J\u00e9sus \/ Bible Ancien-Testament Joab tue Abner par surprise 2Sm 20,8-10 : 8 Joab et sa troupe se trouvaient pr\u00e8s de la Grande Pierre qui est \u00e0 Gabaon, quand Amasa arriva en<\/p>\n","protected":false},"author":1,"featured_media":0,"parent":0,"menu_order":0,"comment_status":"closed","ping_status":"closed","template":"","meta":{"footnotes":""},"_links":{"self":[{"href":"http:\/\/image-bible.ch\/index.php?rest_route=\/wp\/v2\/pages\/1242"}],"collection":[{"href":"http:\/\/image-bible.ch\/index.php?rest_route=\/wp\/v2\/pages"}],"about":[{"href":"http:\/\/image-bible.ch\/index.php?rest_route=\/wp\/v2\/types\/page"}],"author":[{"embeddable":true,"href":"http:\/\/image-bible.ch\/index.php?rest_route=\/wp\/v2\/users\/1"}],"replies":[{"embeddable":true,"href":"http:\/\/image-bible.ch\/index.php?rest_route=%2Fwp%2Fv2%2Fcomments&post=1242"}],"version-history":[{"count":11,"href":"http:\/\/image-bible.ch\/index.php?rest_route=\/wp\/v2\/pages\/1242\/revisions"}],"predecessor-version":[{"id":9238,"href":"http:\/\/image-bible.ch\/index.php?rest_route=\/wp\/v2\/pages\/1242\/revisions\/9238"}],"wp:attachment":[{"href":"http:\/\/image-bible.ch\/index.php?rest_route=%2Fwp%2Fv2%2Fmedia&parent=1242"}],"curies":[{"name":"wp","href":"https:\/\/api.w.org\/{rel}","templated":true}]}}