{"id":1246,"date":"2021-03-07T16:18:31","date_gmt":"2021-03-07T15:18:31","guid":{"rendered":"http:\/\/image-bible.ch\/?page_id=1246"},"modified":"2024-11-09T15:23:50","modified_gmt":"2024-11-09T14:23:50","slug":"c23-6-icone","status":"publish","type":"page","link":"http:\/\/image-bible.ch\/?page_id=1246","title":{"rendered":"F34.6 \/ Ic\u00f4ne"},"content":{"rendered":"<p style=\"text-align: center;\"><span style=\"font-family: 'comic sans ms', sans-serif; font-size: 14pt;\">F34.6<\/span><span style=\"font-family: 'comic sans ms', sans-serif; font-size: 14pt;\"> &#8211; Baiser de Judas &#8211; Arrestation de J\u00e9sus \/ Ic\u00f4ne<\/span><\/p>\n<p>&nbsp;<\/p>\n<p style=\"text-align: center;\"><img loading=\"lazy\" decoding=\"async\" class=\"alignnone wp-image-9241\" src=\"http:\/\/image-bible.ch\/wp-content\/uploads\/63-297x300.jpg\" alt=\"\" width=\"518\" height=\"524\" srcset=\"http:\/\/image-bible.ch\/wp-content\/uploads\/63-297x300.jpg 297w, http:\/\/image-bible.ch\/wp-content\/uploads\/63-1013x1024.jpg 1013w, http:\/\/image-bible.ch\/wp-content\/uploads\/63-768x776.jpg 768w, http:\/\/image-bible.ch\/wp-content\/uploads\/63-1520x1536.jpg 1520w, http:\/\/image-bible.ch\/wp-content\/uploads\/63-2027x2048.jpg 2027w\" sizes=\"(max-width: 518px) 100vw, 518px\" \/><\/p>\n<p style=\"text-align: center;\">M\u00e9daillon de l&rsquo;arrestation, Tissu de m\u00e9ditation de Nicolas de Fl\u00fce, 15e s. , Sachseln (Suisse)<\/p>\n<p>Dans le tissu de m\u00e9ditation de Nicolas de Flue, qui se trouvait dans son ermitage, le quatri\u00e8me m\u00e9daillon repr\u00e9sente l\u2019arrestation de J\u00e9sus.<\/p>\n<p>Il y d\u2019une part la force humaine repr\u00e9sent\u00e9e par l\u2019\u00e9p\u00e9e de Pierre qui veut faire justice par ses propres forces, mais aussi celles des soldats dont l\u2019un pose une couronne d\u2019\u00e9pine sur la t\u00eate de J\u00e9sus en signe de d\u00e9rision et enfin le baiser de Judas qui est le travestissement et la perversion de la v\u00e9ritable amiti\u00e9 et de l\u2019amour de Dieu.<\/p>\n<p>Et d\u2019autre part la force de Dieu signifi\u00e9e par la gu\u00e9rison de l\u2019oreille du serviteur par J\u00e9sus, et par l\u2019ob\u00e9issance du Christ qui se laisse faire en restant debout. Mais aussi la lib\u00e9ration des prisonniers et de l\u2019esclavage du p\u00e9ch\u00e9 repr\u00e9sent\u00e9e par les menottes aux pieds de J\u00e9sus.<\/p>\n<p>Cette arrestation devient ainsi une cl\u00e9 de discernement\u00a0:<\/p>\n<ul>\n<li>entre <strong>l\u2019esprit de l\u2019homme<\/strong> (par lequel Pierre agit),<\/li>\n<li><strong>l\u2019esprit du monde<\/strong> (dont les soldats sont le signe),<\/li>\n<li><strong>l\u2019esprit du mal<\/strong> (qui anime Judas) qui pervertit l\u2019amour,<\/li>\n<li>et <strong>l\u2019Esprit saint,<\/strong> qui par J\u00e9sus gu\u00e9rit, lib\u00e8re, et rend capable d\u2019agir selon le c\u0153ur de Dieu.<\/li>\n<\/ul>\n","protected":false},"excerpt":{"rendered":"<p>F34.6 &#8211; Baiser de Judas &#8211; Arrestation de J\u00e9sus \/ Ic\u00f4ne &nbsp; M\u00e9daillon de l&rsquo;arrestation, Tissu de m\u00e9ditation de Nicolas de Fl\u00fce, 15e s. , Sachseln (Suisse) Dans le tissu de m\u00e9ditation de Nicolas de Flue, qui se trouvait dans<\/p>\n","protected":false},"author":1,"featured_media":0,"parent":0,"menu_order":0,"comment_status":"closed","ping_status":"closed","template":"","meta":{"footnotes":""},"_links":{"self":[{"href":"http:\/\/image-bible.ch\/index.php?rest_route=\/wp\/v2\/pages\/1246"}],"collection":[{"href":"http:\/\/image-bible.ch\/index.php?rest_route=\/wp\/v2\/pages"}],"about":[{"href":"http:\/\/image-bible.ch\/index.php?rest_route=\/wp\/v2\/types\/page"}],"author":[{"embeddable":true,"href":"http:\/\/image-bible.ch\/index.php?rest_route=\/wp\/v2\/users\/1"}],"replies":[{"embeddable":true,"href":"http:\/\/image-bible.ch\/index.php?rest_route=%2Fwp%2Fv2%2Fcomments&post=1246"}],"version-history":[{"count":6,"href":"http:\/\/image-bible.ch\/index.php?rest_route=\/wp\/v2\/pages\/1246\/revisions"}],"predecessor-version":[{"id":9243,"href":"http:\/\/image-bible.ch\/index.php?rest_route=\/wp\/v2\/pages\/1246\/revisions\/9243"}],"wp:attachment":[{"href":"http:\/\/image-bible.ch\/index.php?rest_route=%2Fwp%2Fv2%2Fmedia&parent=1246"}],"curies":[{"name":"wp","href":"https:\/\/api.w.org\/{rel}","templated":true}]}}