{"id":1305,"date":"2021-03-07T19:10:37","date_gmt":"2021-03-07T18:10:37","guid":{"rendered":"http:\/\/image-bible.ch\/?page_id=1305"},"modified":"2021-09-19T18:38:14","modified_gmt":"2021-09-19T16:38:14","slug":"c25-1-la-bible-des-pauvres","status":"publish","type":"page","link":"http:\/\/image-bible.ch\/?page_id=1305","title":{"rendered":"F36.1 \/ La Bible des pauvres"},"content":{"rendered":"<p style=\"text-align: center;\"><span style=\"font-family: 'comic sans ms', sans-serif; font-size: 14pt;\">F36.1<\/span><span style=\"font-family: 'comic sans ms', sans-serif; font-size: 14pt;\"> &#8211; J\u00e9sus devant Pilate \/ La Bible des pauvres<\/span><\/p>\n<p><img loading=\"lazy\" decoding=\"async\" class=\"alignnone size-medium wp-image-5658\" src=\"http:\/\/image-bible.ch\/wp-content\/uploads\/2021\/05\/25.-Jesus-devant-Pilate-191x300.jpg\" alt=\"\" width=\"191\" height=\"300\" srcset=\"http:\/\/image-bible.ch\/wp-content\/uploads\/2021\/05\/25.-Jesus-devant-Pilate-191x300.jpg 191w, http:\/\/image-bible.ch\/wp-content\/uploads\/2021\/05\/25.-Jesus-devant-Pilate.jpg 611w\" sizes=\"(max-width: 191px) 100vw, 191px\" \/><\/p>\n<p><strong>Types :<\/strong> Jezabel accuse Elie &#8211; les babyloniens demande \u00e0 Nabuchodonosor la mort de Daniel<\/p>\n<p><strong>Antitype :<\/strong> J\u00e9sus comparait devant Pilate<\/p>\n<p>Dans le livre des Rois on lit : l\u2019inf\u00e2me reine J\u00e9zabel voulu \u00e9galement tuer le proph\u00e8te \u00c9lie apr\u00e8s le massacre des proph\u00e8tes. La m\u00e9chante femme\u00a0 signifie les m\u00e9chants juifs, pervers et cruels qui voulaient tuer le vrai Elie, c&rsquo;est-\u00e0-dire le Christ.<\/p>\n<p><i>1R 19,1-3 : \u00a0Achab apprit \u00e0 J\u00e9zabel tout ce qu&rsquo;\u00c9lie avait fait et comment il avait massacr\u00e9 tous les proph\u00e8tes par l&rsquo;\u00e9p\u00e9e.2.\u00a0Alors J\u00e9zabel envoya un messager \u00e0 \u00c9lie avec ces paroles : \u00ab Que les dieux me fassent tel mal et y ajoutent tel autre, si demain \u00e0 cette heure je ne fais pas de ta vie comme de la vie de l&rsquo;un d&rsquo;entre eux ! \u00bb3.\u00a0Il eut peur ; il se leva et partit pour sauver sa vie. Il arriva \u00e0 Bersab\u00e9e qui est \u00e0 Juda, et il laissa l\u00e0 son serviteur.<\/i><\/p>\n<p><i>\u00a0<\/i>Chez Daniel on lit : le peuple injuste vint vers le roi et dit : \u00ab\u00a0Livre-nous Daniel ! \u00bb. Celui-ci livra par peur Daniel. Ce peuple est une pr\u00e9figuration des juifs qui dirent \u00e0 Pilate : \u00ab\u00a0si tu laisse libre celui-ci, tu n\u2019es pas un ami de l\u2019empereur. Ce roi est une pr\u00e9figuration de Pilate que les juifs craignaient et qui leur livra le Christ innocent.<\/p>\n<p><i>Dn 6,11-18 : \u00a0Alors ils s&rsquo;introduisirent aupr\u00e8s du roi et lui rappel\u00e8rent l&rsquo;interdit royal : \u00abN&rsquo;as-tu pas sign\u00e9 l&rsquo;interdit selon lequel tout homme qui, dans les 30 jours, adresserait une pri\u00e8re \u00e0 quiconque, dieu ou homme, autre que toi, \u00f4 roi, serait jet\u00e9 dans la fosse aux lions?\u00bb Le roi r\u00e9pondit : \u00abLa chose est tranch\u00e9e d\u00e9finitivement, selon la loi des M\u00e8des et des Perses, laquelle ne passe point.\u00bb13.\u00a06:14\u00a0Sur quoi, ils dirent au roi : \u00abDaniel, cet homme d&rsquo;entre les gens de la d\u00e9portation de Juda, n&rsquo;a cure de toi, \u00f4 roi, ni de l&rsquo;interdit que tu as sign\u00e9 : trois fois par jour il s&rsquo;acquitte de sa pri\u00e8re.\u00bb14.\u00a06:15\u00a0En entendant ces mots, le roi \u00e9prouva une grande douleur et r\u00e9solut de sauver Daniel. Jusqu&rsquo;au coucher du soleil, il s&rsquo;ing\u00e9nia \u00e0 lui trouver une \u00e9chappatoire.15.\u00a06:16\u00a0Mais ces hommes s&#8217;empress\u00e8rent aupr\u00e8s du roi en disant \u00bbSache, \u00f4 roi, que selon la loi des M\u00e8des et des Perses aucun interdit ou \u00e9dit port\u00e9 par le roi ne peut \u00eatre r\u00e9voqu\u00e9.\u00bb16.\u00a06:17\u00a0Alors, le roi donna ordre de faire venir Daniel et de le jeter dans la fosse aux lions. Le roi dit \u00e0 Daniel : \u00abTon Dieu, que tu as servi avec pers\u00e9v\u00e9rance, c&rsquo;est lui qui te sauvera.\u00bb17.\u00a06:18\u00a0On apporta une pierre qu&rsquo;on posa sur l&rsquo;entr\u00e9e de la fosse, et le roi y apposa son sceau et celui de ses seigneurs, en sorte que rien ne p\u00fbt \u00eatre modifi\u00e9 de ce qui concernait Daniel.<\/i><\/p>\n<p><strong>David :\u00a0<\/strong> <i>Ps 1,5 : au jugement, les m\u00e9chants ne se l\u00e8veront pas, ni les p\u00e9cheurs au rassemblement des justes<br \/>\n<\/i><\/p>\n<p><strong>Isa\u00efe :<\/strong><i> Es 5,20 : Malheureux, ces gens qui d\u00e9clarent bien ce qui est mal, et mal ce qui est bien, qui font des t\u00e9n\u00e8bres la lumi\u00e8re et de la lumi\u00e8re les t\u00e9n\u00e8bres, qui rendent amer ce qui est doux et doux ce qui est amer !<br \/>\n<\/i><\/p>\n<p><strong>Job<\/strong><i> : Jb 36,17 : Si tu dois mener \u00e0 bien le jugement du m\u00e9chant, que le jugement et le droit soient ton appui !<br \/>\n<\/i><\/p>\n<p><strong>Amos :<\/strong><i> Am 5,7 : On change le droit en poison, on jette \u00e0 terre la justice<\/i><\/p>\n<p>&nbsp;<\/p>\n<p>&nbsp;<\/p>\n","protected":false},"excerpt":{"rendered":"<p>F36.1 &#8211; J\u00e9sus devant Pilate \/ La Bible des pauvres Types : Jezabel accuse Elie &#8211; les babyloniens demande \u00e0 Nabuchodonosor la mort de Daniel Antitype : J\u00e9sus comparait devant Pilate Dans le livre des Rois on lit : l\u2019inf\u00e2me<\/p>\n","protected":false},"author":1,"featured_media":0,"parent":0,"menu_order":0,"comment_status":"closed","ping_status":"closed","template":"","meta":{"footnotes":""},"_links":{"self":[{"href":"http:\/\/image-bible.ch\/index.php?rest_route=\/wp\/v2\/pages\/1305"}],"collection":[{"href":"http:\/\/image-bible.ch\/index.php?rest_route=\/wp\/v2\/pages"}],"about":[{"href":"http:\/\/image-bible.ch\/index.php?rest_route=\/wp\/v2\/types\/page"}],"author":[{"embeddable":true,"href":"http:\/\/image-bible.ch\/index.php?rest_route=\/wp\/v2\/users\/1"}],"replies":[{"embeddable":true,"href":"http:\/\/image-bible.ch\/index.php?rest_route=%2Fwp%2Fv2%2Fcomments&post=1305"}],"version-history":[{"count":7,"href":"http:\/\/image-bible.ch\/index.php?rest_route=\/wp\/v2\/pages\/1305\/revisions"}],"predecessor-version":[{"id":6077,"href":"http:\/\/image-bible.ch\/index.php?rest_route=\/wp\/v2\/pages\/1305\/revisions\/6077"}],"wp:attachment":[{"href":"http:\/\/image-bible.ch\/index.php?rest_route=%2Fwp%2Fv2%2Fmedia&parent=1305"}],"curies":[{"name":"wp","href":"https:\/\/api.w.org\/{rel}","templated":true}]}}