{"id":1317,"date":"2021-03-07T19:14:53","date_gmt":"2021-03-07T18:14:53","guid":{"rendered":"http:\/\/image-bible.ch\/?page_id=1317"},"modified":"2024-11-10T17:56:38","modified_gmt":"2024-11-10T16:56:38","slug":"c25-6-icone","status":"publish","type":"page","link":"http:\/\/image-bible.ch\/?page_id=1317","title":{"rendered":"F36.6 \/ Ic\u00f4ne"},"content":{"rendered":"<p style=\"text-align: center;\"><span style=\"font-family: 'comic sans ms', sans-serif; font-size: 14pt;\">F36.6<\/span><span style=\"font-family: 'comic sans ms', sans-serif; font-size: 14pt;\"> &#8211; J\u00e9sus devant Pilate \/ Ic\u00f4ne<\/span><\/p>\n<p><img loading=\"lazy\" decoding=\"async\" class=\"alignnone size-medium wp-image-6542\" src=\"http:\/\/image-bible.ch\/wp-content\/uploads\/Jesus-devant-Pilate-Mt27-29-Mosaique-byzantine-Monreale-2-270x300.jpg\" alt=\"\" width=\"270\" height=\"300\" srcset=\"http:\/\/image-bible.ch\/wp-content\/uploads\/Jesus-devant-Pilate-Mt27-29-Mosaique-byzantine-Monreale-2-270x300.jpg 270w, http:\/\/image-bible.ch\/wp-content\/uploads\/Jesus-devant-Pilate-Mt27-29-Mosaique-byzantine-Monreale-2-923x1024.jpg 923w, http:\/\/image-bible.ch\/wp-content\/uploads\/Jesus-devant-Pilate-Mt27-29-Mosaique-byzantine-Monreale-2-768x852.jpg 768w, http:\/\/image-bible.ch\/wp-content\/uploads\/Jesus-devant-Pilate-Mt27-29-Mosaique-byzantine-Monreale-2-1384x1536.jpg 1384w, http:\/\/image-bible.ch\/wp-content\/uploads\/Jesus-devant-Pilate-Mt27-29-Mosaique-byzantine-Monreale-2.jpg 1515w\" sizes=\"(max-width: 270px) 100vw, 270px\" \/><\/p>\n<p><em>J\u00e9sus devant Pilate, mosa\u00efque byzantine, cath\u00e9drale de Monreale, Sicile, Italie.<\/em><\/p>\n<p><img loading=\"lazy\" decoding=\"async\" class=\"alignnone size-medium wp-image-9259\" src=\"http:\/\/image-bible.ch\/wp-content\/uploads\/Jesus-devant-Pilate-Andrej-Rubluv-Musee-art-ancien-Moscou-225x300.jpg\" alt=\"\" width=\"225\" height=\"300\" srcset=\"http:\/\/image-bible.ch\/wp-content\/uploads\/Jesus-devant-Pilate-Andrej-Rubluv-Musee-art-ancien-Moscou-225x300.jpg 225w, http:\/\/image-bible.ch\/wp-content\/uploads\/Jesus-devant-Pilate-Andrej-Rubluv-Musee-art-ancien-Moscou-767x1024.jpg 767w, http:\/\/image-bible.ch\/wp-content\/uploads\/Jesus-devant-Pilate-Andrej-Rubluv-Musee-art-ancien-Moscou-768x1025.jpg 768w, http:\/\/image-bible.ch\/wp-content\/uploads\/Jesus-devant-Pilate-Andrej-Rubluv-Musee-art-ancien-Moscou-1151x1536.jpg 1151w, http:\/\/image-bible.ch\/wp-content\/uploads\/Jesus-devant-Pilate-Andrej-Rubluv-Musee-art-ancien-Moscou-1534x2048.jpg 1534w, http:\/\/image-bible.ch\/wp-content\/uploads\/Jesus-devant-Pilate-Andrej-Rubluv-Musee-art-ancien-Moscou-scaled.jpg 1918w\" sizes=\"(max-width: 225px) 100vw, 225px\" \/><\/p>\n<p><em>Jesus devant Pilate Andrej Rublev, Mus\u00e9e art ancien, Moscou.<\/em><\/p>\n<p>Voir aussi chemins de croix : <a href=\"https:\/\/frangelico.ch\/chemin-de-croix\/\">Diff\u00e9rents chemins de croix<\/a><\/p>\n","protected":false},"excerpt":{"rendered":"<p>F36.6 &#8211; J\u00e9sus devant Pilate \/ Ic\u00f4ne J\u00e9sus devant Pilate, mosa\u00efque byzantine, cath\u00e9drale de Monreale, Sicile, Italie. Jesus devant Pilate Andrej Rublev, Mus\u00e9e art ancien, Moscou. Voir aussi chemins de croix : Diff\u00e9rents chemins de croix<\/p>\n","protected":false},"author":1,"featured_media":0,"parent":0,"menu_order":0,"comment_status":"closed","ping_status":"closed","template":"","meta":{"footnotes":""},"_links":{"self":[{"href":"http:\/\/image-bible.ch\/index.php?rest_route=\/wp\/v2\/pages\/1317"}],"collection":[{"href":"http:\/\/image-bible.ch\/index.php?rest_route=\/wp\/v2\/pages"}],"about":[{"href":"http:\/\/image-bible.ch\/index.php?rest_route=\/wp\/v2\/types\/page"}],"author":[{"embeddable":true,"href":"http:\/\/image-bible.ch\/index.php?rest_route=\/wp\/v2\/users\/1"}],"replies":[{"embeddable":true,"href":"http:\/\/image-bible.ch\/index.php?rest_route=%2Fwp%2Fv2%2Fcomments&post=1317"}],"version-history":[{"count":5,"href":"http:\/\/image-bible.ch\/index.php?rest_route=\/wp\/v2\/pages\/1317\/revisions"}],"predecessor-version":[{"id":9260,"href":"http:\/\/image-bible.ch\/index.php?rest_route=\/wp\/v2\/pages\/1317\/revisions\/9260"}],"wp:attachment":[{"href":"http:\/\/image-bible.ch\/index.php?rest_route=%2Fwp%2Fv2%2Fmedia&parent=1317"}],"curies":[{"name":"wp","href":"https:\/\/api.w.org\/{rel}","templated":true}]}}