{"id":1349,"date":"2021-03-08T09:09:50","date_gmt":"2021-03-08T08:09:50","guid":{"rendered":"http:\/\/image-bible.ch\/?page_id=1349"},"modified":"2024-11-10T18:30:47","modified_gmt":"2024-11-10T17:30:47","slug":"c26-3-bible-nouveau-testament","status":"publish","type":"page","link":"http:\/\/image-bible.ch\/?page_id=1349","title":{"rendered":"F37.3 \/ Bible Nouveau-Testament"},"content":{"rendered":"<p style=\"text-align: center;\"><span style=\"font-family: 'comic sans ms', sans-serif; font-size: 14pt;\">F37.3<\/span><span style=\"font-family: 'comic sans ms', sans-serif; font-size: 14pt;\"> &#8211; Couronnement d&rsquo;\u00e9pine &#8211; Moquerie \/ Bible Nouveau-Testament<\/span><\/p>\n<p><img loading=\"lazy\" decoding=\"async\" class=\"alignnone size-medium wp-image-5661\" src=\"http:\/\/image-bible.ch\/wp-content\/uploads\/2021\/05\/26.-Couronnement-de-Jesus-C-247x300.jpg\" alt=\"\" width=\"247\" height=\"300\" srcset=\"http:\/\/image-bible.ch\/wp-content\/uploads\/2021\/05\/26.-Couronnement-de-Jesus-C-247x300.jpg 247w, http:\/\/image-bible.ch\/wp-content\/uploads\/2021\/05\/26.-Couronnement-de-Jesus-C.jpg 400w\" sizes=\"(max-width: 247px) 100vw, 247px\" \/><\/p>\n<p><span class=\"verse_number\" style=\"color: #0000ff;\">Mt 27, 26-30 :<br \/>\n<\/span><\/p>\n<p><span style=\"color: #0000ff;\"><sup><span class=\"verse_number\">26<\/span><\/sup><\/span> Alors, <strong>Pilate<\/strong> leur rel\u00e2cha <strong>Barabbas<\/strong> ; quant \u00e0 J\u00e9sus, il le <span style=\"color: #ff0000;\">fit flageller<\/span>, et il le <span style=\"color: #ff0000;\">livra<\/span> pour qu\u2019il soit <span style=\"color: #ff0000;\">crucifi\u00e9<\/span>.<\/p>\n<p><span style=\"color: #0000ff;\"><sup><span class=\"verse_number\">27<\/span><\/sup><\/span> Alors les soldats du gouverneur emmen\u00e8rent J\u00e9sus dans <span style=\"color: #008000;\">la salle du Pr\u00e9toire<\/span> et rassembl\u00e8rent autour de lui toute la garde.<\/p>\n<p><span style=\"color: #0000ff;\"><sup><span class=\"verse_number\">28<\/span><\/sup><\/span> Ils lui <em>enlev\u00e8rent ses v\u00eatements<\/em> et le <em>couvrirent d\u2019un manteau rouge<\/em>.<\/p>\n<p><span style=\"color: #0000ff;\"><sup><span class=\"verse_number\">29<\/span><\/sup><\/span> Puis, <span style=\"color: #ff0000;\">avec des \u00e9pines<\/span>, ils tress\u00e8rent <strong><span style=\"color: #ff0000;\">une couronne<\/span><\/strong>, et la pos\u00e8rent<em> sur sa t\u00eate<\/em>\u00a0; ils lui mirent <em>un roseau dans la main<\/em> droite et, pour <span style=\"color: #ff0000;\"><strong>se moquer<\/strong> <\/span>de lui, ils s\u2019agenouillaient devant lui en disant\u00a0: \u00ab\u00a0<span style=\"color: #ff0000;\">Salut, roi des Juifs\u00a0!<\/span>\u00a0\u00bb<\/p>\n<p><span style=\"color: #0000ff;\"><sup><span class=\"verse_number\">30<\/span><\/sup><\/span> Et, apr\u00e8s avoir <em>crach\u00e9<\/em> sur lui, ils prirent le roseau, et ils le<em> frappaient \u00e0 la t\u00eate<\/em>.<\/p>\n<p><span style=\"color: #0000ff;\"><sup><span class=\"verse_number\">31<\/span><\/sup><\/span> Quand ils se furent bien moqu\u00e9s de lui, ils lui <em>enlev\u00e8rent le manteau<\/em>, lui remirent <em>ses v\u00eatements<\/em>, et l\u2019emmen\u00e8rent pour le <em>crucifier.<\/em><\/p>\n<p><strong><span style=\"color: #993300;\">Vocabulaire :<\/span><\/strong><\/p>\n<p>&nbsp;<\/p>\n<p><strong><span style=\"color: #0000ff;\">Questions :<\/span><\/strong><\/p>\n<p>&nbsp;<\/p>\n<h4>Commentaire :<\/h4>\n<p>Apr\u00e8s le simulacre de proc\u00e8s de J\u00e9sus, puis sa flagellation, avant qu&rsquo;il ne soit crucifi\u00e9, les soldats romains \u00ab tress\u00e8rent <strong>une couronne<\/strong>, et la pos\u00e8rent<em> sur sa t\u00eate<\/em>\u00a0; ils lui mirent <em>un roseau dans la main<\/em> droite et, pour <strong>se moquer<\/strong> de lui, \u00ab Salut, roi des Juifs ! \u00bb Porter une couronne d&rsquo;\u00e9pines \u00e9tait certainement tr\u00e8s douloureux, mais c&rsquo;\u00e9tait surtout un objet de moquerie : le \u00ab roi des Juifs \u00bb \u00e9tait battu, humili\u00e9 et insult\u00e9 par la soldatesque romaine. La couronne d&rsquo;\u00e9pines \u00e9tait la moquerie ultime : une couronne, symbole de royaut\u00e9, servait d&rsquo;outil de torture et de raillerie. Le manteau rouge celui de la majest\u00e9, couvrant sa nudit\u00e9 et le roseau rempla\u00e7ant le sceptre symbole du pouvoir, rabaisse J\u00e9sus au plus bas. Mais pour les chr\u00e9tiens, la couronne d&rsquo;\u00e9pines nous rappelle deux choses :<\/p>\n<p>J\u00e9sus \u00e9tait, est toujours Roi. Un jour, l&rsquo;univers entier se prosternera devant lui et le reconna\u00eetra comme le \u00ab Roi des rois et Seigneur des seigneurs \u00bb (Ap 19,16). Elle est l\u2019image des deux r\u00f4les du Christ : serviteur souffrant (\u00c9sa\u00efe 53) et Roi de Gloire (Ap 19,2) \u00ab Toutefois, J\u00e9sus, qui a \u00e9t\u00e9 abaiss\u00e9 un peu au-dessous des anges, nous le voyons couronn\u00e9 de gloire et d\u2019honneur \u00e0 cause de sa Passion et de sa mort. Si donc il a fait l\u2019exp\u00e9rience de la mort, c\u2019est, par gr\u00e2ce de Dieu, au profit de tous. \u00bb (Hb 2,9)<\/p>\n<p>La couronne d&rsquo;\u00e9pines contient un autre symbole : quand Adam et \u00c8ve ont p\u00e9ch\u00e9 et entra\u00een\u00e9 le mal et la mal\u00e9diction sur le monde, un des \u00e9l\u00e9ments de la mal\u00e9diction de Dieu sur l&rsquo;humanit\u00e9 \u00e9tait le suivant : \u00ab maudit soit le sol \u00e0 cause de toi ! C\u2019est dans la peine que tu en tireras ta nourriture, tous les jours de ta vie. De lui-m\u00eame, il te donnera \u00e9pines et chardons, mais tu auras ta nourriture en cultivant les champs. \u00bb (Gn 3,17-18) Ainsi les soldats romains ont fabriqu\u00e9, sans le savoir, \u00e0 partir d\u2019\u00e9pines, cons\u00e9quence de la mal\u00e9diction, une couronne pour celui qui les en d\u00e9livrerait. \u00ab Cette mal\u00e9diction de la Loi, le Christ nous en a rachet\u00e9s en devenant, pour nous, objet de mal\u00e9diction, car il est \u00e9crit : Il est maudit, celui qui est pendu au bois du supplice. \u00bb (Ga 3,13) Christ, par son sacrifice parfait, nous a d\u00e9livr\u00e9s de la mal\u00e9diction du p\u00e9ch\u00e9 symbolis\u00e9e par l&rsquo;\u00e9pine. Ainsi la couronne d&rsquo;\u00e9pines, \u00e0 la base un objet de moquerie, est un excellent symbole de la v\u00e9ritable identit\u00e9 de J\u00e9sus et de ce qu&rsquo;il a accompli pour toute l\u2019humanit\u00e9.<\/p>\n","protected":false},"excerpt":{"rendered":"<p>F37.3 &#8211; Couronnement d&rsquo;\u00e9pine &#8211; Moquerie \/ Bible Nouveau-Testament Mt 27, 26-30 : 26 Alors, Pilate leur rel\u00e2cha Barabbas ; quant \u00e0 J\u00e9sus, il le fit flageller, et il le livra pour qu\u2019il soit crucifi\u00e9. 27 Alors les soldats du<\/p>\n","protected":false},"author":1,"featured_media":0,"parent":0,"menu_order":0,"comment_status":"closed","ping_status":"closed","template":"","meta":{"footnotes":""},"_links":{"self":[{"href":"http:\/\/image-bible.ch\/index.php?rest_route=\/wp\/v2\/pages\/1349"}],"collection":[{"href":"http:\/\/image-bible.ch\/index.php?rest_route=\/wp\/v2\/pages"}],"about":[{"href":"http:\/\/image-bible.ch\/index.php?rest_route=\/wp\/v2\/types\/page"}],"author":[{"embeddable":true,"href":"http:\/\/image-bible.ch\/index.php?rest_route=\/wp\/v2\/users\/1"}],"replies":[{"embeddable":true,"href":"http:\/\/image-bible.ch\/index.php?rest_route=%2Fwp%2Fv2%2Fcomments&post=1349"}],"version-history":[{"count":9,"href":"http:\/\/image-bible.ch\/index.php?rest_route=\/wp\/v2\/pages\/1349\/revisions"}],"predecessor-version":[{"id":9268,"href":"http:\/\/image-bible.ch\/index.php?rest_route=\/wp\/v2\/pages\/1349\/revisions\/9268"}],"wp:attachment":[{"href":"http:\/\/image-bible.ch\/index.php?rest_route=%2Fwp%2Fv2%2Fmedia&parent=1349"}],"curies":[{"name":"wp","href":"https:\/\/api.w.org\/{rel}","templated":true}]}}