{"id":1351,"date":"2021-03-08T09:10:21","date_gmt":"2021-03-08T08:10:21","guid":{"rendered":"http:\/\/image-bible.ch\/?page_id=1351"},"modified":"2024-11-10T18:35:54","modified_gmt":"2024-11-10T17:35:54","slug":"c26-4-bible-ancien-testament","status":"publish","type":"page","link":"http:\/\/image-bible.ch\/?page_id=1351","title":{"rendered":"F37.4 \/ Bible Ancien-Testament"},"content":{"rendered":"<p style=\"text-align: center;\"><span style=\"font-family: 'comic sans ms', sans-serif; font-size: 14pt;\">F37.4<\/span><span style=\"font-family: 'comic sans ms', sans-serif; font-size: 14pt;\"> &#8211; Couronnement d&rsquo;\u00e9pine &#8211; Moquerie \/ Bible Ancien-Testament<\/span><\/p>\n<h3>Cham se moque de son p\u00e8re No\u00e9<\/h3>\n<p><img loading=\"lazy\" decoding=\"async\" class=\"alignnone size-medium wp-image-5659\" src=\"http:\/\/image-bible.ch\/wp-content\/uploads\/2021\/05\/26.-Couronnement-de-Jesus-A-Cham-se-moque-de-son-pere-Noe--196x300.jpg\" alt=\"\" width=\"196\" height=\"300\" srcset=\"http:\/\/image-bible.ch\/wp-content\/uploads\/2021\/05\/26.-Couronnement-de-Jesus-A-Cham-se-moque-de-son-pere-Noe--196x300.jpg 196w, http:\/\/image-bible.ch\/wp-content\/uploads\/2021\/05\/26.-Couronnement-de-Jesus-A-Cham-se-moque-de-son-pere-Noe-.jpg 308w\" sizes=\"(max-width: 196px) 100vw, 196px\" \/><\/p>\n<p><span style=\"color: #0000ff;\">Gn 9,20-27 :<\/span><\/p>\n<p><span style=\"color: #0000ff;\"><sup>20<\/sup><\/span><strong> No\u00e9,<\/strong> <em>homme de la terre<\/em>, fut le premier \u00e0 <span style=\"color: #ff0000;\">planter la vigne.<\/span><\/p>\n<p><span style=\"color: #0000ff;\"><sup>21<\/sup><\/span> Il en but <span style=\"color: #ff0000;\">le vin<\/span>, <span style=\"color: #ff0000;\">s\u2019enivra<\/span> et se retrouva<span style=\"color: #ff0000;\"> nu<\/span> au <span style=\"color: #008000;\">milieu de sa tente<\/span>.<\/p>\n<p><span style=\"color: #0000ff;\"><sup>22<\/sup><\/span> <strong>Cham<\/strong>, le p\u00e8re <span style=\"color: #008000;\">de Canaan<\/span>, vit que son p\u00e8re \u00e9tait <span style=\"color: #ff0000;\">nu<\/span> et il en informa ses <strong>deux fr\u00e8res<\/strong> qui \u00e9taient dehors.<\/p>\n<p><span style=\"color: #0000ff;\"><sup>23<\/sup><\/span> <strong>Sem et Japhet<\/strong> prirent <span style=\"color: #ff0000;\">le manteau<\/span>, le plac\u00e8rent sur leurs \u00e9paules \u00e0 tous deux et, <em>marchant \u00e0 reculons<\/em>, ils en <span style=\"color: #ff0000;\">couvrirent<\/span> <strong>leur p\u00e8re<\/strong> qui \u00e9tait <span style=\"color: #ff0000;\">nu<\/span>. Comme leurs visages \u00e9taient d\u00e9tourn\u00e9s, ils <em>ne virent pas la nudit\u00e9 de leur p\u00e8re.<\/em><\/p>\n<p><span style=\"color: #0000ff;\"><sup>24<\/sup><\/span> <strong>No\u00e9<\/strong>, ayant cuv\u00e9 son vin, <em>se r\u00e9veilla<\/em> et apprit ce qu\u2019avait <em>fait son plus jeune fils<\/em>.<\/p>\n<p><span style=\"color: #0000ff;\"><sup>25<\/sup><\/span> Il dit\u00a0: \u00ab\u00a0<em>Maudit soit <\/em><strong>Canaan<\/strong>\u00a0! Il sera pour ses fr\u00e8res<em> l\u2019esclave<\/em> des esclaves.\u00a0\u00bb<\/p>\n<p><span style=\"color: #0000ff;\"><sup>26<\/sup><\/span> Et il ajouta\u00a0: \u00ab\u00a0B\u00e9ni soit le Seigneur, le Dieu de<strong> Sem<\/strong>\u00a0! Que Canaan soit son esclave\u00a0!<\/p>\n<p><span style=\"color: #0000ff;\"><sup>27<\/sup><\/span> Que Dieu mette <strong>Japhet<\/strong> au large\u00a0! Qu\u2019il demeure dans les tentes de Sem, et que Canaan soit son esclave.\u00a0\u00bb<\/p>\n<p><strong><span style=\"color: #993300;\">Vocabulaire :<\/span><\/strong><\/p>\n<p>&nbsp;<\/p>\n<p><strong><span style=\"color: #0000ff;\">Questions :<\/span><\/strong><\/p>\n<p>&nbsp;<\/p>\n<h4>Commentaire :<\/h4>\n<p>Cham \u00ab vit la nudit\u00e9 de son p\u00e8re \u00bb. Cette expression tr\u00e8s particuli\u00e8re a un sens beaucoup plus pr\u00e9cis dans le livre du L\u00e9vitique, elle d\u00e9signe les relations sexuelles incestueuses ! Par exemple : \u00ab Nul d\u2019entre vous ne s\u2019approchera de quelqu\u2019un de sa parent\u00e9, pour en d\u00e9couvrir la nudit\u00e9. \u00bb (Lv 18,6) Le commandement se fait encore plus pr\u00e9cis (Lv 18,7), pour ne pas adopter certaines pratiques des pays voisins, l\u2019\u00c9gypte et Canaan : les relations sexuelles avec le p\u00e8re, la m\u00e8re, les s\u0153urs, les demi-s\u0153urs, les petits-enfants, la tante, la belle-fille. Cham aurait donc fait plus que de regarder dormir son p\u00e8re No\u00e9 so\u00fbl et nu !<\/p>\n<h3>Les moqueurs de Elis\u00e9e, un ours d\u00e9vore les moqueurs.<\/h3>\n<p><img loading=\"lazy\" decoding=\"async\" class=\"alignnone size-medium wp-image-5660\" src=\"http:\/\/image-bible.ch\/wp-content\/uploads\/2021\/05\/26.-Couronnement-de-Jesus-B-Un-ours-devore-les-moqueurs-dElisee-190x300.jpg\" alt=\"\" width=\"190\" height=\"300\" srcset=\"http:\/\/image-bible.ch\/wp-content\/uploads\/2021\/05\/26.-Couronnement-de-Jesus-B-Un-ours-devore-les-moqueurs-dElisee-190x300.jpg 190w, http:\/\/image-bible.ch\/wp-content\/uploads\/2021\/05\/26.-Couronnement-de-Jesus-B-Un-ours-devore-les-moqueurs-dElisee.jpg 302w\" sizes=\"(max-width: 190px) 100vw, 190px\" \/><\/p>\n<p><span style=\"color: #0000ff;\">2R 2,23-24 :<\/span><\/p>\n<p><span style=\"color: #0000ff;\"><sup>23<\/sup><\/span> De l\u00e0 <strong>Elis\u00e9e<\/strong> se rendit \u00e0 <span style=\"color: #008000;\">B\u00e9thel<\/span>. Comme il montait par le chemin, <strong>des gamins<\/strong> sortirent <span style=\"color: #008000;\">de la ville<\/span> et <strong><span style=\"color: #ff0000;\">se moqu\u00e8rent<\/span> <\/strong>de lui, en lui disant\u00a0: \u00ab\u00a0<em>Vas-y, le chauve\u00a0!<\/em> Vas-y, le chauve\u00a0!\u00a0\u00bb<\/p>\n<p><span style=\"color: #0000ff;\"><sup>24<\/sup><\/span> <strong>\u00c9lis\u00e9e<\/strong> se retourna, les regarda et <span style=\"color: #ff0000;\"><strong>les maudit<\/strong><\/span> au nom du Seigneur. Alors <em>deux ourses<\/em> sortirent <span style=\"color: #008000;\">du bois<\/span> et <em>d\u00e9chiquet\u00e8rent quarante-deux des enfants<\/em>.<\/p>\n<p><span style=\"color: #0000ff;\"><sup>25<\/sup><\/span> De l\u00e0 il se rendit au <span style=\"color: #008000;\">mont Carmel<\/span>, puis revint \u00e0 <span style=\"color: #008000;\">Samarie<\/span>.<\/p>\n<p><strong><span style=\"color: #993300;\">Vocabulaire :<\/span><\/strong><\/p>\n<p>&nbsp;<\/p>\n<p><strong><span style=\"color: #0000ff;\">Questions :<\/span><\/strong><\/p>\n<p>&nbsp;<\/p>\n<h4>Commentaire :<\/h4>\n<p>\u00c9lis\u00e9e \u00e9tait chauve et n\u2019aimait pas qu\u2019on le lui rappelle. Mais plus profond\u00e9ment l\u2019autorit\u00e9 et l\u2019efficacit\u00e9 de la parole d\u2019\u00c9lis\u00e9e \u00e9tait contest\u00e9e et compar\u00e9e \u00e0 celle d\u2019Elie dont il est le successeur. Ainsi cette exag\u00e9ration de deux ourses qui d\u00e9chiquettent quarante-deux enfants est la d\u00e9monstration de l\u2019efficacit\u00e9 de sa parole.<\/p>\n<p>&nbsp;<\/p>\n<p><img loading=\"lazy\" decoding=\"async\" class=\"alignnone size-medium wp-image-5662\" src=\"http:\/\/image-bible.ch\/wp-content\/uploads\/2021\/05\/26.-Couronnement-de-Jesus-D-300x241.jpg\" alt=\"\" width=\"300\" height=\"241\" srcset=\"http:\/\/image-bible.ch\/wp-content\/uploads\/2021\/05\/26.-Couronnement-de-Jesus-D-300x241.jpg 300w, http:\/\/image-bible.ch\/wp-content\/uploads\/2021\/05\/26.-Couronnement-de-Jesus-D.jpg 622w\" sizes=\"(max-width: 300px) 100vw, 300px\" \/><\/p>\n<p><strong>David :<\/strong> <i>Ps 21,7-9 : <\/i><em>Et moi, je suis un ver, pas un homme, raill\u00e9 par les gens, rejet\u00e9 par le peuple. Tous ceux qui me voient me bafouent, ils ricanent et hochent la t\u00eate : \u00ab Il comptait sur le Seigneur : qu\u2019il le d\u00e9livre ! Qu\u2019il le sauve, puisqu\u2019il est son ami ! \u00bb<\/em><i><\/i><\/p>\n<p><strong>Job :<\/strong>\u00a0<i> (Lm 3,14) : Je suis la ris\u00e9e de tout mon peuple, leur chanson de chaque jour.<br \/>\n<\/i><\/p>\n<p><strong>Salomon : (<\/strong><i>Pr 19,29) : Le ch\u00e2timent est fait pour les insolents, et les coups pour l\u2019\u00e9chine des insens\u00e9s !<br \/>\n<\/i><\/p>\n<p><strong>Isa\u00efe : <\/strong><i>Es 1,4 : Malheur \u00e0 vous, nation p\u00e9cheresse, peuple charg\u00e9 de fautes, engeance de malfaiteurs, fils pervertis ! Ils abandonnent le Seigneur, ils m\u00e9prisent le Saint d\u2019Isra\u00ebl, ils lui tournent le dos.<\/i><\/p>\n","protected":false},"excerpt":{"rendered":"<p>F37.4 &#8211; Couronnement d&rsquo;\u00e9pine &#8211; Moquerie \/ Bible Ancien-Testament Cham se moque de son p\u00e8re No\u00e9 Gn 9,20-27 : 20 No\u00e9, homme de la terre, fut le premier \u00e0 planter la vigne. 21 Il en but le vin, s\u2019enivra et<\/p>\n","protected":false},"author":1,"featured_media":0,"parent":0,"menu_order":0,"comment_status":"closed","ping_status":"closed","template":"","meta":{"footnotes":""},"_links":{"self":[{"href":"http:\/\/image-bible.ch\/index.php?rest_route=\/wp\/v2\/pages\/1351"}],"collection":[{"href":"http:\/\/image-bible.ch\/index.php?rest_route=\/wp\/v2\/pages"}],"about":[{"href":"http:\/\/image-bible.ch\/index.php?rest_route=\/wp\/v2\/types\/page"}],"author":[{"embeddable":true,"href":"http:\/\/image-bible.ch\/index.php?rest_route=\/wp\/v2\/users\/1"}],"replies":[{"embeddable":true,"href":"http:\/\/image-bible.ch\/index.php?rest_route=%2Fwp%2Fv2%2Fcomments&post=1351"}],"version-history":[{"count":10,"href":"http:\/\/image-bible.ch\/index.php?rest_route=\/wp\/v2\/pages\/1351\/revisions"}],"predecessor-version":[{"id":9269,"href":"http:\/\/image-bible.ch\/index.php?rest_route=\/wp\/v2\/pages\/1351\/revisions\/9269"}],"wp:attachment":[{"href":"http:\/\/image-bible.ch\/index.php?rest_route=%2Fwp%2Fv2%2Fmedia&parent=1351"}],"curies":[{"name":"wp","href":"https:\/\/api.w.org\/{rel}","templated":true}]}}