{"id":1353,"date":"2021-03-08T09:10:47","date_gmt":"2021-03-08T08:10:47","guid":{"rendered":"http:\/\/image-bible.ch\/?page_id=1353"},"modified":"2024-11-10T18:42:14","modified_gmt":"2024-11-10T17:42:14","slug":"c26-5-interpretation","status":"publish","type":"page","link":"http:\/\/image-bible.ch\/?page_id=1353","title":{"rendered":"F37.5 \/ Interpr\u00e9tation"},"content":{"rendered":"<p style=\"text-align: center;\"><span style=\"font-family: 'comic sans ms', sans-serif; font-size: 14pt;\">F37.5<\/span><span style=\"font-family: 'comic sans ms', sans-serif; font-size: 14pt;\"> &#8211; Couronnement d&rsquo;\u00e9pine &#8211; Moquerie \/ Interpr\u00e9tation<\/span><\/p>\n<p>Comme Cham son fils, se moqua de No\u00e9 qui dormait nu dans sa tente et ses autres fils ne voulant pas voir cela, le couvrirent. Ainsi J\u00e9sus-Christ, est couronn\u00e9 d\u2019\u00e9pine par les juifs pour se moquer comme des fils infid\u00e8les.<\/p>\n<p>Le r\u00e9cit de la nudit\u00e9 de No\u00e9 en Gen\u00e8se 9, 20-27 et le couronnement d\u2019\u00e9pines de J\u00e9sus sont li\u00e9s par des th\u00e8mes d\u2019humiliation, de respect pour la dignit\u00e9 humaine, et de r\u00e9tablissement de l\u2019honneur malgr\u00e9 les apparences ext\u00e9rieures. No\u00e9 et J\u00e9sus sont des figures d\u2019autorit\u00e9 expos\u00e9es \u00e0 la honte, l\u2019un par sa vuln\u00e9rabilit\u00e9 humaine, l\u2019autre par la cruaut\u00e9 des hommes, mais dans les deux cas, leur dignit\u00e9 et leur autorit\u00e9 ultime sont r\u00e9tablies. Le couronnement d\u2019\u00e9pines r\u00e9v\u00e8le la profondeur de l&rsquo;amour de J\u00e9sus, qui accepte l\u2019humiliation pour sauver l\u2019humanit\u00e9, transformant la honte en acte r\u00e9dempteur.<\/p>\n<h3>1. <strong>L\u2019humiliation de la figure respect\u00e9e<\/strong><\/h3>\n<ul>\n<li><strong>No\u00e9<\/strong> : Apr\u00e8s avoir sauv\u00e9 l\u2019humanit\u00e9 et la cr\u00e9ation \u00e0 travers le d\u00e9luge, No\u00e9, le patriarche, se retrouve dans une situation d\u2019humiliation et de vuln\u00e9rabilit\u00e9, expos\u00e9 dans sa nudit\u00e9 \u00e0 cause de son enivrement. Cham ne respecte pas cette vuln\u00e9rabilit\u00e9 et expose la nudit\u00e9 de son p\u00e8re, accentuant l\u2019humiliation de No\u00e9. Ce manque de respect contraste avec l\u2019attitude de Sem et Japhet, qui choisissent de couvrir leur p\u00e8re, montrant ainsi leur respect pour sa dignit\u00e9.<\/li>\n<li><strong>J\u00e9sus<\/strong> : Lors du couronnement d\u2019\u00e9pines, J\u00e9sus est moqu\u00e9, frapp\u00e9 et rev\u00eatu d\u2019un manteau de pourpre en signe de d\u00e9rision de sa pr\u00e9tention \u00e0 la royaut\u00e9. Bien qu&rsquo;il soit innocent et se trouve dans une position de faiblesse, il est tourn\u00e9 en ridicule de mani\u00e8re cruelle par les soldats romains, qui cherchent \u00e0 rabaisser sa dignit\u00e9. J\u00e9sus incarne ici une royaut\u00e9 spirituelle et divine que les bourreaux ne reconnaissent pas, et qui contraste fortement avec l\u2019humiliation publique qu\u2019il endure.<\/li>\n<\/ul>\n<p>Dans les deux cas, une figure d\u2019autorit\u00e9 (No\u00e9 comme patriarche et J\u00e9sus comme roi messianique) est humili\u00e9e par d&rsquo;autres qui refusent de lui accorder le respect d\u00fb.<\/p>\n<h3>2. <strong>Le contraste entre honte et respect<\/strong><\/h3>\n<ul>\n<li><strong>Cham vs Sem et Japhet<\/strong> : Cham choisit de mettre en \u00e9vidence la honte de son p\u00e8re, tandis que Sem et Japhet lui montrent du respect en le couvrant sans regarder. Leur attitude r\u00e9v\u00e8le une profonde sensibilit\u00e9 et compassion, mettant en contraste leur respect de la dignit\u00e9 paternelle avec l\u2019irrespect de Cham.<\/li>\n<li><strong>Les soldats vs J\u00e9sus<\/strong> : Dans le couronnement d\u2019\u00e9pines, les soldats ne montrent aucun respect pour J\u00e9sus et se livrent \u00e0 des actes de d\u00e9rision et de cruaut\u00e9 gratuite. La patience de J\u00e9sus, qui reste silencieux face \u00e0 cette humiliation, r\u00e9v\u00e8le sa royaut\u00e9 int\u00e9rieure et sa dignit\u00e9, m\u00eame dans la souffrance. En contraste avec les soldats, il incarne une dignit\u00e9 qui d\u00e9passe l\u2019apparence ext\u00e9rieure de sa faiblesse.<\/li>\n<\/ul>\n<p>Ce contraste montre comment la dignit\u00e9 d&rsquo;une personne est r\u00e9v\u00e9l\u00e9e non seulement par son statut ou son apparence ext\u00e9rieure, mais aussi par son attitude et par la mani\u00e8re dont les autres choisissent de la traiter.<\/p>\n<h3>3. <strong>Symbolique du p\u00e9ch\u00e9 et de la r\u00e9demption<\/strong><\/h3>\n<ul>\n<li><strong>No\u00e9 et la faute humaine<\/strong> : Le passage de No\u00e9 r\u00e9v\u00e8le la vuln\u00e9rabilit\u00e9 de l\u2019\u00eatre humain, m\u00eame dans les figures de foi, et comment cette faiblesse est parfois exploit\u00e9e de mani\u00e8re honteuse par les autres. La mal\u00e9diction de Canaan rappelle aussi que les fautes, comme le manque de respect pour la dignit\u00e9 humaine, ont des r\u00e9percussions spirituelles et sociales.<\/li>\n<li><strong>J\u00e9sus et la r\u00e9demption<\/strong> : J\u00e9sus, par son acceptation silencieuse de l\u2019humiliation, prend sur lui les p\u00e9ch\u00e9s du monde, y compris les offenses \u00e0 la dignit\u00e9 humaine, symbolis\u00e9es ici par la moquerie et la d\u00e9rision. Le couronnement d\u2019\u00e9pines devient ainsi un acte de r\u00e9demption, o\u00f9 J\u00e9sus, portant l\u2019humiliation, transforme cette douleur en un chemin vers le salut.<\/li>\n<\/ul>\n<p>Dans ce contexte, le r\u00e9cit de No\u00e9 montre comment les attitudes de moquerie et de manque de respect r\u00e9v\u00e8lent la rupture dans les relations humaines due au p\u00e9ch\u00e9, tandis que le couronnement d\u2019\u00e9pines montre comment J\u00e9sus porte et transforme ces attitudes de p\u00e9ch\u00e9 par sa propre humiliation pour offrir le pardon.<\/p>\n<h3>4. <strong>L\u2019autorit\u00e9 spirituelle voil\u00e9e<\/strong><\/h3>\n<ul>\n<li><strong>No\u00e9<\/strong> : Dans sa nudit\u00e9 et son exposition, No\u00e9 est un patriarche qui se retrouve vuln\u00e9rable, mais son autorit\u00e9 est ensuite r\u00e9tablie par la b\u00e9n\u00e9diction qu&rsquo;il accorde \u00e0 Sem et Japhet, et la mal\u00e9diction qu\u2019il prononce sur Canaan. Bien que faible \u00e0 un moment donn\u00e9, il retrouve une position d\u2019autorit\u00e9 spirituelle.<\/li>\n<li><strong>J\u00e9sus<\/strong> : Pendant le couronnement d\u2019\u00e9pines, l\u2019autorit\u00e9 spirituelle de J\u00e9sus est voil\u00e9e par l\u2019humiliation et la souffrance, mais sa v\u00e9ritable royaut\u00e9 est confirm\u00e9e par sa r\u00e9surrection. Le couronnement d\u2019\u00e9pines devient alors une \u00e9tape vers l\u2019affirmation de sa royaut\u00e9 \u00e9ternelle, que les soldats n\u2019ont pas su reconna\u00eetre.<\/li>\n<\/ul>\n<p>Les deux r\u00e9cits montrent donc une autorit\u00e9 spirituelle qui semble voil\u00e9e ou diminu\u00e9e par l\u2019humiliation mais qui est, en fin de compte, restaur\u00e9e par la dignit\u00e9 et la fid\u00e9lit\u00e9 \u00e0 Dieu.<\/p>\n<p>Comme le proph\u00e8te \u00c9lis\u00e9e lorsqu\u2019il descendit de la montagne rencontra des enfants qui l\u2019interpell\u00e8rent et se moqu\u00e8rent de lui en disant : \u00a0\u00bb monte tondu, monte tondu! \u00ab\u00a0. Ainsi les enfants, les juifs lors du couronnement d\u2019\u00e9pines et la flagellation de J\u00e9sus, se moqu\u00e8rent de lui .<\/p>\n<div class=\"flex max-w-full flex-col flex-grow\">\n<div class=\"min-h-8 text-message flex w-full flex-col items-end gap-2 whitespace-normal break-words [.text-message+&amp;]:mt-5\" dir=\"auto\" data-message-author-role=\"assistant\" data-message-id=\"f7babd49-40b7-48e9-adef-095210be3f09\" data-message-model-slug=\"gpt-4o-mini\">\n<div class=\"flex w-full flex-col gap-1 empty:hidden first:pt-[3px]\">\n<div class=\"markdown prose w-full break-words dark:prose-invert light\">\n<p>Le lien entre <strong>2R 2,23-24<\/strong> (2 Rois 2,23-24) et le <strong>couronnement d&rsquo;\u00e9pines<\/strong> de J\u00e9sus r\u00e9side dans une certaine r\u00e9sonance symbolique li\u00e9e au m\u00e9pris et au rejet, ainsi qu&rsquo;\u00e0 l&rsquo;humiliation publique.<\/p>\n<p>Dans <strong>2 Rois 2,23-24<\/strong>, l&rsquo;histoire raconte comment le proph\u00e8te \u00c9lis\u00e9e, apr\u00e8s avoir quitt\u00e9 J\u00e9richo, est insult\u00e9 par un groupe de jeunes gens qui se moquent de lui en l&rsquo;appelant \u00ab\u00a0homme chauve\u00a0\u00bb. En r\u00e9ponse \u00e0 ces moqueries, \u00c9lis\u00e9e les maudit au nom de Dieu, et deux ours surgissent et d\u00e9vorent 42 d&rsquo;entre eux. Cet \u00e9v\u00e9nement met en lumi\u00e8re la grave cons\u00e9quence du m\u00e9pris envers un proph\u00e8te de Dieu et illustre un jugement divin qui frappe ceux qui rejettent l&rsquo;autorit\u00e9 de l&rsquo;homme de Dieu.<\/p>\n<p>Le <strong>couronnement d&rsquo;\u00e9pines<\/strong> de J\u00e9sus (notamment dans <strong>Matthieu 27,29<\/strong>, <strong>Marc 15,17<\/strong>, et <strong>Jean 19,2<\/strong>) se situe dans le contexte de la Passion de J\u00e9sus. Apr\u00e8s avoir \u00e9t\u00e9 condamn\u00e9 \u00e0 la crucifixion, J\u00e9sus est moqu\u00e9 par les soldats romains qui lui mettent une couronne d&rsquo;\u00e9pines sur la t\u00eate pour le tourner en d\u00e9rision, le pr\u00e9sentant ainsi comme un \u00ab\u00a0roi\u00a0\u00bb d\u00e9nigr\u00e9 et humili\u00e9. Ce geste symbolise le rejet de J\u00e9sus et de sa royaut\u00e9 spirituelle par les autorit\u00e9s.<\/p>\n<p>Le lien symbolique entre ces deux passages r\u00e9side donc dans l&rsquo;humiliation des figures de Dieu : d&rsquo;une part, \u00c9lis\u00e9e, un proph\u00e8te de l&rsquo;Ancien Testament, est insult\u00e9 et moqu\u00e9 par un groupe de jeunes gens ; d&rsquo;autre part, J\u00e9sus, le Christ et Fils de Dieu, est ridiculis\u00e9 et humili\u00e9 par les soldats romains. Dans les deux cas, un jugement divin, ou une forme de sanction, peut \u00eatre per\u00e7u \u00e0 travers le rejet et l&rsquo;humiliation subis par ces figures religieuses.<\/p>\n<p>Le contraste entre la moquerie de l&rsquo;Ancien Testament (la moquerie envers \u00c9lis\u00e9e) et celle du Nouveau Testament (la moquerie envers J\u00e9sus) souligne un passage du jugement divin, repr\u00e9sent\u00e9 de mani\u00e8re diff\u00e9rente mais d&rsquo;une mani\u00e8re qui am\u00e8ne \u00e0 r\u00e9fl\u00e9chir sur le s\u00e9rieux du m\u00e9pris envers les envoy\u00e9s de Dieu. J\u00e9sus, \u00e0 travers son sacrifice et son humiliation, incarne un jugement plus profond qui d\u00e9passe la simple vengeance et se tourne vers le salut et la r\u00e9demption.<\/p>\n<\/div>\n<\/div>\n<\/div>\n<\/div>\n<div class=\"mb-2 flex gap-3 empty:hidden -ml-2\">\n<div class=\"items-center justify-start rounded-xl p-1 flex\">\n<div class=\"flex items-center\"><\/div>\n<\/div>\n<\/div>\n","protected":false},"excerpt":{"rendered":"<p>F37.5 &#8211; Couronnement d&rsquo;\u00e9pine &#8211; Moquerie \/ Interpr\u00e9tation Comme Cham son fils, se moqua de No\u00e9 qui dormait nu dans sa tente et ses autres fils ne voulant pas voir cela, le couvrirent. Ainsi J\u00e9sus-Christ, est couronn\u00e9 d\u2019\u00e9pine par les<\/p>\n","protected":false},"author":1,"featured_media":0,"parent":0,"menu_order":0,"comment_status":"closed","ping_status":"closed","template":"","meta":{"footnotes":""},"_links":{"self":[{"href":"http:\/\/image-bible.ch\/index.php?rest_route=\/wp\/v2\/pages\/1353"}],"collection":[{"href":"http:\/\/image-bible.ch\/index.php?rest_route=\/wp\/v2\/pages"}],"about":[{"href":"http:\/\/image-bible.ch\/index.php?rest_route=\/wp\/v2\/types\/page"}],"author":[{"embeddable":true,"href":"http:\/\/image-bible.ch\/index.php?rest_route=\/wp\/v2\/users\/1"}],"replies":[{"embeddable":true,"href":"http:\/\/image-bible.ch\/index.php?rest_route=%2Fwp%2Fv2%2Fcomments&post=1353"}],"version-history":[{"count":6,"href":"http:\/\/image-bible.ch\/index.php?rest_route=\/wp\/v2\/pages\/1353\/revisions"}],"predecessor-version":[{"id":9270,"href":"http:\/\/image-bible.ch\/index.php?rest_route=\/wp\/v2\/pages\/1353\/revisions\/9270"}],"wp:attachment":[{"href":"http:\/\/image-bible.ch\/index.php?rest_route=%2Fwp%2Fv2%2Fmedia&parent=1353"}],"curies":[{"name":"wp","href":"https:\/\/api.w.org\/{rel}","templated":true}]}}