{"id":1359,"date":"2021-03-08T09:12:05","date_gmt":"2021-03-08T08:12:05","guid":{"rendered":"http:\/\/image-bible.ch\/?page_id=1359"},"modified":"2021-12-15T23:05:29","modified_gmt":"2021-12-15T22:05:29","slug":"c26-8-kt-enfants","status":"publish","type":"page","link":"http:\/\/image-bible.ch\/?page_id=1359","title":{"rendered":"F37.10"},"content":{"rendered":"<p style=\"text-align: center;\"><span style=\"font-family: 'comic sans ms', sans-serif; font-size: 14pt;\">F37.8<\/span><span style=\"font-family: 'comic sans ms', sans-serif; font-size: 14pt;\"> &#8211; Couronnement d&rsquo;\u00e9pine &#8211; Moquerie \/ KT enfants<\/span><\/p>\n<p>Sur No\u00e9 et l&rsquo;arche : <a href=\"https:\/\/www.catechese-par-la-parole.catholique.fr\/2022-09-noe-bienvenue\">Histoire de No\u00e9 et animation<\/a><\/p>\n<p>R\u00e9cit racont\u00e9 et illustr\u00e9 : <a href=\"http:\/\/image-bible.ch\/wp-content\/uploads\/Noe-recit-Gn-6-9.pdf\">No\u00e9 r\u00e9cit Gn 6-9<\/a><\/p>\n<p>&nbsp;<\/p>\n","protected":false},"excerpt":{"rendered":"<p>F37.8 &#8211; Couronnement d&rsquo;\u00e9pine &#8211; Moquerie \/ KT enfants Sur No\u00e9 et l&rsquo;arche : Histoire de No\u00e9 et animation R\u00e9cit racont\u00e9 et illustr\u00e9 : No\u00e9 r\u00e9cit Gn 6-9 &nbsp;<\/p>\n","protected":false},"author":1,"featured_media":0,"parent":0,"menu_order":0,"comment_status":"closed","ping_status":"closed","template":"","meta":{"footnotes":""},"_links":{"self":[{"href":"http:\/\/image-bible.ch\/index.php?rest_route=\/wp\/v2\/pages\/1359"}],"collection":[{"href":"http:\/\/image-bible.ch\/index.php?rest_route=\/wp\/v2\/pages"}],"about":[{"href":"http:\/\/image-bible.ch\/index.php?rest_route=\/wp\/v2\/types\/page"}],"author":[{"embeddable":true,"href":"http:\/\/image-bible.ch\/index.php?rest_route=\/wp\/v2\/users\/1"}],"replies":[{"embeddable":true,"href":"http:\/\/image-bible.ch\/index.php?rest_route=%2Fwp%2Fv2%2Fcomments&post=1359"}],"version-history":[{"count":8,"href":"http:\/\/image-bible.ch\/index.php?rest_route=\/wp\/v2\/pages\/1359\/revisions"}],"predecessor-version":[{"id":6752,"href":"http:\/\/image-bible.ch\/index.php?rest_route=\/wp\/v2\/pages\/1359\/revisions\/6752"}],"wp:attachment":[{"href":"http:\/\/image-bible.ch\/index.php?rest_route=%2Fwp%2Fv2%2Fmedia&parent=1359"}],"curies":[{"name":"wp","href":"https:\/\/api.w.org\/{rel}","templated":true}]}}