{"id":1363,"date":"2021-03-08T09:12:58","date_gmt":"2021-03-08T08:12:58","guid":{"rendered":"http:\/\/image-bible.ch\/?page_id=1363"},"modified":"2021-12-15T23:06:46","modified_gmt":"2021-12-15T22:06:46","slug":"c26-10-divers-video-references","status":"publish","type":"page","link":"http:\/\/image-bible.ch\/?page_id=1363","title":{"rendered":"F37.10 \/ Divers Vid\u00e9o &#8211; R\u00e9f\u00e9rences"},"content":{"rendered":"<p style=\"text-align: center;\"><span style=\"font-family: 'comic sans ms', sans-serif; font-size: 14pt;\">F37.10<\/span><span style=\"font-family: 'comic sans ms', sans-serif; font-size: 14pt;\"> &#8211; Couronnement d&rsquo;\u00e9pine &#8211; Moquerie \/ Divers Vid\u00e9o &#8211; R\u00e9f\u00e9rences<\/span><\/p>\n<p>No\u00e9 : Livres et r\u00e9f\u00e9rences \/ Textes complet : <a href=\"https:\/\/www.catechese-par-la-parole.catholique.fr\/2022-09-noe-bienvenue#reperes-et-videos\">No\u00e9 r\u00e9f\u00e9rences et textes<\/a><\/p>\n<p>Information sur No\u00e9 : <a href=\"http:\/\/expositions.bnf.fr\/parole\/zoom\/13\/01.htm\">Info sur No\u00e9<\/a><\/p>\n","protected":false},"excerpt":{"rendered":"<p>F37.10 &#8211; Couronnement d&rsquo;\u00e9pine &#8211; Moquerie \/ Divers Vid\u00e9o &#8211; R\u00e9f\u00e9rences No\u00e9 : Livres et r\u00e9f\u00e9rences \/ Textes complet : No\u00e9 r\u00e9f\u00e9rences et textes Information sur No\u00e9 : Info sur No\u00e9<\/p>\n","protected":false},"author":1,"featured_media":0,"parent":0,"menu_order":0,"comment_status":"closed","ping_status":"closed","template":"","meta":{"footnotes":""},"_links":{"self":[{"href":"http:\/\/image-bible.ch\/index.php?rest_route=\/wp\/v2\/pages\/1363"}],"collection":[{"href":"http:\/\/image-bible.ch\/index.php?rest_route=\/wp\/v2\/pages"}],"about":[{"href":"http:\/\/image-bible.ch\/index.php?rest_route=\/wp\/v2\/types\/page"}],"author":[{"embeddable":true,"href":"http:\/\/image-bible.ch\/index.php?rest_route=\/wp\/v2\/users\/1"}],"replies":[{"embeddable":true,"href":"http:\/\/image-bible.ch\/index.php?rest_route=%2Fwp%2Fv2%2Fcomments&post=1363"}],"version-history":[{"count":6,"href":"http:\/\/image-bible.ch\/index.php?rest_route=\/wp\/v2\/pages\/1363\/revisions"}],"predecessor-version":[{"id":6753,"href":"http:\/\/image-bible.ch\/index.php?rest_route=\/wp\/v2\/pages\/1363\/revisions\/6753"}],"wp:attachment":[{"href":"http:\/\/image-bible.ch\/index.php?rest_route=%2Fwp%2Fv2%2Fmedia&parent=1363"}],"curies":[{"name":"wp","href":"https:\/\/api.w.org\/{rel}","templated":true}]}}