{"id":1386,"date":"2021-03-08T09:32:20","date_gmt":"2021-03-08T08:32:20","guid":{"rendered":"http:\/\/image-bible.ch\/?page_id=1386"},"modified":"2021-09-19T19:26:06","modified_gmt":"2021-09-19T17:26:06","slug":"c27-1-la-bible-des-pauvres","status":"publish","type":"page","link":"http:\/\/image-bible.ch\/?page_id=1386","title":{"rendered":"F38.1 \/ La Bible des pauvres"},"content":{"rendered":"<p style=\"text-align: center;\"><span style=\"font-family: 'comic sans ms', sans-serif; font-size: 14pt;\">F38.1<\/span><span style=\"font-family: 'comic sans ms', sans-serif; font-size: 14pt;\"> &#8211; La flagellation \/ La Bible des pauvres<\/span><\/p>\n<p><img loading=\"lazy\" decoding=\"async\" class=\"alignnone wp-image-5668\" src=\"http:\/\/image-bible.ch\/wp-content\/uploads\/2021\/05\/27.-Flagellation-de-Jesus-196x300.jpg\" alt=\"\" width=\"276\" height=\"422\" srcset=\"http:\/\/image-bible.ch\/wp-content\/uploads\/2021\/05\/27.-Flagellation-de-Jesus-196x300.jpg 196w, http:\/\/image-bible.ch\/wp-content\/uploads\/2021\/05\/27.-Flagellation-de-Jesus.jpg 646w\" sizes=\"(max-width: 276px) 100vw, 276px\" \/><\/p>\n<p><strong>Types :<\/strong> Mo\u00efse menace la peuple avec des punitions de flagellation &#8211; la flagellation de J\u00e9r\u00e9mie<\/p>\n<p><strong>Antitype :<\/strong> la flagellation de J\u00e9sus<\/p>\n<p>&nbsp;<\/p>\n<p><strong>David :<\/strong> <em>Ps 39,18 : Je suis pauvre et malheureux, mais le Seigneur pense \u00e0 moi. * Tu es mon secours, mon lib\u00e9rateur : mon Dieu, ne tarde pas !<\/em><\/p>\n<p><strong>Mich\u00e9e :<\/strong> <em>(Ct 5,7) : Ils m\u2019ont trouv\u00e9e, les gardes, eux qui tournent dans la ville : ils m\u2019ont frapp\u00e9e, ils m\u2019ont bless\u00e9e, ils ont arrach\u00e9 mon voile, les gardes des remparts !<\/em><\/p>\n<p><strong>Salomon :<\/strong> <em>(Pr 17,26) : Punir un innocent est inadmissible ; frapper des gens de bien n\u2019est pas correct\u00a0<\/em><\/p>\n<p><strong>Isa\u00efe :<\/strong> <em>Es 1,6 : de la plante des pieds \u00e0 la t\u00eate, plus rien n\u2019est intact : partout blessures, contusions, plaies ouvertes, qui ne sont ni pans\u00e9es, ni band\u00e9es, ni soign\u00e9es avec de l\u2019huile.\u00a0 \/ 50,6 : J\u2019ai pr\u00e9sent\u00e9 mon dos \u00e0 ceux qui me frappaient, et mes joues \u00e0 ceux qui m\u2019arrachaient la barbe. Je n\u2019ai pas cach\u00e9 ma face devant les outrages et les crachats.<\/em><\/p>\n<p>&nbsp;<\/p>\n","protected":false},"excerpt":{"rendered":"<p>F38.1 &#8211; La flagellation \/ La Bible des pauvres Types : Mo\u00efse menace la peuple avec des punitions de flagellation &#8211; la flagellation de J\u00e9r\u00e9mie Antitype : la flagellation de J\u00e9sus &nbsp; David : Ps 39,18 : Je suis pauvre<\/p>\n","protected":false},"author":1,"featured_media":0,"parent":0,"menu_order":0,"comment_status":"closed","ping_status":"closed","template":"","meta":{"footnotes":""},"_links":{"self":[{"href":"http:\/\/image-bible.ch\/index.php?rest_route=\/wp\/v2\/pages\/1386"}],"collection":[{"href":"http:\/\/image-bible.ch\/index.php?rest_route=\/wp\/v2\/pages"}],"about":[{"href":"http:\/\/image-bible.ch\/index.php?rest_route=\/wp\/v2\/types\/page"}],"author":[{"embeddable":true,"href":"http:\/\/image-bible.ch\/index.php?rest_route=\/wp\/v2\/users\/1"}],"replies":[{"embeddable":true,"href":"http:\/\/image-bible.ch\/index.php?rest_route=%2Fwp%2Fv2%2Fcomments&post=1386"}],"version-history":[{"count":6,"href":"http:\/\/image-bible.ch\/index.php?rest_route=\/wp\/v2\/pages\/1386\/revisions"}],"predecessor-version":[{"id":6090,"href":"http:\/\/image-bible.ch\/index.php?rest_route=\/wp\/v2\/pages\/1386\/revisions\/6090"}],"wp:attachment":[{"href":"http:\/\/image-bible.ch\/index.php?rest_route=%2Fwp%2Fv2%2Fmedia&parent=1386"}],"curies":[{"name":"wp","href":"https:\/\/api.w.org\/{rel}","templated":true}]}}