{"id":142,"date":"2021-03-01T16:41:29","date_gmt":"2021-03-01T15:41:29","guid":{"rendered":"http:\/\/image-bible.ch\/?page_id=142"},"modified":"2024-08-21T15:30:14","modified_gmt":"2024-08-21T13:30:14","slug":"apparition-a-thomas","status":"publish","type":"page","link":"http:\/\/image-bible.ch\/?page_id=142","title":{"rendered":"G48. Apparition \u00e0 Thomas"},"content":{"rendered":"<p style=\"text-align: center;\"><span style=\"font-size: 14pt; font-family: 'comic sans ms', sans-serif;\">G48 &#8211; Apparition \u00e0 Thomas<\/span><\/p>\n<p><span style=\"font-family: 'comic sans ms', sans-serif;\">| <a href=\"http:\/\/image-bible.ch\/?page_id=2795\" target=\"_blank\" rel=\"noreferrer noopener\">La Bible des Pauvres<\/a> | <a href=\"http:\/\/image-bible.ch\/?page_id=2797\" target=\"_blank\" rel=\"noopener\"> Images<\/a> | <a href=\"http:\/\/image-bible.ch\/?page_id=2814\" target=\"_blank\" rel=\"noreferrer noopener\">Nouveau-Testament<\/a> | <a href=\"http:\/\/image-bible.ch\/?page_id=2800\" target=\"_blank\" rel=\"noreferrer noopener\">Ancien-Testament<\/a> | <a href=\"http:\/\/image-bible.ch\/?page_id=2802\" target=\"_blank\" rel=\"noreferrer noopener\">Interpr\u00e9tation<\/a> | <a href=\"http:\/\/image-bible.ch\/?page_id=2804\" target=\"_blank\" rel=\"noreferrer noopener\">Ic\u00f4ne<\/a> | <a href=\"http:\/\/image-bible.ch\/?page_id=2806\" target=\"_blank\" rel=\"noreferrer noopener\">F\u00eate juive et chr\u00e9tienne<\/a> | <a href=\"http:\/\/image-bible.ch\/?page_id=2808\" target=\"_blank\" rel=\"noreferrer noopener\">KT enfants<\/a> | <a href=\"http:\/\/image-bible.ch\/?page_id=2809\" target=\"_blank\" rel=\"noreferrer noopener\">Jeunes<\/a> | <a href=\"http:\/\/image-bible.ch\/?page_id=2811\" target=\"_blank\" rel=\"noreferrer noopener\">Divers Vid\u00e9o &#8211; R\u00e9f\u00e9rences<\/a> |<\/span><\/p>\n<hr \/>\n<p style=\"text-align: center;\"><strong><span style=\"font-family: 'book antiqua', palatino, serif;\">Page de pr\u00e9sentation<\/span><\/strong><\/p>\n<p>Du livre les 40 clefs pour rencontrer J\u00e9sus : <a href=\"http:\/\/image-bible.ch\/wp-content\/uploads\/39.-Jesus-et-Thomas.pdf\">39. J\u00e9sus et Thomas<\/a><\/p>\n<p>Biblia pauperum : <a href=\"http:\/\/image-bible.ch\/wp-content\/uploads\/37.-Jesus-et-Thomas.pptx\">37. J\u00e9sus et Thomas<\/a><\/p>\n<p><img loading=\"lazy\" decoding=\"async\" class=\"alignnone wp-image-5736\" src=\"http:\/\/image-bible.ch\/wp-content\/uploads\/2021\/05\/37.-Thomas-et-Jesus-192x300.jpg\" alt=\"\" width=\"228\" height=\"356\" srcset=\"http:\/\/image-bible.ch\/wp-content\/uploads\/2021\/05\/37.-Thomas-et-Jesus-192x300.jpg 192w, http:\/\/image-bible.ch\/wp-content\/uploads\/2021\/05\/37.-Thomas-et-Jesus.jpg 624w\" sizes=\"(max-width: 228px) 100vw, 228px\" \/><\/p>\n<hr \/>\n<table style=\"border-collapse: collapse; width: 100%;\">\n<tbody>\n<tr>\n<td style=\"width: 100%;\"><span style=\"font-size: 10pt;\"><em>G44. <a href=\"http:\/\/image-bible.ch\/?page_id=150\">La R\u00e9surrection<\/a> &#8211; G45. <a href=\"http:\/\/image-bible.ch\/?page_id=148\">Apparition aux femmes au tombeau<\/a> &#8211; G46. <a href=\"http:\/\/image-bible.ch\/?page_id=146\">Apparition \u00e0 Marie-Madeleine<\/a>\u00a0 &#8211; G47. <a href=\"http:\/\/image-bible.ch\/?page_id=144\">Apparition au c\u00e9nacle devant la Vierge et les Ap\u00f4tres<\/a> &#8211; G48. <a href=\"http:\/\/image-bible.ch\/?page_id=142\">Apparition \u00e0 Thomas<\/a> &#8211; G49. <a href=\"http:\/\/image-bible.ch\/?page_id=140\">Ascension<\/a> &#8211; G50. <a href=\"http:\/\/image-bible.ch\/?page_id=137\">Pentec\u00f4te\u00a0<\/a> &#8211; G51. <a href=\"http:\/\/image-bible.ch\/?page_id=134\">Jugement dernier<\/a> \u2013 G52.\u00a0<a href=\"http:\/\/image-bible.ch\/?page_id=4427\">Assomption de la Vierge Marie<\/a>\u00a0&#8211; G53. <a href=\"http:\/\/image-bible.ch\/?page_id=132\">Couronnement de la Vierge Marie<\/a><\/em><\/span><\/td>\n<\/tr>\n<\/tbody>\n<\/table>\n","protected":false},"excerpt":{"rendered":"<p>G48 &#8211; Apparition \u00e0 Thomas | La Bible des Pauvres | Images | Nouveau-Testament | Ancien-Testament | Interpr\u00e9tation | Ic\u00f4ne | F\u00eate juive et chr\u00e9tienne | KT enfants | Jeunes | Divers Vid\u00e9o &#8211; R\u00e9f\u00e9rences | Page de pr\u00e9sentation Du<\/p>\n","protected":false},"author":1,"featured_media":0,"parent":0,"menu_order":0,"comment_status":"closed","ping_status":"closed","template":"","meta":{"footnotes":""},"_links":{"self":[{"href":"http:\/\/image-bible.ch\/index.php?rest_route=\/wp\/v2\/pages\/142"}],"collection":[{"href":"http:\/\/image-bible.ch\/index.php?rest_route=\/wp\/v2\/pages"}],"about":[{"href":"http:\/\/image-bible.ch\/index.php?rest_route=\/wp\/v2\/types\/page"}],"author":[{"embeddable":true,"href":"http:\/\/image-bible.ch\/index.php?rest_route=\/wp\/v2\/users\/1"}],"replies":[{"embeddable":true,"href":"http:\/\/image-bible.ch\/index.php?rest_route=%2Fwp%2Fv2%2Fcomments&post=142"}],"version-history":[{"count":11,"href":"http:\/\/image-bible.ch\/index.php?rest_route=\/wp\/v2\/pages\/142\/revisions"}],"predecessor-version":[{"id":7411,"href":"http:\/\/image-bible.ch\/index.php?rest_route=\/wp\/v2\/pages\/142\/revisions\/7411"}],"wp:attachment":[{"href":"http:\/\/image-bible.ch\/index.php?rest_route=%2Fwp%2Fv2%2Fmedia&parent=142"}],"curies":[{"name":"wp","href":"https:\/\/api.w.org\/{rel}","templated":true}]}}