{"id":1421,"date":"2021-03-08T09:52:15","date_gmt":"2021-03-08T08:52:15","guid":{"rendered":"http:\/\/image-bible.ch\/?page_id=1421"},"modified":"2021-09-19T20:38:23","modified_gmt":"2021-09-19T18:38:23","slug":"c28-1-la-bible-des-pauvres","status":"publish","type":"page","link":"http:\/\/image-bible.ch\/?page_id=1421","title":{"rendered":"F39.1 \/ La Bible des pauvres"},"content":{"rendered":"<p style=\"text-align: center;\"><span style=\"font-family: 'comic sans ms', sans-serif; font-size: 14pt;\">F39.1<\/span><span style=\"font-family: 'comic sans ms', sans-serif; font-size: 14pt;\">\u00a0&#8211; J\u00e9sus porte sa croix \/ La Bible des pauvres<\/span><\/p>\n<p><img loading=\"lazy\" decoding=\"async\" class=\"alignnone wp-image-5673\" src=\"http:\/\/image-bible.ch\/wp-content\/uploads\/2021\/05\/28.-Jesus-porte-la-croix-193x300.jpg\" alt=\"\" width=\"255\" height=\"396\" srcset=\"http:\/\/image-bible.ch\/wp-content\/uploads\/2021\/05\/28.-Jesus-porte-la-croix-193x300.jpg 193w, http:\/\/image-bible.ch\/wp-content\/uploads\/2021\/05\/28.-Jesus-porte-la-croix.jpg 644w\" sizes=\"(max-width: 255px) 100vw, 255px\" \/><\/p>\n<p><strong>Types :<\/strong> Isaac porte le bois du sacrifice et Abraham le feu &#8211; Elie et la veuve de Sarepta<\/p>\n<p><strong>Antitype :<\/strong> J\u00e9sus porte la croix<\/p>\n<p>Dans la Gen\u00e8se on lit : Abraham et Isaac all\u00e8rent ensemble, portant l\u2019un le feu et le couteau et l\u2019autre le bois du sacrifice. Isaac portant le bois du sacrifice est une pr\u00e9figuration du Christ, qui porte la croix, sur laquelle il veut \u00eatre offert pour nous, avec son propre corps.<\/p>\n<p><i>Gn 22,1-10 : \u00a0Apr\u00e8s ces \u00e9v\u00e9nements, il arriva que Dieu \u00e9prouva Abraham et lui dit : Abraham ! Abraham ! Il r\u00e9pondit : Me voici !2.\u00a0Dieu dit : Prends ton fils, ton unique, que tu ch\u00e9ris, Isaac, et va-t&rsquo;en au pays de Moriyya, et l\u00e0 tu l&rsquo;offriras en holocauste sur une montagne que je t&rsquo;indiquerai.3.\u00a0Abraham se leva t\u00f4t, sella son \u00e2ne et prit avec lui deux de ses serviteurs et son fils Isaac. Il fendit le bois de l&rsquo;holocauste et se mit en route pour l&rsquo;endroit que Dieu lui avait dit.4.\u00a0Le troisi\u00e8me jour, Abraham, levant les yeux, vit l&rsquo;endroit de loin.5.\u00a0Abraham dit \u00e0 ses serviteurs : Demeurez ici avec l&rsquo;\u00e2ne. Moi et l&rsquo;enfant nous irons jusque l\u00e0-bas, nous adorerons et nous reviendrons vers vous.6.\u00a0Abraham prit le bois de l&rsquo;holocauste et le chargea sur son fils Isaac, lui-m\u00eame prit en mains le feu et le couteau et ils s&rsquo;en all\u00e8rent tous deux ensemble.7.\u00a0Isaac s&rsquo;adressa \u00e0 son p\u00e8re Abraham et dit : Mon p\u00e8re ! Il r\u00e9pondit : Oui, mon fils ! &#8211; Eh bien, reprit-il, voil\u00e0 le feu et le bois, mais o\u00f9 est l&rsquo;agneau pour l&rsquo;holocauste ?8.\u00a0Abraham r\u00e9pondit : C&rsquo;est Dieu qui pourvoira \u00e0 l&rsquo;agneau pour l&rsquo;holocauste, mon fils, et ils s&rsquo;en all\u00e8rent tous deux ensemble.9.\u00a0Quand ils furent arriv\u00e9s \u00e0 l&rsquo;endroit que Dieu lui avait indiqu\u00e9, Abraham y \u00e9leva l&rsquo;autel et disposa le bois, puis il lia son fils Isaac et le mit sur l&rsquo;autel, par-dessus le bois.<\/i><\/p>\n<p>Dans le livre des Rois on lit : le proph\u00e8te Elie interpella une veuve qui allait sur le champ ramasser du bois et lui demanda de lui pr\u00e9parer un repas. Celle-ci lui r\u00e9pondit : \u00ab\u00a0je ramasse deux bois pour pr\u00e9parer un repas pour mon fils et moi. Ces deux bois ramass\u00e9 par la veuve sont une pr\u00e9figuration des deux poutres de la croix du Christ.<\/p>\n<p><i>1R 17,10-16 : \u00a0Il se leva et alla \u00e0 Sarepta. Comme il arrivait \u00e0 l&rsquo;entr\u00e9e de la ville, il y avait l\u00e0 une veuve qui ramassait du bois ; il l&rsquo;interpella et lui dit : \u00ab Apporte-moi donc un peu d&rsquo;eau dans la cruche, que je boive ! \u00bb11.\u00a0Comme elle allait la chercher, il lui cria : \u00ab Apporte-moi donc un morceau de pain dans ta main ! \u00bb12.\u00a0Elle r\u00e9pondit : \u00ab Par Yahv\u00e9 vivant, ton Dieu ! je n&rsquo;ai pas de pain cuit ; je n&rsquo;ai qu&rsquo;une poign\u00e9e de farine dans une jarre et un peu d&rsquo;huile dans une cruche, je suis \u00e0 ramasser deux bouts de bois, je vais pr\u00e9parer cela pour moi et mon fils, nous mangerons et nous mourrons. \u00bb13.\u00a0Mais \u00c9lie lui dit : \u00ab Ne crains rien, va faire comme tu dis ; seulement, pr\u00e9pare-m&rsquo;en d&rsquo;abord une petite galette, que tu m&rsquo;apporteras : tu en feras ensuite pour toi et ton fils.14.\u00a0Car ainsi parle Yahv\u00e9, Dieu d&rsquo;Isra\u00ebl :Jarre de farine ne s&rsquo;\u00e9puisera, cruche d&rsquo;huile ne se videra, jusqu&rsquo;au jour o\u00f9 Yahv\u00e9 enverra la pluie sur la face de la terre. \u00bb15.\u00a0Elle alla et fit comme avait dit \u00c9lie, et ils mang\u00e8rent, elle, lui et son fils.16.\u00a0La jarre de farine ne s&rsquo;\u00e9puisa pas et la cruche d&rsquo;huile ne se vida pas, selon la parole que Yahv\u00e9 avait dite par le minist\u00e8re d&rsquo;\u00c9lie.<\/i><\/p>\n<p><strong>Salomon :<\/strong><i> Pr 1,24 : Quand j\u2019ai appel\u00e9, vous avez rechign\u00e9, quand j\u2019ai tendu la main, nul ne s\u2019en est souci\u00e9 !\u00a0 \/ Ps 128,3 : Sur mon dos, des laboureurs ont labour\u00e9 et creus\u00e9 leurs sillons ;<br \/>\n<\/i><\/p>\n<p><strong>Ez\u00e9chiel :<\/strong><i> Ez 9,4 : Il lui dit : \u00ab Passe \u00e0 travers la ville, \u00e0 travers J\u00e9rusalem, et marque d\u2019une croix au front ceux qui g\u00e9missent et qui se lamentent sur toutes les abominations qu\u2019on y commet. \u00bb<br \/>\n<\/i><\/p>\n<p><strong>Isa\u00efe :<\/strong><i> Es 53,7 : Maltrait\u00e9, il s\u2019humilie, il n\u2019ouvre pas la bouche : comme un agneau conduit \u00e0 l\u2019abattoir, comme une brebis muette devant les tondeurs, il n\u2019ouvre pas la bouche.<br \/>\n<\/i><\/p>\n<p><strong>J\u00e9r\u00e9mie :<\/strong><i> Jr 11,19 : Moi, j\u2019\u00e9tais comme un agneau docile qu\u2019on emm\u00e8ne \u00e0 l\u2019abattoir, et je ne savais pas qu\u2019ils montaient un complot contre moi. Ils disaient : \u00ab Coupons l\u2019arbre \u00e0 la racine, retranchons-le de la terre des vivants, afin qu\u2019on oublie jusqu\u2019\u00e0 son nom. \u00bb<\/i><\/p>\n<p>&nbsp;<\/p>\n","protected":false},"excerpt":{"rendered":"<p>F39.1\u00a0&#8211; J\u00e9sus porte sa croix \/ La Bible des pauvres Types : Isaac porte le bois du sacrifice et Abraham le feu &#8211; Elie et la veuve de Sarepta Antitype : J\u00e9sus porte la croix Dans la Gen\u00e8se on lit<\/p>\n","protected":false},"author":1,"featured_media":0,"parent":0,"menu_order":0,"comment_status":"closed","ping_status":"closed","template":"","meta":{"footnotes":""},"_links":{"self":[{"href":"http:\/\/image-bible.ch\/index.php?rest_route=\/wp\/v2\/pages\/1421"}],"collection":[{"href":"http:\/\/image-bible.ch\/index.php?rest_route=\/wp\/v2\/pages"}],"about":[{"href":"http:\/\/image-bible.ch\/index.php?rest_route=\/wp\/v2\/types\/page"}],"author":[{"embeddable":true,"href":"http:\/\/image-bible.ch\/index.php?rest_route=\/wp\/v2\/users\/1"}],"replies":[{"embeddable":true,"href":"http:\/\/image-bible.ch\/index.php?rest_route=%2Fwp%2Fv2%2Fcomments&post=1421"}],"version-history":[{"count":8,"href":"http:\/\/image-bible.ch\/index.php?rest_route=\/wp\/v2\/pages\/1421\/revisions"}],"predecessor-version":[{"id":6102,"href":"http:\/\/image-bible.ch\/index.php?rest_route=\/wp\/v2\/pages\/1421\/revisions\/6102"}],"wp:attachment":[{"href":"http:\/\/image-bible.ch\/index.php?rest_route=%2Fwp%2Fv2%2Fmedia&parent=1421"}],"curies":[{"name":"wp","href":"https:\/\/api.w.org\/{rel}","templated":true}]}}