{"id":1425,"date":"2021-03-08T09:53:10","date_gmt":"2021-03-08T08:53:10","guid":{"rendered":"http:\/\/image-bible.ch\/?page_id=1425"},"modified":"2024-11-10T21:50:43","modified_gmt":"2024-11-10T20:50:43","slug":"c28-3-bible-nouveau-testament","status":"publish","type":"page","link":"http:\/\/image-bible.ch\/?page_id=1425","title":{"rendered":"F39.3 \/ Bible  Nouveau-Testament"},"content":{"rendered":"<p style=\"text-align: center;\"><span style=\"font-family: 'comic sans ms', sans-serif; font-size: 14pt;\">F39.3<\/span><span style=\"font-family: 'comic sans ms', sans-serif; font-size: 14pt;\"> &#8211; J\u00e9sus porte sa croix \/ Bible Nouveau-Testament<\/span><\/p>\n<p><img loading=\"lazy\" decoding=\"async\" class=\"alignnone size-medium wp-image-5671\" src=\"http:\/\/image-bible.ch\/wp-content\/uploads\/2021\/05\/28.-Jesus-porte-la-croix-C-187x300.jpg\" alt=\"\" width=\"187\" height=\"300\" srcset=\"http:\/\/image-bible.ch\/wp-content\/uploads\/2021\/05\/28.-Jesus-porte-la-croix-C-187x300.jpg 187w, http:\/\/image-bible.ch\/wp-content\/uploads\/2021\/05\/28.-Jesus-porte-la-croix-C.jpg 321w\" sizes=\"(max-width: 187px) 100vw, 187px\" \/><\/p>\n<p><span style=\"color: #0000ff;\">Mt 27,32 :<\/span><\/p>\n<p>En sortant, <strong>les soldats<\/strong> trouv\u00e8rent un nomm\u00e9 <strong>Simon<\/strong>, originaire de <span style=\"color: #008000;\">Cyr\u00e8ne<\/span>, et ils le r\u00e9quisitionn\u00e8rent pour <strong><span style=\"color: #ff0000;\">porter la croix<\/span><\/strong> de <strong>J\u00e9sus<\/strong>.<\/p>\n<p><span style=\"color: #0000ff;\">Mc 15,20-22 :<\/span><\/p>\n<p>Puis, de l\u00e0, <strong>les soldats<\/strong> l\u2019emm\u00e8nent pour<span style=\"color: #ff0000;\"> le crucifier<\/span>, <sup><span class=\"verse_number\" style=\"color: #0000ff;\">21<\/span><\/sup> et ils r\u00e9quisitionnent, pour <strong><span style=\"color: #ff0000;\">porter sa croix<\/span><\/strong>, un passant, <strong>Simon<\/strong> de <span style=\"color: #008000;\">Cyr\u00e8ne<\/span>, le p\u00e8re d\u2019Alexandre et de Rufus, qui revenait <span style=\"color: #008000;\">des champs<\/span>.<\/p>\n<p><sup><span class=\"verse_number\" style=\"color: #0000ff;\">22<\/span><\/sup> Et ils am\u00e8nent <strong>J\u00e9sus<\/strong> au lieu dit <span style=\"color: #008000;\">Golgotha<\/span>, ce qui se traduit\u00a0: <span style=\"color: #008000;\">Lieu-du-Cr\u00e2ne (ou Calvaire).<\/span><\/p>\n<p><span style=\"color: #0000ff;\">Jn 19,16-17 :<\/span><\/p>\n<p><sup><span class=\"verse_number\" style=\"color: #0000ff;\">16<\/span><\/sup> Alors, <strong>Pilate<\/strong> leur livra J\u00e9sus pour qu\u2019il soit <strong><span style=\"color: #ff0000;\">crucifi\u00e9.<\/span><\/strong> Ils se saisirent de <strong>J\u00e9sus<\/strong>.<\/p>\n<p><sup><span class=\"verse_number\" style=\"color: #0000ff;\">17<\/span><\/sup> Et lui-m\u00eame, <strong><span style=\"color: #ff0000;\">portant sa croix<\/span><\/strong>, sortit en direction du lieu dit <span style=\"color: #008000;\">Le Cr\u00e2ne (ou Calvaire)<\/span>, qui se dit en h\u00e9breu<span style=\"color: #008000;\"> Golgotha<\/span>.<\/p>\n<p><strong><span style=\"color: #993300;\">Vocabulaire :<\/span><\/strong><\/p>\n<p>&nbsp;<\/p>\n<p><strong><span style=\"color: #0000ff;\">Questions :<\/span><\/strong><\/p>\n<p>&nbsp;<\/p>\n<h4>Commentaire :<\/h4>\n<p>Pour les synoptiques (Mt, Mc, Lc) ce n\u2019est pas J\u00e9sus qui porte sa croix, mais bien Simon de Cyr\u00e8ne, un passant qui n\u2019\u00e9tait pas impliqu\u00e9 dans l\u2019affaire. Matthieu pr\u00e9cise que Simon marchait derri\u00e8re J\u00e9sus, ce qui laisse entendre qu\u2019il devient un mod\u00e8le de disciple. En effet, Simon de Cyr\u00e8ne est l\u2019illustration parfaite du disciple qui \u00e9coute l\u2019appel de J\u00e9sus \u00e0 prendre sa croix pour le suivre. Ce que J\u00e9sus a enseign\u00e9 \u00e0 ses disciples \u00e0 plusieurs reprise (Mt 10,28\u00a0; 16,24).<\/p>\n<p>L\u2019\u00e9vangile de Jean ne mentionne pas Simon de Cyr\u00e8ne. Au moins deux raisons peuvent l\u2019expliquer. D\u2019une part, cet \u00e9vangile n\u2019insiste pas comme les autres sur l\u2019appel que re\u00e7oivent les disciples de prendre leurs croix pour suivre J\u00e9sus. Le personnage de Simon de Cyr\u00e8ne n\u2019est donc pas n\u00e9cessaire. D\u2019autre part, Jean pr\u00e9sente J\u00e9sus d\u2019une fa\u00e7on diff\u00e9rente des trois autres \u00e9vangiles. Il est le Verbe (logos) qui s\u2019est fait chair, l\u2019envoy\u00e9 de Dieu. La crucifixion en Jean n\u2019est pas pr\u00e9sent\u00e9e comme une simple ex\u00e9cution ; plut\u00f4t comme l\u2019\u00e9l\u00e9vation de J\u00e9sus vers le ciel. La lecture du r\u00e9cit de la passion en Jean montre un J\u00e9sus qui semble tellement en contr\u00f4le de la situation que c\u2019est lui-m\u00eame qui porte sa croix.<\/p>\n","protected":false},"excerpt":{"rendered":"<p>F39.3 &#8211; J\u00e9sus porte sa croix \/ Bible Nouveau-Testament Mt 27,32 : En sortant, les soldats trouv\u00e8rent un nomm\u00e9 Simon, originaire de Cyr\u00e8ne, et ils le r\u00e9quisitionn\u00e8rent pour porter la croix de J\u00e9sus. Mc 15,20-22 : Puis, de l\u00e0, les<\/p>\n","protected":false},"author":1,"featured_media":0,"parent":0,"menu_order":0,"comment_status":"closed","ping_status":"closed","template":"","meta":{"footnotes":""},"_links":{"self":[{"href":"http:\/\/image-bible.ch\/index.php?rest_route=\/wp\/v2\/pages\/1425"}],"collection":[{"href":"http:\/\/image-bible.ch\/index.php?rest_route=\/wp\/v2\/pages"}],"about":[{"href":"http:\/\/image-bible.ch\/index.php?rest_route=\/wp\/v2\/types\/page"}],"author":[{"embeddable":true,"href":"http:\/\/image-bible.ch\/index.php?rest_route=\/wp\/v2\/users\/1"}],"replies":[{"embeddable":true,"href":"http:\/\/image-bible.ch\/index.php?rest_route=%2Fwp%2Fv2%2Fcomments&post=1425"}],"version-history":[{"count":8,"href":"http:\/\/image-bible.ch\/index.php?rest_route=\/wp\/v2\/pages\/1425\/revisions"}],"predecessor-version":[{"id":9300,"href":"http:\/\/image-bible.ch\/index.php?rest_route=\/wp\/v2\/pages\/1425\/revisions\/9300"}],"wp:attachment":[{"href":"http:\/\/image-bible.ch\/index.php?rest_route=%2Fwp%2Fv2%2Fmedia&parent=1425"}],"curies":[{"name":"wp","href":"https:\/\/api.w.org\/{rel}","templated":true}]}}