{"id":1454,"date":"2021-03-08T10:12:09","date_gmt":"2021-03-08T09:12:09","guid":{"rendered":"http:\/\/image-bible.ch\/?page_id=1454"},"modified":"2021-09-19T21:07:33","modified_gmt":"2021-09-19T19:07:33","slug":"c29-1-la-bible-des-pauvres","status":"publish","type":"page","link":"http:\/\/image-bible.ch\/?page_id=1454","title":{"rendered":"F40.1 \/ La Bible des pauvres"},"content":{"rendered":"<p style=\"text-align: center;\"><span style=\"font-family: 'comic sans ms', sans-serif; font-size: 14pt;\">F40.1<\/span><span style=\"font-family: 'comic sans ms', sans-serif; font-size: 14pt;\"> &#8211; J\u00e9sus crucifi\u00e9 \/ La Bible des pauvres<\/span><\/p>\n<p><img loading=\"lazy\" decoding=\"async\" class=\"alignnone wp-image-5686\" src=\"http:\/\/image-bible.ch\/wp-content\/uploads\/2021\/05\/29.-Jesus-crucifie-193x300.jpg\" alt=\"\" width=\"363\" height=\"564\" srcset=\"http:\/\/image-bible.ch\/wp-content\/uploads\/2021\/05\/29.-Jesus-crucifie-193x300.jpg 193w, http:\/\/image-bible.ch\/wp-content\/uploads\/2021\/05\/29.-Jesus-crucifie.jpg 623w\" sizes=\"(max-width: 363px) 100vw, 363px\" \/><\/p>\n<p><strong>Types :<\/strong> Abraham offre Isaac en sacrifice &#8211; Mo\u00efse \u00e9l\u00e8ve un serpent de bronze pour gu\u00e9rir des morsures des serpents<\/p>\n<p><strong>Antitype :<\/strong> J\u00e9sus est crucifi\u00e9<\/p>\n<p>Dans la Gen\u00e8se on lit : un ange descendit du ciel lorsque Abraham \u00e9tendit le couteau pour sacrifier son fils Isaac et l\u2019emp\u00eacha par ces paroles : \u00ab\u00a0N\u2019\u00e9tends pas la main sur l\u2019enfant !\u00a0\u00bb Cet Abraham est une pr\u00e9figuration du p\u00e8re c\u00e9leste, qui sacrifie son fils J\u00e9sus sur la croix pour nous tous, pour donner une signe de son amour.<\/p>\n<p><i>Gn 22,9-13 : \u00a0Quand ils furent arriv\u00e9s \u00e0 l&rsquo;endroit que Dieu lui avait indiqu\u00e9, Abraham y \u00e9leva l&rsquo;autel et disposa le bois, puis il lia son fils Isaac et le mit sur l&rsquo;autel, par-dessus le bois.10.\u00a0Abraham \u00e9tendit la main et saisit le couteau pour immoler son fils.11.\u00a0Mais l&rsquo;Ange de Yahv\u00e9 l&rsquo;appela du ciel et dit : Abraham ! Abraham ! Il r\u00e9pondit : Me voici !12.\u00a0L&rsquo;Ange dit : N&rsquo;\u00e9tends pas la main contre l&rsquo;enfant ! Ne lui fais aucun mal ! Je sais maintenant que tu crains Dieu : tu ne m&rsquo;as pas refus\u00e9 ton fils, ton unique.13.\u00a0Abraham leva les yeux et vit un b\u00e9lier, qui s&rsquo;\u00e9tait pris par les cornes dans un buisson, et Abraham alla prendre le b\u00e9lier et l&rsquo;offrit en holocauste \u00e0 la place de son fils.<\/i><\/p>\n<p>Lorsque le Seigneur voulu lib\u00e9rer son peuple des morsures des serpents, il ordonna \u00e0 Mo\u00efse de dresser un serpent semblable en airain, ainsi tous ceux qui regarderaient le serpent en airain seraient lib\u00e9rer des morsures des serpents. Le serpent dress\u00e9 sur le bois est une pr\u00e9figuration du Christ crucifi\u00e9 sur la croix, que celui qui veut \u00eatre lib\u00e9r\u00e9 du serpent, du diable, doit contempler.<\/p>\n<p><i>Nb 21,6-9 : \u00a0Dieu envoya alors contre le peuple les serpents br\u00fblants, dont la morsure fit p\u00e9rir beaucoup de monde en Isra\u00ebl.7.\u00a0Le peuple vint dire \u00e0 Mo\u00efse : \u00ab Nous avons p\u00e9ch\u00e9 en parlant contre Yahv\u00e9 et contre toi. Interc\u00e8de aupr\u00e8s de Yahv\u00e9 pour qu&rsquo;il \u00e9loigne de nous ces serpents. \u00bb Mo\u00efse interc\u00e9da pour le peuple8.\u00a0et Yahv\u00e9 lui r\u00e9pondit : \u00ab Fa\u00e7onne-toi un Br\u00fblant que tu placeras sur un \u00e9tendard. Quiconque aura \u00e9t\u00e9 mordu et le regardera restera en vie. \u00bb9.\u00a0Mo\u00efse fa\u00e7onna donc un serpent d&rsquo;airain qu&rsquo;il pla\u00e7a sur l&rsquo;\u00e9tendard, et si un homme \u00e9tait mordu par quelque serpent, il regardait le serpent d&rsquo;airain et restait en vie.<\/i><\/p>\n<p><strong>David : <\/strong><i>Ps 21,17-19 : <\/i><em>Oui, des chiens me cernent, une bande de vauriens m&rsquo;entoure. Ils me percent les mains et les pieds ; je peux compter tous mes os. Ces gens me voient, ils me regardent. Ils partagent entre eux mes habits et tirent au sort mon v\u00eatement.<\/em><\/p>\n<p><strong>Job :<\/strong><i> Jb 41,1 : Vois, la t\u00e9m\u00e9rit\u00e9 est illusoire : rien qu\u2019\u00e0 son aspect, n\u2019est-on pas terrass\u00e9 ?<br \/>\n<\/i><\/p>\n<p><strong>Isa\u00efe :<\/strong><i> Es 53,7 : Maltrait\u00e9, il s\u2019humilie, il n\u2019ouvre pas la bouche : comme un agneau conduit \u00e0 l\u2019abattoir, comme une brebis muette devant les tondeurs, il n\u2019ouvre pas la bouche.<br \/>\n<\/i><\/p>\n<p><strong>Habaquc :<\/strong><i> Ha 3,4 : Son \u00e9clat est pareil \u00e0 la lumi\u00e8re ; deux rayons sortent de ses mains : l\u00e0 se tient cach\u00e9e sa puissance. [<\/i><\/p>\n<p>&nbsp;<\/p>\n","protected":false},"excerpt":{"rendered":"<p>F40.1 &#8211; J\u00e9sus crucifi\u00e9 \/ La Bible des pauvres Types : Abraham offre Isaac en sacrifice &#8211; Mo\u00efse \u00e9l\u00e8ve un serpent de bronze pour gu\u00e9rir des morsures des serpents Antitype : J\u00e9sus est crucifi\u00e9 Dans la Gen\u00e8se on lit :<\/p>\n","protected":false},"author":1,"featured_media":0,"parent":0,"menu_order":0,"comment_status":"closed","ping_status":"closed","template":"","meta":{"footnotes":""},"_links":{"self":[{"href":"http:\/\/image-bible.ch\/index.php?rest_route=\/wp\/v2\/pages\/1454"}],"collection":[{"href":"http:\/\/image-bible.ch\/index.php?rest_route=\/wp\/v2\/pages"}],"about":[{"href":"http:\/\/image-bible.ch\/index.php?rest_route=\/wp\/v2\/types\/page"}],"author":[{"embeddable":true,"href":"http:\/\/image-bible.ch\/index.php?rest_route=\/wp\/v2\/users\/1"}],"replies":[{"embeddable":true,"href":"http:\/\/image-bible.ch\/index.php?rest_route=%2Fwp%2Fv2%2Fcomments&post=1454"}],"version-history":[{"count":7,"href":"http:\/\/image-bible.ch\/index.php?rest_route=\/wp\/v2\/pages\/1454\/revisions"}],"predecessor-version":[{"id":6112,"href":"http:\/\/image-bible.ch\/index.php?rest_route=\/wp\/v2\/pages\/1454\/revisions\/6112"}],"wp:attachment":[{"href":"http:\/\/image-bible.ch\/index.php?rest_route=%2Fwp%2Fv2%2Fmedia&parent=1454"}],"curies":[{"name":"wp","href":"https:\/\/api.w.org\/{rel}","templated":true}]}}