{"id":1458,"date":"2021-03-08T10:12:55","date_gmt":"2021-03-08T09:12:55","guid":{"rendered":"http:\/\/image-bible.ch\/?page_id=1458"},"modified":"2024-11-11T12:23:10","modified_gmt":"2024-11-11T11:23:10","slug":"c29-3-bible-nouveau-testament","status":"publish","type":"page","link":"http:\/\/image-bible.ch\/?page_id=1458","title":{"rendered":"F40.3 \/ Bible Nouveau-Testament"},"content":{"rendered":"<p style=\"text-align: center;\"><span style=\"font-family: 'comic sans ms', sans-serif; font-size: 14pt;\">F40.3<\/span><span style=\"font-family: 'comic sans ms', sans-serif; font-size: 14pt;\"> &#8211; J\u00e9sus crucifi\u00e9 \/ Bible Nouveau-Testament<\/span><\/p>\n<p><img loading=\"lazy\" decoding=\"async\" class=\"alignnone size-medium wp-image-5684\" src=\"http:\/\/image-bible.ch\/wp-content\/uploads\/2021\/05\/29.-Jesus-crucifie-C-187x300.jpg\" alt=\"\" width=\"187\" height=\"300\" srcset=\"http:\/\/image-bible.ch\/wp-content\/uploads\/2021\/05\/29.-Jesus-crucifie-C-187x300.jpg 187w, http:\/\/image-bible.ch\/wp-content\/uploads\/2021\/05\/29.-Jesus-crucifie-C.jpg 307w\" sizes=\"(max-width: 187px) 100vw, 187px\" \/><\/p>\n<p><span style=\"color: #0000ff;\">Mt 27,33-37 :<\/span><\/p>\n<p><sup><span class=\"verse_number\" style=\"color: #0000ff;\">33<\/span><\/sup> Arriv\u00e9s en un lieu dit <span style=\"color: #008000;\">Golgotha<\/span>, c\u2019est-\u00e0-dire : Lieu-du-Cr\u00e2ne (ou Calvaire), <sup><span class=\"verse_number\" style=\"color: #0000ff;\">34<\/span><\/sup> les soldats donn\u00e8rent <em>\u00e0 boire<\/em> \u00e0 <strong>J\u00e9sus<\/strong> du <em>vin m\u00eal\u00e9 de fiel<\/em>\u00a0; il en <em>go\u00fbta<\/em>, mais ne voulut <em>pas boire<\/em>.<\/p>\n<p><sup><span class=\"verse_number\" style=\"color: #0000ff;\">35<\/span><\/sup> Apr\u00e8s l\u2019avoir <strong><span style=\"color: #ff0000;\">crucifi\u00e9<\/span><\/strong>, ils se <em>partag\u00e8rent ses v\u00eatements en tirant au sort<\/em>\u00a0;<\/p>\n<p><sup><span class=\"verse_number\" style=\"color: #0000ff;\">36<\/span><\/sup> et ils restaient l\u00e0, assis, \u00e0 le <em>garder.<\/em><\/p>\n<p><sup><span class=\"verse_number\" style=\"color: #0000ff;\">37<\/span><\/sup> Au-dessus de sa t\u00eate ils plac\u00e8rent <em>une inscription<\/em> indiquant le motif de <strong><span style=\"color: #ff0000;\">sa condamnation<\/span><\/strong>\u00a0: \u00ab\u00a0<span style=\"color: #ff0000;\">Celui-ci est J\u00e9sus, le roi des Juifs<\/span>.\u00a0\u00bb<\/p>\n<p><strong><span style=\"color: #993300;\">Vocabulaire :<\/span><\/strong><\/p>\n<p>&nbsp;<\/p>\n<p><strong><span style=\"color: #0000ff;\">Questions :<\/span><\/strong><\/p>\n<p>&nbsp;<\/p>\n<h4>Commentaire :<\/h4>\n<p>J\u00e9sus est crucifi\u00e9 en dehors de J\u00e9rusalem sur une colline, qui porte bien son nom\u00a0: Golgotha <em>\u00ab lieu du cr<\/em><em>\u00e2ne<\/em><em>\u00a0<\/em><em>\u00bb.<\/em> Rejet\u00e9 par le peuple, d\u00e9shabill\u00e9 par les soldats, qui tirent au sort ses v\u00eatements, J\u00e9sus ne re\u00e7oit que du vin aigre\u00a0: le fruit de la vigne, d\u00e9t\u00e9rior\u00e9 par le refus et le p\u00e9ch\u00e9. J\u00e9sus porte le p\u00e9ch\u00e9 du monde, lui qui est sans p\u00e9ch\u00e9.<br \/>\nSa condamnation est affich\u00e9e au su et au vu de tous\u00a0: <em>\u00ab J<\/em><em>\u00e9sus le roi des juifs<\/em><em>\u00a0<\/em><em>\u00bb<\/em> INRI, les premi\u00e8res lettres du latin\u00a0: Iesus Nazarenus Rex Iudaeorum, c&rsquo;est-\u00e0-dire \u00ab\u00a0J\u00e9sus le Nazar\u00e9en roi des Juifs\u00a0\u00bb, le Fils de Dieu.<br \/>\nTout est consomm\u00e9 et tout semble fini. Mais bien au contraire tout commence car tout est accompli. Dans l\u2019humiliation de la croix, la mort du juste et son abaissement, commence son \u00e9l\u00e9vation et la gloire de sa r\u00e9surrection.<\/p>\n<p>&nbsp;<\/p>\n","protected":false},"excerpt":{"rendered":"<p>F40.3 &#8211; J\u00e9sus crucifi\u00e9 \/ Bible Nouveau-Testament Mt 27,33-37 : 33 Arriv\u00e9s en un lieu dit Golgotha, c\u2019est-\u00e0-dire : Lieu-du-Cr\u00e2ne (ou Calvaire), 34 les soldats donn\u00e8rent \u00e0 boire \u00e0 J\u00e9sus du vin m\u00eal\u00e9 de fiel\u00a0; il en go\u00fbta, mais ne<\/p>\n","protected":false},"author":1,"featured_media":0,"parent":0,"menu_order":0,"comment_status":"closed","ping_status":"closed","template":"","meta":{"footnotes":""},"_links":{"self":[{"href":"http:\/\/image-bible.ch\/index.php?rest_route=\/wp\/v2\/pages\/1458"}],"collection":[{"href":"http:\/\/image-bible.ch\/index.php?rest_route=\/wp\/v2\/pages"}],"about":[{"href":"http:\/\/image-bible.ch\/index.php?rest_route=\/wp\/v2\/types\/page"}],"author":[{"embeddable":true,"href":"http:\/\/image-bible.ch\/index.php?rest_route=\/wp\/v2\/users\/1"}],"replies":[{"embeddable":true,"href":"http:\/\/image-bible.ch\/index.php?rest_route=%2Fwp%2Fv2%2Fcomments&post=1458"}],"version-history":[{"count":8,"href":"http:\/\/image-bible.ch\/index.php?rest_route=\/wp\/v2\/pages\/1458\/revisions"}],"predecessor-version":[{"id":9316,"href":"http:\/\/image-bible.ch\/index.php?rest_route=\/wp\/v2\/pages\/1458\/revisions\/9316"}],"wp:attachment":[{"href":"http:\/\/image-bible.ch\/index.php?rest_route=%2Fwp%2Fv2%2Fmedia&parent=1458"}],"curies":[{"name":"wp","href":"https:\/\/api.w.org\/{rel}","templated":true}]}}