{"id":1460,"date":"2021-03-08T10:13:20","date_gmt":"2021-03-08T09:13:20","guid":{"rendered":"http:\/\/image-bible.ch\/?page_id=1460"},"modified":"2024-11-11T12:27:07","modified_gmt":"2024-11-11T11:27:07","slug":"c29-4-bible-ancien-testament","status":"publish","type":"page","link":"http:\/\/image-bible.ch\/?page_id=1460","title":{"rendered":"F40.4 \/ Bible Ancien-Testament"},"content":{"rendered":"<p style=\"text-align: center;\"><span style=\"font-family: 'comic sans ms', sans-serif; font-size: 14pt;\">F40.4<\/span><span style=\"font-family: 'comic sans ms', sans-serif; font-size: 14pt;\"> &#8211; J\u00e9sus crucifi\u00e9 \/ Bible Ancien-Testament<\/span><\/p>\n<h3>Abraham offre Isaac en sacrifice<\/h3>\n<p><img loading=\"lazy\" decoding=\"async\" class=\"alignnone size-medium wp-image-5682\" src=\"http:\/\/image-bible.ch\/wp-content\/uploads\/2021\/05\/29.-Jesus-crucifie-A-Abraham-offre-Isaac-en-sacrifice--193x300.jpg\" alt=\"\" width=\"193\" height=\"300\" srcset=\"http:\/\/image-bible.ch\/wp-content\/uploads\/2021\/05\/29.-Jesus-crucifie-A-Abraham-offre-Isaac-en-sacrifice--193x300.jpg 193w, http:\/\/image-bible.ch\/wp-content\/uploads\/2021\/05\/29.-Jesus-crucifie-A-Abraham-offre-Isaac-en-sacrifice-.jpg 309w\" sizes=\"(max-width: 193px) 100vw, 193px\" \/><\/p>\n<p><span style=\"color: #0000ff;\">Gn 22,1-14 :\u00a0 <span style=\"color: #000000;\"><a href=\"http:\/\/image-bible.ch\/?page_id=1427\">voir J\u00e9sus porte sa croix<\/a><\/span><br \/>\n<\/span><\/p>\n<p><sup>1 <\/sup>Apr\u00e8s ces \u00e9v\u00e9nements, Dieu mit <strong>Abraham<\/strong> \u00e0 l\u2019\u00e9preuve. Il lui dit\u00a0: \u00ab\u00a0Abraham\u00a0!\u00a0\u00bb Celui-ci r\u00e9pondit\u00a0: <em>\u00ab\u00a0Me voici\u00a0!\u00a0\u00bb<\/em><\/p>\n<p><sup>2<\/sup> Dieu dit\u00a0: \u00ab\u00a0Prends<em> ton fils, ton unique<\/em>, celui que tu aimes, <strong>Isaac<\/strong>, va au pays de Moriah, et l\u00e0 tu <em>l\u2019offriras en holocauste<\/em> sur la montagne que je t\u2019indiquerai.\u00a0\u00bb<\/p>\n<p><sup>3<\/sup> <strong>Abraham<\/strong> se leva de bon matin, sella <em>son \u00e2ne<\/em>, et prit avec lui <strong>deux de ses serviteurs<\/strong> et son fils<strong> Isaac<\/strong>. Il fendit le bois pour l\u2019holocauste, et se mit en route vers l\u2019endroit que Dieu lui avait indiqu\u00e9.<\/p>\n<p><sup>4<\/sup> Le troisi\u00e8me jour, <strong>Abraham,<\/strong> levant les yeux, vit l\u2019endroit de loin.<\/p>\n<p><sup>5<\/sup> <strong>Abraham<\/strong> dit \u00e0 ses <strong>serviteurs\u00a0<\/strong>: \u00ab\u00a0Restez ici avec l\u2019\u00e2ne. <strong>Moi et le gar\u00e7on<\/strong> nous irons jusque l\u00e0-bas pour adorer, puis nous reviendrons vers vous.\u00a0\u00bb<\/p>\n<p><sup>6<\/sup> <strong>Abraham<\/strong> prit le bois pour l\u2019holocauste et le chargea sur<strong> son fils Isaac<\/strong>\u00a0; il prit le feu et le couteau, et tous deux s\u2019en all\u00e8rent ensemble.<\/p>\n<p><sup>7<\/sup> <strong>Isaac<\/strong> dit \u00e0 son p\u00e8re <strong>Abraham\u00a0<\/strong>: \u00ab\u00a0Mon p\u00e8re\u00a0! \u2013 Eh bien, mon fils\u00a0?\u00a0\u00bb Isaac reprit\u00a0: \u00ab\u00a0Voil\u00e0 le feu et le bois, mais o\u00f9 est l\u2019agneau pour l\u2019holocauste\u00a0?\u00a0\u00bb<\/p>\n<p><sup>8<\/sup> Abraham r\u00e9pondit\u00a0: \u00ab\u00a0<strong>Dieu<\/strong> saura bien trouver l\u2019agneau pour l\u2019holocauste, mon fils.\u00a0\u00bb Et ils s\u2019en allaient tous les deux ensemble.<\/p>\n<p><sup>9<\/sup> Ils arriv\u00e8rent \u00e0 l\u2019endroit que <strong>Dieu<\/strong> avait indiqu\u00e9. <strong>Abraham<\/strong> y b\u00e2tit<em> l\u2019autel<\/em> et disposa le bois\u00a0; puis il lia son fils<strong> Isaac<\/strong> et <em>le mit sur l\u2019autel<\/em>, par-dessus le bois.<\/p>\n<p><sup>10<\/sup> <strong>Abraham<\/strong> \u00e9tendit la main et saisit le couteau pour immoler son fils.<\/p>\n<p><sup>11<\/sup> Mais <strong>l\u2019ange du Seigneur<\/strong> l\u2019appela du haut du ciel et dit\u00a0: \u00ab\u00a0Abraham\u00a0! Abraham\u00a0!\u00a0\u00bb Il r\u00e9pondit\u00a0: \u00ab\u00a0<em>Me voici\u00a0!\u00a0<\/em>\u00bb<\/p>\n<p><sup>12 <\/sup><strong>L\u2019ange<\/strong> lui dit\u00a0: \u00ab\u00a0Ne porte pas la main sur le gar\u00e7on\u00a0! Ne lui fais aucun mal\u00a0! Je sais maintenant que tu crains Dieu\u00a0: tu ne m\u2019as pas refus\u00e9<em> ton fils, ton unique<\/em>.\u00a0\u00bb<\/p>\n<p><sup>13 <\/sup><strong>Abraham<\/strong> leva les yeux et <em>vit un b\u00e9lier<\/em> retenu par les cornes dans un buisson. Il alla prendre<em> le b\u00e9lier<\/em> et l\u2019<em>offrit en holocauste<\/em> \u00e0 la place de son fils.<\/p>\n<p><sup>14<\/sup> <strong>Abraham<\/strong> donna \u00e0 ce lieu le nom de \u00ab\u00a0Le-Seigneur-voit\u00a0\u00bb. On l\u2019appelle aujourd\u2019hui\u00a0: \u00ab\u00a0Sur-le-mont-le-Seigneur-est-vu.\u00a0\u00bb<\/p>\n<p><strong><span style=\"color: #993300;\">Vocabulaire :<\/span><\/strong><\/p>\n<p>&nbsp;<\/p>\n<p><strong><span style=\"color: #0000ff;\">Questions :<\/span><\/strong><\/p>\n<p>&nbsp;<\/p>\n<p><strong>Commentaire :<\/strong><\/p>\n<p>&nbsp;<\/p>\n<p>Autre r\u00e9cit : le meutre d&rsquo;Abel par Ca\u00efn : <span style=\"color: #0000ff;\">Gn 4,6-12\u00a0:<\/span><\/p>\n<p><em>Les deux fils d&rsquo;Eve : Ca\u00efn l\u2019a\u00een\u00e9 cultivait la terre et Abel \u00e9tait berger. Ils pr\u00e9sent\u00e8rent chacun une offrande \u00e0 Dieu, qui pr\u00e9f\u00e9ra les premiers n\u00e9s du troupeau d\u2019Abel. Ca\u00efn \u00e9tait jaloux. <\/em><\/p>\n<p><sup>6<\/sup> Le <strong>Seigneur<\/strong> dit \u00e0 <strong>Ca\u00efn<\/strong>\u00a0: \u00ab\u00a0Pourquoi es-tu <em>irrit\u00e9<\/em>, pourquoi ce visage <em>abattu<\/em>\u00a0?<\/p>\n<p><sup>7<\/sup> <em>Si tu agis bien<\/em>, ne rel\u00e8veras-tu pas ton visage\u00a0? Mais si tu n\u2019agis pas bien<em>\u2026, le p\u00e9ch\u00e9 est accroupi \u00e0 ta porte<\/em>. Il est \u00e0 l\u2019aff\u00fbt, mais tu dois le dominer.\u00a0\u00bb<\/p>\n<p><sup>8<\/sup> <strong>Ca\u00efn<\/strong> dit \u00e0 son fr\u00e8re <strong>Abel<\/strong>\u00a0: \u00ab\u00a0Sortons dans les champs.\u00a0\u00bb Et, quand ils furent dans la campagne, <strong>Ca\u00efn<\/strong> se jeta sur son fr\u00e8re <strong>Abel<\/strong> et <strong>le tua<\/strong>.<\/p>\n<p><sup>9<\/sup> Le <strong>Seigneur<\/strong> dit \u00e0 <strong>Ca\u00efn<\/strong>\u00a0: \u00ab\u00a0O\u00f9 est ton fr\u00e8re <strong>Abel<\/strong>\u00a0?\u00a0\u00bb <strong>Ca\u00efn<\/strong> r\u00e9pondit\u00a0: \u00ab\u00a0Je ne sais pas. Est-ce que je suis, moi, <em>le gardien de mon fr\u00e8re<\/em>\u00a0?\u00a0\u00bb<\/p>\n<p><sup>10<\/sup> Le <strong>Seigneur<\/strong> reprit\u00a0: \u00ab\u00a0<em>Qu\u2019as-tu fait\u00a0?<\/em> La voix du sang de ton fr\u00e8re crie de la terre vers moi\u00a0!<\/p>\n<p><sup>11<\/sup> Maintenant donc, sois <em>maudit et chass\u00e9 loin<\/em> de cette terre qui a ouvert la bouche pour boire le sang de ton fr\u00e8re, vers\u00e9 par ta main.<\/p>\n<p><sup>12<\/sup> Tu auras beau cultiver la terre, elle ne produira plus rien pour toi. <em>Tu seras un errant, un vagabond<\/em> sur la terre.\u00a0\u00bb<\/p>\n<p><span style=\"color: #993300;\"><strong>Vocabulaire :<\/strong><\/span><\/p>\n<p>&nbsp;<\/p>\n<p><span style=\"color: #0000ff;\"><strong>Questions :<\/strong><\/span><\/p>\n<p>&nbsp;<\/p>\n<h4>Commentaire :<\/h4>\n<p>Ca\u00efn et Abel deviennent rivaux le jour o\u00f9 l&rsquo;un des deux fera l&rsquo;exp\u00e9rience de l&rsquo;in\u00e9galit\u00e9. Dieu reconna\u00eet en effet le sacrifice d&rsquo;Abel, et pas celui de Ca\u00efn. Le texte reste aussi silencieux sur ce qui a motiv\u00e9 le choix partial de Dieu : il n&rsquo;y a pas de raison logique \u00e0 la pr\u00e9f\u00e9rence divine.<br \/>\nDerri\u00e8re cet arbitraire divin se cache une exp\u00e9rience humaine quotidienne\u00a0: la vie n&rsquo;est pas juste, elle est toujours impr\u00e9visible et elle est faite d&rsquo;in\u00e9galit\u00e9s qui ne sont pas toujours logiques et explicables. La col\u00e8re bouillonne en Ca\u00efn. Pourtant Dieu ne le rejette pas Il lui parle, et l&rsquo;exhorte \u00e0 ne pas se soumettre au p\u00e9ch\u00e9, terme qui appara\u00eet pour la toute premi\u00e8re fois dans la Bible ! Car le premier p\u00e9ch\u00e9, c&rsquo;est de laisser libre cours \u00e0 la violence ! Mais Ca\u00efn n&rsquo;arrive pas \u00e0 g\u00e9rer cette col\u00e8re qui monte en lui. Il essaye pourtant de parler \u00e0 son fr\u00e8re. Le meurtre est donc li\u00e9 \u00e0 l&rsquo;incapacit\u00e9 des deux fr\u00e8res \u00e0 communiquer. Le d\u00e9sarroi de Ca\u00efn\u00a0: il vient de r\u00e9aliser la port\u00e9e de son geste et reste stup\u00e9fait\u00a0: suis-je le gardien de mon fr\u00e8re (comme la plupart des meurtriers qui ne pr\u00e9m\u00e9ditent par leur geste). Il ne sait pas comment affronter l&rsquo;irruption de la violence, que ce soit dans sa vie ou dans la civilisation (c&rsquo;est le premier meurtre).<br \/>\nLorsque le mal n\u2019est pas ma\u00eetris\u00e9 en soi il s\u2019exprime \u00e0 l\u2019ext\u00e9rieur de soi en violence.<\/p>\n<h3>Mo\u00efse \u00e9l\u00e8ve un serpent de bronze pour gu\u00e9rir des morsures des serpents<\/h3>\n<p><img loading=\"lazy\" decoding=\"async\" class=\"alignnone size-medium wp-image-5683\" src=\"http:\/\/image-bible.ch\/wp-content\/uploads\/2021\/05\/29.-Jesus-crucifie-B-Moise-eleve-un-serpent-de-bronze-pour-guerir-des-morsures-des-serpents-198x300.jpg\" alt=\"\" width=\"198\" height=\"300\" srcset=\"http:\/\/image-bible.ch\/wp-content\/uploads\/2021\/05\/29.-Jesus-crucifie-B-Moise-eleve-un-serpent-de-bronze-pour-guerir-des-morsures-des-serpents-198x300.jpg 198w, http:\/\/image-bible.ch\/wp-content\/uploads\/2021\/05\/29.-Jesus-crucifie-B-Moise-eleve-un-serpent-de-bronze-pour-guerir-des-morsures-des-serpents.jpg 316w\" sizes=\"(max-width: 198px) 100vw, 198px\" \/><\/p>\n<p><span style=\"color: #0000ff;\">Nb 21,6-9 :<\/span><\/p>\n<p><span style=\"color: #0000ff;\"><sup>6<\/sup><\/span> Alors<strong> le Seigneur<\/strong> envoya contre <strong>le peuple<\/strong> des <em>serpents \u00e0 la morsure br\u00fblante<\/em>, et beaucoup en <em>moururent<\/em> dans le peuple d\u2019Isra\u00ebl.<\/p>\n<p><span style=\"color: #0000ff;\"><sup>7<\/sup> <\/span><strong>Le peuple<\/strong> vint vers <strong>Mo\u00efse<\/strong> et dit\u00a0: \u00ab\u00a0<em>Nous avons p\u00e9ch\u00e9<\/em>, en <em>r\u00e9criminant<\/em> contre le Seigneur et contre toi. <em>Interc\u00e8de<\/em> aupr\u00e8s du Seigneur pour qu\u2019il \u00e9loigne de nous <em>les serpents<\/em>.\u00a0\u00bb <strong>Mo\u00efse i<\/strong>nterc\u00e9da pour le peuple, <span style=\"color: #0000ff;\"><sup>8<\/sup><\/span> et <strong>le Seigneur<\/strong> dit \u00e0 <strong>Mo\u00efse<\/strong>\u00a0: \u00ab\u00a0Fais-toi <span style=\"color: #ff0000;\">un serpent br\u00fblant<\/span>, et <strong><span style=\"color: #ff0000;\">dresse-le au sommet d\u2019un m\u00e2t<\/span><\/strong>\u00a0: tous ceux qui auront \u00e9t\u00e9 mordus, qu\u2019ils le <span style=\"color: #ff0000;\">regardent,<\/span> alors ils <span style=\"color: #ff0000;\">vivront<\/span>\u00a0!\u00a0\u00bb<\/p>\n<p><span style=\"color: #0000ff;\"><sup>9<\/sup><\/span> <strong>Mo\u00efse<\/strong> fit un <span style=\"color: #ff0000;\"><strong>serpent de bronze<\/strong> et le dressa au sommet du m\u00e2t<\/span>. Quand un homme \u00e9tait mordu par un serpent, et qu\u2019il regardait vers l<strong><span style=\"color: #ff0000;\">e serpent de bronze<\/span><\/strong>, il restait en vie\u00a0!<\/p>\n<p><strong><span style=\"color: #993300;\">Vocabulaire :<\/span><\/strong><\/p>\n<p>&nbsp;<\/p>\n<p><strong><span style=\"color: #0000ff;\">Questions :<\/span><\/strong><\/p>\n<p>&nbsp;<\/p>\n<h4>Commentaire :<\/h4>\n<p>Le serpent poss\u00e8de un caract\u00e8re tr\u00e8s ambigu. Il est \u00e0 la fois consid\u00e9r\u00e9 comme symbole de vie et de mort, de sagesse et de chaos. Cette ambigu\u00eft\u00e9 du serpent se manifeste le mieux dans sa double symbolique de donateur de vie et de messager de mort. L&rsquo;apparente opposition met en lumi\u00e8re la dimension compl\u00e9mentaire de ces deux dimensions. Son fondement se trouve dans la proximit\u00e9 du serpent avec la terre, dans son habilet\u00e9 \u00e0 muer et \u00e0 se fabriquer une nouvelle peau, d&rsquo;une part, mais aussi dans la frayeur que provoquent ses morsures mortelles.<\/p>\n<p>Quand Dieu demande \u00e0 Mo\u00efse d&rsquo;\u00e9riger un serpent d&rsquo;airain pour contrer les effets mortels de ces \u00ab serpents br\u00fblants \u00bb, le texte des Nombres \u00e9voque une ancienne tradition \u00e9gyptienne qui \u00e9tait alors connue par les Isra\u00e9lites. Compr\u00e9hensible, puisqu&rsquo;ils sortaient d&rsquo;\u00c9gypte. Le serpent d\u2019airain est d\u00e9fini comme signe de salut. Cependant la litt\u00e9rature synagogale pr\u00e9cise que ce n\u2019\u00e9tait pas le serpent qui gu\u00e9rissait, mais la foi de celui qui levait les yeux vers le P\u00e8re c\u00e9leste. Jean dans son \u00c9vangile mettra en parall\u00e8le le serpent d\u2019airain et l\u2019\u00e9l\u00e9vation de J\u00e9sus en croix. \u00abDe m\u00eame que le serpent de bronze fut \u00e9lev\u00e9 par Mo\u00efse dans le d\u00e9sert, ainsi faut-il que le Fils de l\u2019homme soit \u00e9lev\u00e9, afin qu\u2019en lui tout homme qui croit ait la vie \u00e9ternelle. \u00bb (3,14-15)<\/p>\n<p>&nbsp;<\/p>\n<p><img loading=\"lazy\" decoding=\"async\" class=\"alignnone size-medium wp-image-5685\" src=\"http:\/\/image-bible.ch\/wp-content\/uploads\/2021\/05\/29.-Jesus-crucifie-D-300x240.jpg\" alt=\"\" width=\"300\" height=\"240\" srcset=\"http:\/\/image-bible.ch\/wp-content\/uploads\/2021\/05\/29.-Jesus-crucifie-D-300x240.jpg 300w, http:\/\/image-bible.ch\/wp-content\/uploads\/2021\/05\/29.-Jesus-crucifie-D.jpg 623w\" sizes=\"(max-width: 300px) 100vw, 300px\" \/><\/p>\n<p><strong>David : <\/strong><i>Ps 21,17-19 : <\/i><em>Oui, des chiens me cernent, une bande de vauriens m&rsquo;entoure. Ils me percent les mains et les pieds ; je peux compter tous mes os. Ces gens me voient, ils me regardent. Ils partagent entre eux mes habits et tirent au sort mon v\u00eatement.<\/em><\/p>\n<p><strong>Job :<\/strong><i> Jb 41,1 : Vois, la t\u00e9m\u00e9rit\u00e9 est illusoire : rien qu\u2019\u00e0 son aspect, n\u2019est-on pas terrass\u00e9 ?<br \/>\n<\/i><\/p>\n<p><strong>Isa\u00efe :<\/strong><i> Es 53,7 : Maltrait\u00e9, il s\u2019humilie, il n\u2019ouvre pas la bouche : comme un agneau conduit \u00e0 l\u2019abattoir, comme une brebis muette devant les tondeurs, il n\u2019ouvre pas la bouche.<br \/>\n<\/i><\/p>\n<p><strong>Habaquc :<\/strong><i> Ha 3,4 : Son \u00e9clat est pareil \u00e0 la lumi\u00e8re ; deux rayons sortent de ses mains : l\u00e0 se tient cach\u00e9e sa puissance. [<br \/>\n<\/i><\/p>\n","protected":false},"excerpt":{"rendered":"<p>F40.4 &#8211; J\u00e9sus crucifi\u00e9 \/ Bible Ancien-Testament Abraham offre Isaac en sacrifice Gn 22,1-14 :\u00a0 voir J\u00e9sus porte sa croix 1 Apr\u00e8s ces \u00e9v\u00e9nements, Dieu mit Abraham \u00e0 l\u2019\u00e9preuve. Il lui dit\u00a0: \u00ab\u00a0Abraham\u00a0!\u00a0\u00bb Celui-ci r\u00e9pondit\u00a0: \u00ab\u00a0Me voici\u00a0!\u00a0\u00bb 2 Dieu dit\u00a0:<\/p>\n","protected":false},"author":1,"featured_media":0,"parent":0,"menu_order":0,"comment_status":"closed","ping_status":"closed","template":"","meta":{"footnotes":""},"_links":{"self":[{"href":"http:\/\/image-bible.ch\/index.php?rest_route=\/wp\/v2\/pages\/1460"}],"collection":[{"href":"http:\/\/image-bible.ch\/index.php?rest_route=\/wp\/v2\/pages"}],"about":[{"href":"http:\/\/image-bible.ch\/index.php?rest_route=\/wp\/v2\/types\/page"}],"author":[{"embeddable":true,"href":"http:\/\/image-bible.ch\/index.php?rest_route=\/wp\/v2\/users\/1"}],"replies":[{"embeddable":true,"href":"http:\/\/image-bible.ch\/index.php?rest_route=%2Fwp%2Fv2%2Fcomments&post=1460"}],"version-history":[{"count":11,"href":"http:\/\/image-bible.ch\/index.php?rest_route=\/wp\/v2\/pages\/1460\/revisions"}],"predecessor-version":[{"id":9317,"href":"http:\/\/image-bible.ch\/index.php?rest_route=\/wp\/v2\/pages\/1460\/revisions\/9317"}],"wp:attachment":[{"href":"http:\/\/image-bible.ch\/index.php?rest_route=%2Fwp%2Fv2%2Fmedia&parent=1460"}],"curies":[{"name":"wp","href":"https:\/\/api.w.org\/{rel}","templated":true}]}}