{"id":148,"date":"2021-03-01T16:42:54","date_gmt":"2021-03-01T15:42:54","guid":{"rendered":"http:\/\/image-bible.ch\/?page_id=148"},"modified":"2024-08-21T15:17:49","modified_gmt":"2024-08-21T13:17:49","slug":"apparition-aux-femmes-au-tombeau","status":"publish","type":"page","link":"http:\/\/image-bible.ch\/?page_id=148","title":{"rendered":"G45. Apparition aux femmes au tombeau"},"content":{"rendered":"<p style=\"text-align: center;\"><span style=\"font-size: 14pt; font-family: 'comic sans ms', sans-serif;\">G45 &#8211; Apparition aux femmes au tombeau<\/span><\/p>\n<p><span style=\"font-family: 'comic sans ms', sans-serif;\">| <a href=\"http:\/\/image-bible.ch\/?page_id=2879\" target=\"_blank\" rel=\"noreferrer noopener\">La Bible des Pauvres<\/a> | <a href=\"http:\/\/image-bible.ch\/?page_id=2881\" target=\"_blank\" rel=\"noopener noreferrer\"> Images<\/a> | <a href=\"http:\/\/image-bible.ch\/?page_id=2883\" target=\"_blank\" rel=\"noreferrer noopener\">Nouveau-Testament<\/a> | <a href=\"http:\/\/image-bible.ch\/?page_id=2885\" target=\"_blank\" rel=\"noreferrer noopener\">Ancien-Testament<\/a> | <a href=\"http:\/\/image-bible.ch\/?page_id=2887\" target=\"_blank\" rel=\"noreferrer noopener\">Interpr\u00e9tation<\/a> | <a href=\"http:\/\/image-bible.ch\/?page_id=2889\" target=\"_blank\" rel=\"noreferrer noopener\">Ic\u00f4ne<\/a> | <a href=\"http:\/\/image-bible.ch\/?page_id=2891\" target=\"_blank\" rel=\"noreferrer noopener\">F\u00eate juive et chr\u00e9tienne<\/a> | <a href=\"http:\/\/image-bible.ch\/?page_id=2893\" target=\"_blank\" rel=\"noreferrer noopener\">KT enfants<\/a> | <a href=\"http:\/\/image-bible.ch\/?page_id=2895\" target=\"_blank\" rel=\"noreferrer noopener\">Jeunes<\/a> | <a href=\"http:\/\/image-bible.ch\/?page_id=2897\" target=\"_blank\" rel=\"noreferrer noopener\">Divers Vid\u00e9o &#8211; R\u00e9f\u00e9rences<\/a> |<\/span><\/p>\n<hr \/>\n<p style=\"text-align: center;\"><strong><span style=\"font-family: 'book antiqua', palatino, serif;\">Page de pr\u00e9sentation<\/span><\/strong><\/p>\n<p>Du livre les 40 clefs pour rencontrer J\u00e9sus : <a href=\"http:\/\/image-bible.ch\/wp-content\/uploads\/37.-Apparition-aux-femmes.pdf\">37. Apparition aux femmes<\/a><\/p>\n<p>Biblia pauperum : <a href=\"http:\/\/image-bible.ch\/wp-content\/uploads\/34.-Apparition-aux-femmes.pptx\">34. Apparition aux femmes<\/a><\/p>\n<p><img loading=\"lazy\" decoding=\"async\" class=\"alignnone wp-image-5721\" src=\"http:\/\/image-bible.ch\/wp-content\/uploads\/2021\/05\/34.-Apparition-aux-femmes-199x300.jpg\" alt=\"\" width=\"303\" height=\"457\" srcset=\"http:\/\/image-bible.ch\/wp-content\/uploads\/2021\/05\/34.-Apparition-aux-femmes-199x300.jpg 199w, http:\/\/image-bible.ch\/wp-content\/uploads\/2021\/05\/34.-Apparition-aux-femmes.jpg 643w\" sizes=\"(max-width: 303px) 100vw, 303px\" \/><\/p>\n<p><img loading=\"lazy\" decoding=\"async\" class=\"alignnone size-medium wp-image-7092\" src=\"http:\/\/image-bible.ch\/wp-content\/uploads\/20.-A-Ruben-craint-la-citerne-vide-de-Joseph-les-femmes-au-tombeau-300x256.jpg\" alt=\"\" width=\"300\" height=\"256\" srcset=\"http:\/\/image-bible.ch\/wp-content\/uploads\/20.-A-Ruben-craint-la-citerne-vide-de-Joseph-les-femmes-au-tombeau-300x256.jpg 300w, http:\/\/image-bible.ch\/wp-content\/uploads\/20.-A-Ruben-craint-la-citerne-vide-de-Joseph-les-femmes-au-tombeau-1024x874.jpg 1024w, http:\/\/image-bible.ch\/wp-content\/uploads\/20.-A-Ruben-craint-la-citerne-vide-de-Joseph-les-femmes-au-tombeau-768x655.jpg 768w, http:\/\/image-bible.ch\/wp-content\/uploads\/20.-A-Ruben-craint-la-citerne-vide-de-Joseph-les-femmes-au-tombeau-1536x1311.jpg 1536w, http:\/\/image-bible.ch\/wp-content\/uploads\/20.-A-Ruben-craint-la-citerne-vide-de-Joseph-les-femmes-au-tombeau-2048x1748.jpg 2048w\" sizes=\"(max-width: 300px) 100vw, 300px\" \/> Tapisserie de l\u2019abbaye de la Chaise-Dieu (France)<\/p>\n<hr \/>\n<table style=\"border-collapse: collapse; width: 100%;\">\n<tbody>\n<tr>\n<td style=\"width: 100%;\"><span style=\"font-size: 10pt;\"><em>G44. <a href=\"http:\/\/image-bible.ch\/?page_id=150\">La R\u00e9surrection<\/a> &#8211; G45. <a href=\"http:\/\/image-bible.ch\/?page_id=148\">Apparition aux femmes au tombeau<\/a> &#8211; G46. <a href=\"http:\/\/image-bible.ch\/?page_id=146\">Apparition \u00e0 Marie-Madeleine<\/a>\u00a0 &#8211; G47. <a href=\"http:\/\/image-bible.ch\/?page_id=144\">Apparition au c\u00e9nacle devant la Vierge et les Ap\u00f4tres<\/a> &#8211; G48. <a href=\"http:\/\/image-bible.ch\/?page_id=142\">Apparition \u00e0 Thomas<\/a> &#8211; G49. <a href=\"http:\/\/image-bible.ch\/?page_id=140\">Ascension<\/a> &#8211; G50. <a href=\"http:\/\/image-bible.ch\/?page_id=137\">Pentec\u00f4te\u00a0<\/a> &#8211; G51. <a href=\"http:\/\/image-bible.ch\/?page_id=134\">Jugement dernier<\/a> \u2013 G52.\u00a0<a href=\"http:\/\/image-bible.ch\/?page_id=4427\">Assomption de la Vierge Marie<\/a>\u00a0&#8211; G53. <a href=\"http:\/\/image-bible.ch\/?page_id=132\">Couronnement de la Vierge Marie<\/a><\/em><\/span><\/td>\n<\/tr>\n<\/tbody>\n<\/table>\n","protected":false},"excerpt":{"rendered":"<p>G45 &#8211; Apparition aux femmes au tombeau | La Bible des Pauvres | Images | Nouveau-Testament | Ancien-Testament | Interpr\u00e9tation | Ic\u00f4ne | F\u00eate juive et chr\u00e9tienne | KT enfants | Jeunes | Divers Vid\u00e9o &#8211; R\u00e9f\u00e9rences | Page de<\/p>\n","protected":false},"author":1,"featured_media":0,"parent":0,"menu_order":0,"comment_status":"closed","ping_status":"closed","template":"","meta":{"footnotes":""},"_links":{"self":[{"href":"http:\/\/image-bible.ch\/index.php?rest_route=\/wp\/v2\/pages\/148"}],"collection":[{"href":"http:\/\/image-bible.ch\/index.php?rest_route=\/wp\/v2\/pages"}],"about":[{"href":"http:\/\/image-bible.ch\/index.php?rest_route=\/wp\/v2\/types\/page"}],"author":[{"embeddable":true,"href":"http:\/\/image-bible.ch\/index.php?rest_route=\/wp\/v2\/users\/1"}],"replies":[{"embeddable":true,"href":"http:\/\/image-bible.ch\/index.php?rest_route=%2Fwp%2Fv2%2Fcomments&post=148"}],"version-history":[{"count":14,"href":"http:\/\/image-bible.ch\/index.php?rest_route=\/wp\/v2\/pages\/148\/revisions"}],"predecessor-version":[{"id":7397,"href":"http:\/\/image-bible.ch\/index.php?rest_route=\/wp\/v2\/pages\/148\/revisions\/7397"}],"wp:attachment":[{"href":"http:\/\/image-bible.ch\/index.php?rest_route=%2Fwp%2Fv2%2Fmedia&parent=148"}],"curies":[{"name":"wp","href":"https:\/\/api.w.org\/{rel}","templated":true}]}}