{"id":1490,"date":"2021-03-08T10:34:08","date_gmt":"2021-03-08T09:34:08","guid":{"rendered":"http:\/\/image-bible.ch\/?page_id=1490"},"modified":"2024-11-11T13:24:27","modified_gmt":"2024-11-11T12:24:27","slug":"c30-2-images","status":"publish","type":"page","link":"http:\/\/image-bible.ch\/?page_id=1490","title":{"rendered":"F41.2 \/ Images"},"content":{"rendered":"<p style=\"text-align: center;\"><span style=\"font-family: 'comic sans ms', sans-serif; font-size: 14pt;\">F41.2<\/span><span style=\"font-family: 'comic sans ms', sans-serif; font-size: 14pt;\"> &#8211; Mort de J\u00e9sus &#8211; C\u00f4t\u00e9 transperc\u00e9 \/ Images<\/span><\/p>\n<div id='gallery-1' class='gallery galleryid-1490 gallery-columns-3 gallery-size-large'><figure class='gallery-item'>\n\t\t\t<div class='gallery-icon portrait'>\n\t\t\t\t<a href='http:\/\/image-bible.ch\/?attachment_id=9326'><img loading=\"lazy\" decoding=\"async\" width=\"748\" height=\"1024\" src=\"http:\/\/image-bible.ch\/wp-content\/uploads\/32_Cote-transperce_Jn19-748x1024.jpg\" class=\"attachment-large size-large\" alt=\"\" aria-describedby=\"gallery-1-9326\" srcset=\"http:\/\/image-bible.ch\/wp-content\/uploads\/32_Cote-transperce_Jn19-748x1024.jpg 748w, http:\/\/image-bible.ch\/wp-content\/uploads\/32_Cote-transperce_Jn19-219x300.jpg 219w, http:\/\/image-bible.ch\/wp-content\/uploads\/32_Cote-transperce_Jn19-768x1051.jpg 768w, http:\/\/image-bible.ch\/wp-content\/uploads\/32_Cote-transperce_Jn19-1122x1536.jpg 1122w, http:\/\/image-bible.ch\/wp-content\/uploads\/32_Cote-transperce_Jn19.jpg 1220w\" sizes=\"(max-width: 748px) 100vw, 748px\" \/><\/a>\n\t\t\t<\/div>\n\t\t\t\t<figcaption class='wp-caption-text gallery-caption' id='gallery-1-9326'>\n\t\t\t\tJ\u00e9sus transperc\u00e9 par la lance\n\t\t\t\t<\/figcaption><\/figure><figure class='gallery-item'>\n\t\t\t<div class='gallery-icon portrait'>\n\t\t\t\t<a href='http:\/\/image-bible.ch\/?attachment_id=9327'><img loading=\"lazy\" decoding=\"async\" width=\"750\" height=\"934\" src=\"http:\/\/image-bible.ch\/wp-content\/uploads\/32.-Gn-2-21-24_Creation-de-la-femme-822x1024.jpg\" class=\"attachment-large size-large\" alt=\"\" aria-describedby=\"gallery-1-9327\" srcset=\"http:\/\/image-bible.ch\/wp-content\/uploads\/32.-Gn-2-21-24_Creation-de-la-femme-822x1024.jpg 822w, http:\/\/image-bible.ch\/wp-content\/uploads\/32.-Gn-2-21-24_Creation-de-la-femme-241x300.jpg 241w, http:\/\/image-bible.ch\/wp-content\/uploads\/32.-Gn-2-21-24_Creation-de-la-femme-768x956.jpg 768w, http:\/\/image-bible.ch\/wp-content\/uploads\/32.-Gn-2-21-24_Creation-de-la-femme-1233x1536.jpg 1233w, http:\/\/image-bible.ch\/wp-content\/uploads\/32.-Gn-2-21-24_Creation-de-la-femme.jpg 1247w\" sizes=\"(max-width: 750px) 100vw, 750px\" \/><\/a>\n\t\t\t<\/div>\n\t\t\t\t<figcaption class='wp-caption-text gallery-caption' id='gallery-1-9327'>\n\t\t\t\tDu c\u00f4t\u00e9 d&rsquo;Adam cr\u00e9ation d&rsquo;Eve\n\t\t\t\t<\/figcaption><\/figure><figure class='gallery-item'>\n\t\t\t<div class='gallery-icon portrait'>\n\t\t\t\t<a href='http:\/\/image-bible.ch\/?attachment_id=9328'><img loading=\"lazy\" decoding=\"async\" width=\"714\" height=\"1024\" src=\"http:\/\/image-bible.ch\/wp-content\/uploads\/32.-eau-rocher_Ex17-714x1024.jpg\" class=\"attachment-large size-large\" alt=\"\" aria-describedby=\"gallery-1-9328\" srcset=\"http:\/\/image-bible.ch\/wp-content\/uploads\/32.-eau-rocher_Ex17-714x1024.jpg 714w, http:\/\/image-bible.ch\/wp-content\/uploads\/32.-eau-rocher_Ex17-209x300.jpg 209w, http:\/\/image-bible.ch\/wp-content\/uploads\/32.-eau-rocher_Ex17-768x1101.jpg 768w, http:\/\/image-bible.ch\/wp-content\/uploads\/32.-eau-rocher_Ex17-1071x1536.jpg 1071w, http:\/\/image-bible.ch\/wp-content\/uploads\/32.-eau-rocher_Ex17.jpg 1208w\" sizes=\"(max-width: 714px) 100vw, 714px\" \/><\/a>\n\t\t\t<\/div>\n\t\t\t\t<figcaption class='wp-caption-text gallery-caption' id='gallery-1-9328'>\n\t\t\t\tMo\u00efse frappe le rocher pour faire jaillir l&rsquo;eau\n\t\t\t\t<\/figcaption><\/figure>\n\t\t<\/div>\n\n","protected":false},"excerpt":{"rendered":"<p>F41.2 &#8211; Mort de J\u00e9sus &#8211; C\u00f4t\u00e9 transperc\u00e9 \/ Images<\/p>\n","protected":false},"author":1,"featured_media":0,"parent":0,"menu_order":0,"comment_status":"closed","ping_status":"closed","template":"","meta":{"footnotes":""},"_links":{"self":[{"href":"http:\/\/image-bible.ch\/index.php?rest_route=\/wp\/v2\/pages\/1490"}],"collection":[{"href":"http:\/\/image-bible.ch\/index.php?rest_route=\/wp\/v2\/pages"}],"about":[{"href":"http:\/\/image-bible.ch\/index.php?rest_route=\/wp\/v2\/types\/page"}],"author":[{"embeddable":true,"href":"http:\/\/image-bible.ch\/index.php?rest_route=\/wp\/v2\/users\/1"}],"replies":[{"embeddable":true,"href":"http:\/\/image-bible.ch\/index.php?rest_route=%2Fwp%2Fv2%2Fcomments&post=1490"}],"version-history":[{"count":5,"href":"http:\/\/image-bible.ch\/index.php?rest_route=\/wp\/v2\/pages\/1490\/revisions"}],"predecessor-version":[{"id":9329,"href":"http:\/\/image-bible.ch\/index.php?rest_route=\/wp\/v2\/pages\/1490\/revisions\/9329"}],"wp:attachment":[{"href":"http:\/\/image-bible.ch\/index.php?rest_route=%2Fwp%2Fv2%2Fmedia&parent=1490"}],"curies":[{"name":"wp","href":"https:\/\/api.w.org\/{rel}","templated":true}]}}