{"id":1492,"date":"2021-03-08T10:34:32","date_gmt":"2021-03-08T09:34:32","guid":{"rendered":"http:\/\/image-bible.ch\/?page_id=1492"},"modified":"2024-11-11T13:25:13","modified_gmt":"2024-11-11T12:25:13","slug":"c30-3-bible-nouveau-testament","status":"publish","type":"page","link":"http:\/\/image-bible.ch\/?page_id=1492","title":{"rendered":"F41.3 \/ Bible Nouveau-Testament"},"content":{"rendered":"<p style=\"text-align: center;\"><span style=\"font-family: 'comic sans ms', sans-serif; font-size: 14pt;\">F41.3<\/span><span style=\"font-family: 'comic sans ms', sans-serif; font-size: 14pt;\"> &#8211; Mort de J\u00e9sus &#8211; C\u00f4t\u00e9 transperc\u00e9 \/ Bible Nouveau-Testament<\/span><\/p>\n<p><img loading=\"lazy\" decoding=\"async\" class=\"alignnone wp-image-5689\" src=\"http:\/\/image-bible.ch\/wp-content\/uploads\/2021\/05\/30.-Mort-de-Jesus-C-191x300.jpg\" alt=\"\" width=\"281\" height=\"441\" srcset=\"http:\/\/image-bible.ch\/wp-content\/uploads\/2021\/05\/30.-Mort-de-Jesus-C-191x300.jpg 191w, http:\/\/image-bible.ch\/wp-content\/uploads\/2021\/05\/30.-Mort-de-Jesus-C.jpg 332w\" sizes=\"(max-width: 281px) 100vw, 281px\" \/><\/p>\n<p><span style=\"color: #0000ff;\">Jn 19,30-37<\/span><\/p>\n<p><sup><span class=\"verse_number\" style=\"color: #0000ff;\">30<\/span><\/sup> Quand il eut pris <em>le vinaigre<\/em>, <strong>J\u00e9sus<\/strong> dit\u00a0: \u00ab\u00a0<span style=\"color: #ff0000;\">Tout est accompli.<\/span>\u00a0\u00bb Puis, inclinant la t\u00eate, il <span style=\"color: #ff0000;\">remit l\u2019esprit<\/span>.<\/p>\n<p><sup><span class=\"verse_number\" style=\"color: #0000ff;\">31<\/span><\/sup> Comme c\u2019\u00e9tait <span style=\"color: #993300;\">le jour de la Pr\u00e9paration<\/span> (c\u2019est-\u00e0-dire le vendredi), il ne fallait <em>pas laisser les corps en croix<\/em> durant le <span style=\"color: #993300;\">sabbat<\/span>, d\u2019autant plus que ce sabbat \u00e9tait le grand <span style=\"color: #993300;\">jour de la P\u00e2que<\/span>. Aussi <strong>les Juifs<\/strong> demand\u00e8rent \u00e0 <strong>Pilate<\/strong> qu\u2019on enl\u00e8ve les corps apr\u00e8s leur avoir <em>bris\u00e9 les jambes<\/em>.<\/p>\n<p><sup><span class=\"verse_number\" style=\"color: #0000ff;\">32<\/span><\/sup> <strong>Les soldats<\/strong> all\u00e8rent donc <span style=\"color: #ff0000;\">briser les jambe<\/span>s du <strong>premier<\/strong>, puis de <strong>l\u2019autre homme<\/strong> crucifi\u00e9 avec J\u00e9sus.<\/p>\n<p><sup><span class=\"verse_number\" style=\"color: #0000ff;\">33<\/span><\/sup> Quand ils arriv\u00e8rent \u00e0 <strong>J\u00e9sus<\/strong>, voyant qu\u2019il \u00e9tait <em>d\u00e9j\u00e0 mort<\/em>, ils ne lui<span style=\"color: #ff0000;\"> bris\u00e8rent pas les jambes<\/span>, <sup><span class=\"verse_number\" style=\"color: #0000ff;\">34<\/span><\/sup> mais <strong>un des soldats<\/strong> avec <strong><span style=\"color: #ff0000;\">sa lance lui per\u00e7a le c\u00f4t\u00e9<\/span><\/strong>\u00a0; et aussit\u00f4t, il en sortit <span style=\"color: #ff0000;\"><strong>du sang et de l\u2019eau<\/strong><\/span>.<\/p>\n<p><sup><span class=\"verse_number\" style=\"color: #0000ff;\">35<\/span><\/sup> <strong>Celui<\/strong> qui a vu <em>rend t\u00e9moignage<\/em>, et son t\u00e9moignage est <em>v\u00e9ridique<\/em>\u00a0; et celui-l\u00e0 sait qu\u2019il dit vrai afin que vous aussi, <em>vous croyiez<\/em>.<\/p>\n<p><sup><span class=\"verse_number\" style=\"color: #0000ff;\">36<\/span><\/sup> Cela, en effet, arriva pour que<em> s\u2019accomplisse l\u2019\u00c9criture<\/em>\u00a0: <em>Aucun de ses os ne sera bris\u00e9<\/em>.<\/p>\n<p><sup><span class=\"verse_number\" style=\"color: #0000ff;\">37<\/span><\/sup> Un autre passage de l\u2019\u00c9criture dit encore\u00a0: <em>Ils l\u00e8veront les yeux vers celui qu\u2019ils ont transperc\u00e9<\/em>.<\/p>\n<p><strong><span style=\"color: #993300;\">Vocabulaire :<\/span><\/strong><\/p>\n<p>&nbsp;<\/p>\n<p><strong><span style=\"color: #0000ff;\">Questions :<\/span><\/strong><\/p>\n<p>&nbsp;<\/p>\n<h4>Commentaire :<\/h4>\n<p style=\"text-align: justify;\">\u00ab J&rsquo;ai soif \u00bb. Ce cri de J\u00e9sus sur la croix r\u00e9v\u00e8le sa soif de remettre son esprit \u00e0 son P\u00e8re et l\u2019Esprit au monde, comme une eau vive, signe de l&rsquo;amour du P\u00e8re. J\u00e9sus n&rsquo;a pas soif pour lui-m\u00eame, mais il a soif de notre salut.<\/p>\n<p style=\"text-align: justify;\">Don de Dieu par excellence, J\u00e9sus est la source d&rsquo;eau vive (Jn 4) qui procure la vie \u00e9ternelle. De lui, jaillit le plan de Dieu qui prend tout son sens \u00e0 la lumi\u00e8re de P\u00e2ques. Sur la croix, il a \u00e9t\u00e9 transperc\u00e9 et une eau a coul\u00e9 de son c\u00f4t\u00e9. A l&rsquo;instar du rocher que Moise a frapp\u00e9 au d\u00e9sert, J\u00e9sus est le nouveau Rocher qui, frapp\u00e9 au c\u0153ur de la mort, donne une eau vivifiante. Au-del\u00e0 de la mort, le Christ ressuscit\u00e9 est le nouveau Temple d&rsquo;o\u00f9 sort un fleuve d&rsquo;eau vive : \u00ab\u00a0Puis il me montra un fleuve d&rsquo;eau vive, brillant comme du cristal, qui jaillissait du tr\u00f4ne de Dieu et de l&rsquo;agneau\u00a0\u00bb (Ap 22, 1). L&rsquo;Eau qui jaillit du sein de J\u00e9sus, crucifi\u00e9 et ressuscit\u00e9, symbolise le don de l&rsquo;Esprit. L&rsquo;eau est aussi symbole du bapt\u00eame et le sang symbole de l\u2019eucharistie. Du c\u00f4t\u00e9 du Christ transperc\u00e9, jaillissent tous les sacrements, tout la vie de l\u2019\u00c9glise. Par sa mort J\u00e9sus donne naissance \u00e0 l\u2019\u00c9glise et vie nouvelle aux hommes.<\/p>\n","protected":false},"excerpt":{"rendered":"<p>F41.3 &#8211; Mort de J\u00e9sus &#8211; C\u00f4t\u00e9 transperc\u00e9 \/ Bible Nouveau-Testament Jn 19,30-37 30 Quand il eut pris le vinaigre, J\u00e9sus dit\u00a0: \u00ab\u00a0Tout est accompli.\u00a0\u00bb Puis, inclinant la t\u00eate, il remit l\u2019esprit. 31 Comme c\u2019\u00e9tait le jour de la Pr\u00e9paration<\/p>\n","protected":false},"author":1,"featured_media":0,"parent":0,"menu_order":0,"comment_status":"closed","ping_status":"closed","template":"","meta":{"footnotes":""},"_links":{"self":[{"href":"http:\/\/image-bible.ch\/index.php?rest_route=\/wp\/v2\/pages\/1492"}],"collection":[{"href":"http:\/\/image-bible.ch\/index.php?rest_route=\/wp\/v2\/pages"}],"about":[{"href":"http:\/\/image-bible.ch\/index.php?rest_route=\/wp\/v2\/types\/page"}],"author":[{"embeddable":true,"href":"http:\/\/image-bible.ch\/index.php?rest_route=\/wp\/v2\/users\/1"}],"replies":[{"embeddable":true,"href":"http:\/\/image-bible.ch\/index.php?rest_route=%2Fwp%2Fv2%2Fcomments&post=1492"}],"version-history":[{"count":9,"href":"http:\/\/image-bible.ch\/index.php?rest_route=\/wp\/v2\/pages\/1492\/revisions"}],"predecessor-version":[{"id":9330,"href":"http:\/\/image-bible.ch\/index.php?rest_route=\/wp\/v2\/pages\/1492\/revisions\/9330"}],"wp:attachment":[{"href":"http:\/\/image-bible.ch\/index.php?rest_route=%2Fwp%2Fv2%2Fmedia&parent=1492"}],"curies":[{"name":"wp","href":"https:\/\/api.w.org\/{rel}","templated":true}]}}