{"id":1494,"date":"2021-03-08T10:34:53","date_gmt":"2021-03-08T09:34:53","guid":{"rendered":"http:\/\/image-bible.ch\/?page_id=1494"},"modified":"2024-11-11T13:26:33","modified_gmt":"2024-11-11T12:26:33","slug":"c30-4-bible-ancien-testament","status":"publish","type":"page","link":"http:\/\/image-bible.ch\/?page_id=1494","title":{"rendered":"F41.4 \/ Bible Ancien-Testament"},"content":{"rendered":"<p style=\"text-align: center;\"><span style=\"font-family: 'comic sans ms', sans-serif; font-size: 14pt;\">F41.4<\/span><span style=\"font-family: 'comic sans ms', sans-serif; font-size: 14pt;\"> &#8211; Mort de J\u00e9sus &#8211; C\u00f4t\u00e9 transperc\u00e9 \/ Bible Ancien-Testament<\/span><\/p>\n<h3>Cr\u00e9ation d\u2019Eve du c\u00f4t\u00e9 d\u2019Adam<\/h3>\n<p><img loading=\"lazy\" decoding=\"async\" class=\"alignnone size-medium wp-image-5687\" src=\"http:\/\/image-bible.ch\/wp-content\/uploads\/2021\/05\/30.-Mort-de-Jesus-B-Creation-dEve-du-cote-dAdam-199x300.jpg\" alt=\"\" width=\"199\" height=\"300\" srcset=\"http:\/\/image-bible.ch\/wp-content\/uploads\/2021\/05\/30.-Mort-de-Jesus-B-Creation-dEve-du-cote-dAdam-199x300.jpg 199w, http:\/\/image-bible.ch\/wp-content\/uploads\/2021\/05\/30.-Mort-de-Jesus-B-Creation-dEve-du-cote-dAdam.jpg 323w\" sizes=\"(max-width: 199px) 100vw, 199px\" \/><\/p>\n<p><span style=\"color: #0000ff;\">Gn 2,21-24\u00a0:<\/span><\/p>\n<p><span style=\"color: #0000ff;\"><sup>21<\/sup><\/span> Alors le <strong>Seigneur Dieu<\/strong> fit tomber sur lui <em>un sommeil myst\u00e9rieux<\/em>, et l\u2019homme s\u2019endormit. Le Seigneur Dieu prit <span style=\"color: #ff0000;\">une de ses c\u00f4tes<\/span>, puis il referma la chair \u00e0 sa place.<\/p>\n<p><span style=\"color: #0000ff;\"><sup>22<\/sup><\/span> Avec <strong><span style=\"color: #ff0000;\">la c\u00f4te<\/span><\/strong> qu\u2019il avait prise \u00e0 l\u2019homme, il <span style=\"color: #ff0000;\">fa\u00e7onna<\/span> <strong><span style=\"color: #ff0000;\">une femme<\/span><\/strong> et il l\u2019amena vers l\u2019homme.<\/p>\n<p><span style=\"color: #0000ff;\"><sup>23<\/sup><\/span> L\u2019homme dit alors\u00a0: \u00ab\u00a0Cette fois-ci, voil\u00e0<em> l\u2019os de mes os et la chair de ma chair\u00a0!<\/em> On l\u2019appellera femme \u2013 <em>Ishsha<\/em> \u2013, elle qui fut tir\u00e9e de l\u2019homme \u2013 <em>Ish<\/em>.\u00a0\u00bb<\/p>\n<p><span style=\"color: #0000ff;\"><sup>24<\/sup><\/span> \u00c0 cause de cela, l\u2019homme <em>quittera<\/em> son p\u00e8re et sa m\u00e8re, il <em>s\u2019attachera<\/em> \u00e0 sa femme, et <em>tous deux ne feront plus qu\u2019un<\/em>.<\/p>\n<p><strong><span style=\"color: #993300;\">Vocabulaire :<\/span><\/strong><\/p>\n<p>&nbsp;<\/p>\n<p><span style=\"color: #0000ff;\"><strong>Questions :<\/strong><\/span><\/p>\n<p>&nbsp;<\/p>\n<h4>Commentaire :<\/h4>\n<p>\u00c8ve ne fut pas cr\u00e9\u00e9e \u00e0 partir de la t\u00eate pour \u00eatre gouvern\u00e9e par Adam, ni \u00e0 partir de ses pieds pour qu\u2019il la pi\u00e9tine, mais bien de son c\u00f4t\u00e9 pour \u00eatre son \u00e9gale, pour \u00eatre prot\u00e9g\u00e9e de son bras, et pour \u00eatre aim\u00e9e de son c\u0153ur. Un jeu de mot en h\u00e9breu exprime qu\u2019Eve est tir\u00e9e de la c\u00f4te d\u2019Adam pour qu\u2019ils soient c\u00f4te \u00e0 c\u00f4te, donc \u00e9gaux.<\/p>\n<h3>Mo\u00efse en frappant le rocher avec son b\u00e2ton fait jaillir de l\u2019eau<\/h3>\n<p><img loading=\"lazy\" decoding=\"async\" class=\"alignnone size-medium wp-image-5688\" src=\"http:\/\/image-bible.ch\/wp-content\/uploads\/2021\/05\/30.-Mort-de-Jesus-B-Moise-en-frapant-le-rocher-fait-jaillir-de-leau-192x300.jpg\" alt=\"\" width=\"192\" height=\"300\" srcset=\"http:\/\/image-bible.ch\/wp-content\/uploads\/2021\/05\/30.-Mort-de-Jesus-B-Moise-en-frapant-le-rocher-fait-jaillir-de-leau-192x300.jpg 192w, http:\/\/image-bible.ch\/wp-content\/uploads\/2021\/05\/30.-Mort-de-Jesus-B-Moise-en-frapant-le-rocher-fait-jaillir-de-leau.jpg 319w\" sizes=\"(max-width: 192px) 100vw, 192px\" \/><\/p>\n<p><span style=\"color: #0000ff;\">Ex 17,1-7\u00a0:<\/span><\/p>\n<p><span style=\"color: #0000ff;\"><sup>1<\/sup><\/span> Toute <strong>la communaut\u00e9<\/strong> des fils <strong>d\u2019Isra\u00ebl<\/strong> partit du <span style=\"color: #008000;\">d\u00e9sert de Sine<\/span>, en observant les \u00e9tapes prescrites par le Seigneur. Ils camp\u00e8rent \u00e0 <span style=\"color: #008000;\">Rephidim<\/span>. Comme il n\u2019y avait <em>pas d\u2019eau \u00e0 boire<\/em>, <span style=\"color: #0000ff;\"><sup>2 <\/sup><\/span>le peuple chercha <em>querelle<\/em> \u00e0 Mo\u00efse\u00a0: \u00ab\u00a0Donne-nous de l\u2019eau \u00e0 boire\u00a0!\u00a0\u00bb Mo\u00efse leur r\u00e9pondit\u00a0: \u00ab\u00a0Pourquoi me cherchez-vous querelle\u00a0? Pourquoi mettez-vous <em>le Seigneur \u00e0 l\u2019\u00e9preuve\u00a0?<\/em>\u00a0\u00bb<\/p>\n<p><span style=\"color: #0000ff;\"><sup>3<\/sup><\/span> L\u00e0, <strong>le peuple<\/strong> <em>souffrit de la soif.<\/em> Il r\u00e9crimina contre <strong>Mo\u00efse<\/strong> et dit\u00a0: \u00ab\u00a0Pourquoi nous as-tu fait monter d\u2019\u00c9gypte\u00a0? \u00c9tait-ce pour nous faire <em>mourir de soif<\/em> avec nos fils et nos troupeaux\u00a0?\u00a0\u00bb<\/p>\n<p><span style=\"color: #0000ff;\"><sup>4<\/sup><\/span> <strong>Mo\u00efse<\/strong> cria vers <strong>le Seigneur<\/strong>\u00a0: \u00ab\u00a0Que vais-je faire de ce peuple\u00a0? Encore un peu, et ils me lapideront\u00a0!\u00a0\u00bb<\/p>\n<p><span style=\"color: #0000ff;\"><sup>5<\/sup><\/span> <strong>Le Seigneur<\/strong> dit \u00e0 <strong>Mo\u00efse<\/strong>\u00a0: \u00ab\u00a0Passe devant le peuple, emm\u00e8ne avec toi plusieurs des anciens d\u2019Isra\u00ebl, prends en <span style=\"color: #ff0000;\">main le b\u00e2ton<\/span> avec lequel tu as <em>frapp\u00e9 le Nil,<\/em> et va\u00a0!<\/p>\n<p><span style=\"color: #0000ff;\"><sup>6<\/sup><\/span> Moi, je serai l\u00e0, devant toi, sur <span style=\"color: #ff0000;\"><strong>le rocher<\/strong> <\/span><span style=\"color: #008000;\">du mont Horeb<\/span>. Tu <span style=\"color: #ff0000;\">frapperas<\/span> <strong><span style=\"color: #ff0000;\">le rocher<\/span><\/strong>, il en <span style=\"color: #ff0000;\">sortira de l<strong>\u2019eau<\/strong><\/span>, et le <em>peuple boira\u00a0!<\/em>\u00a0\u00bb Et Mo\u00efse fit ainsi sous les yeux des anciens d\u2019Isra\u00ebl.<\/p>\n<p><span style=\"color: #0000ff;\"><sup>7<\/sup><\/span> Il donna \u00e0 ce <span style=\"color: #008000;\">lieu le nom de Massa<\/span> (c\u2019est-\u00e0-dire\u00a0: \u00c9preuve) e<span style=\"color: #008000;\">t M\u00e9riba<\/span> (c\u2019est-\u00e0-dire\u00a0: Querelle), parce que les fils d\u2019Isra\u00ebl avaient cherch\u00e9 querelle au Seigneur, et parce qu\u2019ils l\u2019avaient mis \u00e0 l\u2019\u00e9preuve, en disant\u00a0: \u00ab\u00a0Le Seigneur est-il au milieu de nous, oui ou non\u00a0?\u00a0\u00bb<\/p>\n<p><strong><span style=\"color: #993300;\">Vocabulaire :<\/span><\/strong><\/p>\n<p>&nbsp;<\/p>\n<p><strong><span style=\"color: #0000ff;\">Questions :<\/span><\/strong><\/p>\n<p>&nbsp;<\/p>\n<h4>Commentaire :<\/h4>\n<p style=\"text-align: justify;\">Au d\u00e9sert la premi\u00e8re \u00e9preuve est celle de la soif. L&rsquo;histoire de l&rsquo;eau de Massa et Meriba, est racont\u00e9e en quatre temps : le peuple souffre, il \u201c murmure \u201d, Mo\u00efse se tourne vers le Seigneur, le peuple est sauv\u00e9. Le lien entre l&rsquo;eau et la vie est tr\u00e8s \u00e9troit : car l\u2019eau est la vie.<\/p>\n<p style=\"text-align: justify;\">\u00c0 Massa et Meriba, le peuple se r\u00e9volte. \u00c0 quoi bon la libert\u00e9 s&rsquo;il faut mourir de soif ? Et le Seigneur r\u00e9pond. Le b\u00e2ton du pouvoir divin qui a ouvert le passage \u00e0 travers la mer va faire jaillir l&rsquo;eau du rocher. Dieu d\u00e9salt\u00e8re, mais Isra\u00ebl doit croire en sa pr\u00e9sence active. C&rsquo;est lui la source, et en fait il n&rsquo;y en a pas d&rsquo;autre qui fasse vivre.<\/p>\n<p><img loading=\"lazy\" decoding=\"async\" class=\"alignnone size-medium wp-image-5690\" src=\"http:\/\/image-bible.ch\/wp-content\/uploads\/2021\/05\/30.-Mort-de-Jesus-D-300x247.jpg\" alt=\"\" width=\"300\" height=\"247\" srcset=\"http:\/\/image-bible.ch\/wp-content\/uploads\/2021\/05\/30.-Mort-de-Jesus-D-300x247.jpg 300w, http:\/\/image-bible.ch\/wp-content\/uploads\/2021\/05\/30.-Mort-de-Jesus-D.jpg 638w\" sizes=\"(max-width: 300px) 100vw, 300px\" \/><\/p>\n<p><strong>David : <\/strong><i>Ps 68,27 : Celui que tu frappais, ils le pourchassent en comptant les coups qu&rsquo;il re\u00e7oit<br \/>\n<\/i><\/p>\n<p><strong>Isa\u00efe :<\/strong><i> Es 53,6-8 : <\/i><em>Nous \u00e9tions tous errants comme des brebis, chacun suivait son propre chemin. Mais le Seigneur a fait retomber sur lui nos fautes \u00e0 nous tous. Maltrait\u00e9, il s\u2019humilie, il n\u2019ouvre pas la bouche : comme un agneau conduit \u00e0 l\u2019abattoir, comme une brebis muette devant les tondeurs, il n\u2019ouvre pas la bouche. Arr\u00eat\u00e9, puis jug\u00e9, il a \u00e9t\u00e9 supprim\u00e9. Qui donc s\u2019est inqui\u00e9t\u00e9 de son sort\u00a0? Il a \u00e9t\u00e9 retranch\u00e9 de la terre des vivants, frapp\u00e9 \u00e0 mort pour les r\u00e9voltes de son peuple.<\/em><\/p>\n<p><strong>Zacharie :<\/strong><i> Za 13,6-7 : <\/i><em>Et si on lui demande : \u00ab Que sont donc ces blessures sur ta poitrine ? \u00bb, il r\u00e9pondra : \u00ab Je les ai re\u00e7ues dans la maison de ceux qui m\u2019aiment. \u00bb \u00c9p\u00e9e, r\u00e9veille-toi contre mon berger, contre l\u2019homme qui m\u2019est proche \u2013\u00a0oracle du Seigneur de l\u2019univers. Frappe le berger, et que les brebis soient dispers\u00e9es, contre les petits je tournerai ma main.<\/em><\/p>\n<p><strong>Amos :<\/strong><i> Am 8,9 : Ce jour-l\u00e0 \u2013 oracle du Seigneur Dieu \u2013, je ferai dispara\u00eetre le soleil en plein midi, en plein jour, j\u2019obscurcirai la lumi\u00e8re sur la terre.<br \/>\n<\/i><\/p>\n<p>&nbsp;<\/p>\n","protected":false},"excerpt":{"rendered":"<p>F41.4 &#8211; Mort de J\u00e9sus &#8211; C\u00f4t\u00e9 transperc\u00e9 \/ Bible Ancien-Testament Cr\u00e9ation d\u2019Eve du c\u00f4t\u00e9 d\u2019Adam Gn 2,21-24\u00a0: 21 Alors le Seigneur Dieu fit tomber sur lui un sommeil myst\u00e9rieux, et l\u2019homme s\u2019endormit. Le Seigneur Dieu prit une de ses<\/p>\n","protected":false},"author":1,"featured_media":0,"parent":0,"menu_order":0,"comment_status":"closed","ping_status":"closed","template":"","meta":{"footnotes":""},"_links":{"self":[{"href":"http:\/\/image-bible.ch\/index.php?rest_route=\/wp\/v2\/pages\/1494"}],"collection":[{"href":"http:\/\/image-bible.ch\/index.php?rest_route=\/wp\/v2\/pages"}],"about":[{"href":"http:\/\/image-bible.ch\/index.php?rest_route=\/wp\/v2\/types\/page"}],"author":[{"embeddable":true,"href":"http:\/\/image-bible.ch\/index.php?rest_route=\/wp\/v2\/users\/1"}],"replies":[{"embeddable":true,"href":"http:\/\/image-bible.ch\/index.php?rest_route=%2Fwp%2Fv2%2Fcomments&post=1494"}],"version-history":[{"count":11,"href":"http:\/\/image-bible.ch\/index.php?rest_route=\/wp\/v2\/pages\/1494\/revisions"}],"predecessor-version":[{"id":9331,"href":"http:\/\/image-bible.ch\/index.php?rest_route=\/wp\/v2\/pages\/1494\/revisions\/9331"}],"wp:attachment":[{"href":"http:\/\/image-bible.ch\/index.php?rest_route=%2Fwp%2Fv2%2Fmedia&parent=1494"}],"curies":[{"name":"wp","href":"https:\/\/api.w.org\/{rel}","templated":true}]}}