{"id":1498,"date":"2021-03-08T10:35:30","date_gmt":"2021-03-08T09:35:30","guid":{"rendered":"http:\/\/image-bible.ch\/?page_id=1498"},"modified":"2024-11-11T13:44:23","modified_gmt":"2024-11-11T12:44:23","slug":"c30-6-icone","status":"publish","type":"page","link":"http:\/\/image-bible.ch\/?page_id=1498","title":{"rendered":"F41.6 \/ Ic\u00f4ne"},"content":{"rendered":"<p style=\"text-align: center;\"><span style=\"font-family: 'comic sans ms', sans-serif; font-size: 14pt;\">F41.6<\/span><span style=\"font-family: 'comic sans ms', sans-serif; font-size: 14pt;\"> &#8211; Mort de J\u00e9sus &#8211; C\u00f4t\u00e9 transperc\u00e9 \/ Ic\u00f4ne<\/span><\/p>\n<figure id=\"attachment_9334\" aria-describedby=\"caption-attachment-9334\" style=\"width: 300px\" class=\"wp-caption alignnone\"><img loading=\"lazy\" decoding=\"async\" class=\"size-medium wp-image-9334\" src=\"http:\/\/image-bible.ch\/wp-content\/uploads\/Jesus-En-croix-cote-transperce-300x204.jpg\" alt=\"\" width=\"300\" height=\"204\" srcset=\"http:\/\/image-bible.ch\/wp-content\/uploads\/Jesus-En-croix-cote-transperce-300x204.jpg 300w, http:\/\/image-bible.ch\/wp-content\/uploads\/Jesus-En-croix-cote-transperce-1024x695.jpg 1024w, http:\/\/image-bible.ch\/wp-content\/uploads\/Jesus-En-croix-cote-transperce-768x521.jpg 768w, http:\/\/image-bible.ch\/wp-content\/uploads\/Jesus-En-croix-cote-transperce-1536x1042.jpg 1536w, http:\/\/image-bible.ch\/wp-content\/uploads\/Jesus-En-croix-cote-transperce.jpg 2000w\" sizes=\"(max-width: 300px) 100vw, 300px\" \/><figcaption id=\"caption-attachment-9334\" class=\"wp-caption-text\"><em>J\u00e9sus transperc\u00e9<\/em><\/figcaption><\/figure>\n<p><img loading=\"lazy\" decoding=\"async\" class=\"alignnone size-medium wp-image-9335\" src=\"http:\/\/image-bible.ch\/wp-content\/uploads\/Jesus-transperce-Vitrail-Chartres-300x280.jpg\" alt=\"\" width=\"300\" height=\"280\" srcset=\"http:\/\/image-bible.ch\/wp-content\/uploads\/Jesus-transperce-Vitrail-Chartres-300x280.jpg 300w, http:\/\/image-bible.ch\/wp-content\/uploads\/Jesus-transperce-Vitrail-Chartres.jpg 480w\" sizes=\"(max-width: 300px) 100vw, 300px\" \/><\/p>\n<p><em>J\u00e9sus transperc\u00e9, Vitrail de la r\u00e9demption, Cath\u00e9drale de Chartres (France)<\/em><\/p>\n","protected":false},"excerpt":{"rendered":"<p>F41.6 &#8211; Mort de J\u00e9sus &#8211; C\u00f4t\u00e9 transperc\u00e9 \/ Ic\u00f4ne J\u00e9sus transperc\u00e9, Vitrail de la r\u00e9demption, Cath\u00e9drale de Chartres (France)<\/p>\n","protected":false},"author":1,"featured_media":0,"parent":0,"menu_order":0,"comment_status":"closed","ping_status":"closed","template":"","meta":{"footnotes":""},"_links":{"self":[{"href":"http:\/\/image-bible.ch\/index.php?rest_route=\/wp\/v2\/pages\/1498"}],"collection":[{"href":"http:\/\/image-bible.ch\/index.php?rest_route=\/wp\/v2\/pages"}],"about":[{"href":"http:\/\/image-bible.ch\/index.php?rest_route=\/wp\/v2\/types\/page"}],"author":[{"embeddable":true,"href":"http:\/\/image-bible.ch\/index.php?rest_route=\/wp\/v2\/users\/1"}],"replies":[{"embeddable":true,"href":"http:\/\/image-bible.ch\/index.php?rest_route=%2Fwp%2Fv2%2Fcomments&post=1498"}],"version-history":[{"count":5,"href":"http:\/\/image-bible.ch\/index.php?rest_route=\/wp\/v2\/pages\/1498\/revisions"}],"predecessor-version":[{"id":9336,"href":"http:\/\/image-bible.ch\/index.php?rest_route=\/wp\/v2\/pages\/1498\/revisions\/9336"}],"wp:attachment":[{"href":"http:\/\/image-bible.ch\/index.php?rest_route=%2Fwp%2Fv2%2Fmedia&parent=1498"}],"curies":[{"name":"wp","href":"https:\/\/api.w.org\/{rel}","templated":true}]}}