{"id":1500,"date":"2021-03-08T10:35:50","date_gmt":"2021-03-08T09:35:50","guid":{"rendered":"http:\/\/image-bible.ch\/?page_id=1500"},"modified":"2021-03-31T10:11:25","modified_gmt":"2021-03-31T08:11:25","slug":"c30-7-fete-juive","status":"publish","type":"page","link":"http:\/\/image-bible.ch\/?page_id=1500","title":{"rendered":"F41.7 \/ F\u00eate juive et chr\u00e9tienne"},"content":{"rendered":"<p style=\"text-align: center;\"><span style=\"font-family: 'comic sans ms', sans-serif; font-size: 14pt;\">F41.7<\/span><span style=\"font-family: 'comic sans ms', sans-serif; font-size: 14pt;\"> &#8211; Mort de J\u00e9sus &#8211; C\u00f4t\u00e9 transperc\u00e9 \/ F\u00eate juive et chr\u00e9tienne<\/span><\/p>\n<p>Texte<\/p>\n","protected":false},"excerpt":{"rendered":"<p>F41.7 &#8211; Mort de J\u00e9sus &#8211; C\u00f4t\u00e9 transperc\u00e9 \/ F\u00eate juive et chr\u00e9tienne Texte<\/p>\n","protected":false},"author":1,"featured_media":0,"parent":0,"menu_order":0,"comment_status":"closed","ping_status":"closed","template":"","meta":{"footnotes":""},"_links":{"self":[{"href":"http:\/\/image-bible.ch\/index.php?rest_route=\/wp\/v2\/pages\/1500"}],"collection":[{"href":"http:\/\/image-bible.ch\/index.php?rest_route=\/wp\/v2\/pages"}],"about":[{"href":"http:\/\/image-bible.ch\/index.php?rest_route=\/wp\/v2\/types\/page"}],"author":[{"embeddable":true,"href":"http:\/\/image-bible.ch\/index.php?rest_route=\/wp\/v2\/users\/1"}],"replies":[{"embeddable":true,"href":"http:\/\/image-bible.ch\/index.php?rest_route=%2Fwp%2Fv2%2Fcomments&post=1500"}],"version-history":[{"count":3,"href":"http:\/\/image-bible.ch\/index.php?rest_route=\/wp\/v2\/pages\/1500\/revisions"}],"predecessor-version":[{"id":4259,"href":"http:\/\/image-bible.ch\/index.php?rest_route=\/wp\/v2\/pages\/1500\/revisions\/4259"}],"wp:attachment":[{"href":"http:\/\/image-bible.ch\/index.php?rest_route=%2Fwp%2Fv2%2Fmedia&parent=1500"}],"curies":[{"name":"wp","href":"https:\/\/api.w.org\/{rel}","templated":true}]}}