{"id":1502,"date":"2021-03-08T10:36:12","date_gmt":"2021-03-08T09:36:12","guid":{"rendered":"http:\/\/image-bible.ch\/?page_id=1502"},"modified":"2024-11-11T13:45:22","modified_gmt":"2024-11-11T12:45:22","slug":"c30-8-kt-enfants","status":"publish","type":"page","link":"http:\/\/image-bible.ch\/?page_id=1502","title":{"rendered":"F41.8 \/ KT enfants"},"content":{"rendered":"<p style=\"text-align: center;\"><span style=\"font-family: 'comic sans ms', sans-serif; font-size: 14pt;\">F41.8<\/span><span style=\"font-family: 'comic sans ms', sans-serif; font-size: 14pt;\"> &#8211; Mort de J\u00e9sus &#8211; C\u00f4t\u00e9 transperc\u00e9 \/ KT enfants<\/span><\/p>\n<p><img loading=\"lazy\" decoding=\"async\" class=\" wp-image-9334\" src=\"http:\/\/image-bible.ch\/wp-content\/uploads\/Jesus-En-croix-cote-transperce-300x204.jpg\" alt=\"\" width=\"621\" height=\"422\" srcset=\"http:\/\/image-bible.ch\/wp-content\/uploads\/Jesus-En-croix-cote-transperce-300x204.jpg 300w, http:\/\/image-bible.ch\/wp-content\/uploads\/Jesus-En-croix-cote-transperce-1024x695.jpg 1024w, http:\/\/image-bible.ch\/wp-content\/uploads\/Jesus-En-croix-cote-transperce-768x521.jpg 768w, http:\/\/image-bible.ch\/wp-content\/uploads\/Jesus-En-croix-cote-transperce-1536x1042.jpg 1536w, http:\/\/image-bible.ch\/wp-content\/uploads\/Jesus-En-croix-cote-transperce.jpg 2000w\" sizes=\"(max-width: 621px) 100vw, 621px\" \/><\/p>\n<p>Texte<\/p>\n","protected":false},"excerpt":{"rendered":"<p>F41.8 &#8211; Mort de J\u00e9sus &#8211; C\u00f4t\u00e9 transperc\u00e9 \/ KT enfants Texte<\/p>\n","protected":false},"author":1,"featured_media":0,"parent":0,"menu_order":0,"comment_status":"closed","ping_status":"closed","template":"","meta":{"footnotes":""},"_links":{"self":[{"href":"http:\/\/image-bible.ch\/index.php?rest_route=\/wp\/v2\/pages\/1502"}],"collection":[{"href":"http:\/\/image-bible.ch\/index.php?rest_route=\/wp\/v2\/pages"}],"about":[{"href":"http:\/\/image-bible.ch\/index.php?rest_route=\/wp\/v2\/types\/page"}],"author":[{"embeddable":true,"href":"http:\/\/image-bible.ch\/index.php?rest_route=\/wp\/v2\/users\/1"}],"replies":[{"embeddable":true,"href":"http:\/\/image-bible.ch\/index.php?rest_route=%2Fwp%2Fv2%2Fcomments&post=1502"}],"version-history":[{"count":4,"href":"http:\/\/image-bible.ch\/index.php?rest_route=\/wp\/v2\/pages\/1502\/revisions"}],"predecessor-version":[{"id":9337,"href":"http:\/\/image-bible.ch\/index.php?rest_route=\/wp\/v2\/pages\/1502\/revisions\/9337"}],"wp:attachment":[{"href":"http:\/\/image-bible.ch\/index.php?rest_route=%2Fwp%2Fv2%2Fmedia&parent=1502"}],"curies":[{"name":"wp","href":"https:\/\/api.w.org\/{rel}","templated":true}]}}