{"id":1521,"date":"2021-03-08T11:00:03","date_gmt":"2021-03-08T10:00:03","guid":{"rendered":"http:\/\/image-bible.ch\/?page_id=1521"},"modified":"2021-09-20T11:09:18","modified_gmt":"2021-09-20T09:09:18","slug":"c31-1-la-bible-des-pauvres","status":"publish","type":"page","link":"http:\/\/image-bible.ch\/?page_id=1521","title":{"rendered":"F42.1 \/ La Bible des pauvres"},"content":{"rendered":"<p style=\"text-align: center;\"><span style=\"font-family: 'comic sans ms', sans-serif; font-size: 14pt;\">F42.1<\/span><span style=\"font-family: 'comic sans ms', sans-serif; font-size: 14pt;\"> &#8211; Mise au tombeau \/ La Bible des pauvres<\/span><\/p>\n<p><img loading=\"lazy\" decoding=\"async\" class=\"alignnone wp-image-5696\" src=\"http:\/\/image-bible.ch\/wp-content\/uploads\/2021\/05\/31.-Mise-au-tombeau-192x300.jpg\" alt=\"\" width=\"329\" height=\"514\" srcset=\"http:\/\/image-bible.ch\/wp-content\/uploads\/2021\/05\/31.-Mise-au-tombeau-192x300.jpg 192w, http:\/\/image-bible.ch\/wp-content\/uploads\/2021\/05\/31.-Mise-au-tombeau.jpg 619w\" sizes=\"(max-width: 329px) 100vw, 329px\" \/><\/p>\n<p><strong>Types :<\/strong> Joseph est jet\u00e9 dans une citerne par ses fr\u00e8res &#8211; Jonas est jet\u00e9 \u00e0 la mer<\/p>\n<p><strong>Antitype :<\/strong> mise au tombeau de J\u00e9sus-Christ<\/p>\n<p>Dans la Gen\u00e8se on lit : les fr\u00e8res de Joseph, lorsqu\u2019ils voulurent vendre Joseph aux Isma\u00e9lites, le d\u00e9pouill\u00e8rent de sa robe et le jet\u00e8rent dans une citerne. Ce Joseph est une pr\u00e9figuration du Christ, qui fut d\u00e9pos\u00e9 dans une citerne, un tombeau apr\u00e8s que ses amis l\u2019eurent descendu de la croix.<\/p>\n<p><i>Gn 37,22-24 : Ruben leur dit : Ne r\u00e9pandez pas le sang ! Jetez-le dans cette citerne du d\u00e9sert, mais ne portez pas la main sur lui ! C&rsquo;\u00e9tait pour le sauver de leurs mains et le ramener \u00e0 son p\u00e8re.23.\u00a0Donc, lorsque Joseph arriva pr\u00e8s de ses fr\u00e8res, ils le d\u00e9pouill\u00e8rent de sa tunique, la tunique orn\u00e9e qu&rsquo;il portait.24.\u00a0Ils se saisirent de lui et le jet\u00e8rent dans la citerne; c&rsquo;\u00e9tait une citerne vide, o\u00f9 il n&rsquo;y avait pas d&rsquo;eau.<\/i><\/p>\n<p><i>\u00a0<\/i>Dans le livre du proph\u00e8te Jonas on lit : lorsque Jonas pris le bateau pour aller \u00e0 Tarsis, une grade temp\u00eate survint sur la mer. Lorsque les marins tir\u00e8rent au sort pour conna\u00eetre le responsable, le sort tomba sur Jonas. Ils le jet\u00e8rent \u00e0 la mer et un monstre marin l\u2019avala. Il resta trois jours et trois nuit dans son ventre. Jonas est une pr\u00e9figuration du Christ.<\/p>\n<p><i>Jonas 1,3-15 : Jonas se mit en route pour fuir \u00e0 Tarsis, loin de Yahv\u00e9. Il descendit \u00e0 Jopp\u00e9 et trouva un vaisseau \u00e0 destination de Tarsis, il paya son passage et s&#8217;embarqua pour se rendre avec eux \u00e0 Tarsis, loin de Yahv\u00e9.4.\u00a0Mais Yahv\u00e9 lan\u00e7a sur la mer un vent violent, et il y eut grande temp\u00eate sur la mer, au point que le vaisseau mena\u00e7ait de se briser.5.\u00a0Les matelots prirent peur; ils cri\u00e8rent chacun vers son dieu, et pour s&rsquo;all\u00e9ger, jet\u00e8rent \u00e0 la mer la cargaison. Jonas cependant \u00e9tait descendu au fond du bateau; il s&rsquo;\u00e9tait couch\u00e9 et dormait profond\u00e9ment.6.\u00a0Le chef de l&rsquo;\u00e9quipage s&rsquo;approcha de lui et lui dit : \u00ab Qu&rsquo;as-tu \u00e0 dormir ? L\u00e8ve-toi, crie vers ton Dieu! Peut-\u00eatre Dieu songera-t-il \u00e0 nous et nous ne p\u00e9rirons pas. \u00bb7.\u00a0Puis ils se dirent les uns aux autres : \u00ab Tirons donc au sort, pour savoir de qui nous vient ce mal. \u00bb Ils jet\u00e8rent les sorts et le sort tomba sur Jonas.8.\u00a0Ils lui dirent alors : \u00ab Dis-nous donc quelle est ton affaire, d&rsquo;o\u00f9 tu viens, quel est ton pays et \u00e0 quel peuple tu appartiens. \u00bb9.\u00a0Il leur r\u00e9pondit : \u00ab Je suis H\u00e9breu, et c&rsquo;est Yahv\u00e9 que j&rsquo;adore, le Dieu du ciel qui a fait la mer et la terre. \u00bb10.\u00a0Les hommes furent saisis d&rsquo;une grande crainte et ils lui dirent : \u00ab Qu&rsquo;as-tu fait l\u00e0! \u00bb Ils savaient en effet qu&rsquo;il fuyait loin de Yahv\u00e9, car il le leur avait racont\u00e9.11.\u00a0Ils lui dirent : \u00ab Que te ferons-nous pour que la mer s&rsquo;apaise pour nous ? \u00bb Car la mer se soulevait de plus en plus.12.\u00a0Il leur r\u00e9pondit : \u00ab Prenez-moi et jetez-moi \u00e0 la mer, et la mer s&rsquo;apaisera pour vous. Car, je le sais, c&rsquo;est \u00e0 cause de moi que cette violente temp\u00eate vous assaille. \u00bb13.\u00a0Les hommes ram\u00e8rent pour gagner le rivage, mais en vain, car la mer se soulevait de plus en plus contre eux.14.\u00a0Alors ils implor\u00e8rent Yahv\u00e9 et dirent : \u00ab Ah! Yahv\u00e9, puissions-nous ne pas p\u00e9rir \u00e0 cause de la vie de cet homme, et puisses-tu ne pas nous charger d&rsquo;un sang innocent, car c&rsquo;est toi, Yahv\u00e9, qui as agi selon ton bon plaisir. \u00bb15.\u00a0Et, s&#8217;emparant de Jonas, ils le jet\u00e8rent \u00e0 la mer, et la mer apaisa sa fureur.<\/i><\/p>\n<p><strong>David :<\/strong><i> Ps 76,3 : Au jour de la d\u00e9tresse, je cherche le Seigneur ; + la nuit, je tends les mains sans rel\u00e2che, mon \u00e2me refuse le r\u00e9confort \/ 16,8-10 : <\/i><em>Garde-moi comme la prunelle de l\u2019\u0153il ; \u00e0 l&rsquo;ombre de tes ailes, cache-moi, loin des m\u00e9chants qui m&rsquo;ont ruin\u00e9, des ennemis mortels qui m&rsquo;entourent. Ils s&rsquo;enferment dans leur suffisance ; l&rsquo;arrogance \u00e0 la bouche, ils parlent.<\/em><\/p>\n<p><strong>Jacob :<\/strong><i> Gn 49,9 : Juda est un jeune lion. Tu remontes du carnage, mon fils. Il s\u2019est accroupi, il s\u2019est couch\u00e9 comme un lion ; ce fauve, qui le fera lever ?<br \/>\n<\/i><\/p>\n<p><strong>Salomon :<\/strong><i> Ct 5,2 : Je dors, mais mon c\u0153ur veille\u2026 C\u2019est la voix de mon bien-aim\u00e9 ! Il frappe ! LUI \u2013 Ouvre-moi, ma s\u0153ur, mon amie, ma colombe, ma toute pure, car ma t\u00eate est humide de ros\u00e9e et mes boucles, des gouttes de la nuit.<br \/>\n<\/i><\/p>\n<p><strong>Isa\u00efe <\/strong><i>: Es 11,10 : Ce jour-l\u00e0, la racine de Jess\u00e9, p\u00e8re de David, sera dress\u00e9e comme un \u00e9tendard pour les peuples, les nations la chercheront, et la gloire sera sa demeure.<br \/>\n<\/i><\/p>\n<p>&nbsp;<\/p>\n<p>&nbsp;<\/p>\n<p>&nbsp;<\/p>\n","protected":false},"excerpt":{"rendered":"<p>F42.1 &#8211; Mise au tombeau \/ La Bible des pauvres Types : Joseph est jet\u00e9 dans une citerne par ses fr\u00e8res &#8211; Jonas est jet\u00e9 \u00e0 la mer Antitype : mise au tombeau de J\u00e9sus-Christ Dans la Gen\u00e8se on lit<\/p>\n","protected":false},"author":1,"featured_media":0,"parent":0,"menu_order":0,"comment_status":"closed","ping_status":"closed","template":"","meta":{"footnotes":""},"_links":{"self":[{"href":"http:\/\/image-bible.ch\/index.php?rest_route=\/wp\/v2\/pages\/1521"}],"collection":[{"href":"http:\/\/image-bible.ch\/index.php?rest_route=\/wp\/v2\/pages"}],"about":[{"href":"http:\/\/image-bible.ch\/index.php?rest_route=\/wp\/v2\/types\/page"}],"author":[{"embeddable":true,"href":"http:\/\/image-bible.ch\/index.php?rest_route=\/wp\/v2\/users\/1"}],"replies":[{"embeddable":true,"href":"http:\/\/image-bible.ch\/index.php?rest_route=%2Fwp%2Fv2%2Fcomments&post=1521"}],"version-history":[{"count":7,"href":"http:\/\/image-bible.ch\/index.php?rest_route=\/wp\/v2\/pages\/1521\/revisions"}],"predecessor-version":[{"id":6128,"href":"http:\/\/image-bible.ch\/index.php?rest_route=\/wp\/v2\/pages\/1521\/revisions\/6128"}],"wp:attachment":[{"href":"http:\/\/image-bible.ch\/index.php?rest_route=%2Fwp%2Fv2%2Fmedia&parent=1521"}],"curies":[{"name":"wp","href":"https:\/\/api.w.org\/{rel}","templated":true}]}}