{"id":1525,"date":"2021-03-08T11:01:03","date_gmt":"2021-03-08T10:01:03","guid":{"rendered":"http:\/\/image-bible.ch\/?page_id=1525"},"modified":"2024-11-11T18:11:01","modified_gmt":"2024-11-11T17:11:01","slug":"c31-3-bible-nouveau-testament","status":"publish","type":"page","link":"http:\/\/image-bible.ch\/?page_id=1525","title":{"rendered":"F42.3 \/ Bible Nouveau-Testament"},"content":{"rendered":"<p style=\"text-align: center;\"><span style=\"font-family: 'comic sans ms', sans-serif; font-size: 14pt;\">F42.3<\/span><span style=\"font-family: 'comic sans ms', sans-serif; font-size: 14pt;\"> &#8211; Mise au tombeau \/ Bible Nouveau-Testament<\/span><\/p>\n<p><img loading=\"lazy\" decoding=\"async\" class=\"alignnone wp-image-5694\" src=\"http:\/\/image-bible.ch\/wp-content\/uploads\/2021\/05\/31.-Mise-au-tombeau-C-181x300.jpg\" alt=\"\" width=\"332\" height=\"550\" srcset=\"http:\/\/image-bible.ch\/wp-content\/uploads\/2021\/05\/31.-Mise-au-tombeau-C-181x300.jpg 181w, http:\/\/image-bible.ch\/wp-content\/uploads\/2021\/05\/31.-Mise-au-tombeau-C.jpg 297w\" sizes=\"(max-width: 332px) 100vw, 332px\" \/><\/p>\n<p><span style=\"color: #0000ff;\">Mt 27, 57 &#8211; 66 :<\/span><\/p>\n<p><sup><span class=\"verse_number\" style=\"color: #0000ff;\">57<\/span><\/sup> Comme il se faisait <span style=\"color: #993300;\">tard<\/span>, arriva un <em>homme riche<\/em>, originaire<span style=\"color: #008000;\"> d\u2019Arimathie<\/span>, qui s\u2019appelait <strong>Joseph<\/strong>, et qui \u00e9tait devenu, lui aussi, <em>disciple de J\u00e9sus<\/em>.<\/p>\n<p><sup><span class=\"verse_number\" style=\"color: #0000ff;\">58<\/span><\/sup> Il alla trouver <strong>Pilate<\/strong> pour demander <span style=\"color: #ff0000;\">le corps de J\u00e9sus<\/span>. Alors <strong>Pilate<\/strong> ordonna qu\u2019on <em>le lui remette<\/em>.<\/p>\n<p><sup><span class=\"verse_number\" style=\"color: #0000ff;\">59<\/span><\/sup> Prenant le corps, <strong>Joseph<\/strong> l\u2019enveloppa dans <em>un linceul immacul\u00e9<\/em>, <sup><span class=\"verse_number\" style=\"color: #0000ff;\">60 <\/span><\/sup>et le d\u00e9posa dans <span style=\"color: #008000;\">le tombeau neuf<\/span> qu\u2019il s\u2019\u00e9tait fait creuser dans le roc. Puis il <em>roula une grande pierre \u00e0<\/em> l\u2019entr\u00e9e du tombeau et s\u2019en alla.<\/p>\n<p><sup><span class=\"verse_number\" style=\"color: #0000ff;\">61<\/span><\/sup> Or M<strong>arie Madeleine<\/strong> et l\u2019autre <strong>Marie<\/strong> \u00e9taient l\u00e0, assises en face du <span style=\"color: #008000;\">s\u00e9pulcre<\/span>.<\/p>\n<p><sup><span class=\"verse_number\" style=\"color: #0000ff;\">62<\/span><\/sup> <span style=\"color: #993300;\">Le lendemain<\/span>, <span style=\"color: #993300;\">apr\u00e8s le jour de la Pr\u00e9paration<\/span>, les <strong>grands pr\u00eatres<\/strong> et les <strong>pharisiens<\/strong> s\u2019assembl\u00e8rent chez <strong>Pilate<\/strong>,<sup><span class=\"verse_number\" style=\"color: #0000ff;\">63<\/span><\/sup> en disant\u00a0: \u00ab\u00a0Seigneur, nous nous sommes rappel\u00e9 que cet imposteur a dit, de son vivant\u00a0: \u201c<span style=\"color: #ff0000;\">Trois jours apr\u00e8s, je ressusciterai<\/span>.\u201d<\/p>\n<p><sup><span class=\"verse_number\" style=\"color: #0000ff;\">64<\/span><\/sup> Alors, donne l\u2019ordre que le <em>s\u00e9pulcre soit surveill\u00e9<\/em> jusqu\u2019au t<span style=\"color: #993300;\">roisi\u00e8me jour<\/span>, de peur que ses disciples ne viennent <span style=\"color: #ff0000;\">voler le corps<\/span> et ne disent au peuple\u00a0: \u201c<span style=\"color: #ff0000;\">Il est ressuscit\u00e9 d\u2019entre les morts.<\/span>\u201d Cette derni\u00e8re imposture serait pire que la premi\u00e8re.\u00a0\u00bb<\/p>\n<p><sup><span class=\"verse_number\" style=\"color: #0000ff;\">65<\/span><\/sup> <strong>Pilate<\/strong> leur d\u00e9clara\u00a0: \u00ab\u00a0Vous avez <strong>une garde<\/strong>. Allez, <em>organisez la surveillance<\/em> comme vous l\u2019entendez\u00a0!\u00a0\u00bb<\/p>\n<p><sup><span class=\"verse_number\" style=\"color: #0000ff;\">66<\/span><\/sup> Ils partirent donc et assur\u00e8rent <em>la surveillance du s\u00e9pulcre<\/em> en mettant les scell\u00e9s sur la pierre et en y pla\u00e7ant la <strong>garde<\/strong>.<\/p>\n<p><strong><span style=\"color: #993300;\">Vocabulaire :<\/span><\/strong><\/p>\n<p>&nbsp;<\/p>\n<p><strong><span style=\"color: #0000ff;\">Questions :<\/span><\/strong><\/p>\n<p>&nbsp;<\/p>\n<h4>Commentaire :<\/h4>\n<p style=\"text-align: justify;\">J\u00e9sus a \u00e9t\u00e9 juif de sa naissance \u00e0 sa mort. C&rsquo;est selon les rites en vigueur \u00e0 J\u00e9rusalem au 1er si\u00e8cle de notre \u00e8re qu&rsquo;il sera enseveli : aromates, bandelettes, suaire, tombeau.<\/p>\n<p style=\"text-align: justify;\">Apr\u00e8s son ensevelissement, le corps d\u2019un d\u00e9funt \u00e9tait pr\u00e9par\u00e9. Un trait\u00e9 de la Mishnah (Sabbat 23,5) post\u00e9rieur au 1er si\u00e8cle, pr\u00e9cise les conditions de cette pr\u00e9paration. Le corps \u00e9tait lav\u00e9 et oint d&rsquo;aromates divers, allong\u00e9 et entour\u00e9 d&rsquo;un drap li\u00e9 par des bandelettes jusqu&rsquo;au menton.<\/p>\n<p style=\"text-align: justify;\">Tous les gestes habituels d&rsquo;une s\u00e9pulture juive ne sont pas accomplis en ce qui concerne J\u00e9sus. Pour une raison majeure : c&rsquo;est la veille de la P\u00e2que, et la mise au tombeau doit s&rsquo;effectuer avant la nuit. Les \u00e9vangiles passent sous silence plusieurs \u00e9tapes comme le lavage du corps (la toilette du mort \u00e9tait une coutume imprescriptible). Le corps de J\u00e9sus est envelopp\u00e9 dans un drap, le linceul, ce qui est le minimum requis \u00e9tant donn\u00e9 la r\u00e9pulsion juive devant un corps nu. Avant d&rsquo;\u00eatre serr\u00e9 dans le linceul, le corps \u00e9tait oint d&rsquo;aromates divers. L&rsquo;usage imm\u00e9diat \u00e9tait de pr\u00e9venir la mauvaise odeur du cadavre. Les femmes apportent ces aromates, mais au lendemain du sabbat seulement. Une fois ce rite de la toilette accompli, le cadavre est donc roul\u00e9 dans un linceul, li\u00e9 par des bandelettes, jusqu&rsquo;au menton. Ensuite, le corps est mis soit en terre, soit dans une tombe qui est souvent une cavit\u00e9 naturelle, close par une pierre.<\/p>\n<p style=\"text-align: justify;\">La Mishnah signale des conditions particuli\u00e8res d&rsquo;ensevelissement pour les condamn\u00e9s \u00e0 mort, notamment une interdiction de les ensevelir dans le tombeau de leurs anc\u00eatres. Tous les \u00e9vang\u00e9listes notent que J\u00e9sus est d\u00e9pos\u00e9 dans un tombeau neuf qui n&rsquo;est pas le sien. Matthieu seul affirme qu&rsquo;il s&rsquo;agit de celui de Joseph d&rsquo;Arimathie.<\/p>\n","protected":false},"excerpt":{"rendered":"<p>F42.3 &#8211; Mise au tombeau \/ Bible Nouveau-Testament Mt 27, 57 &#8211; 66 : 57 Comme il se faisait tard, arriva un homme riche, originaire d\u2019Arimathie, qui s\u2019appelait Joseph, et qui \u00e9tait devenu, lui aussi, disciple de J\u00e9sus. 58 Il<\/p>\n","protected":false},"author":1,"featured_media":0,"parent":0,"menu_order":0,"comment_status":"closed","ping_status":"closed","template":"","meta":{"footnotes":""},"_links":{"self":[{"href":"http:\/\/image-bible.ch\/index.php?rest_route=\/wp\/v2\/pages\/1525"}],"collection":[{"href":"http:\/\/image-bible.ch\/index.php?rest_route=\/wp\/v2\/pages"}],"about":[{"href":"http:\/\/image-bible.ch\/index.php?rest_route=\/wp\/v2\/types\/page"}],"author":[{"embeddable":true,"href":"http:\/\/image-bible.ch\/index.php?rest_route=\/wp\/v2\/users\/1"}],"replies":[{"embeddable":true,"href":"http:\/\/image-bible.ch\/index.php?rest_route=%2Fwp%2Fv2%2Fcomments&post=1525"}],"version-history":[{"count":8,"href":"http:\/\/image-bible.ch\/index.php?rest_route=\/wp\/v2\/pages\/1525\/revisions"}],"predecessor-version":[{"id":9343,"href":"http:\/\/image-bible.ch\/index.php?rest_route=\/wp\/v2\/pages\/1525\/revisions\/9343"}],"wp:attachment":[{"href":"http:\/\/image-bible.ch\/index.php?rest_route=%2Fwp%2Fv2%2Fmedia&parent=1525"}],"curies":[{"name":"wp","href":"https:\/\/api.w.org\/{rel}","templated":true}]}}