{"id":1527,"date":"2021-03-08T11:01:28","date_gmt":"2021-03-08T10:01:28","guid":{"rendered":"http:\/\/image-bible.ch\/?page_id=1527"},"modified":"2024-11-11T18:12:43","modified_gmt":"2024-11-11T17:12:43","slug":"c31-4-bible-ancien-testament","status":"publish","type":"page","link":"http:\/\/image-bible.ch\/?page_id=1527","title":{"rendered":"F42.4 \/ Bible Ancien-Testament"},"content":{"rendered":"<p style=\"text-align: center;\"><span style=\"font-family: 'comic sans ms', sans-serif; font-size: 14pt;\">F42.4<\/span><span style=\"font-family: 'comic sans ms', sans-serif; font-size: 14pt;\"> &#8211; Mise au tombeau \/ Bible Ancien-Testament<\/span><\/p>\n<h3>Joseph est jet\u00e9 dans une citerne par ses fr\u00e8res<\/h3>\n<p><img loading=\"lazy\" decoding=\"async\" class=\"alignnone size-medium wp-image-5692\" src=\"http:\/\/image-bible.ch\/wp-content\/uploads\/2021\/05\/31.-Mise-au-tombeau-A-Joseph-est-jete-dans-une-citerne-par-ses-freres--193x300.jpg\" alt=\"\" width=\"193\" height=\"300\" srcset=\"http:\/\/image-bible.ch\/wp-content\/uploads\/2021\/05\/31.-Mise-au-tombeau-A-Joseph-est-jete-dans-une-citerne-par-ses-freres--193x300.jpg 193w, http:\/\/image-bible.ch\/wp-content\/uploads\/2021\/05\/31.-Mise-au-tombeau-A-Joseph-est-jete-dans-une-citerne-par-ses-freres-.jpg 308w\" sizes=\"(max-width: 193px) 100vw, 193px\" \/><\/p>\n<p><span style=\"color: #0000ff;\">Gn 37,22-24 :<\/span><\/p>\n<p><span style=\"color: #0000ff;\"><sup>19<\/sup><\/span> Les <strong>fr\u00e8res de Joseph<\/strong> se dirent l\u2019un \u00e0 l\u2019autre\u00a0: \u00ab\u00a0Voici <em>l\u2019expert en songes<\/em> qui arrive\u00a0!<\/p>\n<p><span style=\"color: #0000ff;\"><sup>20<\/sup><\/span> C\u2019est le moment, allons-y, <span style=\"color: #ff0000;\">tuons-le<\/span>, et jetons-le dans une de ces <span style=\"color: #ff0000;\">citernes<\/span>. Nous dirons qu\u2019une <em>b\u00eate f\u00e9roce l\u2019a d\u00e9vor<\/em>\u00e9, et on <em>verra ce que voulaient dire ses songes\u00a0!<\/em>\u00a0\u00bb<\/p>\n<p><span style=\"color: #0000ff;\"><sup>21<\/sup><\/span> Mais <strong>Roub\u00e8ne<\/strong> les entendit, et voulut le sauver de leurs mains. Il leur dit\u00a0: \u00ab\u00a0Ne <em>touchons pas \u00e0 sa vie<\/em>.\u00a0\u00bb<\/p>\n<p><span style=\"color: #0000ff;\"><sup>22<\/sup><\/span> Et il ajouta\u00a0: \u00ab\u00a0Ne r\u00e9pandez pas son sang\u00a0:<span style=\"color: #ff0000;\"> jetez-le dans <strong>cette citerne<\/strong> <span style=\"color: #008000;\">du d\u00e9sert<\/span><\/span><span style=\"color: #008000;\">,<\/span> mais ne portez pas la main sur lui.\u00a0\u00bb Il voulait <span style=\"color: #ff0000;\">le sauver<\/span> de leurs mains et le ramener \u00e0 son p\u00e8re.<\/p>\n<p><span style=\"color: #0000ff;\"><sup>23<\/sup><\/span> D\u00e8s que <strong>Joseph<\/strong> eut rejoint ses fr\u00e8res, ils le <em>d\u00e9pouill\u00e8rent de sa tunique<\/em>, la tunique <em>de grand prix<\/em> qu\u2019il portait, <span style=\"color: #0000ff;\"><sup>24<\/sup><\/span> ils se saisirent de lui et le <span style=\"color: #ff0000;\">jet\u00e8rent dans<strong> la citerne<\/strong>,<\/span> qui \u00e9tait vide et sans eau.<\/p>\n<p><strong>Vocabulaire :<\/strong><\/p>\n<p>&nbsp;<\/p>\n<p><strong><span style=\"color: #0000ff;\">Questions :<\/span><\/strong><\/p>\n<p>&nbsp;<\/p>\n<p><strong>Commentaire<\/strong> :<\/p>\n<p style=\"text-align: justify;\">Joseph, le fils de la femme pr\u00e9f\u00e9r\u00e9e Rachel, le plus jeune et le bien-aim\u00e9 de Jacob, re\u00e7oit de son p\u00e8re une magnifique tunique. Il a des songes qui annoncent qu\u2019il est le premier dans la famille. Ses fr\u00e8res sont jaloux et profitent de l\u2019occasion pour le tuer. Roub\u00e8ne l\u2019a\u00een\u00e9 veut emp\u00eacher qu\u2019il soit tu\u00e9 et propose de le mettre dans une citerne. Finalement Joseph sera vendu \u00e0 une caravane de Madianites se rendant en \u00c9gypte et deviendra le bras droit de Pharaon. Joseph fait construire des greniers de bl\u00e9 pour le temps de famine. Il devient ainsi le sauveur de ses fr\u00e8res affam\u00e9s, descendus en \u00c9gypte pour acheter du bl\u00e9.<\/p>\n<h3>Jonas est jet\u00e9 \u00e0 la mer<\/h3>\n<p><img loading=\"lazy\" decoding=\"async\" class=\"alignnone size-medium wp-image-5693\" src=\"http:\/\/image-bible.ch\/wp-content\/uploads\/2021\/05\/31.-Mise-au-tombeau-B-Jonas-est-jete-a-la-mer-191x300.jpg\" alt=\"\" width=\"191\" height=\"300\" srcset=\"http:\/\/image-bible.ch\/wp-content\/uploads\/2021\/05\/31.-Mise-au-tombeau-B-Jonas-est-jete-a-la-mer-191x300.jpg 191w, http:\/\/image-bible.ch\/wp-content\/uploads\/2021\/05\/31.-Mise-au-tombeau-B-Jonas-est-jete-a-la-mer.jpg 306w\" sizes=\"(max-width: 191px) 100vw, 191px\" \/><\/p>\n<p style=\"text-align: justify;\"><i>Jonas 1,3-15 : Jonas se mit en route pour fuir \u00e0 Tarsis, loin de Yahv\u00e9. Il descendit \u00e0 Jopp\u00e9 et trouva un vaisseau \u00e0 destination de Tarsis, il paya son passage et s&#8217;embarqua pour se rendre avec eux \u00e0 Tarsis, loin de Yahv\u00e9.4.\u00a0Mais Yahv\u00e9 lan\u00e7a sur la mer un vent violent, et il y eut grande temp\u00eate sur la mer, au point que le vaisseau mena\u00e7ait de se briser.5.\u00a0Les matelots prirent peur; ils cri\u00e8rent chacun vers son dieu, et pour s&rsquo;all\u00e9ger, jet\u00e8rent \u00e0 la mer la cargaison. Jonas cependant \u00e9tait descendu au fond du bateau; il s&rsquo;\u00e9tait couch\u00e9 et dormait profond\u00e9ment.6.\u00a0Le chef de l&rsquo;\u00e9quipage s&rsquo;approcha de lui et lui dit : \u00ab Qu&rsquo;as-tu \u00e0 dormir ? L\u00e8ve-toi, crie vers ton Dieu! Peut-\u00eatre Dieu songera-t-il \u00e0 nous et nous ne p\u00e9rirons pas. \u00bb7.\u00a0Puis ils se dirent les uns aux autres : \u00ab Tirons donc au sort, pour savoir de qui nous vient ce mal. \u00bb Ils jet\u00e8rent les sorts et le sort tomba sur Jonas.8.\u00a0Ils lui dirent alors : \u00ab Dis-nous donc quelle est ton affaire, d&rsquo;o\u00f9 tu viens, quel est ton pays et \u00e0 quel peuple tu appartiens. \u00bb9.\u00a0Il leur r\u00e9pondit : \u00ab Je suis H\u00e9breu, et c&rsquo;est Yahv\u00e9 que j&rsquo;adore, le Dieu du ciel qui a fait la mer et la terre. \u00bb10.\u00a0Les hommes furent saisis d&rsquo;une grande crainte et ils lui dirent : \u00ab Qu&rsquo;as-tu fait l\u00e0! \u00bb Ils savaient en effet qu&rsquo;il fuyait loin de Yahv\u00e9, car il le leur avait racont\u00e9.11.\u00a0Ils lui dirent : \u00ab Que te ferons-nous pour que la mer s&rsquo;apaise pour nous ? \u00bb Car la mer se soulevait de plus en plus.12.\u00a0Il leur r\u00e9pondit : \u00ab Prenez-moi et jetez-moi \u00e0 la mer, et la mer s&rsquo;apaisera pour vous. Car, je le sais, c&rsquo;est \u00e0 cause de moi que cette violente temp\u00eate vous assaille. \u00bb13.\u00a0Les hommes ram\u00e8rent pour gagner le rivage, mais en vain, car la mer se soulevait de plus en plus contre eux.14.\u00a0Alors ils implor\u00e8rent Yahv\u00e9 et dirent : \u00ab Ah! Yahv\u00e9, puissions-nous ne pas p\u00e9rir \u00e0 cause de la vie de cet homme, et puisses-tu ne pas nous charger d&rsquo;un sang innocent, car c&rsquo;est toi, Yahv\u00e9, qui as agi selon ton bon plaisir. \u00bb15.\u00a0Et, s&#8217;emparant de Jonas, ils le jet\u00e8rent \u00e0 la mer, et la mer apaisa sa fureur.<\/i><\/p>\n<p><strong><span style=\"color: #993300;\">Vocabulaire :<\/span><\/strong><\/p>\n<p>&nbsp;<\/p>\n<p><strong><span style=\"color: #0000ff;\">Questions :<\/span><\/strong><\/p>\n<p>&nbsp;<\/p>\n<p><strong>Commentaire<\/strong> :<\/p>\n<p style=\"text-align: justify;\">Jonas est la figure du juif pieux et religieux qui ne croit pas que des pa\u00efens peuvent se convertir et se tourner vers Dieu. Il refuse de se rendre \u00e0 Ninive. Mais Dieu le rattrape sur le bateau \u00e0 travers la temp\u00eate. Dont il se rend compte qu\u2019il est responsable. Jonas va prier dans le ventre du grand poisson envoy\u00e9 par Dieu et il est rejet\u00e9 sur le rivage. Finalement il se rendra \u00e0 Ninive et sera non seulement surpris mais m\u00e9content que les habitants fassent p\u00e9nitence et se tournent vers Dieu.<\/p>\n<p><img loading=\"lazy\" decoding=\"async\" class=\"alignnone size-medium wp-image-5695\" src=\"http:\/\/image-bible.ch\/wp-content\/uploads\/2021\/05\/31.-Mise-au-tombeau-D-300x239.jpg\" alt=\"\" width=\"300\" height=\"239\" srcset=\"http:\/\/image-bible.ch\/wp-content\/uploads\/2021\/05\/31.-Mise-au-tombeau-D-300x239.jpg 300w, http:\/\/image-bible.ch\/wp-content\/uploads\/2021\/05\/31.-Mise-au-tombeau-D.jpg 619w\" sizes=\"(max-width: 300px) 100vw, 300px\" \/><\/p>\n<p><strong>David :<\/strong><i> Ps 76,3 : Au jour de la d\u00e9tresse, je cherche le Seigneur ; + la nuit, je tends les mains sans rel\u00e2che, mon \u00e2me refuse le r\u00e9confort \/ 16,8-10 : <\/i><em>Garde-moi comme la prunelle de l\u2019\u0153il ; \u00e0 l&rsquo;ombre de tes ailes, cache-moi, loin des m\u00e9chants qui m&rsquo;ont ruin\u00e9, des ennemis mortels qui m&rsquo;entourent. Ils s&rsquo;enferment dans leur suffisance ; l&rsquo;arrogance \u00e0 la bouche, ils parlent.<\/em><\/p>\n<p><strong>Jacob :<\/strong><i> Gn 49,9 : Juda est un jeune lion. Tu remontes du carnage, mon fils. Il s\u2019est accroupi, il s\u2019est couch\u00e9 comme un lion ; ce fauve, qui le fera lever ?<br \/>\n<\/i><\/p>\n<p><strong>Salomon :<\/strong><i> Ct 5,2 : Je dors, mais mon c\u0153ur veille\u2026 C\u2019est la voix de mon bien-aim\u00e9 ! Il frappe ! LUI \u2013 Ouvre-moi, ma s\u0153ur, mon amie, ma colombe, ma toute pure, car ma t\u00eate est humide de ros\u00e9e et mes boucles, des gouttes de la nuit.<br \/>\n<\/i><\/p>\n<p><strong>Isa\u00efe <\/strong><i>: Es 11,10 : Ce jour-l\u00e0, la racine de Jess\u00e9, p\u00e8re de David, sera dress\u00e9e comme un \u00e9tendard pour les peuples, les nations la chercheront, et la gloire sera sa demeure.<br \/>\n<\/i><\/p>\n<p>&nbsp;<\/p>\n","protected":false},"excerpt":{"rendered":"<p>F42.4 &#8211; Mise au tombeau \/ Bible Ancien-Testament Joseph est jet\u00e9 dans une citerne par ses fr\u00e8res Gn 37,22-24 : 19 Les fr\u00e8res de Joseph se dirent l\u2019un \u00e0 l\u2019autre\u00a0: \u00ab\u00a0Voici l\u2019expert en songes qui arrive\u00a0! 20 C\u2019est le moment,<\/p>\n","protected":false},"author":1,"featured_media":0,"parent":0,"menu_order":0,"comment_status":"closed","ping_status":"closed","template":"","meta":{"footnotes":""},"_links":{"self":[{"href":"http:\/\/image-bible.ch\/index.php?rest_route=\/wp\/v2\/pages\/1527"}],"collection":[{"href":"http:\/\/image-bible.ch\/index.php?rest_route=\/wp\/v2\/pages"}],"about":[{"href":"http:\/\/image-bible.ch\/index.php?rest_route=\/wp\/v2\/types\/page"}],"author":[{"embeddable":true,"href":"http:\/\/image-bible.ch\/index.php?rest_route=\/wp\/v2\/users\/1"}],"replies":[{"embeddable":true,"href":"http:\/\/image-bible.ch\/index.php?rest_route=%2Fwp%2Fv2%2Fcomments&post=1527"}],"version-history":[{"count":7,"href":"http:\/\/image-bible.ch\/index.php?rest_route=\/wp\/v2\/pages\/1527\/revisions"}],"predecessor-version":[{"id":9344,"href":"http:\/\/image-bible.ch\/index.php?rest_route=\/wp\/v2\/pages\/1527\/revisions\/9344"}],"wp:attachment":[{"href":"http:\/\/image-bible.ch\/index.php?rest_route=%2Fwp%2Fv2%2Fmedia&parent=1527"}],"curies":[{"name":"wp","href":"https:\/\/api.w.org\/{rel}","templated":true}]}}