{"id":1531,"date":"2021-03-08T11:02:10","date_gmt":"2021-03-08T10:02:10","guid":{"rendered":"http:\/\/image-bible.ch\/?page_id=1531"},"modified":"2024-11-11T18:27:43","modified_gmt":"2024-11-11T17:27:43","slug":"c31-6-icone","status":"publish","type":"page","link":"http:\/\/image-bible.ch\/?page_id=1531","title":{"rendered":"F42.6 \/ Ic\u00f4ne"},"content":{"rendered":"<p style=\"text-align: center;\"><span style=\"font-family: 'comic sans ms', sans-serif; font-size: 14pt;\">F42.6<\/span><span style=\"font-family: 'comic sans ms', sans-serif; font-size: 14pt;\"> &#8211; Mise au tombeau \/ Ic\u00f4ne<\/span><\/p>\n<p><span style=\"font-family: 'comic sans ms', sans-serif; font-size: 14pt;\"><img loading=\"lazy\" decoding=\"async\" class=\"alignnone  wp-image-8769\" src=\"http:\/\/image-bible.ch\/wp-content\/uploads\/14.-Mise-au-tombeau-194x300.jpg\" alt=\"\" width=\"569\" height=\"880\" srcset=\"http:\/\/image-bible.ch\/wp-content\/uploads\/14.-Mise-au-tombeau-194x300.jpg 194w, http:\/\/image-bible.ch\/wp-content\/uploads\/14.-Mise-au-tombeau-662x1024.jpg 662w, http:\/\/image-bible.ch\/wp-content\/uploads\/14.-Mise-au-tombeau-768x1188.jpg 768w, http:\/\/image-bible.ch\/wp-content\/uploads\/14.-Mise-au-tombeau.jpg 985w\" sizes=\"(max-width: 569px) 100vw, 569px\" \/><\/span><\/p>\n<p><em>Chemin de croix ic\u00f4ne<\/em><\/p>\n<p><img loading=\"lazy\" decoding=\"async\" class=\"alignnone  wp-image-9347\" src=\"http:\/\/image-bible.ch\/wp-content\/uploads\/9.2-Mise-au-tombeau-St-Petersbourg-Musee-russe-1-252x300.jpg\" alt=\"\" width=\"546\" height=\"650\" srcset=\"http:\/\/image-bible.ch\/wp-content\/uploads\/9.2-Mise-au-tombeau-St-Petersbourg-Musee-russe-1-252x300.jpg 252w, http:\/\/image-bible.ch\/wp-content\/uploads\/9.2-Mise-au-tombeau-St-Petersbourg-Musee-russe-1-860x1024.jpg 860w, http:\/\/image-bible.ch\/wp-content\/uploads\/9.2-Mise-au-tombeau-St-Petersbourg-Musee-russe-1-768x915.jpg 768w, http:\/\/image-bible.ch\/wp-content\/uploads\/9.2-Mise-au-tombeau-St-Petersbourg-Musee-russe-1-1290x1536.jpg 1290w, http:\/\/image-bible.ch\/wp-content\/uploads\/9.2-Mise-au-tombeau-St-Petersbourg-Musee-russe-1-1719x2048.jpg 1719w\" sizes=\"(max-width: 546px) 100vw, 546px\" \/><\/p>\n<p><em>Mus\u00e9e russe, St Petersburg, Russie.<\/em><\/p>\n<p><img loading=\"lazy\" decoding=\"async\" class=\"alignnone  wp-image-9348\" src=\"http:\/\/image-bible.ch\/wp-content\/uploads\/Mise-au-tombeau-Chapelle-du-St-Sepulcre-Cathedrale-St-Nicolas-Fribourg-11-300x252.jpg\" alt=\"\" width=\"604\" height=\"507\" srcset=\"http:\/\/image-bible.ch\/wp-content\/uploads\/Mise-au-tombeau-Chapelle-du-St-Sepulcre-Cathedrale-St-Nicolas-Fribourg-11-300x252.jpg 300w, http:\/\/image-bible.ch\/wp-content\/uploads\/Mise-au-tombeau-Chapelle-du-St-Sepulcre-Cathedrale-St-Nicolas-Fribourg-11-1024x859.jpg 1024w, http:\/\/image-bible.ch\/wp-content\/uploads\/Mise-au-tombeau-Chapelle-du-St-Sepulcre-Cathedrale-St-Nicolas-Fribourg-11-768x644.jpg 768w, http:\/\/image-bible.ch\/wp-content\/uploads\/Mise-au-tombeau-Chapelle-du-St-Sepulcre-Cathedrale-St-Nicolas-Fribourg-11-1536x1289.jpg 1536w, http:\/\/image-bible.ch\/wp-content\/uploads\/Mise-au-tombeau-Chapelle-du-St-Sepulcre-Cathedrale-St-Nicolas-Fribourg-11-2048x1719.jpg 2048w\" sizes=\"(max-width: 604px) 100vw, 604px\" \/><\/p>\n<p>La mise au tombeau, 1433, chapelle du Saint S\u00e9pulcre, cath\u00e9drale de Fribourg (Suisse).<\/p>\n<p><em>Ange \u00e0 la colonne avec le fouet \u00a0\u00a0\u00a0\u00a0\u00a0\u00a0\u00a0\u00a0\u00a0\u00a0\u00a0\u00a0\u00a0\u00a0\u00a0\u00a0\u00a0\u00a0\u00a0\u00a0\u00a0\u00a0\u00a0\u00a0\u00a0\u00a0\u00a0\u00a0\u00a0\u00a0\u00a0\u00a0\u00a0\u00a0\u00a0\u00a0\u00a0\u00a0 Ange avec la croix et les clous<\/em><\/p>\n<p><em>Femme \u2013 Vierge Marie soutenu par St Jean \u2013 l\u2019autre Marie \u2013 Marie Madeleine avec \u00a0\u00a0\u00a0\u00a0\u00a0\u00a0\u00a0\u00a0\u00a0\u00a0\u00a0\u00a0\u00a0\u00a0\u00a0\u00a0\u00a0\u00a0\u00a0\u00a0\u00a0\u00a0\u00a0\u00a0\u00a0\u00a0\u00a0\u00a0\u00a0\u00a0\u00a0\u00a0\u00a0\u00a0\u00a0\u00a0\u00a0\u00a0\u00a0\u00a0\u00a0\u00a0\u00a0\u00a0\u00a0\u00a0\u00a0\u00a0\u00a0\u00a0\u00a0\u00a0\u00a0\u00a0\u00a0\u00a0\u00a0\u00a0\u00a0\u00a0\u00a0\u00a0\u00a0\u00a0\u00a0\u00a0\u00a0\u00a0\u00a0\u00a0\u00a0\u00a0\u00a0\u00a0\u00a0\u00a0\u00a0\u00a0\u00a0\u00a0\u00a0\u00a0 \u00a0\u00a0\u00a0\u00a0\u00a0\u00a0\u00a0\u00a0\u00a0\u00a0\u00a0\u00a0\u00a0\u00a0\u00a0\u00a0\u00a0\u00a0\u00a0\u00a0\u00a0\u00a0\u00a0\u00a0\u00a0\u00a0\u00a0\u00a0\u00a0 l\u2019onguent<\/em><\/p>\n<p><em>Joseph d\u2019Arimathie\u00a0\u00a0\u00a0\u00a0\u00a0\u00a0\u00a0\u00a0 &#8211; J\u00e9sus \u00e9tendu sur le linceul &#8211;\u00a0\u00a0\u00a0\u00a0\u00a0\u00a0\u00a0\u00a0\u00a0\u00a0\u00a0\u00a0 Nicod\u00e8me<\/em><\/p>\n<p><em>Les trois soldats endormis \u00e0 l\u2019entr\u00e9e du tombeau<\/em><\/p>\n<p>C\u2019est une \u0153uvre d&rsquo;importance europ\u00e9enne : un groupe de treize statues grandeur nature, en molasse polychrome, figurent la mise au tombeau du Christ apr\u00e8s sa mort sur la croix. En fait, plut\u00f4t que l\u2019illustration de l&rsquo;\u00e9pisode transmis dans les \u00e9vangiles, elle figure plut\u00f4t une \u00ab\u00a0lev\u00e9e de corps\u00a0\u00bb\u00a0: ce genre de repr\u00e9sentation, qui remonte \u00e0 l&rsquo;art byzantin de la fin du premier mill\u00e9naire, est pass\u00e9 dans la peinture, la sculpture et les manuscrits occidentaux. La date de 1433 est grav\u00e9e sur la table du sarcophage, premi\u00e8re moiti\u00e9 du 15<sup>e<\/sup> si\u00e8cle, mais on ignore le nom de son auteur.<br \/>\nLa sc\u00e8ne pr\u00e9sente Joseph d&rsquo;Arimathie (\u00e0 droite) et Nicod\u00e8me (\u00e0 gauche), en costume de l\u2019\u00e9poque, tenant un linceul sur lequel repose le Christ, v\u00eatu d&rsquo;un simple pagne. Derri\u00e8re se tient sa m\u00e8re \u00e9plor\u00e9e, soutenue par l&rsquo;Ap\u00f4tre Jean et entour\u00e9e des deux autres Marie. Marie Madeleine, les cheveux d\u00e9faits, tient un flacon contenant les huiles n\u00e9cessaires \u00e0 l&#8217;embaumement. Sur les c\u00f4t\u00e9s, deux anges v\u00eatus d&rsquo;un habit liturgique portent les instruments de la passion (fl\u00e9au, colonne, croix et clous). Devant la mise au tombeau se tiennent trois soldats endormis, en r\u00e9f\u00e9rence \u00e0 l&rsquo;\u00e9vangile du matin de P\u00e2ques.<\/p>\n<p>&nbsp;<\/p>\n<p>&nbsp;<\/p>\n","protected":false},"excerpt":{"rendered":"<p>F42.6 &#8211; Mise au tombeau \/ Ic\u00f4ne Chemin de croix ic\u00f4ne Mus\u00e9e russe, St Petersburg, Russie. La mise au tombeau, 1433, chapelle du Saint S\u00e9pulcre, cath\u00e9drale de Fribourg (Suisse). Ange \u00e0 la colonne avec le fouet \u00a0\u00a0\u00a0\u00a0\u00a0\u00a0\u00a0\u00a0\u00a0\u00a0\u00a0\u00a0\u00a0\u00a0\u00a0\u00a0\u00a0\u00a0\u00a0\u00a0\u00a0\u00a0\u00a0\u00a0\u00a0\u00a0\u00a0\u00a0\u00a0\u00a0\u00a0\u00a0\u00a0\u00a0\u00a0\u00a0\u00a0\u00a0 Ange avec la<\/p>\n","protected":false},"author":1,"featured_media":0,"parent":0,"menu_order":0,"comment_status":"closed","ping_status":"closed","template":"","meta":{"footnotes":""},"_links":{"self":[{"href":"http:\/\/image-bible.ch\/index.php?rest_route=\/wp\/v2\/pages\/1531"}],"collection":[{"href":"http:\/\/image-bible.ch\/index.php?rest_route=\/wp\/v2\/pages"}],"about":[{"href":"http:\/\/image-bible.ch\/index.php?rest_route=\/wp\/v2\/types\/page"}],"author":[{"embeddable":true,"href":"http:\/\/image-bible.ch\/index.php?rest_route=\/wp\/v2\/users\/1"}],"replies":[{"embeddable":true,"href":"http:\/\/image-bible.ch\/index.php?rest_route=%2Fwp%2Fv2%2Fcomments&post=1531"}],"version-history":[{"count":5,"href":"http:\/\/image-bible.ch\/index.php?rest_route=\/wp\/v2\/pages\/1531\/revisions"}],"predecessor-version":[{"id":9349,"href":"http:\/\/image-bible.ch\/index.php?rest_route=\/wp\/v2\/pages\/1531\/revisions\/9349"}],"wp:attachment":[{"href":"http:\/\/image-bible.ch\/index.php?rest_route=%2Fwp%2Fv2%2Fmedia&parent=1531"}],"curies":[{"name":"wp","href":"https:\/\/api.w.org\/{rel}","templated":true}]}}