{"id":1553,"date":"2021-03-08T11:14:49","date_gmt":"2021-03-08T10:14:49","guid":{"rendered":"http:\/\/image-bible.ch\/?page_id=1553"},"modified":"2021-10-22T14:31:31","modified_gmt":"2021-10-22T12:31:31","slug":"c32-1-la-bible-des-pauvres","status":"publish","type":"page","link":"http:\/\/image-bible.ch\/?page_id=1553","title":{"rendered":"F43.1 \/ La Bible des pauvres"},"content":{"rendered":"<p style=\"text-align: center;\"><span style=\"font-family: 'comic sans ms', sans-serif; font-size: 14pt;\">F43.1<\/span><span style=\"font-family: 'comic sans ms', sans-serif; font-size: 14pt;\"> &#8211; Descente au s\u00e9jour des morts (lib\u00e9ration des enfers) \/ La Bible des pauvres<\/span><\/p>\n<p><img loading=\"lazy\" decoding=\"async\" class=\"alignnone wp-image-5701\" src=\"http:\/\/image-bible.ch\/wp-content\/uploads\/2021\/05\/32.-Descente-au-sejour-des-morts-198x300.jpg\" alt=\"\" width=\"329\" height=\"498\" srcset=\"http:\/\/image-bible.ch\/wp-content\/uploads\/2021\/05\/32.-Descente-au-sejour-des-morts-198x300.jpg 198w, http:\/\/image-bible.ch\/wp-content\/uploads\/2021\/05\/32.-Descente-au-sejour-des-morts.jpg 641w\" sizes=\"(max-width: 329px) 100vw, 329px\" \/><\/p>\n<p><strong>Types :<\/strong> Samson tue le lion &#8211; David tue Goliath<\/p>\n<p><strong>Antitype :<\/strong> descente aux enfers du Christ<\/p>\n<p>Dans le livre des juges on lit : Samson se pr\u00e9cipita sur un lion et le tua. Samson est une pr\u00e9figuration du Christ, qui tu le lion, soit le diable, en lib\u00e9rant l\u2019humanit\u00e9 de son emprise et brisa toute sa force et ses vices.<\/p>\n<p><i>Jg 14,5-6 : Samson descendit \u00e0 Timna et, comme il arrivait aux vignes de Timna, il vit un jeune lion qui venait \u00e0 sa rencontre en rugissant.6.\u00a0L&rsquo;esprit de Yahv\u00e9 fondit sur lui et, sans rien avoir en main, Samson d\u00e9chira le lion comme on d\u00e9chire un chevreau; mais il ne raconta pas \u00e0 son p\u00e8re ni \u00e0 sa m\u00e8re ce qu&rsquo;il avait fait.<\/i><\/p>\n<p>Dans le 1er livre des Rois on lit : David tua Goliath avec son \u00e9p\u00e9e apr\u00e8s l\u2019avoir touch\u00e9 avec sa fronde. David pr\u00e9figure le Christ qui tue Goliath, le diable, et abat son \u00e9p\u00e9e lorsqu\u2019il ressuscite, en lib\u00e9rant l\u2019humanit\u00e9 des enfers et en brisant la force du malin.<\/p>\n<p><i>1R 17,50-51 : Ainsi David triompha du Philistin avec la fronde et la pierre : il abattit le Philistin et le fit mourir; il n&rsquo;y avait pas d&rsquo;\u00e9p\u00e9e entre les mains de David.51.\u00a0David courut et se tint debout sur le Philistin; saisissant l&rsquo;\u00e9p\u00e9e de celui-ci, il la tira du fourreau, il acheva le Philistin et, avec elle, il lui trancha la t\u00eate. Les Philistins, voyant que leur champion \u00e9tait mort, s&rsquo;enfuirent.<\/i><\/p>\n<p><strong>David :<\/strong><i> Ps 106,15-16 : <\/i><em>Qu&rsquo;ils rendent gr\u00e2ce au Seigneur de son amour, de ses merveilles pour les hommes : car il brise les portes de bronze, il casse les barres de fer !<\/em><\/p>\n<p><strong>Os\u00e9e :<\/strong><i> Os 13,14 : Vais-je les lib\u00e9rer de l\u2019emprise des enfers, les racheter de la mort ? Mort, o\u00f9 est ta pestilence ? Enfers, o\u00f9 est votre fl\u00e9au ? Toute consolation se d\u00e9robe \u00e0 mes yeux.<br \/>\n<\/i><\/p>\n<p><strong>Jacob\u00a0 :<\/strong><i> Gn 49,9 : Juda est un jeune lion. Tu remontes du carnage, mon fils. Il s\u2019est accroupi, il s\u2019est couch\u00e9 comme un lion ; ce fauve, qui le fera lever ?<br \/>\n<\/i><\/p>\n<p><strong>Isa\u00efe :<\/strong><i> Es 27,1 : Ce jour-l\u00e0, le Seigneur ch\u00e2tiera de son \u00e9p\u00e9e dure et grande et forte, L\u00e9viathan, le serpent fuyard, L\u00e9viathan, le serpent tortueux ; il tuera le dragon de la mer.<br \/>\n<\/i><\/p>\n<p>&nbsp;<\/p>\n<p>&nbsp;<\/p>\n<p>&nbsp;<\/p>\n","protected":false},"excerpt":{"rendered":"<p>F43.1 &#8211; Descente au s\u00e9jour des morts (lib\u00e9ration des enfers) \/ La Bible des pauvres Types : Samson tue le lion &#8211; David tue Goliath Antitype : descente aux enfers du Christ Dans le livre des juges on lit :<\/p>\n","protected":false},"author":1,"featured_media":0,"parent":0,"menu_order":0,"comment_status":"closed","ping_status":"closed","template":"","meta":{"footnotes":""},"_links":{"self":[{"href":"http:\/\/image-bible.ch\/index.php?rest_route=\/wp\/v2\/pages\/1553"}],"collection":[{"href":"http:\/\/image-bible.ch\/index.php?rest_route=\/wp\/v2\/pages"}],"about":[{"href":"http:\/\/image-bible.ch\/index.php?rest_route=\/wp\/v2\/types\/page"}],"author":[{"embeddable":true,"href":"http:\/\/image-bible.ch\/index.php?rest_route=\/wp\/v2\/users\/1"}],"replies":[{"embeddable":true,"href":"http:\/\/image-bible.ch\/index.php?rest_route=%2Fwp%2Fv2%2Fcomments&post=1553"}],"version-history":[{"count":9,"href":"http:\/\/image-bible.ch\/index.php?rest_route=\/wp\/v2\/pages\/1553\/revisions"}],"predecessor-version":[{"id":6430,"href":"http:\/\/image-bible.ch\/index.php?rest_route=\/wp\/v2\/pages\/1553\/revisions\/6430"}],"wp:attachment":[{"href":"http:\/\/image-bible.ch\/index.php?rest_route=%2Fwp%2Fv2%2Fmedia&parent=1553"}],"curies":[{"name":"wp","href":"https:\/\/api.w.org\/{rel}","templated":true}]}}