{"id":1558,"date":"2021-03-08T11:15:57","date_gmt":"2021-03-08T10:15:57","guid":{"rendered":"http:\/\/image-bible.ch\/?page_id=1558"},"modified":"2024-11-11T18:35:01","modified_gmt":"2024-11-11T17:35:01","slug":"c32-3-bible-nouveau-testament","status":"publish","type":"page","link":"http:\/\/image-bible.ch\/?page_id=1558","title":{"rendered":"F43.3 \/ Bible Nouveau-Testament"},"content":{"rendered":"<p style=\"text-align: center;\"><span style=\"font-family: 'comic sans ms', sans-serif; font-size: 14pt;\">F43.3<\/span><span style=\"font-family: 'comic sans ms', sans-serif; font-size: 14pt;\"> &#8211; Descente au s\u00e9jour des morts \/ Bible Nouveau-Testament<\/span><\/p>\n<p><img loading=\"lazy\" decoding=\"async\" class=\"alignnone wp-image-5699\" src=\"http:\/\/image-bible.ch\/wp-content\/uploads\/2021\/05\/32.-Descente-au-sejour-des-morts-C-208x300.jpg\" alt=\"\" width=\"285\" height=\"411\" srcset=\"http:\/\/image-bible.ch\/wp-content\/uploads\/2021\/05\/32.-Descente-au-sejour-des-morts-C-208x300.jpg 208w, http:\/\/image-bible.ch\/wp-content\/uploads\/2021\/05\/32.-Descente-au-sejour-des-morts-C.jpg 344w\" sizes=\"(max-width: 285px) 100vw, 285px\" \/><\/p>\n<p>1P 3,18-19\u00a0 et 1P 4,6<\/p>\n<p><sup><span style=\"color: #0000ff;\">18<\/span><\/sup> Car le Christ, lui aussi, a souffert pour les p\u00e9ch\u00e9s, une seule fois, lui, le juste, pour les injustes, afin de vous introduire devant Dieu ; il a \u00e9t\u00e9 mis \u00e0 mort dans la chair, mais vivifi\u00e9 dans l\u2019Esprit.<br \/>\n<sup><span class=\"verse_number\" style=\"color: #0000ff;\">19 <\/span><\/sup>C\u2019est en lui qu\u2019il est parti proclamer son message aux esprits qui \u00e9taient en captivit\u00e9.<\/p>\n<p>4,<sup><span class=\"verse_number\">6<\/span><\/sup>\u00a0 C\u2019est pour cela que l\u2019\u00c9vangile a \u00e9t\u00e9 annonc\u00e9 aussi aux morts, afin que, jug\u00e9s selon les hommes dans la chair, ils vivent selon Dieu dans l\u2019Esprit.<\/p>\n<p><strong><span style=\"color: #993300;\">Vocabulaire :<\/span><\/strong><\/p>\n<p>&nbsp;<\/p>\n<p><strong><span style=\"color: #0000ff;\">Questions :<\/span><\/strong><\/p>\n<p>&nbsp;<\/p>\n<p><strong>Commentaire:<\/strong><\/p>\n<p>Ces versets sont souvent interpr\u00e9t\u00e9s comme une r\u00e9f\u00e9rence \u00e0 la descente de J\u00e9sus aux enfers, ou au s\u00e9jour des morts, apr\u00e8s sa crucifixion, afin d\u2019annoncer la bonne nouvelle du salut \u00e0 ceux qui \u00e9taient morts. Ce th\u00e8me est \u00e9galement repris dans la tradition chr\u00e9tienne, notamment dans le <strong>Credo des Ap\u00f4tres<\/strong> avec la formule : \u00ab Il est descendu aux enfers. \u00bb<\/p>\n<p>&nbsp;<\/p>\n","protected":false},"excerpt":{"rendered":"<p>F43.3 &#8211; Descente au s\u00e9jour des morts \/ Bible Nouveau-Testament 1P 3,18-19\u00a0 et 1P 4,6 18 Car le Christ, lui aussi, a souffert pour les p\u00e9ch\u00e9s, une seule fois, lui, le juste, pour les injustes, afin de vous introduire devant<\/p>\n","protected":false},"author":1,"featured_media":0,"parent":0,"menu_order":0,"comment_status":"closed","ping_status":"closed","template":"","meta":{"footnotes":""},"_links":{"self":[{"href":"http:\/\/image-bible.ch\/index.php?rest_route=\/wp\/v2\/pages\/1558"}],"collection":[{"href":"http:\/\/image-bible.ch\/index.php?rest_route=\/wp\/v2\/pages"}],"about":[{"href":"http:\/\/image-bible.ch\/index.php?rest_route=\/wp\/v2\/types\/page"}],"author":[{"embeddable":true,"href":"http:\/\/image-bible.ch\/index.php?rest_route=\/wp\/v2\/users\/1"}],"replies":[{"embeddable":true,"href":"http:\/\/image-bible.ch\/index.php?rest_route=%2Fwp%2Fv2%2Fcomments&post=1558"}],"version-history":[{"count":6,"href":"http:\/\/image-bible.ch\/index.php?rest_route=\/wp\/v2\/pages\/1558\/revisions"}],"predecessor-version":[{"id":9352,"href":"http:\/\/image-bible.ch\/index.php?rest_route=\/wp\/v2\/pages\/1558\/revisions\/9352"}],"wp:attachment":[{"href":"http:\/\/image-bible.ch\/index.php?rest_route=%2Fwp%2Fv2%2Fmedia&parent=1558"}],"curies":[{"name":"wp","href":"https:\/\/api.w.org\/{rel}","templated":true}]}}