{"id":1560,"date":"2021-03-08T11:16:26","date_gmt":"2021-03-08T10:16:26","guid":{"rendered":"http:\/\/image-bible.ch\/?page_id=1560"},"modified":"2024-11-11T18:42:24","modified_gmt":"2024-11-11T17:42:24","slug":"c32-4-bible-ancien-testament","status":"publish","type":"page","link":"http:\/\/image-bible.ch\/?page_id=1560","title":{"rendered":"F43.4 \/ Bible Ancien-Testament"},"content":{"rendered":"<p style=\"text-align: center;\"><span style=\"font-family: 'comic sans ms', sans-serif; font-size: 14pt;\">F43.4<\/span><span style=\"font-family: 'comic sans ms', sans-serif; font-size: 14pt;\"> &#8211; Descente au s\u00e9jour des morts \/ Bible Ancien-Testament<\/span><\/p>\n<h3>Samson tue le lion<\/h3>\n<p><img loading=\"lazy\" decoding=\"async\" class=\"alignnone size-medium wp-image-5697\" src=\"http:\/\/image-bible.ch\/wp-content\/uploads\/2021\/05\/32.-Descente-au-sejour-des-morts-A-Samson-tue-le-lion--201x300.jpg\" alt=\"\" width=\"201\" height=\"300\" srcset=\"http:\/\/image-bible.ch\/wp-content\/uploads\/2021\/05\/32.-Descente-au-sejour-des-morts-A-Samson-tue-le-lion--201x300.jpg 201w, http:\/\/image-bible.ch\/wp-content\/uploads\/2021\/05\/32.-Descente-au-sejour-des-morts-A-Samson-tue-le-lion-.jpg 316w\" sizes=\"(max-width: 201px) 100vw, 201px\" \/><\/p>\n<p><i>Jg 14,5-6 : <\/i><\/p>\n<p><span class=\"verse_number\">5<\/span> Samson descendit donc \u00e0 Timna avec son p\u00e8re et sa m\u00e8re. Alors qu\u2019ils arrivaient aux vignes de Timna, voici qu\u2019un jeune lion se pr\u00e9cipita sur lui en rugissant.<br \/>\n<span class=\"verse_number\">6<\/span> L\u2019Esprit du Seigneur s\u2019empara de lui, et, sans rien en main, Samson d\u00e9chira le lion, comme on d\u00e9chire un chevreau. Il ne raconta pas \u00e0 son p\u00e8re et \u00e0 sa m\u00e8re ce qu\u2019il avait fait.<\/p>\n<p><strong><span style=\"color: #993300;\">Vocabulaire :<\/span><\/strong><\/p>\n<p>&nbsp;<\/p>\n<p><strong><span style=\"color: #0000ff;\">Questions :<\/span><\/strong><\/p>\n<p>&nbsp;<\/p>\n<p><strong>Commentaire :<\/strong><\/p>\n<p><strong>Juges 14,5-6<\/strong> relate un \u00e9pisode de la vie de Samson o\u00f9, en route pour Timna avec ses parents, il rencontre un jeune lion qui s&rsquo;attaque \u00e0 lui. Dans un acte de force extraordinaire, il d\u00e9chire le lion \u00e0 mains nues,<\/p>\n<h3>David tue Goliath<\/h3>\n<p><img loading=\"lazy\" decoding=\"async\" class=\"alignnone size-medium wp-image-5698\" src=\"http:\/\/image-bible.ch\/wp-content\/uploads\/2021\/05\/32.-Descente-au-sejour-des-morts-B-David-tue-Goliath-207x300.jpg\" alt=\"\" width=\"207\" height=\"300\" srcset=\"http:\/\/image-bible.ch\/wp-content\/uploads\/2021\/05\/32.-Descente-au-sejour-des-morts-B-David-tue-Goliath-207x300.jpg 207w, http:\/\/image-bible.ch\/wp-content\/uploads\/2021\/05\/32.-Descente-au-sejour-des-morts-B-David-tue-Goliath.jpg 330w\" sizes=\"(max-width: 207px) 100vw, 207px\" \/><\/p>\n<p><i>1Sm 17,50-51 : <\/i><\/p>\n<p><span class=\"verse_number\">50<\/span> Ainsi David triompha du Philistin avec une fronde et un caillou\u00a0: quand il frappa le Philistin et le mit \u00e0 mort, il n\u2019avait pas d\u2019\u00e9p\u00e9e \u00e0 la main.<br \/>\n<span class=\"verse_number\">51<\/span> Mais David courut\u00a0; arriv\u00e9 pr\u00e8s du Philistin, il lui prit son \u00e9p\u00e9e, qu\u2019il tira du fourreau, et le tua en lui coupant la t\u00eate. Quand les Philistins virent que leur h\u00e9ros \u00e9tait mort, ils prirent la fuite.<\/p>\n<p><span style=\"color: #993300;\"><strong>Vocabulaire :<\/strong><\/span><\/p>\n<p>&nbsp;<\/p>\n<p><strong><span style=\"color: #0000ff;\">Questions :<\/span><\/strong><\/p>\n<p>&nbsp;<\/p>\n<p><strong>Commentaire :<\/strong><\/p>\n<p>Ce passage symbolise plusieurs th\u00e8mes importants :<\/p>\n<ol>\n<li><strong>La victoire de la foi sur la force brute<\/strong> : David est jeune et sans exp\u00e9rience militaire, face \u00e0 Goliath, un guerrier redoutable. Sa victoire avec une simple fronde montre que la foi et la confiance en Dieu surpassent la puissance physique ou les moyens humains. Ce r\u00e9cit souligne que la victoire spirituelle d\u00e9pend de l\u2019alliance avec Dieu et non des armes humaines.<\/li>\n<li><strong>L\u2019accomplissement de la justice divine<\/strong> : Dans tout le chapitre 17, David est d\u00e9crit comme un instrument de la justice divine contre les Philistins qui oppriment Isra\u00ebl. En tuant Goliath, David agit pour d\u00e9fendre l\u2019honneur du Dieu d\u2019Isra\u00ebl, r\u00e9pondant aux insultes de Goliath contre le Dieu vivant.<\/li>\n<li><strong>Pr\u00e9figuration de la mission de David<\/strong> : Ce moment r\u00e9v\u00e8le le caract\u00e8re de David comme futur roi, un chef choisi par Dieu pour lib\u00e9rer et prot\u00e9ger son peuple. Sa victoire sur Goliath annonce son r\u00f4le de lib\u00e9rateur et guerrier pour Isra\u00ebl, montrant qu\u2019il est un dirigeant consacr\u00e9 par Dieu.<\/li>\n<li><strong>Pr\u00e9figuration du combat spirituel<\/strong> : Dans une perspective spirituelle, la victoire de David sur Goliath est parfois vue comme une image de la victoire de la foi sur le p\u00e9ch\u00e9 ou les forces du mal. David devient un mod\u00e8le de confiance en Dieu face aux obstacles et aux ennemis redoutables.<\/li>\n<\/ol>\n<p>Ce passage inspire une compr\u00e9hension de la puissance de la foi, o\u00f9 les d\u00e9fis insurmontables peuvent \u00eatre vaincus gr\u00e2ce \u00e0 la foi en Dieu, l\u2019humilit\u00e9 et l\u2019ob\u00e9issance \u00e0 sa volont\u00e9.<\/p>\n<p>&nbsp;<\/p>\n<p><img loading=\"lazy\" decoding=\"async\" class=\"alignnone wp-image-5700\" src=\"http:\/\/image-bible.ch\/wp-content\/uploads\/2021\/05\/32.-Descente-au-sejour-des-morts-D-300x242.jpg\" alt=\"\" width=\"263\" height=\"212\" srcset=\"http:\/\/image-bible.ch\/wp-content\/uploads\/2021\/05\/32.-Descente-au-sejour-des-morts-D-300x242.jpg 300w, http:\/\/image-bible.ch\/wp-content\/uploads\/2021\/05\/32.-Descente-au-sejour-des-morts-D.jpg 627w\" sizes=\"(max-width: 263px) 100vw, 263px\" \/><\/p>\n<p><strong>David :<\/strong><i> Ps 106,15-16 : <\/i><em>Qu&rsquo;ils rendent gr\u00e2ce au Seigneur de son amour, de ses merveilles pour les hommes : car il brise les portes de bronze, il casse les barres de fer !<\/em><\/p>\n<p><strong>Os\u00e9e :<\/strong><i> Os 13,14 : Vais-je les lib\u00e9rer de l\u2019emprise des enfers, les racheter de la mort ? Mort, o\u00f9 est ta pestilence ? Enfers, o\u00f9 est votre fl\u00e9au ? Toute consolation se d\u00e9robe \u00e0 mes yeux.<br \/>\n<\/i><\/p>\n<p><strong>Jacob\u00a0 :<\/strong><i> Gn 49,9 : Juda est un jeune lion. Tu remontes du carnage, mon fils. Il s\u2019est accroupi, il s\u2019est couch\u00e9 comme un lion ; ce fauve, qui le fera lever ?<br \/>\n<\/i><\/p>\n<p><strong>Isa\u00efe :<\/strong><i> Es 27,1 : Ce jour-l\u00e0, le Seigneur ch\u00e2tiera de son \u00e9p\u00e9e dure et grande et forte, L\u00e9viathan, le serpent fuyard, L\u00e9viathan, le serpent tortueux ; il tuera le dragon de la mer.<br \/>\n<\/i><\/p>\n<p>&nbsp;<\/p>\n","protected":false},"excerpt":{"rendered":"<p>F43.4 &#8211; Descente au s\u00e9jour des morts \/ Bible Ancien-Testament Samson tue le lion Jg 14,5-6 : 5 Samson descendit donc \u00e0 Timna avec son p\u00e8re et sa m\u00e8re. Alors qu\u2019ils arrivaient aux vignes de Timna, voici qu\u2019un jeune lion<\/p>\n","protected":false},"author":1,"featured_media":0,"parent":0,"menu_order":0,"comment_status":"closed","ping_status":"closed","template":"","meta":{"footnotes":""},"_links":{"self":[{"href":"http:\/\/image-bible.ch\/index.php?rest_route=\/wp\/v2\/pages\/1560"}],"collection":[{"href":"http:\/\/image-bible.ch\/index.php?rest_route=\/wp\/v2\/pages"}],"about":[{"href":"http:\/\/image-bible.ch\/index.php?rest_route=\/wp\/v2\/types\/page"}],"author":[{"embeddable":true,"href":"http:\/\/image-bible.ch\/index.php?rest_route=\/wp\/v2\/users\/1"}],"replies":[{"embeddable":true,"href":"http:\/\/image-bible.ch\/index.php?rest_route=%2Fwp%2Fv2%2Fcomments&post=1560"}],"version-history":[{"count":6,"href":"http:\/\/image-bible.ch\/index.php?rest_route=\/wp\/v2\/pages\/1560\/revisions"}],"predecessor-version":[{"id":9353,"href":"http:\/\/image-bible.ch\/index.php?rest_route=\/wp\/v2\/pages\/1560\/revisions\/9353"}],"wp:attachment":[{"href":"http:\/\/image-bible.ch\/index.php?rest_route=%2Fwp%2Fv2%2Fmedia&parent=1560"}],"curies":[{"name":"wp","href":"https:\/\/api.w.org\/{rel}","templated":true}]}}