{"id":1562,"date":"2021-03-08T11:16:53","date_gmt":"2021-03-08T10:16:53","guid":{"rendered":"http:\/\/image-bible.ch\/?page_id=1562"},"modified":"2024-11-13T12:21:18","modified_gmt":"2024-11-13T11:21:18","slug":"c32-5-interpretation","status":"publish","type":"page","link":"http:\/\/image-bible.ch\/?page_id=1562","title":{"rendered":"F43.5 \/ Interpr\u00e9tation"},"content":{"rendered":"<p style=\"text-align: center;\"><span style=\"font-family: 'comic sans ms', sans-serif; font-size: 14pt;\">F43.5<\/span><span style=\"font-family: 'comic sans ms', sans-serif; font-size: 14pt;\"> &#8211; Descente au s\u00e9jour des morts \/ Interpr\u00e9tation<\/span><\/p>\n<p>Comme Samson se pr\u00e9cipita sur un lion et le tua. Ainsi le Christ, tue le lion, soit le diable, en lib\u00e9rant l\u2019humanit\u00e9 de son emprise et brise toute sa force et ses vices.<\/p>\n<p>En somme, ces passages expriment chacun, \u00e0 leur mani\u00e8re, la <strong>victoire divine sur les forces de mort<\/strong> et <strong>l\u2019annonce d\u2019un salut<\/strong> qui surpasse les limites physiques et spirituelles, anticipant la r\u00e9surrection et la vie nouvelle offerte par le Christ.<\/p>\n<p><strong>Juges 14,5-6<\/strong> et les passages de la <strong>Premi\u00e8re Lettre de Pierre<\/strong> (<strong>1 Pierre 3,18-19<\/strong> et <strong>1 Pierre 4,6<\/strong>) peuvent \u00eatre reli\u00e9s symboliquement par les th\u00e8mes de la <strong>victoire sur les puissances hostiles<\/strong> et de la <strong>lib\u00e9ration des captifs par la puissance de Dieu<\/strong>. Voici comment ces passages se rapprochent :<\/p>\n<ol>\n<li><strong>Victoire par l\u2019Esprit de Dieu<\/strong> :\n<ul>\n<li>Dans Juges 14,5-6, <strong>Samson est saisi par l\u2019Esprit de Dieu<\/strong> et, gr\u00e2ce \u00e0 cette force divine, il triomphe du lion qui l\u2019attaque. Cette victoire sur le lion repr\u00e9sente la puissance de Dieu qui d\u00e9passe les forces naturelles et les ennemis redoutables.<\/li>\n<li>Dans <strong>1 Pierre 3,18-19<\/strong>, <strong>J\u00e9sus, vivifi\u00e9 dans l&rsquo;Esprit<\/strong>, descend proclamer la victoire aux \u00ab esprits en prison \u00bb (g\u00e9n\u00e9ralement compris comme les \u00e2mes des d\u00e9funts ou les forces spirituelles oppos\u00e9es). C\u2019est par la puissance de l&rsquo;Esprit que J\u00e9sus triomphe de la mort et des puissances hostiles, annon\u00e7ant son r\u00e8gne aux \u00e2mes prisonni\u00e8res.<\/li>\n<\/ul>\n<\/li>\n<li><strong>Descente aux profondeurs et lib\u00e9ration<\/strong> :\n<ul>\n<li>Bien que Samson ne descende pas litt\u00e9ralement dans un lieu de mort, son combat contre le lion peut symboliser sa lutte contre une force hostile et mortelle, qu\u2019il surmonte avec l\u2019aide de Dieu. Le fait qu&rsquo;il terrasse le lion peut \u00eatre vu comme une image de la d\u00e9livrance de la mort.<\/li>\n<li><strong>1 Pierre 4,6<\/strong> parle de l\u2019annonce de l\u2019\u00c9vangile aux morts, interpr\u00e9t\u00e9e comme une extension de la mis\u00e9ricorde de Dieu envers ceux qui sont d\u00e9j\u00e0 d\u00e9c\u00e9d\u00e9s, leur permettant de recevoir l\u2019annonce de la victoire de Christ sur la mort. J\u00e9sus, en descendant au s\u00e9jour des morts, lib\u00e8re et offre le salut aux \u00e2mes captives.<\/li>\n<\/ul>\n<\/li>\n<li><strong>Pr\u00e9figuration de la puissance divine victorieuse<\/strong> :\n<ul>\n<li>Le geste de Samson tuant le lion anticipe la mani\u00e8re dont la puissance divine triomphe de tout danger et de toute menace de mort. Ce r\u00e9cit peut \u00eatre compris comme une pr\u00e9figuration de la victoire spirituelle.<\/li>\n<li>La descente de J\u00e9sus au s\u00e9jour des morts dans la Premi\u00e8re Lettre de Pierre est l\u2019accomplissement ultime de cette victoire. J\u00e9sus, par sa mort et sa r\u00e9surrection, accomplit la lib\u00e9ration spirituelle d\u00e9finitive pour l&rsquo;humanit\u00e9 et triomphe de la mort elle-m\u00eame.<\/li>\n<\/ul>\n<\/li>\n<\/ol>\n<p>Comme David tua Goliath avec son \u00e9p\u00e9e apr\u00e8s l\u2019avoir touch\u00e9 avec sa fronde. Ainsi le Christ qui tue le diable, et abat son \u00e9p\u00e9e lorsqu\u2019il ressuscite, en lib\u00e9rant l\u2019humanit\u00e9 des enfers et en brisant la force du malin.<\/p>\n<p>Ainsi, le triomphe de David sur Goliath anticipe la victoire totale de J\u00e9sus sur les forces du mal et de la mort. David, en remportant cette victoire d\u00e9cisive, annonce symboliquement la mission de J\u00e9sus qui, par sa mort et sa descente aux enfers, lib\u00e8re l\u2019humanit\u00e9 de la captivit\u00e9 spirituelle et offre le salut \u00e9ternel.<\/p>\n<p>Les passages de <strong>1 Samuel 17,50-51<\/strong> (le triomphe de David sur Goliath) et de <strong>1 Pierre 3,18-19<\/strong> et <strong>1 Pierre 4,6<\/strong> (la descente de J\u00e9sus aux enfers) peuvent \u00eatre reli\u00e9s par les th\u00e8mes de la <strong>victoire sur les forces hostiles<\/strong> et de la <strong>lib\u00e9ration de ceux qui sont captifs ou opprim\u00e9s<\/strong>. Voici les principaux liens symboliques entre ces textes :<\/p>\n<ol>\n<li><strong>La victoire sur les puissances du mal<\/strong> :\n<ul>\n<li>Dans <strong>1 Samuel 17<\/strong>, David, un jeune berger, triomphe du g\u00e9ant Goliath, le champion des Philistins. Ce triomphe repr\u00e9sente la victoire d\u2019un faible, avec l\u2019aide de Dieu, sur une puissance redoutable et oppressante.<\/li>\n<li>Dans <strong>1 Pierre 3,18-19<\/strong>, J\u00e9sus, par sa mort et sa r\u00e9surrection, triomphe des puissances de la mort et des t\u00e9n\u00e8bres en \u00ab pr\u00eachant aux esprits en prison \u00bb. Sa descente au s\u00e9jour des morts manifeste une victoire spirituelle totale sur les forces du mal, lib\u00e9rant ceux qui \u00e9taient sous leur emprise.<\/li>\n<\/ul>\n<\/li>\n<li><strong>Lib\u00e9ration des captifs<\/strong> :\n<ul>\n<li>La victoire de David marque le d\u00e9but de la lib\u00e9ration d\u2019Isra\u00ebl de la menace philistine ; il abat Goliath, l\u2019ennemi qui tenait tout le peuple sous la peur et l\u2019oppression.<\/li>\n<li>J\u00e9sus, dans <strong>1 Pierre 4,6<\/strong>, annonce l\u2019\u00c9vangile aux morts, permettant ainsi une lib\u00e9ration spirituelle pour ceux qui sont captifs de la mort, leur donnant acc\u00e8s \u00e0 la vie en Dieu. Cette \u00ab pr\u00e9dication aux morts \u00bb est vue comme une annonce de la victoire divine m\u00eame pour ceux qui \u00e9taient prisonniers de la mort.<\/li>\n<\/ul>\n<\/li>\n<li><strong>Pr\u00e9figuration du Messie victorieux<\/strong> :\n<ul>\n<li>David, en abattant Goliath avec une simple fronde, pr\u00e9figure le Messie, car il agit avec foi et puissance, \u00e9crasant l\u2019ennemi du peuple de Dieu. Ce geste proph\u00e9tique annonce la venue d\u2019un Sauveur qui triomphera des ennemis spirituels de l\u2019humanit\u00e9.<\/li>\n<li>J\u00e9sus, dans sa descente aux enfers, est le Messie qui accomplit cette mission de mani\u00e8re d\u00e9finitive, non seulement en triomphant de la mort, mais aussi en offrant le salut et la vie \u00e9ternelle \u00e0 ceux qui \u00e9taient perdus.<\/li>\n<\/ul>\n<\/li>\n<li><strong>Confiance et puissance de Dieu dans la faiblesse apparente<\/strong> :\n<ul>\n<li>David, jeune et sans arme, symbolise l\u2019apparente faiblesse qui, dans la foi en Dieu, devient une puissance capable de renverser les g\u00e9ants.<\/li>\n<li>De m\u00eame, la crucifixion de J\u00e9sus, per\u00e7ue comme un moment de faiblesse, devient par la r\u00e9surrection l\u2019acte de puissance ultime de Dieu sur la mort et le mal. Sa descente aux enfers et son annonce de la victoire spirituelle illustrent comment, dans l&rsquo;apparente faiblesse, Dieu agit avec puissance.<\/li>\n<\/ul>\n<\/li>\n<\/ol>\n","protected":false},"excerpt":{"rendered":"<p>F43.5 &#8211; Descente au s\u00e9jour des morts \/ Interpr\u00e9tation Comme Samson se pr\u00e9cipita sur un lion et le tua. Ainsi le Christ, tue le lion, soit le diable, en lib\u00e9rant l\u2019humanit\u00e9 de son emprise et brise toute sa force et<\/p>\n","protected":false},"author":1,"featured_media":0,"parent":0,"menu_order":0,"comment_status":"closed","ping_status":"closed","template":"","meta":{"footnotes":""},"_links":{"self":[{"href":"http:\/\/image-bible.ch\/index.php?rest_route=\/wp\/v2\/pages\/1562"}],"collection":[{"href":"http:\/\/image-bible.ch\/index.php?rest_route=\/wp\/v2\/pages"}],"about":[{"href":"http:\/\/image-bible.ch\/index.php?rest_route=\/wp\/v2\/types\/page"}],"author":[{"embeddable":true,"href":"http:\/\/image-bible.ch\/index.php?rest_route=\/wp\/v2\/users\/1"}],"replies":[{"embeddable":true,"href":"http:\/\/image-bible.ch\/index.php?rest_route=%2Fwp%2Fv2%2Fcomments&post=1562"}],"version-history":[{"count":6,"href":"http:\/\/image-bible.ch\/index.php?rest_route=\/wp\/v2\/pages\/1562\/revisions"}],"predecessor-version":[{"id":9361,"href":"http:\/\/image-bible.ch\/index.php?rest_route=\/wp\/v2\/pages\/1562\/revisions\/9361"}],"wp:attachment":[{"href":"http:\/\/image-bible.ch\/index.php?rest_route=%2Fwp%2Fv2%2Fmedia&parent=1562"}],"curies":[{"name":"wp","href":"https:\/\/api.w.org\/{rel}","templated":true}]}}