{"id":1566,"date":"2021-03-08T11:17:40","date_gmt":"2021-03-08T10:17:40","guid":{"rendered":"http:\/\/image-bible.ch\/?page_id=1566"},"modified":"2024-11-13T12:22:21","modified_gmt":"2024-11-13T11:22:21","slug":"c32-7-fete-juive","status":"publish","type":"page","link":"http:\/\/image-bible.ch\/?page_id=1566","title":{"rendered":"F43.7 \/ F\u00eate juive et chr\u00e9tienne"},"content":{"rendered":"<p style=\"text-align: center;\"><span style=\"font-family: 'comic sans ms', sans-serif; font-size: 14pt;\">F43.7<\/span><span style=\"font-family: 'comic sans ms', sans-serif; font-size: 14pt;\"> &#8211; Descente au s\u00e9jour des morts \/ F\u00eate juive et chr\u00e9tienne<\/span><\/p>\n<p>P\u00e2ques<\/p>\n<p>&nbsp;<\/p>\n","protected":false},"excerpt":{"rendered":"<p>F43.7 &#8211; Descente au s\u00e9jour des morts \/ F\u00eate juive et chr\u00e9tienne P\u00e2ques &nbsp;<\/p>\n","protected":false},"author":1,"featured_media":0,"parent":0,"menu_order":0,"comment_status":"closed","ping_status":"closed","template":"","meta":{"footnotes":""},"_links":{"self":[{"href":"http:\/\/image-bible.ch\/index.php?rest_route=\/wp\/v2\/pages\/1566"}],"collection":[{"href":"http:\/\/image-bible.ch\/index.php?rest_route=\/wp\/v2\/pages"}],"about":[{"href":"http:\/\/image-bible.ch\/index.php?rest_route=\/wp\/v2\/types\/page"}],"author":[{"embeddable":true,"href":"http:\/\/image-bible.ch\/index.php?rest_route=\/wp\/v2\/users\/1"}],"replies":[{"embeddable":true,"href":"http:\/\/image-bible.ch\/index.php?rest_route=%2Fwp%2Fv2%2Fcomments&post=1566"}],"version-history":[{"count":4,"href":"http:\/\/image-bible.ch\/index.php?rest_route=\/wp\/v2\/pages\/1566\/revisions"}],"predecessor-version":[{"id":9362,"href":"http:\/\/image-bible.ch\/index.php?rest_route=\/wp\/v2\/pages\/1566\/revisions\/9362"}],"wp:attachment":[{"href":"http:\/\/image-bible.ch\/index.php?rest_route=%2Fwp%2Fv2%2Fmedia&parent=1566"}],"curies":[{"name":"wp","href":"https:\/\/api.w.org\/{rel}","templated":true}]}}