{"id":1596,"date":"2021-03-08T13:01:30","date_gmt":"2021-03-08T12:01:30","guid":{"rendered":"http:\/\/image-bible.ch\/?page_id=1596"},"modified":"2021-09-20T11:33:31","modified_gmt":"2021-09-20T09:33:31","slug":"d33-1-la-bible-des-pauvres","status":"publish","type":"page","link":"http:\/\/image-bible.ch\/?page_id=1596","title":{"rendered":"G44.1 \/ La Bible des pauvres"},"content":{"rendered":"<p style=\"text-align: center;\"><span style=\"font-family: 'comic sans ms', sans-serif; font-size: 14pt;\">G44.1<\/span><span style=\"font-family: 'comic sans ms', sans-serif; font-size: 14pt;\"> &#8211; La R\u00e9surrection \/ La Bible des pauvres<\/span><\/p>\n<p><img loading=\"lazy\" decoding=\"async\" class=\"alignnone wp-image-5706\" src=\"http:\/\/image-bible.ch\/wp-content\/uploads\/2021\/05\/33.-Resurrection-194x300.jpg\" alt=\"\" width=\"312\" height=\"482\" srcset=\"http:\/\/image-bible.ch\/wp-content\/uploads\/2021\/05\/33.-Resurrection-194x300.jpg 194w, http:\/\/image-bible.ch\/wp-content\/uploads\/2021\/05\/33.-Resurrection.jpg 627w\" sizes=\"(max-width: 312px) 100vw, 312px\" \/><\/p>\n<p><strong>Types :<\/strong> Samson enl\u00e8ve les portes de Gaza &#8211; Jonas est rejet\u00e9 par le monstre marin sur le rivage<\/p>\n<p><strong>Antitype :<\/strong> R\u00e9surrection de J\u00e9sus<\/p>\n<p>Dans le livre des juges on lit sur Samson : il se leva \u00e0 minuit et avec sa force enleva les deux portes de la ville et les emmena loin de la ville. Samson pr\u00e9figure le Christ qui \u00e0 minuit se leva de son tombeau et enleva les portes du tombeau soit la pierre.<\/p>\n<p><i>Jg 16,1-3 : Puis Samson se rendit \u00e0 Gaza; il y vit une prostitu\u00e9e et il entra chez elle.2.\u00a0On fit savoir aux gens de Gaza : \u00ab Samson est venu ici. \u00bb Ils firent des rondes et le guett\u00e8rent toute la nuit \u00e0 la porte de la ville. Toute la nuit ils se tinrent tranquilles. \u00bb Attendons, disaient-ils, jusqu&rsquo;au point du jour, et nous le tuerons. \u00bb3.\u00a0Mais Samson resta couch\u00e9 jusqu&rsquo;au milieu de la nuit et, au milieu de la nuit, se levant, il saisit les battants de la porte de la ville, ainsi que les deux montants, il les arracha avec la barre et, les chargeant sur ses \u00e9paules, il les porta jusqu&rsquo;au sommet de la montagne qui est en face d&rsquo;H\u00e9bron.<\/i><\/p>\n<p>A propos de Jonas on lit : le monstre marin le rejeta sur la rive apr\u00e8s avoir repos\u00e9 trois jours et trois nuits dans son ventre. Jonas qui sorti du monstre marin apr\u00e8s trois jours et trois nuits est une pr\u00e9figuration du Christ\u00a0 qui apr\u00e8s trois jours sorti du tombeau vivant.<\/p>\n<p><i>Jonas 2,11 : Yahv\u00e9 commanda au poisson, qui vomit Jonas sur le rivage.<\/i><\/p>\n<p><i>\u00a0<\/i><\/p>\n<p><strong>\u00a0Jabob :<\/strong> <i>Gn 49,9 : Juda est un jeune lion. Tu remontes du carnage, mon fils. Il s\u2019est accroupi, il s\u2019est couch\u00e9 comme un lion ; ce fauve, qui le fera lever<br \/>\n<\/i><\/p>\n<p><strong>Os\u00e9e : <\/strong><i>Os 6,3 : Effor\u00e7ons-nous de conna\u00eetre le Seigneur : son lever est aussi s\u00fbr que l\u2019aurore ; il nous viendra comme la pluie, l\u2019ond\u00e9e qui arrose la terre.<br \/>\n<\/i><\/p>\n<p><strong>David :<\/strong><i> Ps 77,65 : Le Seigneur, tel un dormeur qui s&rsquo;\u00e9veille, tel un guerrier que le vin ragaillardit,<br \/>\n<\/i><\/p>\n<p><strong>Sophonie :<\/strong> <em>So 3,8 : C\u2019est pourquoi : Oracle du Seigneur ! J\u2019ai dit : \u00ab Attendez-moi, jusqu\u2019au jour o\u00f9 je me l\u00e8verai en accusateur. \u00bb Ma d\u00e9cision rassemblera les nations, r\u00e9unira les royaumes, pour verser sur eux ma fureur, toute l\u2019ardeur de ma col\u00e8re. Oui, le feu de ma jalousie d\u00e9vorera toute la terre.<\/em><\/p>\n<p>&nbsp;<\/p>\n","protected":false},"excerpt":{"rendered":"<p>G44.1 &#8211; La R\u00e9surrection \/ La Bible des pauvres Types : Samson enl\u00e8ve les portes de Gaza &#8211; Jonas est rejet\u00e9 par le monstre marin sur le rivage Antitype : R\u00e9surrection de J\u00e9sus Dans le livre des juges on lit<\/p>\n","protected":false},"author":1,"featured_media":0,"parent":0,"menu_order":0,"comment_status":"closed","ping_status":"closed","template":"","meta":{"footnotes":""},"_links":{"self":[{"href":"http:\/\/image-bible.ch\/index.php?rest_route=\/wp\/v2\/pages\/1596"}],"collection":[{"href":"http:\/\/image-bible.ch\/index.php?rest_route=\/wp\/v2\/pages"}],"about":[{"href":"http:\/\/image-bible.ch\/index.php?rest_route=\/wp\/v2\/types\/page"}],"author":[{"embeddable":true,"href":"http:\/\/image-bible.ch\/index.php?rest_route=\/wp\/v2\/users\/1"}],"replies":[{"embeddable":true,"href":"http:\/\/image-bible.ch\/index.php?rest_route=%2Fwp%2Fv2%2Fcomments&post=1596"}],"version-history":[{"count":7,"href":"http:\/\/image-bible.ch\/index.php?rest_route=\/wp\/v2\/pages\/1596\/revisions"}],"predecessor-version":[{"id":6143,"href":"http:\/\/image-bible.ch\/index.php?rest_route=\/wp\/v2\/pages\/1596\/revisions\/6143"}],"wp:attachment":[{"href":"http:\/\/image-bible.ch\/index.php?rest_route=%2Fwp%2Fv2%2Fmedia&parent=1596"}],"curies":[{"name":"wp","href":"https:\/\/api.w.org\/{rel}","templated":true}]}}