{"id":1602,"date":"2021-03-08T13:02:55","date_gmt":"2021-03-08T12:02:55","guid":{"rendered":"http:\/\/image-bible.ch\/?page_id=1602"},"modified":"2024-11-13T12:34:56","modified_gmt":"2024-11-13T11:34:56","slug":"d33-4-bible-ancien-testament","status":"publish","type":"page","link":"http:\/\/image-bible.ch\/?page_id=1602","title":{"rendered":"G44.4 \/ Bible Ancien-Testament"},"content":{"rendered":"<p style=\"text-align: center;\"><span style=\"font-family: 'comic sans ms', sans-serif; font-size: 14pt;\">G44.4<\/span><span style=\"font-family: 'comic sans ms', sans-serif; font-size: 14pt;\"> &#8211; La R\u00e9surrection \/ Bible Ancien-Testament<\/span><\/p>\n<h3>Samson enl\u00e8ve les portes de Gaza<\/h3>\n<p><img loading=\"lazy\" decoding=\"async\" class=\"alignnone size-medium wp-image-5702\" src=\"http:\/\/image-bible.ch\/wp-content\/uploads\/2021\/05\/33.-Resurrection-A-Samson-enleve-les-portes-de-Gaza-210x300.jpg\" alt=\"\" width=\"210\" height=\"300\" srcset=\"http:\/\/image-bible.ch\/wp-content\/uploads\/2021\/05\/33.-Resurrection-A-Samson-enleve-les-portes-de-Gaza-210x300.jpg 210w, http:\/\/image-bible.ch\/wp-content\/uploads\/2021\/05\/33.-Resurrection-A-Samson-enleve-les-portes-de-Gaza.jpg 329w\" sizes=\"(max-width: 210px) 100vw, 210px\" \/><\/p>\n<p><span style=\"color: #0000ff;\">Jg 16,1-3\u00a0:<\/span><\/p>\n<p><em>Samson, un juge, au temps d\u2019Isra\u00ebl avant la royaut\u00e9, a une force donn\u00e9e par Dieu gr\u00e2ce \u00e0 ses cheveux. Il passe quelques heures aupr\u00e8s d\u2019une prostitu\u00e9e, mais traqu\u00e9 par ses ennemis, arrache les portes de la ville et s\u2019enfuit en les emportant sur ses \u00e9paules jusqu\u2019\u00e0 H\u00e9bron<\/em><\/p>\n<p><span style=\"color: #0000ff;\"><sup>1<\/sup><\/span><strong> Samson<\/strong> se rendit<span style=\"color: #008000;\"> \u00e0 Gaza<\/span>. Il y vit<strong> une prostitu\u00e9<\/strong>e et entra chez elle.<\/p>\n<p><span style=\"color: #0000ff;\"><sup>2<\/sup><\/span> On dit aux<strong> gens<\/strong> de <span style=\"color: #008000;\">Gaza<\/span>\u00a0: \u00ab\u00a0<strong>Samson<\/strong> est venu ici.\u00a0\u00bb Ils firent <em>des rondes et guett\u00e8rent<\/em> <span style=\"color: #993300;\">toute la nui<\/span>t \u00e0 <span style=\"color: #008000;\">la porte<\/span> de la ville. Ils se tinrent tranquilles toute la nuit, en se disant\u00a0: \u00ab\u00a0Attendons <span style=\"color: #993300;\">la lumi\u00e8re du matin<\/span>, et alors <em>nous le tuerons<\/em>.\u00a0\u00bb<\/p>\n<p><span style=\"color: #0000ff;\"><sup>3<\/sup><\/span> Mais <strong>Samson<\/strong> resta couch\u00e9 jusqu\u2019au <span style=\"color: #993300;\">milieu de la nuit<\/span>. Il <em>se leva<\/em> alors,<strong><span style=\"color: #ff0000;\"> saisit les battants de la porte<\/span><\/strong> de la ville et les deux montants, les arracha avec leur verrou, les mit sur ses \u00e9paules et les emporta <span style=\"color: #008000;\">au sommet de la montagne<\/span> qui est en face d\u2019H\u00e9bron<\/p>\n<p><strong><span style=\"color: #993300;\">Vocabulaire :<\/span><\/strong><\/p>\n<p>&nbsp;<\/p>\n<p><strong><span style=\"color: #0000ff;\">Questions :<\/span><\/strong><\/p>\n<p>&nbsp;<\/p>\n<h4>Commentaire :<\/h4>\n<p>Il y a de la d\u00e9mesure dans le personnage de Samson, (juge au XIIe si\u00e8cle av. J.-C) dans la force li\u00e9e \u00e0 la longueur de ses cheveux, car il est un nazir qui ne se coupaient ni les cheveux ni la barbe pour soigner son aspect physique, en signe de pr\u00e9f\u00e9rence et de cons\u00e9cration pour Dieu et dans l\u2019amour. Il y a m\u00eame du burlesque lorsqu\u2019il transporte les portes de la ville de Gaza jusqu\u2019\u00e0 H\u00e9bron ! Comment cette histoire peut-elle s\u2019int\u00e9grer dans celle du salut de Dieu ? Elle est largement inspir\u00e9e de la mythologie solaire. Samson est pr\u00e9sent\u00e9 comme un lib\u00e9rateur lorsque le peuple d\u2019Isra\u00ebl est sous la domination des philistins.<\/p>\n<h3>Jonas est rejet\u00e9 par le monstre marin sur le rivage &#8211; Joseph sort de prison<\/h3>\n<p><img loading=\"lazy\" decoding=\"async\" class=\"alignnone size-medium wp-image-5703\" src=\"http:\/\/image-bible.ch\/wp-content\/uploads\/2021\/05\/33.-Resurrection-B-Jonas-est-rejete-par-le-monstre-marin-sur-le-rivage-189x300.jpg\" alt=\"\" width=\"189\" height=\"300\" srcset=\"http:\/\/image-bible.ch\/wp-content\/uploads\/2021\/05\/33.-Resurrection-B-Jonas-est-rejete-par-le-monstre-marin-sur-le-rivage-189x300.jpg 189w, http:\/\/image-bible.ch\/wp-content\/uploads\/2021\/05\/33.-Resurrection-B-Jonas-est-rejete-par-le-monstre-marin-sur-le-rivage.jpg 299w\" sizes=\"(max-width: 189px) 100vw, 189px\" \/><\/p>\n<p>Jonas 2,11 : Yahv\u00e9 commanda au poisson, qui vomit Jonas sur le rivage.<\/p>\n<p>Joseph sort de prison<\/p>\n<p>Gn 41,14-27<\/p>\n<p><em>Joseph vendu par ses fr\u00e8res, se retrouve esclave aupr\u00e8s de Putiphar, chef du Pharaon d\u2019\u00c9gypte. La femme de son ma\u00eetre tente de le s\u00e9duire, Joseph refuse et elle l\u2019accuse d\u2019avoir voulu la violer ainsi il se retrouve en prison. Mais Dieu lui donne d\u2019interpr\u00e9ter les songes de l\u2019\u00e9chanson (charg\u00e9 des boissons) et du panetier (responsable du pain) de Pharaon. Lorsque Pharaon a un songe que nul ne peut interpr\u00e9ter l\u2019\u00e9chanson se rappelle de Joseph.<\/em><\/p>\n<p><sup>14<\/sup> Pharaon fit appeler Joseph. En toute h\u00e2te, <strong>on le tira de son cachot<\/strong>. Il se rasa, changea de v\u00eatements et se rendit chez Pharaon. <sup>15<\/sup> Pharaon dit \u00e0 Joseph\u00a0: \u00ab\u00a0J\u2019ai fait un songe et personne ne peut l\u2019interpr\u00e9ter. Mais j\u2019ai entendu dire de toi, qu\u2019il te suffit d\u2019entendre raconter un songe pour en donner l\u2019interpr\u00e9tation.\u00a0\u00bb <sup>16<\/sup> Joseph r\u00e9pondit \u00e0 Pharaon\u00a0: \u00ab\u00a0Ce n\u2019est pas moi, c\u2019est Dieu qui donnera \u00e0 Pharaon la r\u00e9ponse qui lui rendra la paix.\u00a0\u00bb<\/p>\n<p><sup>17<\/sup> Alors, Pharaon dit \u00e0 Joseph\u00a0: \u00ab\u00a0Dans le songe \u2026 <sup>18<\/sup> voici que montaient du Nil sept vaches, bien grasses \u2026 <sup>19<\/sup> Puis, derri\u00e8re elles, montaient sept autres vaches, ch\u00e9tives, tr\u00e8s laides et d\u00e9charn\u00e9es\u2026 <sup>20<\/sup> Les vaches d\u00e9charn\u00e9es et laides mangeaient les vaches grasses, \u2026 <sup>21<\/sup> Alors je me suis r\u00e9veill\u00e9.<\/p>\n<p><sup>25<\/sup> Joseph r\u00e9pondit \u00e0 Pharaon\u00a0: \u00ab\u00a0\u2026 <sup>26<\/sup> Les sept belles vaches repr\u00e9sentent sept ann\u00e9es, \u2026 <sup>27<\/sup> Les sept vaches d\u00e9charn\u00e9es et laides qui montaient derri\u00e8re les autres repr\u00e9sentent sept ann\u00e9es\u00a0; \u2026 Ce seront sept ann\u00e9es de famine, apr\u00e8s sept ann\u00e9es d\u2019abondance\u00a0\u00bb Il faut donc construire des greniers\u00a0!<\/p>\n<p><strong><span style=\"color: #993300;\">Vocabulaire :<\/span><\/strong><\/p>\n<p>&nbsp;<\/p>\n<p><strong><span style=\"color: #0000ff;\">Questions :<\/span><\/strong><\/p>\n<p>&nbsp;<\/p>\n<h4>Commentaire :<\/h4>\n<p>Joseph, le dernier n\u00e9, est le fils pr\u00e9f\u00e9r\u00e9 de Jacob, car il est n\u00e9 de sa femme favorite Rachel. Ce qui suscite la jalousie de ses dix fr\u00e8res.<br \/>\nD\u00e8s sa jeunesse Joseph a eu des songes\u00a0: Dans le premier, onze gerbes des champs (repr\u00e9sentant ses demi-fr\u00e8res) s&rsquo;inclinent devant la gerbe de bl\u00e9 de Joseph (Gn 37,5ss). Dans le second, onze \u00e9toiles (repr\u00e9sentant ses fr\u00e8res), le Soleil (Jacob ?) et la Lune (L\u00e9a ?) se prosternent devant Joseph. Le r\u00e9cit de ces deux songes ne fait qu&rsquo;accro\u00eetre la jalousie des fr\u00e8res.<br \/>\nEnferm\u00e9 injustement en prison par le pharaon, car sa femme l&rsquo;accuse injustement d&rsquo;avoir couch\u00e9 avec elle.<br \/>\nJoseph est rel\u00e2ch\u00e9 pour interpr\u00e9ter les songes de pharaon et devient son intendant. Ses fr\u00e8res viendront en \u00c9gypte lorsque la famine atteint Isra\u00ebl, pour acheter du bl\u00e9. Joseph se fera reconna\u00eetre \u00e0 leur deuxi\u00e8me voyage. Il devient ainsi leur sauveur en accomplissant les songes de sa jeunesse.<\/p>\n<p>&nbsp;<\/p>\n<p><img loading=\"lazy\" decoding=\"async\" class=\"alignnone size-medium wp-image-5705\" src=\"http:\/\/image-bible.ch\/wp-content\/uploads\/2021\/05\/33.-Resurrection-D-300x243.jpg\" alt=\"\" width=\"300\" height=\"243\" srcset=\"http:\/\/image-bible.ch\/wp-content\/uploads\/2021\/05\/33.-Resurrection-D-300x243.jpg 300w, http:\/\/image-bible.ch\/wp-content\/uploads\/2021\/05\/33.-Resurrection-D.jpg 621w\" sizes=\"(max-width: 300px) 100vw, 300px\" \/><\/p>\n<p><strong>\u00a0Jabob :<\/strong> <i>Gn 49,9 : Juda est un jeune lion. Tu remontes du carnage, mon fils. Il s\u2019est accroupi, il s\u2019est couch\u00e9 comme un lion ; ce fauve, qui le fera lever<br \/>\n<\/i><\/p>\n<p><strong>Os\u00e9e : <\/strong><i>Os 6,3 : Effor\u00e7ons-nous de conna\u00eetre le Seigneur : son lever est aussi s\u00fbr que l\u2019aurore ; il nous viendra comme la pluie, l\u2019ond\u00e9e qui arrose la terre.<br \/>\n<\/i><\/p>\n<p><strong>David :<\/strong><i> Ps 77,65 : Le Seigneur, tel un dormeur qui s&rsquo;\u00e9veille, tel un guerrier que le vin ragaillardit,<br \/>\n<\/i><\/p>\n<p><strong>Sophonie :<\/strong> <em>So 3,8 : C\u2019est pourquoi : Oracle du Seigneur ! J\u2019ai dit : \u00ab Attendez-moi, jusqu\u2019au jour o\u00f9 je me l\u00e8verai en accusateur. \u00bb Ma d\u00e9cision rassemblera les nations, r\u00e9unira les royaumes, pour verser sur eux ma fureur, toute l\u2019ardeur de ma col\u00e8re. Oui, le feu de ma jalousie d\u00e9vorera toute la terre.<\/em><\/p>\n","protected":false},"excerpt":{"rendered":"<p>G44.4 &#8211; La R\u00e9surrection \/ Bible Ancien-Testament Samson enl\u00e8ve les portes de Gaza Jg 16,1-3\u00a0: Samson, un juge, au temps d\u2019Isra\u00ebl avant la royaut\u00e9, a une force donn\u00e9e par Dieu gr\u00e2ce \u00e0 ses cheveux. Il passe quelques heures aupr\u00e8s d\u2019une<\/p>\n","protected":false},"author":1,"featured_media":0,"parent":0,"menu_order":0,"comment_status":"closed","ping_status":"closed","template":"","meta":{"footnotes":""},"_links":{"self":[{"href":"http:\/\/image-bible.ch\/index.php?rest_route=\/wp\/v2\/pages\/1602"}],"collection":[{"href":"http:\/\/image-bible.ch\/index.php?rest_route=\/wp\/v2\/pages"}],"about":[{"href":"http:\/\/image-bible.ch\/index.php?rest_route=\/wp\/v2\/types\/page"}],"author":[{"embeddable":true,"href":"http:\/\/image-bible.ch\/index.php?rest_route=\/wp\/v2\/users\/1"}],"replies":[{"embeddable":true,"href":"http:\/\/image-bible.ch\/index.php?rest_route=%2Fwp%2Fv2%2Fcomments&post=1602"}],"version-history":[{"count":7,"href":"http:\/\/image-bible.ch\/index.php?rest_route=\/wp\/v2\/pages\/1602\/revisions"}],"predecessor-version":[{"id":9370,"href":"http:\/\/image-bible.ch\/index.php?rest_route=\/wp\/v2\/pages\/1602\/revisions\/9370"}],"wp:attachment":[{"href":"http:\/\/image-bible.ch\/index.php?rest_route=%2Fwp%2Fv2%2Fmedia&parent=1602"}],"curies":[{"name":"wp","href":"https:\/\/api.w.org\/{rel}","templated":true}]}}