{"id":1604,"date":"2021-03-08T13:03:37","date_gmt":"2021-03-08T12:03:37","guid":{"rendered":"http:\/\/image-bible.ch\/?page_id=1604"},"modified":"2024-11-13T12:39:25","modified_gmt":"2024-11-13T11:39:25","slug":"d33-5-interpretation","status":"publish","type":"page","link":"http:\/\/image-bible.ch\/?page_id=1604","title":{"rendered":"G44.5 \/ Interpr\u00e9tation"},"content":{"rendered":"<p style=\"text-align: center;\"><span style=\"font-family: 'comic sans ms', sans-serif; font-size: 14pt;\">G44.5<\/span><span style=\"font-family: 'comic sans ms', sans-serif; font-size: 14pt;\"> &#8211; La R\u00e9surrection \/ Interpr\u00e9tation<\/span><\/p>\n<p>Comme Samson se leva \u00e0 minuit et avec sa force enleva les deux portes de la ville et les emmena loin de la ville. Ainsi le Christ \u00e0 minuit se leva de son tombeau et enleva les portes du tombeau soit la pierre.<\/p>\n<p>Samson a re\u00e7u une force d\u00e9mesur\u00e9e par Dieu gr\u00e2ce \u00e0 ses cheveux de nazir, qu\u2019il ne coupe jamais. Alors qu\u2019il est traqu\u00e9 \u00e0 Gaza, il enl\u00e8ve et transporte les portes de la ville. De m\u00eame J\u00e9sus par sa r\u00e9surrection ouvre d\u00e9finitivement les portes de la mort et tire tous d\u00e9funts en commen\u00e7ant par Adam et Eve.<\/p>\n<p>Ainsi, bien que l\u2019\u00e9pisode de Samson ne soit <strong>pas une pr\u00e9figuration directe<\/strong> de la r\u00e9surrection, il en offre une <strong>image symbolique de triomphe<\/strong>, o\u00f9 la lib\u00e9ration miraculeuse de Samson face aux forces hostiles annonce, de mani\u00e8re lointaine, la victoire totale de J\u00e9sus sur la mort et sur toutes les puissances du mal.<\/p>\n<p><strong>Juges 16,1-3<\/strong> relate un \u00e9pisode o\u00f9 <strong>Samson<\/strong>, ayant pass\u00e9 la nuit avec une prostitu\u00e9e \u00e0 Gaza, \u00e9chappe \u00e0 une embuscade des Philistins. En pleine nuit, il se l\u00e8ve, arrache les portes de la ville et les transporte jusqu\u2019au sommet d\u2019une montagne. Ce passage peut \u00eatre mis en parall\u00e8le avec la <strong>r\u00e9surrection de J\u00e9sus<\/strong> de mani\u00e8re symbolique, car les deux r\u00e9cits mettent en avant des th\u00e8mes de lib\u00e9ration et de victoire sur les forces hostiles.<\/p>\n<p>Voici quelques liens symboliques entre cet \u00e9pisode de Samson et la r\u00e9surrection de J\u00e9sus :<\/p>\n<ol>\n<li><strong>Victoire sur les ennemis<\/strong> :\n<ul>\n<li>Samson, encercl\u00e9 par les Philistins qui veulent sa mort, parvient \u00e0 d\u00e9jouer leur pi\u00e8ge de mani\u00e8re spectaculaire, en brisant les portes de Gaza.<\/li>\n<li>J\u00e9sus, entour\u00e9 de ceux qui l&rsquo;ont condamn\u00e9 et l&rsquo;ont mis au tombeau, triomphe de la mort elle-m\u00eame en ressuscitant, brisant symboliquement les \u00ab portes \u00bb de la mort et du s\u00e9jour des morts.<\/li>\n<\/ul>\n<\/li>\n<li><strong>Lib\u00e9ration et force surnaturelle<\/strong> :\n<ul>\n<li>Samson utilise une force surhumaine pour soulever les lourdes portes et s\u2019\u00e9chapper de la ville, ce qui symbolise la puissance divine qui l\u2019assiste.<\/li>\n<li>J\u00e9sus, par la puissance divine, sort victorieux du tombeau ; sa r\u00e9surrection est le signe supr\u00eame de la force de Dieu sur la mort et le p\u00e9ch\u00e9.<\/li>\n<\/ul>\n<\/li>\n<li><strong>Sortie en pleine nuit<\/strong> :\n<ul>\n<li>Samson s\u2019\u00e9chappe en pleine nuit, un moment associ\u00e9 \u00e0 la captivit\u00e9 et aux t\u00e9n\u00e8bres, pour retrouver la libert\u00e9 au matin.<\/li>\n<li>De m\u00eame, J\u00e9sus ressuscite \u00e0 l\u2019aube du troisi\u00e8me jour, sortant des t\u00e9n\u00e8bres du tombeau vers la lumi\u00e8re et la vie \u00e9ternelle, marquant le d\u00e9but d\u2019une nouvelle \u00e8re pour l&rsquo;humanit\u00e9.<\/li>\n<\/ul>\n<\/li>\n<li><strong>La pr\u00e9figuration de la victoire finale<\/strong> :\n<ul>\n<li>L\u2019action de Samson anticipe une lib\u00e9ration et une victoire pour Isra\u00ebl face \u00e0 ses ennemis philistins.<\/li>\n<li>La r\u00e9surrection de J\u00e9sus, quant \u00e0 elle, est l\u2019aboutissement de la mission de salut pour toute l\u2019humanit\u00e9, un triomphe d\u00e9finitif sur la mort qui ouvre la voie \u00e0 la vie \u00e9ternelle pour les croyants.<\/li>\n<\/ul>\n<\/li>\n<\/ol>\n<p>&nbsp;<\/p>\n<p>Comme Jonas fut rejet\u00e9 par le monstre marin sur la rive apr\u00e8s avoir repos\u00e9 trois jours et trois nuits dans son ventre. Ainsi le Christ\u00a0 apr\u00e8s trois jours sorti du tombeau vivant.<\/p>\n<p>De m\u00eame que Joseph est tir\u00e9 se sa prison, pour interpr\u00e9ter les songes de Pharaon. Ainsi J\u00e9sus est tir\u00e9 du s\u00e9jour des morts par la r\u00e9surrection et avec lui tous les d\u00e9funts.<\/p>\n<p>Ainsi, le r\u00e9cit de Joseph offre une <strong>image proph\u00e9tique<\/strong> de la r\u00e9surrection et de la glorification de J\u00e9sus. Tout comme Joseph a \u00e9t\u00e9 relev\u00e9 de la prison pour devenir le sauveur de son peuple et de nombreux autres, J\u00e9sus, ressuscit\u00e9, est le Sauveur universel qui lib\u00e8re de la mort et du p\u00e9ch\u00e9 et offre la vie \u00e9ternelle \u00e0 tous.<\/p>\n<p>Le r\u00e9cit de <strong>Gen\u00e8se 41,14-27<\/strong>, o\u00f9 Joseph est sorti de prison pour interpr\u00e9ter les r\u00eaves de Pharaon, peut \u00eatre interpr\u00e9t\u00e9 comme une <strong>pr\u00e9figuration symbolique de la r\u00e9surrection de J\u00e9sus<\/strong>. Voici les liens principaux entre ces deux passages :<\/p>\n<ol>\n<li><strong>\u00c9l\u00e9vation apr\u00e8s l\u2019abaissement<\/strong> :\n<ul>\n<li>Joseph, emprisonn\u00e9 \u00e0 tort, est soudainement lib\u00e9r\u00e9 et \u00e9lev\u00e9 \u00e0 une position de grande autorit\u00e9 en \u00c9gypte apr\u00e8s avoir interpr\u00e9t\u00e9 les r\u00eaves de Pharaon. Il passe de l\u2019obscurit\u00e9 et de l\u2019oppression \u00e0 la lumi\u00e8re et la reconnaissance.<\/li>\n<li>De m\u00eame, J\u00e9sus, apr\u00e8s avoir subi la mort et l\u2019ensevelissement, est relev\u00e9 et glorifi\u00e9 par Dieu par la r\u00e9surrection. Il est \u00ab \u00e9lev\u00e9 \u00bb au-dessus de la mort et entre dans la gloire divine, une \u00e9l\u00e9vation totale apr\u00e8s l\u2019abaissement de la croix.<\/li>\n<\/ul>\n<\/li>\n<li><strong>Lib\u00e9ration de la prison ou du tombeau<\/strong> :\n<ul>\n<li>Joseph est lib\u00e9r\u00e9 de la prison, un lieu symbolique de mort et d\u2019oubli, pour entrer dans la cour royale et accomplir une mission de salut.<\/li>\n<li>J\u00e9sus est lib\u00e9r\u00e9 du tombeau, lieu des morts, par sa r\u00e9surrection. Ce passage de la mort \u00e0 la vie repr\u00e9sente la victoire de J\u00e9sus sur la mort et son entr\u00e9e dans la vie \u00e9ternelle, pr\u00e9parant ainsi le salut pour l\u2019humanit\u00e9 enti\u00e8re.<\/li>\n<\/ul>\n<\/li>\n<li><strong>R\u00f4le de Sauveur<\/strong> :\n<ul>\n<li>En interpr\u00e9tant les r\u00eaves de Pharaon, Joseph annonce les ann\u00e9es de famine et pr\u00e9pare ainsi un plan pour sauver l\u2019\u00c9gypte et les peuples voisins, incluant sa propre famille, de la catastrophe.<\/li>\n<li>J\u00e9sus, par sa r\u00e9surrection, accomplit la mission ultime de salut : il d\u00e9livre l\u2019humanit\u00e9 du p\u00e9ch\u00e9 et de la mort, offrant la vie \u00e9ternelle \u00e0 tous ceux qui croient en lui. J\u00e9sus devient le Sauveur universel, comme Joseph est devenu le sauveur d\u2019\u00c9gypte et d\u2019Isra\u00ebl.<\/li>\n<\/ul>\n<\/li>\n<li><strong>Nouvelle mission apr\u00e8s la \u00ab sortie \u00bb<\/strong> :\n<ul>\n<li>Apr\u00e8s sa sortie de prison, Joseph est investi d\u2019une nouvelle mission : il devient gouverneur d\u2019\u00c9gypte et organise le salut de toute la r\u00e9gion lors des ann\u00e9es de famine.<\/li>\n<li>De m\u00eame, apr\u00e8s sa r\u00e9surrection, J\u00e9sus confie \u00e0 ses disciples la mission de proclamer l\u2019\u00c9vangile dans le monde entier, une mission qui s\u2019\u00e9tend \u00e0 tous les peuples, comme le plan de Joseph a sauv\u00e9 de nombreuses nations de la famine.<\/li>\n<\/ul>\n<\/li>\n<\/ol>\n","protected":false},"excerpt":{"rendered":"<p>G44.5 &#8211; La R\u00e9surrection \/ Interpr\u00e9tation Comme Samson se leva \u00e0 minuit et avec sa force enleva les deux portes de la ville et les emmena loin de la ville. Ainsi le Christ \u00e0 minuit se leva de son tombeau<\/p>\n","protected":false},"author":1,"featured_media":0,"parent":0,"menu_order":0,"comment_status":"closed","ping_status":"closed","template":"","meta":{"footnotes":""},"_links":{"self":[{"href":"http:\/\/image-bible.ch\/index.php?rest_route=\/wp\/v2\/pages\/1604"}],"collection":[{"href":"http:\/\/image-bible.ch\/index.php?rest_route=\/wp\/v2\/pages"}],"about":[{"href":"http:\/\/image-bible.ch\/index.php?rest_route=\/wp\/v2\/types\/page"}],"author":[{"embeddable":true,"href":"http:\/\/image-bible.ch\/index.php?rest_route=\/wp\/v2\/users\/1"}],"replies":[{"embeddable":true,"href":"http:\/\/image-bible.ch\/index.php?rest_route=%2Fwp%2Fv2%2Fcomments&post=1604"}],"version-history":[{"count":8,"href":"http:\/\/image-bible.ch\/index.php?rest_route=\/wp\/v2\/pages\/1604\/revisions"}],"predecessor-version":[{"id":9371,"href":"http:\/\/image-bible.ch\/index.php?rest_route=\/wp\/v2\/pages\/1604\/revisions\/9371"}],"wp:attachment":[{"href":"http:\/\/image-bible.ch\/index.php?rest_route=%2Fwp%2Fv2%2Fmedia&parent=1604"}],"curies":[{"name":"wp","href":"https:\/\/api.w.org\/{rel}","templated":true}]}}