{"id":1606,"date":"2021-03-08T13:04:01","date_gmt":"2021-03-08T12:04:01","guid":{"rendered":"http:\/\/image-bible.ch\/?page_id=1606"},"modified":"2022-04-29T23:47:46","modified_gmt":"2022-04-29T21:47:46","slug":"d33-6-icone","status":"publish","type":"page","link":"http:\/\/image-bible.ch\/?page_id=1606","title":{"rendered":"G44.6 \/ Ic\u00f4ne"},"content":{"rendered":"<p style=\"text-align: center;\"><span style=\"font-family: 'comic sans ms', sans-serif; font-size: 14pt;\">G44.6<\/span><span style=\"font-family: 'comic sans ms', sans-serif; font-size: 14pt;\"> &#8211; La R\u00e9surrection \/ Ic\u00f4ne<\/span><\/p>\n<p><img loading=\"lazy\" decoding=\"async\" class=\"alignnone  wp-image-6899\" src=\"http:\/\/image-bible.ch\/wp-content\/uploads\/Icone-de-la-resurrection-300x252.jpg\" alt=\"\" width=\"385\" height=\"323\" srcset=\"http:\/\/image-bible.ch\/wp-content\/uploads\/Icone-de-la-resurrection-300x252.jpg 300w, http:\/\/image-bible.ch\/wp-content\/uploads\/Icone-de-la-resurrection-1024x861.jpg 1024w, http:\/\/image-bible.ch\/wp-content\/uploads\/Icone-de-la-resurrection-768x646.jpg 768w, http:\/\/image-bible.ch\/wp-content\/uploads\/Icone-de-la-resurrection.jpg 1030w\" sizes=\"(max-width: 385px) 100vw, 385px\" \/><\/p>\n<p>Cette ic\u00f4ne est caract\u00e9ris\u00e9e par un double mouvement ascendant et descendant. Au centre, <strong>le Christ<\/strong>, rev\u00eatu du v\u00eatement <em>blanc<\/em> rayonnant de la gloire divine, repr\u00e9sent\u00e9e par la mandorle en triple bleu (symbole de la Trinit\u00e9), descend aux enfers (s\u00e9jour des morts), dont il brise les <em>portes<\/em> et rel\u00e8ve <strong>Adam et \u00c8ve<\/strong>. Tout en maintenant le regard du spectateur vers le haut, l&rsquo;envol\u00e9e de son manteau indique une chute rapide. Dans le gouffre, on distingue <em>les cl\u00e9s et les ferronneries<\/em> des portes.<\/p>\n<p>De part et d&rsquo;autre du Ressuscit\u00e9, se tiennent <em>les figures des justes de l&rsquo;Ancien Testament<\/em>, ainsi que, symboles de l&rsquo;humanit\u00e9 lib\u00e9r\u00e9e, <strong>Adam et \u00c8ve<\/strong>.<\/p>\n<p><em>\u00c0 droite<\/em>, on trouve <strong>Mo\u00efse<\/strong>, porteur des tables de la Loi, <strong>Abel et Henoch<\/strong>, les Justes.<\/p>\n<p>Au premier plan, <strong>\u00c8ve<\/strong>, dans un mouvement dynamique, tend toute sa personne vers le Christ.<\/p>\n<p><em>\u00c0 gauche<\/em>, se tiennent <strong>David et Salomon<\/strong> et, cach\u00e9 derri\u00e8re les deux rois, des proph\u00e8tes, et au premier plan <strong>Jean-Baptiste<\/strong>, mort du vivant de J\u00e9sus.<\/p>\n<p>L&rsquo;attention du <strong>Christ<\/strong> est concentr\u00e9e sur l&rsquo;acte essentiel de cette ic\u00f4ne : avec la main d&rsquo;Adam, et celle d\u2019Eve, c&rsquo;est toute l&rsquo;humanit\u00e9 enfin d\u00e9livr\u00e9e qu&rsquo;il tire du tombeau.<\/p>\n","protected":false},"excerpt":{"rendered":"<p>G44.6 &#8211; La R\u00e9surrection \/ Ic\u00f4ne Cette ic\u00f4ne est caract\u00e9ris\u00e9e par un double mouvement ascendant et descendant. Au centre, le Christ, rev\u00eatu du v\u00eatement blanc rayonnant de la gloire divine, repr\u00e9sent\u00e9e par la mandorle en triple bleu (symbole de la<\/p>\n","protected":false},"author":1,"featured_media":0,"parent":0,"menu_order":0,"comment_status":"closed","ping_status":"closed","template":"","meta":{"footnotes":""},"_links":{"self":[{"href":"http:\/\/image-bible.ch\/index.php?rest_route=\/wp\/v2\/pages\/1606"}],"collection":[{"href":"http:\/\/image-bible.ch\/index.php?rest_route=\/wp\/v2\/pages"}],"about":[{"href":"http:\/\/image-bible.ch\/index.php?rest_route=\/wp\/v2\/types\/page"}],"author":[{"embeddable":true,"href":"http:\/\/image-bible.ch\/index.php?rest_route=\/wp\/v2\/users\/1"}],"replies":[{"embeddable":true,"href":"http:\/\/image-bible.ch\/index.php?rest_route=%2Fwp%2Fv2%2Fcomments&post=1606"}],"version-history":[{"count":5,"href":"http:\/\/image-bible.ch\/index.php?rest_route=\/wp\/v2\/pages\/1606\/revisions"}],"predecessor-version":[{"id":6901,"href":"http:\/\/image-bible.ch\/index.php?rest_route=\/wp\/v2\/pages\/1606\/revisions\/6901"}],"wp:attachment":[{"href":"http:\/\/image-bible.ch\/index.php?rest_route=%2Fwp%2Fv2%2Fmedia&parent=1606"}],"curies":[{"name":"wp","href":"https:\/\/api.w.org\/{rel}","templated":true}]}}